 {"id":2068,"date":"2025-11-11T19:59:57","date_gmt":"2025-11-11T11:59:57","guid":{"rendered":"https:\/\/nrcmachine.com\/?post_type=product&#038;p=2068"},"modified":"2026-03-08T17:55:53","modified_gmt":"2026-03-08T09:55:53","slug":"toilet-paper-production-machine","status":"publish","type":"product","link":"https:\/\/nrcmachine.com\/tr\/product\/toilet-paper-production-machine\/","title":{"rendered":"Tuvalet Ka\u011f\u0131d\u0131 \u00dcretim Makinesi"},"content":{"rendered":"<h3 style=\"text-align: center;\"><strong><a href=\"https:\/\/nrcmachinery.com\/Best-Price-Industrial-Toilet-Paper-Making-Machine.html\">Tuvalet Ka\u011f\u0131d\u0131 \u00dcretim Makinesi<\/a>: Verimlilik Yeniden Tan\u0131mland\u0131 <a href=\"https:\/\/nrcmachine.com\">NRC MAK\u0130NE<\/a><\/strong><\/h3>\n<div class=\"ast-oembed-container\" style=\"height: 100%;\"><iframe title=\"K\u00fc\u00e7\u00fck Tuvalet Ka\u011f\u0131d\u0131 Yapma Makinesi Fiyat\u0131\" width=\"500\" height=\"281\" src=\"https:\/\/www.youtube.com\/embed\/P8v7D48-87c?feature=oembed\" frameborder=\"0\" allow=\"accelerometer; autoplay; clipboard-write; encrypted-media; gyroscope; picture-in-picture; web-share\" referrerpolicy=\"strict-origin-when-cross-origin\" allowfullscreen><\/iframe><\/div>\n<h4><strong>Geli\u015fmi\u015f <a href=\"https:\/\/nrcmachinery.com\/Best-Price-Industrial-Toilet-Paper-Making-Machine.html\">Tuvalet Ka\u011f\u0131d\u0131 \u00dcretim Makinesi<\/a> Modern \u00dcretim i\u00e7in<\/strong><\/h4>\n<p><a href=\"https:\/\/nrcmachine.com\/\">NRC MAK\u0130NE<\/a> y\u00fcksek performans sunar <a href=\"https:\/\/nrcmachinery.com\/Best-Price-Industrial-Toilet-Paper-Making-Machine.html\"><strong>tuvalet ka\u011f\u0131d\u0131 \u00fcretim makinesi hatt\u0131<\/strong><\/a>\u00a0modern doku \u00fcretim hatlar\u0131na sorunsuz entegrasyon i\u00e7in tasarlanm\u0131\u015ft\u0131r. Hassasiyet ve h\u0131z i\u00e7in tasarlanan bu sistem, ham maddeden bitmi\u015f \u00fcr\u00fcne kadar tutarl\u0131 kalite sa\u011flar. Makine, \u00e7e\u015fitli ka\u011f\u0131t s\u0131n\u0131flar\u0131n\u0131 ve kal\u0131nl\u0131klar\u0131n\u0131 destekleyerek farkl\u0131 pazar taleplerini minimum duru\u015f s\u00fcresiyle kar\u015f\u0131lar.<\/p>\n<h4><strong>Tutarl\u0131 \u00c7\u0131kt\u0131 i\u00e7in Hassas Kesim<\/strong><\/h4>\n<p>Kesme \u00fcnitesi, a\u015fa\u011f\u0131dakilerin kritik bir bile\u015fenidir <a href=\"https:\/\/nrcmachine.com\/\"><strong>tuvalet ka\u011f\u0131d\u0131 \u00fcretim makinesi<\/strong><\/a>. Keskin, dayan\u0131kl\u0131 b\u0131\u00e7aklar ve bilgisayar kontroll\u00fc ayarlar kullanarak her d\u00f6ng\u00fcde temiz, do\u011fru kesimler sa\u011flar. \u0130ster standart ister \u00f6zel rulo boyutlar\u0131 \u00fcretiyor olsun, kesme mod\u00fcl\u00fc homojenli\u011fi koruyarak israf\u0131 azalt\u0131r ve genel verimlili\u011fi art\u0131r\u0131r. Mod\u00fcler tasar\u0131m\u0131 h\u0131zl\u0131 de\u011fi\u015fimlere olanak tan\u0131yarak esnek \u00fcretim programlar\u0131n\u0131 destekler.<\/p>\n<h4><strong>Y\u00fcksek H\u0131zl\u0131 Sar\u0131c\u0131 ve Paketleme Entegrasyonu<\/strong><\/h4>\n<p>Kesimden sonra, sar\u0131c\u0131 merkez sahneye \u00e7\u0131kar. Bu geri sar\u0131c\u0131, s\u00fcrekli \u00e7al\u0131\u015fma i\u00e7in \u00fcretilmi\u015ftir ve k\u0131r\u0131\u015f\u0131kl\u0131k veya yanl\u0131\u015f hizalama olmadan s\u0131k\u0131, e\u015fit rulolar sunar. Otomatik gerginlik kontrol\u00fc ile donat\u0131lm\u0131\u015f olan bu sistem, rulo b\u00fct\u00fcnl\u00fc\u011f\u00fcn\u00fc korurken farkl\u0131 ka\u011f\u0131t t\u00fcrlerine uyum sa\u011flar. Paketleme makinesiyle entegre olan sistem, sarma i\u015fleminden nihai paketlemeye sorunsuz bir ge\u00e7i\u015f sa\u011flar.<\/p>\n<p>Ambalaj <a href='https:\/\/nrcmachine.com\/product\/paper-core-machine-for-packing-tape\/'>makine birden fazla konfig\u00fcrasyon sunar-ak\u0131\u015f paketi<\/a>, M\u00fc\u015fteri ihtiya\u00e7lar\u0131na ba\u011fl\u0131 olarak shrink ambalaj veya torbalama. Otomatik etiketleme ve sayma i\u015flevleri ile el i\u015f\u00e7ili\u011fini azalt\u0131r ve izlenebilirli\u011fi art\u0131r\u0131r. Kesme, geri sarma ve paketleme makinesi birlikte bir b\u00fct\u00fcn olu\u015fturur. <a href=\"https:\/\/nrcmachine.com\/\"><strong>tuvalet ka\u011f\u0131d\u0131 \u00fcretim makinesi hatt\u0131 <\/strong><\/a>ekosistem.<\/p>\n<h4><strong>G\u00fcvenilirlik, Otomasyon ve Destek<\/strong><\/h4>\n<p><a href=\"https:\/\/nrcmachine.com\/\">NRC MAK\u0130NE<\/a> otomasyon, g\u00fcvenlik ve bak\u0131m kolayl\u0131\u011f\u0131n\u0131 vurgulamaktad\u0131r. T\u00fcm hat, operat\u00f6rlerin performans\u0131 izlemelerine ve ayarlar\u0131 ger\u00e7ek zamanl\u0131 olarak yapmalar\u0131na olanak tan\u0131yan sezgisel bir HMI paneli arac\u0131l\u0131\u011f\u0131yla kontrol edilir. Uzaktan te\u015fhis ve teknik destek, minimum kesinti sa\u011flar.<\/p>\n<p>Se\u00e7in <a href=\"https:\/\/nrcmachine.com\/\">NRC MAK\u0130NE<\/a> yenili\u011fin g\u00fcvenilirlikle bulu\u015ftu\u011fu eksiksiz bir \u00e7\u00f6z\u00fcm i\u00e7in. Kesimden geri sarmaya ve paketlemeye kadar <a href=\"https:\/\/nrcmachine.com\/products\/toilet-paper-making-machine\/\"><strong>tuvalet ka\u011f\u0131d\u0131 \u00fcretim makinesi<\/strong><\/a>\u00a0m\u00fckemmellik i\u00e7in standartlar\u0131 belirler.<\/p>","protected":false},"featured_media":2069,"template":"","meta":{"_acf_changed":false,"_monsterinsights_skip_tracking":false,"_monsterinsights_sitenote_active":false,"_monsterinsights_sitenote_note":"","_monsterinsights_sitenote_category":0,"site-sidebar-layout":"default","site-content-layout":"","ast-site-content-layout":"default","site-content-style":"default","site-sidebar-style":"default","ast-global-header-display":"","ast-banner-title-visibility":"","ast-main-header-display":"","ast-hfb-above-header-display":"","ast-hfb-below-header-display":"","ast-hfb-mobile-header-display":"","site-post-title":"","ast-breadcrumbs-content":"","ast-featured-img":"","footer-sml-layout":"","theme-transparent-header-meta":"default","adv-header-id-meta":"","stick-header-meta":"default","header-above-stick-meta":"","header-main-stick-meta":"","header-below-stick-meta":"","astra-migrate-meta-layouts":"set","ast-page-background-enabled":"default","ast-page-background-meta":{"desktop":{"background-color":"var(--ast-global-color-4)","background-image":"","background-repeat":"repeat","background-position":"center center","background-size":"auto","background-attachment":"scroll","background-type":"","background-media":"","overlay-type":"","overlay-color":"","overlay-opacity":"","overlay-gradient":""},"tablet":{"background-color":"","background-image":"","background-repeat":"repeat","background-position":"center center","background-size":"auto","background-attachment":"scroll","background-type":"","background-media":"","overlay-type":"","overlay-color":"","overlay-opacity":"","overlay-gradient":""},"mobile":{"background-color":"","background-image":"","background-repeat":"repeat","background-position":"center center","background-size":"auto","background-attachment":"scroll","background-type":"","background-media":"","overlay-type":"","overlay-color":"","overlay-opacity":"","overlay-gradient":""}},"ast-content-background-meta":{"desktop":{"background-color":"var(--ast-global-color-5)","background-image":"","background-repeat":"repeat","background-position":"center center","background-size":"auto","background-attachment":"scroll","background-type":"","background-media":"","overlay-type":"","overlay-color":"","overlay-opacity":"","overlay-gradient":""},"tablet":{"background-color":"var(--ast-global-color-5)","background-image":"","background-repeat":"repeat","background-position":"center center","background-size":"auto","background-attachment":"scroll","background-type":"","background-media":"","overlay-type":"","overlay-color":"","overlay-opacity":"","overlay-gradient":""},"mobile":{"background-color":"var(--ast-global-color-5)","background-image":"","background-repeat":"repeat","background-position":"center center","background-size":"auto","background-attachment":"scroll","background-type":"","background-media":"","overlay-type":"","overlay-color":"","overlay-opacity":"","overlay-gradient":""}}},"tags":[56],"products":[47],"class_list":["post-2068","product","type-product","status-publish","has-post-thumbnail","hentry","tag-toilet-paper-making-machine","products-toilet-paper-making-machine"],"acf":[],"aioseo_notices":[],"aioseo_head":"\n\t\t<!-- All in One SEO Pro 4.9.2 - aioseo.com -->\n\t<meta name=\"description\" content=\"NRC MACHINE delivers a high-performance toilet paper production machine line designed for seamless integration into modern tissue production lines.\" \/>\n\t<meta name=\"robots\" content=\"noodp, max-snippet:-1, max-image-preview:large, max-video-preview:-1\" \/>\n\t<link rel=\"canonical\" href=\"https:\/\/nrcmachine.com\/tr\/product\/toilet-paper-production-machine\/\" \/>\n\t<meta name=\"generator\" content=\"All in One SEO Pro (AIOSEO) 4.9.2\" \/>\n\t\t<meta property=\"og:locale\" content=\"tr_TR\" \/>\n\t\t<meta property=\"og:site_name\" content=\"Toilet Paper Machine, Paper Tube Machine | NRC Machine - Reliable Paper Machinery Solutions\" \/>\n\t\t<meta property=\"og:type\" content=\"article\" \/>\n\t\t<meta property=\"og:title\" content=\"Toilet Paper Production Machine - QINGDAO NEW RICHUAN\" \/>\n\t\t<meta property=\"og:description\" content=\"NRC MACHINE delivers a high-performance toilet paper production machine line designed for seamless integration into modern tissue production lines.\" \/>\n\t\t<meta property=\"og:url\" content=\"https:\/\/nrcmachine.com\/tr\/product\/toilet-paper-production-machine\/\" \/>\n\t\t<meta property=\"og:image\" content=\"https:\/\/nrcmachine.com\/wp-content\/uploads\/2025\/11\/toilet-paper-making-machine-7.webp\" \/>\n\t\t<meta property=\"og:image:secure_url\" content=\"https:\/\/nrcmachine.com\/wp-content\/uploads\/2025\/11\/toilet-paper-making-machine-7.webp\" \/>\n\t\t<meta property=\"og:image:width\" content=\"800\" \/>\n\t\t<meta property=\"og:image:height\" content=\"800\" \/>\n\t\t<meta property=\"article:published_time\" content=\"2025-11-11T11:59:57+00:00\" \/>\n\t\t<meta property=\"article:modified_time\" content=\"2026-03-08T09:55:53+00:00\" \/>\n\t\t<meta property=\"article:publisher\" content=\"https:\/\/www.facebook.com\/james.gao.349938\" \/>\n\t\t<meta name=\"twitter:card\" content=\"summary\" \/>\n\t\t<meta name=\"twitter:site\" content=\"@JamesGao65335\" \/>\n\t\t<meta name=\"twitter:title\" content=\"Toilet Paper Production Machine - QINGDAO NEW RICHUAN\" \/>\n\t\t<meta name=\"twitter:description\" content=\"NRC MACHINE delivers a high-performance toilet paper production machine line designed for seamless integration into modern tissue production lines.\" \/>\n\t\t<meta name=\"twitter:image\" content=\"https:\/\/nrcmachine.com\/wp-content\/uploads\/2025\/11\/toilet-paper-making-machine-7.webp\" \/>\n\t\t<script type=\"application\/ld+json\" class=\"aioseo-schema\">\n\t\t\t{\"@context\":\"https:\\\/\\\/schema.org\",\"@graph\":[{\"@type\":\"BreadcrumbList\",\"@id\":\"https:\\\/\\\/nrcmachine.com\\\/tr\\\/product\\\/toilet-paper-production-machine\\\/#breadcrumblist\",\"itemListElement\":[{\"@type\":\"ListItem\",\"@id\":\"https:\\\/\\\/nrcmachine.com\\\/tr#listItem\",\"position\":1,\"name\":\"Home\",\"item\":\"https:\\\/\\\/nrcmachine.com\\\/tr\",\"nextItem\":{\"@type\":\"ListItem\",\"@id\":\"https:\\\/\\\/nrcmachine.com\\\/tr\\\/product\\\/#listItem\",\"name\":\"Products\"}},{\"@type\":\"ListItem\",\"@id\":\"https:\\\/\\\/nrcmachine.com\\\/tr\\\/product\\\/#listItem\",\"position\":2,\"name\":\"Products\",\"item\":\"https:\\\/\\\/nrcmachine.com\\\/tr\\\/product\\\/\",\"nextItem\":{\"@type\":\"ListItem\",\"@id\":\"https:\\\/\\\/nrcmachine.com\\\/tr\\\/tag\\\/toilet-paper-making-machine\\\/#listItem\",\"name\":\"toilet paper making machine\"},\"previousItem\":{\"@type\":\"ListItem\",\"@id\":\"https:\\\/\\\/nrcmachine.com\\\/tr#listItem\",\"name\":\"Home\"}},{\"@type\":\"ListItem\",\"@id\":\"https:\\\/\\\/nrcmachine.com\\\/tr\\\/tag\\\/toilet-paper-making-machine\\\/#listItem\",\"position\":3,\"name\":\"toilet paper making machine\",\"item\":\"https:\\\/\\\/nrcmachine.com\\\/tr\\\/tag\\\/toilet-paper-making-machine\\\/\",\"nextItem\":{\"@type\":\"ListItem\",\"@id\":\"https:\\\/\\\/nrcmachine.com\\\/tr\\\/product\\\/toilet-paper-production-machine\\\/#listItem\",\"name\":\"Toilet Paper Production Machine\"},\"previousItem\":{\"@type\":\"ListItem\",\"@id\":\"https:\\\/\\\/nrcmachine.com\\\/tr\\\/product\\\/#listItem\",\"name\":\"Products\"}},{\"@type\":\"ListItem\",\"@id\":\"https:\\\/\\\/nrcmachine.com\\\/tr\\\/product\\\/toilet-paper-production-machine\\\/#listItem\",\"position\":4,\"name\":\"Toilet Paper Production Machine\",\"previousItem\":{\"@type\":\"ListItem\",\"@id\":\"https:\\\/\\\/nrcmachine.com\\\/tr\\\/tag\\\/toilet-paper-making-machine\\\/#listItem\",\"name\":\"toilet paper making machine\"}}]},{\"@type\":\"Organization\",\"@id\":\"https:\\\/\\\/nrcmachine.com\\\/tr\\\/#organization\",\"name\":\"Toilet Paper Machine, Paper Tube Machine | NRC Machine wordpress\",\"description\":\"Reliable Paper Machinery Solutions\",\"url\":\"https:\\\/\\\/nrcmachine.com\\\/tr\\\/\",\"email\":\"james@nrcmachine.com\",\"telephone\":\"+8615254213289\",\"foundingDate\":\"2023-11-01\",\"numberOfEmployees\":{\"@type\":\"QuantitativeValue\",\"minValue\":1,\"maxValue\":50},\"logo\":{\"@type\":\"ImageObject\",\"url\":\"https:\\\/\\\/nrcmachine.com\\\/wp-content\\\/uploads\\\/2026\\\/01\\\/logo23.png\",\"@id\":\"https:\\\/\\\/nrcmachine.com\\\/tr\\\/product\\\/toilet-paper-production-machine\\\/#organizationLogo\",\"width\":800,\"height\":800,\"caption\":\"logo for NRC MACHINE\"},\"image\":{\"@id\":\"https:\\\/\\\/nrcmachine.com\\\/tr\\\/product\\\/toilet-paper-production-machine\\\/#organizationLogo\"},\"sameAs\":[\"https:\\\/\\\/www.facebook.com\\\/james.gao.349938\",\"https:\\\/\\\/x.com\\\/JamesGao65335\",\"https:\\\/\\\/www.instagram.com\\\/jamesgao407?igsh=d2YybzFhMjY0YTl3\",\"https:\\\/\\\/www.tiktok.com\\\/@gyl20210118\",\"https:\\\/\\\/www.linkedin.com\\\/in\\\/--9a63583a9\\\/\"],\"address\":{\"@id\":\"https:\\\/\\\/nrcmachine.com\\\/tr\\\/#postaladdress\",\"@type\":\"PostalAddress\",\"streetAddress\":\"No..519,Jiangshan South Road,Huangdao,\",\"postalCode\":\"266500\",\"addressLocality\":\"Qingdao\",\"addressRegion\":\"Shandong Province\",\"addressCountry\":\"CN\"},\"taxID\":\"91370211MAD54P6P85\",\"vatID\":\"91370211MAD54P6P85\"},{\"@type\":\"WebPage\",\"@id\":\"https:\\\/\\\/nrcmachine.com\\\/tr\\\/product\\\/toilet-paper-production-machine\\\/#webpage\",\"url\":\"https:\\\/\\\/nrcmachine.com\\\/tr\\\/product\\\/toilet-paper-production-machine\\\/\",\"name\":\"Toilet Paper Production Machine - QINGDAO NEW RICHUAN\",\"description\":\"NRC MACHINE delivers a high-performance toilet paper production machine line designed for seamless integration into modern tissue production lines.\",\"inLanguage\":\"tr-TR\",\"isPartOf\":{\"@id\":\"https:\\\/\\\/nrcmachine.com\\\/tr\\\/#website\"},\"breadcrumb\":{\"@id\":\"https:\\\/\\\/nrcmachine.com\\\/tr\\\/product\\\/toilet-paper-production-machine\\\/#breadcrumblist\"},\"image\":{\"@type\":\"ImageObject\",\"url\":\"https:\\\/\\\/nrcmachine.com\\\/wp-content\\\/uploads\\\/2025\\\/11\\\/toilet-paper-making-machine-7.webp\",\"@id\":\"https:\\\/\\\/nrcmachine.com\\\/tr\\\/product\\\/toilet-paper-production-machine\\\/#mainImage\",\"width\":800,\"height\":800,\"caption\":\"toilet paper production machine\"},\"primaryImageOfPage\":{\"@id\":\"https:\\\/\\\/nrcmachine.com\\\/tr\\\/product\\\/toilet-paper-production-machine\\\/#mainImage\"},\"datePublished\":\"2025-11-11T19:59:57+08:00\",\"dateModified\":\"2026-03-08T17:55:53+08:00\"},{\"@type\":\"WebSite\",\"@id\":\"https:\\\/\\\/nrcmachine.com\\\/tr\\\/#website\",\"url\":\"https:\\\/\\\/nrcmachine.com\\\/tr\\\/\",\"name\":\"Toilet Paper Machine, Paper Tube Machine | NRC Machine\",\"alternateName\":\"Qingdao New Richuan Precision Machine Co.,Ltd\",\"description\":\"Reliable Paper Machinery Solutions\",\"inLanguage\":\"tr-TR\",\"publisher\":{\"@id\":\"https:\\\/\\\/nrcmachine.com\\\/tr\\\/#organization\"}}]}\n\t\t<\/script>\n\t\t<!-- All in One SEO Pro -->\r\n\t\t<title>Toilet Paper Production Machine - QINGDAO NEW RICHUAN<\/title>\n\n","aioseo_head_json":{"title":"Tuvalet Ka\u011f\u0131d\u0131 \u00dcretim Makinesi - QINGDAO NEW RICHUAN","description":"NRC MACHINE, modern ka\u011f\u0131t mendil \u00fcretim hatlar\u0131na sorunsuz entegrasyon i\u00e7in tasarlanm\u0131\u015f y\u00fcksek performansl\u0131 bir tuvalet ka\u011f\u0131d\u0131 \u00fcretim makinesi hatt\u0131 sunar.","canonical_url":"https:\/\/nrcmachine.com\/tr\/product\/toilet-paper-production-machine\/","robots":"noodp, max-snippet:-1, max-image-preview:large, max-video-preview:-1","keywords":"","webmasterTools":{"miscellaneous":""},"schema":{"@context":"https:\/\/schema.org","@graph":[{"@type":"BreadcrumbList","@id":"https:\/\/nrcmachine.com\/tr\/product\/toilet-paper-production-machine\/#breadcrumblist","itemListElement":[{"@type":"ListItem","@id":"https:\/\/nrcmachine.com\/tr#listItem","position":1,"name":"Home","item":"https:\/\/nrcmachine.com\/tr","nextItem":{"@type":"ListItem","@id":"https:\/\/nrcmachine.com\/tr\/product\/#listItem","name":"Products"}},{"@type":"ListItem","@id":"https:\/\/nrcmachine.com\/tr\/product\/#listItem","position":2,"name":"Products","item":"https:\/\/nrcmachine.com\/tr\/product\/","nextItem":{"@type":"ListItem","@id":"https:\/\/nrcmachine.com\/tr\/tag\/toilet-paper-making-machine\/#listItem","name":"toilet paper making machine"},"previousItem":{"@type":"ListItem","@id":"https:\/\/nrcmachine.com\/tr#listItem","name":"Home"}},{"@type":"ListItem","@id":"https:\/\/nrcmachine.com\/tr\/tag\/toilet-paper-making-machine\/#listItem","position":3,"name":"toilet paper making machine","item":"https:\/\/nrcmachine.com\/tr\/tag\/toilet-paper-making-machine\/","nextItem":{"@type":"ListItem","@id":"https:\/\/nrcmachine.com\/tr\/product\/toilet-paper-production-machine\/#listItem","name":"Toilet Paper Production Machine"},"previousItem":{"@type":"ListItem","@id":"https:\/\/nrcmachine.com\/tr\/product\/#listItem","name":"Products"}},{"@type":"ListItem","@id":"https:\/\/nrcmachine.com\/tr\/product\/toilet-paper-production-machine\/#listItem","position":4,"name":"Toilet Paper Production Machine","previousItem":{"@type":"ListItem","@id":"https:\/\/nrcmachine.com\/tr\/tag\/toilet-paper-making-machine\/#listItem","name":"toilet paper making machine"}}]},{"@type":"Organization","@id":"https:\/\/nrcmachine.com\/tr\/#organization","name":"Toilet Paper Machine, Paper Tube Machine | NRC Machine wordpress","description":"Reliable Paper Machinery Solutions","url":"https:\/\/nrcmachine.com\/tr\/","email":"james@nrcmachine.com","telephone":"+8615254213289","foundingDate":"2023-11-01","numberOfEmployees":{"@type":"QuantitativeValue","minValue":1,"maxValue":50},"logo":{"@type":"ImageObject","url":"https:\/\/nrcmachine.com\/wp-content\/uploads\/2026\/01\/logo23.png","@id":"https:\/\/nrcmachine.com\/tr\/product\/toilet-paper-production-machine\/#organizationLogo","width":800,"height":800,"caption":"logo for NRC MACHINE"},"image":{"@id":"https:\/\/nrcmachine.com\/tr\/product\/toilet-paper-production-machine\/#organizationLogo"},"sameAs":["https:\/\/www.facebook.com\/james.gao.349938","https:\/\/x.com\/JamesGao65335","https:\/\/www.instagram.com\/jamesgao407?igsh=d2YybzFhMjY0YTl3","https:\/\/www.tiktok.com\/@gyl20210118","https:\/\/www.linkedin.com\/in\/--9a63583a9\/"],"address":{"@id":"https:\/\/nrcmachine.com\/tr\/#postaladdress","@type":"PostalAddress","streetAddress":"No..519,Jiangshan South Road,Huangdao,","postalCode":"266500","addressLocality":"Qingdao","addressRegion":"Shandong Province","addressCountry":"CN"},"taxID":"91370211MAD54P6P85","vatID":"91370211MAD54P6P85"},{"@type":"WebPage","@id":"https:\/\/nrcmachine.com\/tr\/product\/toilet-paper-production-machine\/#webpage","url":"https:\/\/nrcmachine.com\/tr\/product\/toilet-paper-production-machine\/","name":"Toilet Paper Production Machine - QINGDAO NEW RICHUAN","description":"NRC MACHINE delivers a high-performance toilet paper production machine line designed for seamless integration into modern tissue production lines.","inLanguage":"tr-TR","isPartOf":{"@id":"https:\/\/nrcmachine.com\/tr\/#website"},"breadcrumb":{"@id":"https:\/\/nrcmachine.com\/tr\/product\/toilet-paper-production-machine\/#breadcrumblist"},"image":{"@type":"ImageObject","url":"https:\/\/nrcmachine.com\/wp-content\/uploads\/2025\/11\/toilet-paper-making-machine-7.webp","@id":"https:\/\/nrcmachine.com\/tr\/product\/toilet-paper-production-machine\/#mainImage","width":800,"height":800,"caption":"toilet paper production machine"},"primaryImageOfPage":{"@id":"https:\/\/nrcmachine.com\/tr\/product\/toilet-paper-production-machine\/#mainImage"},"datePublished":"2025-11-11T19:59:57+08:00","dateModified":"2026-03-08T17:55:53+08:00"},{"@type":"WebSite","@id":"https:\/\/nrcmachine.com\/tr\/#website","url":"https:\/\/nrcmachine.com\/tr\/","name":"Toilet Paper Machine, Paper Tube Machine | NRC Machine","alternateName":"Qingdao New Richuan Precision Machine Co.,Ltd","description":"Reliable Paper Machinery Solutions","inLanguage":"tr-TR","publisher":{"@id":"https:\/\/nrcmachine.com\/tr\/#organization"}}]},"og:locale":"tr_TR","og:site_name":"Toilet Paper Machine, Paper Tube Machine | NRC Machine - Reliable Paper Machinery Solutions","og:type":"article","og:title":"Toilet Paper Production Machine - QINGDAO NEW RICHUAN","og:description":"NRC MACHINE delivers a high-performance toilet paper production machine line designed for seamless integration into modern tissue production lines.","og:url":"https:\/\/nrcmachine.com\/tr\/product\/toilet-paper-production-machine\/","og:image":"https:\/\/nrcmachine.com\/wp-content\/uploads\/2025\/11\/toilet-paper-making-machine-7.webp","og:image:secure_url":"https:\/\/nrcmachine.com\/wp-content\/uploads\/2025\/11\/toilet-paper-making-machine-7.webp","og:image:width":800,"og:image:height":800,"article:published_time":"2025-11-11T11:59:57+00:00","article:modified_time":"2026-03-08T09:55:53+00:00","article:publisher":"https:\/\/www.facebook.com\/james.gao.349938","twitter:card":"summary","twitter:site":"@JamesGao65335","twitter:title":"Toilet Paper Production Machine - QINGDAO NEW RICHUAN","twitter:description":"NRC MACHINE delivers a high-performance toilet paper production machine line designed for seamless integration into modern tissue production lines.","twitter:image":"https:\/\/nrcmachine.com\/wp-content\/uploads\/2025\/11\/toilet-paper-making-machine-7.webp"},"aioseo_meta_data":{"post_id":"2068","title":"#post_title #separator_sa QINGDAO NEW RICHUAN","description":"NRC MACHINE, modern ka\u011f\u0131t mendil \u00fcretim hatlar\u0131na sorunsuz entegrasyon i\u00e7in tasarlanm\u0131\u015f y\u00fcksek performansl\u0131 bir tuvalet ka\u011f\u0131d\u0131 \u00fcretim makinesi hatt\u0131 sunar.","keywords":null,"keyphrases":{"focus":{"keyphrase":"toilet paper production machine","score":100,"analysis":{"keyphraseInTitle":{"score":9,"maxScore":9,"error":0},"keyphraseInDescription":{"score":9,"maxScore":9,"error":0},"keyphraseLength":{"score":9,"maxScore":9,"error":0,"length":4},"keyphraseInURL":{"score":5,"maxScore":5,"error":0},"keyphraseInIntroduction":{"score":9,"maxScore":9,"error":0},"keyphraseInSubHeadings":{"score":9,"maxScore":9,"error":0},"keyphraseInImageAlt":[],"keywordDensity":{"type":"best","score":9,"maxScore":9,"error":0}}},"additional":[]},"primary_term":null,"canonical_url":null,"og_title":null,"og_description":null,"og_object_type":"default","og_image_type":"default","og_image_url":null,"og_image_width":null,"og_image_height":null,"og_image_custom_url":null,"og_image_custom_fields":null,"og_video":"","og_custom_url":null,"og_article_section":null,"og_article_tags":null,"twitter_use_og":false,"twitter_card":"default","twitter_image_type":"default","twitter_image_url":null,"twitter_image_custom_url":null,"twitter_image_custom_fields":null,"twitter_title":null,"twitter_description":null,"schema":{"blockGraphs":[],"customGraphs":[],"default":{"data":{"Article":[],"Course":[],"Dataset":[],"FAQPage":[],"Movie":[],"Person":[],"Product":[],"ProductReview":[],"Car":[],"Recipe":[],"Service":[],"SoftwareApplication":[],"WebPage":[]},"graphName":"ItemPage","isEnabled":true},"graphs":[]},"schema_type":"default","schema_type_options":null,"pillar_content":false,"robots_default":true,"robots_noindex":false,"robots_noarchive":false,"robots_nosnippet":false,"robots_nofollow":false,"robots_noimageindex":false,"robots_noodp":false,"robots_notranslate":false,"robots_max_snippet":"-1","robots_max_videopreview":"-1","robots_max_imagepreview":"large","priority":null,"frequency":"default","local_seo":null,"seo_analyzer_scan_date":"2026-03-08 10:01:28","breadcrumb_settings":null,"limit_modified_date":false,"reviewed_by":null,"open_ai":null,"ai":{"faqs":[],"keyPoints":[],"titles":[],"descriptions":[],"socialPosts":{"email":[],"linkedin":[],"twitter":[],"facebook":[],"instagram":[]}},"created":"2025-12-11 08:40:25","updated":"2026-04-04 04:18:19"},"aioseo_breadcrumb":"<div class=\"aioseo-breadcrumbs\"><span class=\"aioseo-breadcrumb\">\n\t<a href=\"https:\/\/nrcmachine.com\/tr\" title=\"Home\">Home<\/a>\n<\/span><span class=\"aioseo-breadcrumb-separator\">\u00bb<\/span><span class=\"aioseo-breadcrumb\">\n\t<a href=\"https:\/\/nrcmachine.com\/tr\/product\/\" title=\"Products\">Products<\/a>\n<\/span><span class=\"aioseo-breadcrumb-separator\">\u00bb<\/span><span class=\"aioseo-breadcrumb\">\n\t<a href=\"https:\/\/nrcmachine.com\/tr\/tag\/toilet-paper-making-machine\/\" title=\"toilet paper making machine\">toilet paper making machine<\/a>\n<\/span><span class=\"aioseo-breadcrumb-separator\">\u00bb<\/span><span class=\"aioseo-breadcrumb\">\n\tToilet Paper Production Machine\n<\/span><\/div>","aioseo_breadcrumb_json":[{"label":"Home","link":"https:\/\/nrcmachine.com\/tr"},{"label":"Products","link":"https:\/\/nrcmachine.com\/tr\/product\/"},{"label":"toilet paper making machine","link":"https:\/\/nrcmachine.com\/tr\/tag\/toilet-paper-making-machine\/"},{"label":"Toilet Paper Production Machine","link":"https:\/\/nrcmachine.com\/tr\/product\/toilet-paper-production-machine\/"}],"_links":{"self":[{"href":"https:\/\/nrcmachine.com\/tr\/wp-json\/wp\/v2\/product\/2068","targetHints":{"allow":["GET"]}}],"collection":[{"href":"https:\/\/nrcmachine.com\/tr\/wp-json\/wp\/v2\/product"}],"about":[{"href":"https:\/\/nrcmachine.com\/tr\/wp-json\/wp\/v2\/types\/product"}],"version-history":[{"count":1,"href":"https:\/\/nrcmachine.com\/tr\/wp-json\/wp\/v2\/product\/2068\/revisions"}],"predecessor-version":[{"id":5942,"href":"https:\/\/nrcmachine.com\/tr\/wp-json\/wp\/v2\/product\/2068\/revisions\/5942"}],"wp:featuredmedia":[{"embeddable":true,"href":"https:\/\/nrcmachine.com\/tr\/wp-json\/wp\/v2\/media\/2069"}],"wp:attachment":[{"href":"https:\/\/nrcmachine.com\/tr\/wp-json\/wp\/v2\/media?parent=2068"}],"wp:term":[{"taxonomy":"post_tag","embeddable":true,"href":"https:\/\/nrcmachine.com\/tr\/wp-json\/wp\/v2\/tags?post=2068"},{"taxonomy":"products","embeddable":true,"href":"https:\/\/nrcmachine.com\/tr\/wp-json\/wp\/v2\/products?post=2068"}],"curies":[{"name":"wp","href":"https:\/\/api.w.org\/{rel}","templated":true}]}}