 {"id":2199,"date":"2025-11-14T22:46:24","date_gmt":"2025-11-14T14:46:24","guid":{"rendered":"https:\/\/nrcmachine.com\/?post_type=product&#038;p=2199"},"modified":"2025-12-31T09:17:20","modified_gmt":"2025-12-31T01:17:20","slug":"paper-tube-winding-machine","status":"publish","type":"product","link":"https:\/\/nrcmachine.com\/tr\/product\/paper-tube-winding-machine\/","title":{"rendered":"Ka\u011f\u0131t T\u00fcp Sarma Makinesi"},"content":{"rendered":"<h3 style=\"text-align: center;\"><strong>\ud83c\udf1f Y\u00fcksek Performans <a href=\"https:\/\/nrcmachine.com\/products\/spiral-paper-tube-making-machine\/\">Ka\u011f\u0131t T\u00fcp Sarma Makinesi<\/a> taraf\u0131ndan <a href=\"https:\/\/nrcmachine.com\/\">NRC MAK\u0130NE<\/a> - Hassasiyet ve G\u00fcvenilirlik Yeniden Tan\u0131mland\u0131! \ud83c\udf1f<\/strong><\/h3>\n<p>O <strong><a href=\"https:\/\/nrcmachine.com\/products\/spiral-paper-tube-making-machine\/\">Ka\u011f\u0131t T\u00fcp Sarma Makinesi<\/a> taraf\u0131ndan <a href=\"https:\/\/nrcmachine.com\/\">NRC MAK\u0130NE<\/a><\/strong> modern \u00fcretim ihtiya\u00e7lar\u0131 i\u00e7in ola\u011fan\u00fcst\u00fc performans, hassasiyet ve \u00e7ok y\u00f6nl\u00fcl\u00fck sunmak \u00fczere tasarlanm\u0131\u015ft\u0131r. Ka\u011f\u0131t t\u00fcp \u00fcretimi i\u00e7in g\u00fcvenilir, y\u00fcksek verimli bir \u00e7\u00f6z\u00fcm m\u00fc ar\u0131yorsunuz? Ba\u015fka yere bakmay\u0131n! \ud83d\udcbc\ud83d\udda8\ufe0f<\/p>\n<div class=\"ast-oembed-container\" style=\"height: 100%;\"><iframe title=\"Spiral Karton Ka\u011f\u0131t T\u00fcp \u00c7ekirdek Yapma Makinesi Sarma Makinesi\" width=\"500\" height=\"281\" src=\"https:\/\/www.youtube.com\/embed\/wO6jHHtrKk8?feature=oembed\" frameborder=\"0\" allow=\"accelerometer; autoplay; clipboard-write; encrypted-media; gyroscope; picture-in-picture; web-share\" referrerpolicy=\"strict-origin-when-cross-origin\" allowfullscreen><\/iframe><\/div>\n<h4><strong>\ud83d\udd27 \u00d6ne \u00c7\u0131kan Temel \u00d6zellikler:<\/strong><\/h4>\n<ul>\n<li><strong>\u0130\u00e7 \u00c7ap Aral\u0131\u011f\u0131:<\/strong>30-200 mm - K\u00fc\u00e7\u00fck \u00e7ekirdeklerden b\u00fcy\u00fck end\u00fcstriyel rulolara kadar \u00e7ok \u00e7e\u015fitli boru boyutlar\u0131 i\u00e7in idealdir.<\/li>\n<li><strong>Duvar Kal\u0131nl\u0131\u011f\u0131 Kapasitesi:<\/strong>1-15 mm - Hafiften a\u011f\u0131r hizmet tipi ka\u011f\u0131t t\u00fcp \u00fcretimine kadar her \u015feyi destekler.<\/li>\n<li><strong>Tahrik Sistemi:<\/strong>ile donat\u0131lm\u0131\u015ft\u0131r. <strong>servo motor s\u00fcr\u00fcc\u00fcs\u00fc<\/strong>\u00a0Sar\u0131m i\u015flemleri s\u0131ras\u0131nda sorunsuz, do\u011fru ve duyarl\u0131 kontrol i\u00e7in.<\/li>\n<li><strong>Kontrol Sistemi:<\/strong>Geli\u015fmi\u015f <strong>CNC kontrol\u00f6r\u00fc<\/strong>\u00a0tutarl\u0131 kalitede \u00e7\u0131kt\u0131 ile tam otomatik, programlanabilir \u00e7al\u0131\u015fma sa\u011flar.<\/li>\n<li><strong>Elektrik Bile\u015fenleri:<\/strong>\u00dcst d\u00fczey kullan\u0131r <strong>Delta markas\u0131<\/strong>\u00a0dayan\u0131kl\u0131l\u0131k, istikrar ve k\u00fcresel g\u00fcvenilirlik ile bilinen bile\u015fenler.<\/li>\n<\/ul>\n<h4><strong>\ud83d\ude80 Bu Makine Neden Parl\u0131yor?<\/strong><\/h4>\n<p>\u2705 <strong>Hassas M\u00fchendislik:<\/strong>\u00a0Servo motor teknolojisi ve CNC kontrol kombinasyonu mikron d\u00fczeyinde hassasiyet sa\u011flayarak israf\u0131 en aza indirir ve \u00fcr\u00fcn homojenli\u011fini en \u00fcst d\u00fczeye \u00e7\u0131kar\u0131r.<br \/>\n\u2705 <strong>Kullan\u0131c\u0131 Dostu Aray\u00fcz:<\/strong>\u00a0CNC sistemi sezgiseldir ve operat\u00f6rlerin parametreleri ayarlamas\u0131na, tarifleri kaydetmesine ve \u00fcretimi ger\u00e7ek zamanl\u0131 olarak izlemesine olanak tan\u0131r.<br \/>\n\u2705 <strong>Sa\u011flam ve Dayan\u0131kl\u0131 Yap\u0131:<\/strong>\u00a0Zorlu ortamlarda s\u00fcrekli \u00e7al\u0131\u015fma i\u00e7in tasarlanan bu makine, minimum ar\u0131za s\u00fcresiyle uzun vadeli \u00fcretkenlik sa\u011flar.<br \/>\n\u2705 <strong>Geni\u015f Uygulama Aral\u0131\u011f\u0131:<\/strong>\u00a0Tekstil, bask\u0131, ambalaj, yap\u0131\u015fkan bantlar ve daha bir\u00e7ok alanda kullan\u0131lan ka\u011f\u0131t masuralar\u0131n \u00fcretimi i\u00e7in m\u00fckemmeldir.<\/p>\n<h4><strong>\ud83d\udca1 Arayan \u00dcreticiler \u0130\u00e7in \u0130deal:<\/strong><\/h4>\n<ul>\n<li>Daha y\u00fcksek \u00fcretim verimlili\u011fi<\/li>\n<li>Tutarl\u0131 \u00fcr\u00fcn kalitesi<\/li>\n<li>D\u00fc\u015f\u00fck bak\u0131m maliyetleri<\/li>\n<li>Mevcut \u00fcretim hatlar\u0131na kolay entegrasyon<\/li>\n<\/ul>\n<h4><strong>\ud83c\udf08 Son D\u00fc\u015f\u00fcnceler:<\/strong><\/h4>\n<p>Ka\u011f\u0131t t\u00fcp \u00fcretim hatt\u0131n\u0131z\u0131 geli\u015ftiriyor veya yeni bir tesis kuruyorsan\u0131z <a href=\"https:\/\/nrcmachine.com\/\">NRC MAK\u0130NE<\/a> <a href=\"https:\/\/nrcmachinery.com\/products\/spiral-paper-tube-machine.html\">ka\u011f\u0131t t\u00fcp sarma makinesi<\/a> ak\u0131ll\u0131, gelece\u011fe haz\u0131r bir yat\u0131r\u0131md\u0131r. G\u00fc\u00e7l\u00fc Delta bile\u015fenleri, hassas servo kontrol\u00fc ve esnek \u00f6zellikleri ile sekt\u00f6r\u00fcn geli\u015fen taleplerini kar\u015f\u0131lamak i\u00e7in \u00fcretilmi\u015ftir. \ud83c\udfed\u2728<\/p>\n<p>\ud83d\udc49 <strong>Profesyonel ipucu:<\/strong>\u00a0Optimum sonu\u00e7lar i\u00e7in her zaman hammadde \u00f6zelliklerinizi (ka\u011f\u0131t t\u00fcr\u00fc, tutkal, gerginlik) makine ayarlar\u0131yla e\u015fle\u015ftirin!<\/p>\n<p>\ud83d\udccc <em>Daha fazla end\u00fcstriyel makine bilgisi ve \u00fcretim ipu\u00e7lar\u0131 i\u00e7in takip edin!<\/em><br \/>\n#<a href=\"https:\/\/nrcmachinery.com\/products\/spiral-paper-tube-machine.html\">PaperTubeMachine<\/a> #<a href=\"https:\/\/nrcmachine.com\/\">NRC Makine<\/a> #CNC Makineleri #PackagingSolutions #ManufacturingTech #DeltaAutomation #ServoMotor #IndustrialInnovation<\/p>\n<p>&nbsp;<\/p>","protected":false},"featured_media":3468,"template":"","meta":{"_acf_changed":false,"_monsterinsights_skip_tracking":false,"_monsterinsights_sitenote_active":false,"_monsterinsights_sitenote_note":"","_monsterinsights_sitenote_category":0,"site-sidebar-layout":"default","site-content-layout":"","ast-site-content-layout":"default","site-content-style":"default","site-sidebar-style":"default","ast-global-header-display":"","ast-banner-title-visibility":"","ast-main-header-display":"","ast-hfb-above-header-display":"","ast-hfb-below-header-display":"","ast-hfb-mobile-header-display":"","site-post-title":"","ast-breadcrumbs-content":"","ast-featured-img":"","footer-sml-layout":"","theme-transparent-header-meta":"default","adv-header-id-meta":"","stick-header-meta":"default","header-above-stick-meta":"","header-main-stick-meta":"","header-below-stick-meta":"","astra-migrate-meta-layouts":"set","ast-page-background-enabled":"default","ast-page-background-meta":{"desktop":{"background-color":"var(--ast-global-color-4)","background-image":"","background-repeat":"repeat","background-position":"center center","background-size":"auto","background-attachment":"scroll","background-type":"","background-media":"","overlay-type":"","overlay-color":"","overlay-opacity":"","overlay-gradient":""},"tablet":{"background-color":"","background-image":"","background-repeat":"repeat","background-position":"center center","background-size":"auto","background-attachment":"scroll","background-type":"","background-media":"","overlay-type":"","overlay-color":"","overlay-opacity":"","overlay-gradient":""},"mobile":{"background-color":"","background-image":"","background-repeat":"repeat","background-position":"center center","background-size":"auto","background-attachment":"scroll","background-type":"","background-media":"","overlay-type":"","overlay-color":"","overlay-opacity":"","overlay-gradient":""}},"ast-content-background-meta":{"desktop":{"background-color":"var(--ast-global-color-5)","background-image":"","background-repeat":"repeat","background-position":"center center","background-size":"auto","background-attachment":"scroll","background-type":"","background-media":"","overlay-type":"","overlay-color":"","overlay-opacity":"","overlay-gradient":""},"tablet":{"background-color":"var(--ast-global-color-5)","background-image":"","background-repeat":"repeat","background-position":"center center","background-size":"auto","background-attachment":"scroll","background-type":"","background-media":"","overlay-type":"","overlay-color":"","overlay-opacity":"","overlay-gradient":""},"mobile":{"background-color":"var(--ast-global-color-5)","background-image":"","background-repeat":"repeat","background-position":"center center","background-size":"auto","background-attachment":"scroll","background-type":"","background-media":"","overlay-type":"","overlay-color":"","overlay-opacity":"","overlay-gradient":""}}},"tags":[49,48],"products":[43],"class_list":["post-2199","product","type-product","status-publish","has-post-thumbnail","hentry","tag-paper-tube-machine","tag-paper-tube-making-machine","products-spiral-paper-tube-making-machine"],"acf":[],"aioseo_notices":[],"aioseo_head":"\n\t\t<!-- All in One SEO Pro 4.9.2 - aioseo.com -->\n\t<meta name=\"description\" content=\"The Paper Tube Winding Machine by NRC MACHINE is engineered to deliver exceptional performance, precision, and versatility for modern production needs.\" \/>\n\t<meta name=\"robots\" content=\"noodp, max-snippet:-1, max-image-preview:large, max-video-preview:-1\" \/>\n\t<link rel=\"canonical\" href=\"https:\/\/nrcmachine.com\/tr\/product\/paper-tube-winding-machine\/\" \/>\n\t<meta name=\"generator\" content=\"All in One SEO Pro (AIOSEO) 4.9.2\" \/>\n\t\t<meta property=\"og:locale\" content=\"tr_TR\" \/>\n\t\t<meta property=\"og:site_name\" content=\"Toilet Paper Machine, Paper Tube Machine | NRC Machine - Reliable Paper Machinery Solutions\" \/>\n\t\t<meta property=\"og:type\" content=\"article\" \/>\n\t\t<meta property=\"og:title\" content=\"Paper Tube Winding Machine - QINGDAO NEW RICHUAN PRECISION\" \/>\n\t\t<meta property=\"og:description\" content=\"The Paper Tube Winding Machine by NRC MACHINE is engineered to deliver exceptional performance, precision, and versatility for modern production needs.\" \/>\n\t\t<meta property=\"og:url\" content=\"https:\/\/nrcmachine.com\/tr\/product\/paper-tube-winding-machine\/\" \/>\n\t\t<meta property=\"og:image\" content=\"https:\/\/nrcmachine.com\/wp-content\/uploads\/2025\/11\/paper-tube-winding-machine.webp\" \/>\n\t\t<meta property=\"og:image:secure_url\" content=\"https:\/\/nrcmachine.com\/wp-content\/uploads\/2025\/11\/paper-tube-winding-machine.webp\" \/>\n\t\t<meta property=\"og:image:width\" content=\"960\" \/>\n\t\t<meta property=\"og:image:height\" content=\"960\" \/>\n\t\t<meta property=\"article:published_time\" content=\"2025-11-14T14:46:24+00:00\" \/>\n\t\t<meta property=\"article:modified_time\" content=\"2025-12-31T01:17:20+00:00\" \/>\n\t\t<meta property=\"article:publisher\" content=\"https:\/\/www.facebook.com\/james.gao.349938\" \/>\n\t\t<meta name=\"twitter:card\" content=\"summary\" \/>\n\t\t<meta name=\"twitter:site\" content=\"@JamesGao65335\" \/>\n\t\t<meta name=\"twitter:title\" content=\"Paper Tube Winding Machine - QINGDAO NEW RICHUAN PRECISION\" \/>\n\t\t<meta name=\"twitter:description\" content=\"The Paper Tube Winding Machine by NRC MACHINE is engineered to deliver exceptional performance, precision, and versatility for modern production needs.\" \/>\n\t\t<meta name=\"twitter:image\" content=\"https:\/\/nrcmachine.com\/wp-content\/uploads\/2025\/11\/paper-tube-winding-machine.webp\" \/>\n\t\t<script type=\"application\/ld+json\" class=\"aioseo-schema\">\n\t\t\t{\"@context\":\"https:\\\/\\\/schema.org\",\"@graph\":[{\"@type\":\"BreadcrumbList\",\"@id\":\"https:\\\/\\\/nrcmachine.com\\\/tr\\\/product\\\/paper-tube-winding-machine\\\/#breadcrumblist\",\"itemListElement\":[{\"@type\":\"ListItem\",\"@id\":\"https:\\\/\\\/nrcmachine.com\\\/tr#listItem\",\"position\":1,\"name\":\"Home\",\"item\":\"https:\\\/\\\/nrcmachine.com\\\/tr\",\"nextItem\":{\"@type\":\"ListItem\",\"@id\":\"https:\\\/\\\/nrcmachine.com\\\/tr\\\/product\\\/#listItem\",\"name\":\"Products\"}},{\"@type\":\"ListItem\",\"@id\":\"https:\\\/\\\/nrcmachine.com\\\/tr\\\/product\\\/#listItem\",\"position\":2,\"name\":\"Products\",\"item\":\"https:\\\/\\\/nrcmachine.com\\\/tr\\\/product\\\/\",\"nextItem\":{\"@type\":\"ListItem\",\"@id\":\"https:\\\/\\\/nrcmachine.com\\\/tr\\\/tag\\\/paper-tube-making-machine\\\/#listItem\",\"name\":\"paper tube making machine\"},\"previousItem\":{\"@type\":\"ListItem\",\"@id\":\"https:\\\/\\\/nrcmachine.com\\\/tr#listItem\",\"name\":\"Home\"}},{\"@type\":\"ListItem\",\"@id\":\"https:\\\/\\\/nrcmachine.com\\\/tr\\\/tag\\\/paper-tube-making-machine\\\/#listItem\",\"position\":3,\"name\":\"paper tube making machine\",\"item\":\"https:\\\/\\\/nrcmachine.com\\\/tr\\\/tag\\\/paper-tube-making-machine\\\/\",\"nextItem\":{\"@type\":\"ListItem\",\"@id\":\"https:\\\/\\\/nrcmachine.com\\\/tr\\\/product\\\/paper-tube-winding-machine\\\/#listItem\",\"name\":\"Paper Tube Winding Machine\"},\"previousItem\":{\"@type\":\"ListItem\",\"@id\":\"https:\\\/\\\/nrcmachine.com\\\/tr\\\/product\\\/#listItem\",\"name\":\"Products\"}},{\"@type\":\"ListItem\",\"@id\":\"https:\\\/\\\/nrcmachine.com\\\/tr\\\/product\\\/paper-tube-winding-machine\\\/#listItem\",\"position\":4,\"name\":\"Paper Tube Winding Machine\",\"previousItem\":{\"@type\":\"ListItem\",\"@id\":\"https:\\\/\\\/nrcmachine.com\\\/tr\\\/tag\\\/paper-tube-making-machine\\\/#listItem\",\"name\":\"paper tube making machine\"}}]},{\"@type\":\"Organization\",\"@id\":\"https:\\\/\\\/nrcmachine.com\\\/tr\\\/#organization\",\"name\":\"Toilet Paper Machine, Paper Tube Machine | NRC Machine wordpress\",\"description\":\"Reliable Paper Machinery Solutions\",\"url\":\"https:\\\/\\\/nrcmachine.com\\\/tr\\\/\",\"email\":\"james@nrcmachine.com\",\"telephone\":\"+8615254213289\",\"foundingDate\":\"2023-11-01\",\"numberOfEmployees\":{\"@type\":\"QuantitativeValue\",\"minValue\":1,\"maxValue\":50},\"logo\":{\"@type\":\"ImageObject\",\"url\":\"https:\\\/\\\/nrcmachine.com\\\/wp-content\\\/uploads\\\/2026\\\/01\\\/logo23.png\",\"@id\":\"https:\\\/\\\/nrcmachine.com\\\/tr\\\/product\\\/paper-tube-winding-machine\\\/#organizationLogo\",\"width\":800,\"height\":800,\"caption\":\"logo for NRC MACHINE\"},\"image\":{\"@id\":\"https:\\\/\\\/nrcmachine.com\\\/tr\\\/product\\\/paper-tube-winding-machine\\\/#organizationLogo\"},\"sameAs\":[\"https:\\\/\\\/www.facebook.com\\\/james.gao.349938\",\"https:\\\/\\\/x.com\\\/JamesGao65335\",\"https:\\\/\\\/www.instagram.com\\\/jamesgao407?igsh=d2YybzFhMjY0YTl3\",\"https:\\\/\\\/www.tiktok.com\\\/@gyl20210118\",\"https:\\\/\\\/www.linkedin.com\\\/in\\\/--9a63583a9\\\/\"],\"address\":{\"@id\":\"https:\\\/\\\/nrcmachine.com\\\/tr\\\/#postaladdress\",\"@type\":\"PostalAddress\",\"streetAddress\":\"No..519,Jiangshan South Road,Huangdao,\",\"postalCode\":\"266500\",\"addressLocality\":\"Qingdao\",\"addressRegion\":\"Shandong Province\",\"addressCountry\":\"CN\"},\"taxID\":\"91370211MAD54P6P85\",\"vatID\":\"91370211MAD54P6P85\"},{\"@type\":\"WebPage\",\"@id\":\"https:\\\/\\\/nrcmachine.com\\\/tr\\\/product\\\/paper-tube-winding-machine\\\/#webpage\",\"url\":\"https:\\\/\\\/nrcmachine.com\\\/tr\\\/product\\\/paper-tube-winding-machine\\\/\",\"name\":\"Paper Tube Winding Machine - QINGDAO NEW RICHUAN PRECISION\",\"description\":\"The Paper Tube Winding Machine by NRC MACHINE is engineered to deliver exceptional performance, precision, and versatility for modern production needs.\",\"inLanguage\":\"tr-TR\",\"isPartOf\":{\"@id\":\"https:\\\/\\\/nrcmachine.com\\\/tr\\\/#website\"},\"breadcrumb\":{\"@id\":\"https:\\\/\\\/nrcmachine.com\\\/tr\\\/product\\\/paper-tube-winding-machine\\\/#breadcrumblist\"},\"image\":{\"@type\":\"ImageObject\",\"url\":\"https:\\\/\\\/nrcmachine.com\\\/wp-content\\\/uploads\\\/2025\\\/11\\\/paper-tube-winding-machine.webp\",\"@id\":\"https:\\\/\\\/nrcmachine.com\\\/tr\\\/product\\\/paper-tube-winding-machine\\\/#mainImage\",\"width\":960,\"height\":960,\"caption\":\"paper tube winding machine\"},\"primaryImageOfPage\":{\"@id\":\"https:\\\/\\\/nrcmachine.com\\\/tr\\\/product\\\/paper-tube-winding-machine\\\/#mainImage\"},\"datePublished\":\"2025-11-14T22:46:24+08:00\",\"dateModified\":\"2025-12-31T09:17:20+08:00\"},{\"@type\":\"WebSite\",\"@id\":\"https:\\\/\\\/nrcmachine.com\\\/tr\\\/#website\",\"url\":\"https:\\\/\\\/nrcmachine.com\\\/tr\\\/\",\"name\":\"Toilet Paper Machine, Paper Tube Machine | NRC Machine\",\"alternateName\":\"Qingdao New Richuan Precision Machine Co.,Ltd\",\"description\":\"Reliable Paper Machinery Solutions\",\"inLanguage\":\"tr-TR\",\"publisher\":{\"@id\":\"https:\\\/\\\/nrcmachine.com\\\/tr\\\/#organization\"}}]}\n\t\t<\/script>\n\t\t<!-- All in One SEO Pro -->\r\n\t\t<title>Paper Tube Winding Machine - QINGDAO NEW RICHUAN PRECISION<\/title>\n\n","aioseo_head_json":{"title":"Ka\u011f\u0131t T\u00fcp Sarma Makinesi - QINGDAO NEW RICHUAN PRECISION","description":"NRC MACHINE'in Ka\u011f\u0131t Boru Sarma Makinesi, modern \u00fcretim ihtiya\u00e7lar\u0131 i\u00e7in ola\u011fan\u00fcst\u00fc performans, hassasiyet ve \u00e7ok y\u00f6nl\u00fcl\u00fck sunmak \u00fczere tasarlanm\u0131\u015ft\u0131r.","canonical_url":"https:\/\/nrcmachine.com\/tr\/product\/paper-tube-winding-machine\/","robots":"noodp, max-snippet:-1, max-image-preview:large, max-video-preview:-1","keywords":"","webmasterTools":{"miscellaneous":""},"schema":{"@context":"https:\/\/schema.org","@graph":[{"@type":"BreadcrumbList","@id":"https:\/\/nrcmachine.com\/tr\/product\/paper-tube-winding-machine\/#breadcrumblist","itemListElement":[{"@type":"ListItem","@id":"https:\/\/nrcmachine.com\/tr#listItem","position":1,"name":"Home","item":"https:\/\/nrcmachine.com\/tr","nextItem":{"@type":"ListItem","@id":"https:\/\/nrcmachine.com\/tr\/product\/#listItem","name":"Products"}},{"@type":"ListItem","@id":"https:\/\/nrcmachine.com\/tr\/product\/#listItem","position":2,"name":"Products","item":"https:\/\/nrcmachine.com\/tr\/product\/","nextItem":{"@type":"ListItem","@id":"https:\/\/nrcmachine.com\/tr\/tag\/paper-tube-making-machine\/#listItem","name":"paper tube making machine"},"previousItem":{"@type":"ListItem","@id":"https:\/\/nrcmachine.com\/tr#listItem","name":"Home"}},{"@type":"ListItem","@id":"https:\/\/nrcmachine.com\/tr\/tag\/paper-tube-making-machine\/#listItem","position":3,"name":"paper tube making machine","item":"https:\/\/nrcmachine.com\/tr\/tag\/paper-tube-making-machine\/","nextItem":{"@type":"ListItem","@id":"https:\/\/nrcmachine.com\/tr\/product\/paper-tube-winding-machine\/#listItem","name":"Paper Tube Winding Machine"},"previousItem":{"@type":"ListItem","@id":"https:\/\/nrcmachine.com\/tr\/product\/#listItem","name":"Products"}},{"@type":"ListItem","@id":"https:\/\/nrcmachine.com\/tr\/product\/paper-tube-winding-machine\/#listItem","position":4,"name":"Paper Tube Winding Machine","previousItem":{"@type":"ListItem","@id":"https:\/\/nrcmachine.com\/tr\/tag\/paper-tube-making-machine\/#listItem","name":"paper tube making machine"}}]},{"@type":"Organization","@id":"https:\/\/nrcmachine.com\/tr\/#organization","name":"Toilet Paper Machine, Paper Tube Machine | NRC Machine wordpress","description":"Reliable Paper Machinery Solutions","url":"https:\/\/nrcmachine.com\/tr\/","email":"james@nrcmachine.com","telephone":"+8615254213289","foundingDate":"2023-11-01","numberOfEmployees":{"@type":"QuantitativeValue","minValue":1,"maxValue":50},"logo":{"@type":"ImageObject","url":"https:\/\/nrcmachine.com\/wp-content\/uploads\/2026\/01\/logo23.png","@id":"https:\/\/nrcmachine.com\/tr\/product\/paper-tube-winding-machine\/#organizationLogo","width":800,"height":800,"caption":"logo for NRC MACHINE"},"image":{"@id":"https:\/\/nrcmachine.com\/tr\/product\/paper-tube-winding-machine\/#organizationLogo"},"sameAs":["https:\/\/www.facebook.com\/james.gao.349938","https:\/\/x.com\/JamesGao65335","https:\/\/www.instagram.com\/jamesgao407?igsh=d2YybzFhMjY0YTl3","https:\/\/www.tiktok.com\/@gyl20210118","https:\/\/www.linkedin.com\/in\/--9a63583a9\/"],"address":{"@id":"https:\/\/nrcmachine.com\/tr\/#postaladdress","@type":"PostalAddress","streetAddress":"No..519,Jiangshan South Road,Huangdao,","postalCode":"266500","addressLocality":"Qingdao","addressRegion":"Shandong Province","addressCountry":"CN"},"taxID":"91370211MAD54P6P85","vatID":"91370211MAD54P6P85"},{"@type":"WebPage","@id":"https:\/\/nrcmachine.com\/tr\/product\/paper-tube-winding-machine\/#webpage","url":"https:\/\/nrcmachine.com\/tr\/product\/paper-tube-winding-machine\/","name":"Paper Tube Winding Machine - QINGDAO NEW RICHUAN PRECISION","description":"The Paper Tube Winding Machine by NRC MACHINE is engineered to deliver exceptional performance, precision, and versatility for modern production needs.","inLanguage":"tr-TR","isPartOf":{"@id":"https:\/\/nrcmachine.com\/tr\/#website"},"breadcrumb":{"@id":"https:\/\/nrcmachine.com\/tr\/product\/paper-tube-winding-machine\/#breadcrumblist"},"image":{"@type":"ImageObject","url":"https:\/\/nrcmachine.com\/wp-content\/uploads\/2025\/11\/paper-tube-winding-machine.webp","@id":"https:\/\/nrcmachine.com\/tr\/product\/paper-tube-winding-machine\/#mainImage","width":960,"height":960,"caption":"paper tube winding machine"},"primaryImageOfPage":{"@id":"https:\/\/nrcmachine.com\/tr\/product\/paper-tube-winding-machine\/#mainImage"},"datePublished":"2025-11-14T22:46:24+08:00","dateModified":"2025-12-31T09:17:20+08:00"},{"@type":"WebSite","@id":"https:\/\/nrcmachine.com\/tr\/#website","url":"https:\/\/nrcmachine.com\/tr\/","name":"Toilet Paper Machine, Paper Tube Machine | NRC Machine","alternateName":"Qingdao New Richuan Precision Machine Co.,Ltd","description":"Reliable Paper Machinery Solutions","inLanguage":"tr-TR","publisher":{"@id":"https:\/\/nrcmachine.com\/tr\/#organization"}}]},"og:locale":"tr_TR","og:site_name":"Toilet Paper Machine, Paper Tube Machine | NRC Machine - Reliable Paper Machinery Solutions","og:type":"article","og:title":"Paper Tube Winding Machine - QINGDAO NEW RICHUAN PRECISION","og:description":"The Paper Tube Winding Machine by NRC MACHINE is engineered to deliver exceptional performance, precision, and versatility for modern production needs.","og:url":"https:\/\/nrcmachine.com\/tr\/product\/paper-tube-winding-machine\/","og:image":"https:\/\/nrcmachine.com\/wp-content\/uploads\/2025\/11\/paper-tube-winding-machine.webp","og:image:secure_url":"https:\/\/nrcmachine.com\/wp-content\/uploads\/2025\/11\/paper-tube-winding-machine.webp","og:image:width":960,"og:image:height":960,"article:published_time":"2025-11-14T14:46:24+00:00","article:modified_time":"2025-12-31T01:17:20+00:00","article:publisher":"https:\/\/www.facebook.com\/james.gao.349938","twitter:card":"summary","twitter:site":"@JamesGao65335","twitter:title":"Paper Tube Winding Machine - QINGDAO NEW RICHUAN PRECISION","twitter:description":"The Paper Tube Winding Machine by NRC MACHINE is engineered to deliver exceptional performance, precision, and versatility for modern production needs.","twitter:image":"https:\/\/nrcmachine.com\/wp-content\/uploads\/2025\/11\/paper-tube-winding-machine.webp"},"aioseo_meta_data":{"post_id":"2199","title":"#post_title #separator_sa QINGDAO NEW RICHUAN PRECISION","description":"NRC MACHINE'in Ka\u011f\u0131t Boru Sarma Makinesi, modern \u00fcretim ihtiya\u00e7lar\u0131 i\u00e7in ola\u011fan\u00fcst\u00fc performans, hassasiyet ve \u00e7ok y\u00f6nl\u00fcl\u00fck sunmak \u00fczere tasarlanm\u0131\u015ft\u0131r.","keywords":null,"keyphrases":{"focus":{"keyphrase":"paper tube winding machine","score":100,"analysis":{"keyphraseInTitle":{"score":9,"maxScore":9,"error":0},"keyphraseInDescription":{"score":9,"maxScore":9,"error":0},"keyphraseLength":{"score":9,"maxScore":9,"error":0,"length":4},"keyphraseInURL":{"score":5,"maxScore":5,"error":0},"keyphraseInIntroduction":{"score":9,"maxScore":9,"error":0},"keyphraseInSubHeadings":{"score":9,"maxScore":9,"error":0},"keyphraseInImageAlt":[],"keywordDensity":{"type":"best","score":9,"maxScore":9,"error":0}}},"additional":[]},"primary_term":null,"canonical_url":null,"og_title":null,"og_description":null,"og_object_type":"default","og_image_type":"default","og_image_url":null,"og_image_width":null,"og_image_height":null,"og_image_custom_url":null,"og_image_custom_fields":null,"og_video":"","og_custom_url":null,"og_article_section":null,"og_article_tags":null,"twitter_use_og":false,"twitter_card":"default","twitter_image_type":"default","twitter_image_url":null,"twitter_image_custom_url":null,"twitter_image_custom_fields":null,"twitter_title":null,"twitter_description":null,"schema":{"blockGraphs":[],"customGraphs":[],"default":{"data":{"Article":[],"Course":[],"Dataset":[],"FAQPage":[],"Movie":[],"Person":[],"Product":[],"ProductReview":[],"Car":[],"Recipe":[],"Service":[],"SoftwareApplication":[],"WebPage":[]},"graphName":"ItemPage","isEnabled":true},"graphs":[]},"schema_type":"default","schema_type_options":null,"pillar_content":false,"robots_default":true,"robots_noindex":false,"robots_noarchive":false,"robots_nosnippet":false,"robots_nofollow":false,"robots_noimageindex":false,"robots_noodp":false,"robots_notranslate":false,"robots_max_snippet":"-1","robots_max_videopreview":"-1","robots_max_imagepreview":"large","priority":null,"frequency":"default","local_seo":null,"seo_analyzer_scan_date":"2026-02-13 03:22:23","breadcrumb_settings":null,"limit_modified_date":false,"reviewed_by":null,"open_ai":null,"ai":{"faqs":[],"keyPoints":[],"titles":[],"descriptions":[],"socialPosts":{"email":[],"linkedin":[],"twitter":[],"facebook":[],"instagram":[]}},"created":"2025-12-11 08:40:25","updated":"2026-02-13 06:53:48"},"aioseo_breadcrumb":"<div class=\"aioseo-breadcrumbs\"><span class=\"aioseo-breadcrumb\">\n\t<a href=\"https:\/\/nrcmachine.com\/tr\" title=\"Home\">Home<\/a>\n<\/span><span class=\"aioseo-breadcrumb-separator\">\u00bb<\/span><span class=\"aioseo-breadcrumb\">\n\t<a href=\"https:\/\/nrcmachine.com\/tr\/product\/\" title=\"Products\">Products<\/a>\n<\/span><span class=\"aioseo-breadcrumb-separator\">\u00bb<\/span><span class=\"aioseo-breadcrumb\">\n\t<a href=\"https:\/\/nrcmachine.com\/tr\/tag\/paper-tube-making-machine\/\" title=\"paper tube making machine\">paper tube making machine<\/a>\n<\/span><span class=\"aioseo-breadcrumb-separator\">\u00bb<\/span><span class=\"aioseo-breadcrumb\">\n\tPaper Tube Winding Machine\n<\/span><\/div>","aioseo_breadcrumb_json":[{"label":"Home","link":"https:\/\/nrcmachine.com\/tr"},{"label":"Products","link":"https:\/\/nrcmachine.com\/tr\/product\/"},{"label":"paper tube making machine","link":"https:\/\/nrcmachine.com\/tr\/tag\/paper-tube-making-machine\/"},{"label":"Paper Tube Winding Machine","link":"https:\/\/nrcmachine.com\/tr\/product\/paper-tube-winding-machine\/"}],"_links":{"self":[{"href":"https:\/\/nrcmachine.com\/tr\/wp-json\/wp\/v2\/product\/2199","targetHints":{"allow":["GET"]}}],"collection":[{"href":"https:\/\/nrcmachine.com\/tr\/wp-json\/wp\/v2\/product"}],"about":[{"href":"https:\/\/nrcmachine.com\/tr\/wp-json\/wp\/v2\/types\/product"}],"version-history":[{"count":0,"href":"https:\/\/nrcmachine.com\/tr\/wp-json\/wp\/v2\/product\/2199\/revisions"}],"wp:featuredmedia":[{"embeddable":true,"href":"https:\/\/nrcmachine.com\/tr\/wp-json\/wp\/v2\/media\/3468"}],"wp:attachment":[{"href":"https:\/\/nrcmachine.com\/tr\/wp-json\/wp\/v2\/media?parent=2199"}],"wp:term":[{"taxonomy":"post_tag","embeddable":true,"href":"https:\/\/nrcmachine.com\/tr\/wp-json\/wp\/v2\/tags?post=2199"},{"taxonomy":"products","embeddable":true,"href":"https:\/\/nrcmachine.com\/tr\/wp-json\/wp\/v2\/products?post=2199"}],"curies":[{"name":"wp","href":"https:\/\/api.w.org\/{rel}","templated":true}]}}