 {"id":2235,"date":"2025-11-26T09:16:13","date_gmt":"2025-11-26T01:16:13","guid":{"rendered":"https:\/\/nrcmachine.com\/?post_type=product&#038;p=2235"},"modified":"2025-12-31T05:27:40","modified_gmt":"2025-12-30T21:27:40","slug":"high-speed-toilet-paper-roll-converting-machine","status":"publish","type":"product","link":"https:\/\/nrcmachine.com\/tr\/product\/high-speed-toilet-paper-roll-converting-machine\/","title":{"rendered":"Y\u00fcksek H\u0131zl\u0131 Tuvalet Ka\u011f\u0131d\u0131 Rulo D\u00f6n\u00fc\u015ft\u00fcrme Makinesi"},"content":{"rendered":"<h5 style=\"text-align: center;\"><strong><a href=\"https:\/\/nrcmachinery.com\">Y\u00fcksek H\u0131zl\u0131 Tuvalet Ka\u011f\u0131d\u0131 Rulo D\u00f6n\u00fc\u015ft\u00fcrme Makinesi<\/a>: Komple \u00dcretim Hatt\u0131<\/strong><\/h5>\n<p>Manuel, verimsiz tuvalet ka\u011f\u0131d\u0131 \u00fcretiminden b\u0131kt\u0131n\u0131z m\u0131? Hadi oyunun kurallar\u0131n\u0131 de\u011fi\u015ftiren <a href=\"https:\/\/nrcmachine.com\/products\/toilet-paper-making-machine\/\"><strong>Y\u00fcksek H\u0131zl\u0131 Tuvalet Ka\u011f\u0131d\u0131 Rulo D\u00f6n\u00fc\u015ft\u00fcrme Makinesi<\/strong><\/a>-Ham jumbo rulolar\u0131 tek bir kesintisiz ak\u0131\u015fta m\u00fckemmel \u015fekilde paketlenmi\u015f bitmi\u015f \u00fcr\u00fcnlere d\u00f6n\u00fc\u015ft\u00fcren otomatik bir hat!<\/p>\n<div class=\"ast-oembed-container\" style=\"height: 100%;\"><iframe title=\"mutfak havlusu sarma maki\u0307nesi\u0307\" width=\"500\" height=\"281\" src=\"https:\/\/www.youtube.com\/embed\/8d-cUwVZQRs?feature=oembed\" frameborder=\"0\" allow=\"accelerometer; autoplay; clipboard-write; encrypted-media; gyroscope; picture-in-picture; web-share\" referrerpolicy=\"strict-origin-when-cross-origin\" allowfullscreen><\/iframe><\/div>\n<h6>1. <strong><a href=\"https:\/\/nrcmachine.com\/product\/full-automatic-kitchen-towel-paper-production-making-machine\/\">Tuvalet Ka\u011f\u0131d\u0131 Sarma Makinesi<\/a> Kabartma ve Tutkal Laminasyonlu<\/strong>.<\/h6>\n<p>Bu g\u00f6bek \u00fcnitesi b\u00fcy\u00fck jumbo rulolar\u0131 a\u00e7ar, ard\u0131ndan dokuyu ve mukavemeti art\u0131rmak i\u00e7in hassas kabartma (yumu\u015fak \u00e7i\u00e7ek veya elmas desenlerini d\u00fc\u015f\u00fcn\u00fcn) uygular. Ayn\u0131 zamanda, laminasyon i\u00e7in g\u0131da s\u0131n\u0131f\u0131 tutkal kullan\u0131r - 2 katl\u0131 veya 3 katl\u0131 rulolar yap\u0131yorsan\u0131z m\u00fckemmeldir. Geri sarma h\u0131z\u0131? K\u0131r\u0131\u015f\u0131kl\u0131klar\u0131 veya y\u0131rt\u0131lmalar\u0131 \u00f6nlemek i\u00e7in hassas gerginlik kontrol\u00fc ile dakikada 300 metreye kadar.<\/p>\n<h6>2. <strong>Otomatik \u015eerit Testere Kesim Makinesi<\/strong>\u00a0devral\u0131r.<\/h6>\n<p>Geleneksel b\u0131\u00e7akl\u0131 kesicilerden farkl\u0131 olarak bu kesici, geri sar\u0131lm\u0131\u015f k\u00fct\u00fckleri tek tek rulolar halinde dilimlemek i\u00e7in y\u00fcksek h\u0131zl\u0131 bir \u015ferit testere kullan\u0131r. S\u0131rr\u0131 ne? \u0130ster standart 10 cm'lik rulolara ister \u00f6zel boyutlara ihtiyac\u0131n\u0131z olsun, her kesimin tam olmas\u0131n\u0131 sa\u011flayan lazer g\u00fcd\u00fcml\u00fc bir sistem. Ayr\u0131ca, tozsuz ve d\u00fc\u015f\u00fck g\u00fcr\u00fclt\u00fcl\u00fcd\u00fcr; temiz \u00fcretim ortamlar\u0131 i\u00e7in idealdir.<\/p>\n<h6>3. <strong>Otomatik \u00c7oklu Rulo Paketleme Makinesi<\/strong>\u00a0s\u00fcreci tamamlar.<\/h6>\n<p>Rulolar\u0131 grupland\u0131r\u0131r (paket ba\u015f\u0131na 2, 4, 6 veya 12), bunlar\u0131 shrink film veya ka\u011f\u0131da sarar ve paketi m\u00fch\u00fcrler - hepsi insan eli olmadan. Hatta baz\u0131 modellerde etiketler veya barkodlar otomatik olarak eklenir. Dakikada 60 pakete varan h\u0131z\u0131yla zamandan b\u00fcy\u00fck tasarruf sa\u011flar.<\/p>\n<h6>4. Teknik Parametre<\/h6>\n<table>\n<tbody>\n<tr>\n<td width=\"712\">Hammadde Ka\u011f\u0131t Rulo Geni\u015fli\u011fi: \u22642050mm.<\/p>\n<p>Ham ka\u011f\u0131t rulosu \u00e7ap\u0131: \u22642200mm.<\/p>\n<p>Bitmi\u015f rulo \u00e7ap\u0131: 40 ~ 130mm.<\/p>\n<p>Katman: 1~3 katman.<\/p>\n<p>\u00dcr\u00fcn yelpazesi: \u00e7ekirdekli ve \u00e7ekirdeksiz.<\/p>\n<p>Otomatik ka\u011f\u0131t \u00e7ekirde\u011fi b\u0131rakma.<\/p>\n<p>G\u00fc\u00e7: 380V.50HZ.<\/p>\n<p>Otomatik bitmi\u015f \u00fcr\u00fcn \u00e7\u0131k\u0131\u015f\u0131.<\/p>\n<p>Otomatik kuyruk kesme ve m\u00fch\u00fcrleme.<\/td>\n<\/tr>\n<\/tbody>\n<\/table>\n<p>Bu makineler birlikte bir <strong>Tam Otomatik Y\u00fcksek H\u0131zl\u0131 Tuvalet Ka\u011f\u0131d\u0131 Rulo D\u00f6n\u00fc\u015ft\u00fcrme Makinesi \u00dcretim Hatt\u0131<\/strong>. Hammaddeden paketlenmi\u015f \u00fcr\u00fcne kadar i\u015f\u00e7ilik maliyetlerini 70% azalt\u0131r ve \u00e7\u0131kt\u0131y\u0131 300% art\u0131r\u0131r. Tutarl\u0131 kalite ve y\u00fcksek hacimli \u00fcretim hedefleyen orta ve b\u00fcy\u00fck \u00f6l\u00e7ekli \u00fcreticiler i\u00e7in m\u00fckemmeldir.<\/p>\n<p>\u0130ster eski bir hatt\u0131 y\u00fckseltin, ister yeni bir hatta ba\u015flay\u0131n, bu kurulum ak\u0131ll\u0131ca bir yat\u0131r\u0131md\u0131r. \u0130\u015f ba\u015f\u0131nda g\u00f6rmek ister misiniz? Yorumlardaki en son demo videomuza g\u00f6z at\u0131n!<\/p>\n<p>#TuvaletKa\u011f\u0131t\u00dcretim #PaketlemeMakineleri #AutomasyonTeknolojisi #\u00dcretim\u0130novasyon<\/p>\n<p>&nbsp;<\/p>","protected":false},"featured_media":3440,"template":"","meta":{"_acf_changed":false,"_monsterinsights_skip_tracking":false,"_monsterinsights_sitenote_active":false,"_monsterinsights_sitenote_note":"","_monsterinsights_sitenote_category":0,"site-sidebar-layout":"default","site-content-layout":"","ast-site-content-layout":"default","site-content-style":"default","site-sidebar-style":"default","ast-global-header-display":"","ast-banner-title-visibility":"","ast-main-header-display":"","ast-hfb-above-header-display":"","ast-hfb-below-header-display":"","ast-hfb-mobile-header-display":"","site-post-title":"","ast-breadcrumbs-content":"","ast-featured-img":"","footer-sml-layout":"","theme-transparent-header-meta":"default","adv-header-id-meta":"","stick-header-meta":"default","header-above-stick-meta":"","header-main-stick-meta":"","header-below-stick-meta":"","astra-migrate-meta-layouts":"set","ast-page-background-enabled":"default","ast-page-background-meta":{"desktop":{"background-color":"var(--ast-global-color-4)","background-image":"","background-repeat":"repeat","background-position":"center center","background-size":"auto","background-attachment":"scroll","background-type":"","background-media":"","overlay-type":"","overlay-color":"","overlay-opacity":"","overlay-gradient":""},"tablet":{"background-color":"","background-image":"","background-repeat":"repeat","background-position":"center center","background-size":"auto","background-attachment":"scroll","background-type":"","background-media":"","overlay-type":"","overlay-color":"","overlay-opacity":"","overlay-gradient":""},"mobile":{"background-color":"","background-image":"","background-repeat":"repeat","background-position":"center center","background-size":"auto","background-attachment":"scroll","background-type":"","background-media":"","overlay-type":"","overlay-color":"","overlay-opacity":"","overlay-gradient":""}},"ast-content-background-meta":{"desktop":{"background-color":"var(--ast-global-color-5)","background-image":"","background-repeat":"repeat","background-position":"center center","background-size":"auto","background-attachment":"scroll","background-type":"","background-media":"","overlay-type":"","overlay-color":"","overlay-opacity":"","overlay-gradient":""},"tablet":{"background-color":"var(--ast-global-color-5)","background-image":"","background-repeat":"repeat","background-position":"center center","background-size":"auto","background-attachment":"scroll","background-type":"","background-media":"","overlay-type":"","overlay-color":"","overlay-opacity":"","overlay-gradient":""},"mobile":{"background-color":"var(--ast-global-color-5)","background-image":"","background-repeat":"repeat","background-position":"center center","background-size":"auto","background-attachment":"scroll","background-type":"","background-media":"","overlay-type":"","overlay-color":"","overlay-opacity":"","overlay-gradient":""}}},"tags":[53,56],"products":[47],"class_list":["post-2235","product","type-product","status-publish","has-post-thumbnail","hentry","tag-toilet-paper-machine","tag-toilet-paper-making-machine","products-toilet-paper-making-machine"],"acf":[],"aioseo_notices":[],"aioseo_head":"\n\t\t<!-- All in One SEO Pro 4.9.2 - aioseo.com -->\n\t<meta name=\"description\" content=\"These machines form a Fully Automatic High Speed Toilet Paper Roll Converting Machine Production Line. From raw material to packaged product.\" \/>\n\t<meta name=\"robots\" content=\"noodp, max-snippet:-1, max-image-preview:large, max-video-preview:-1\" \/>\n\t<link rel=\"canonical\" href=\"https:\/\/nrcmachine.com\/tr\/product\/high-speed-toilet-paper-roll-converting-machine\/\" \/>\n\t<meta name=\"generator\" content=\"All in One SEO Pro (AIOSEO) 4.9.2\" \/>\n\t\t<meta property=\"og:locale\" content=\"tr_TR\" \/>\n\t\t<meta property=\"og:site_name\" content=\"Toilet Paper Machine, Paper Tube Machine | NRC Machine - Reliable Paper Machinery Solutions\" \/>\n\t\t<meta property=\"og:type\" content=\"article\" \/>\n\t\t<meta property=\"og:title\" content=\"High Speed Toilet Paper Roll Converting Machine - NRC\" \/>\n\t\t<meta property=\"og:description\" content=\"These machines form a Fully Automatic High Speed Toilet Paper Roll Converting Machine Production Line. From raw material to packaged product.\" \/>\n\t\t<meta property=\"og:url\" content=\"https:\/\/nrcmachine.com\/tr\/product\/high-speed-toilet-paper-roll-converting-machine\/\" \/>\n\t\t<meta property=\"og:image\" content=\"https:\/\/nrcmachine.com\/wp-content\/uploads\/2025\/11\/high-speed-toilet-paper-roll-converting-machine-1.webp\" \/>\n\t\t<meta property=\"og:image:secure_url\" content=\"https:\/\/nrcmachine.com\/wp-content\/uploads\/2025\/11\/high-speed-toilet-paper-roll-converting-machine-1.webp\" \/>\n\t\t<meta property=\"og:image:width\" content=\"800\" \/>\n\t\t<meta property=\"og:image:height\" content=\"800\" \/>\n\t\t<meta property=\"article:published_time\" content=\"2025-11-26T01:16:13+00:00\" \/>\n\t\t<meta property=\"article:modified_time\" content=\"2025-12-30T21:27:40+00:00\" \/>\n\t\t<meta property=\"article:publisher\" content=\"https:\/\/www.facebook.com\/james.gao.349938\" \/>\n\t\t<meta name=\"twitter:card\" content=\"summary\" \/>\n\t\t<meta name=\"twitter:site\" content=\"@JamesGao65335\" \/>\n\t\t<meta name=\"twitter:title\" content=\"High Speed Toilet Paper Roll Converting Machine - NRC\" \/>\n\t\t<meta name=\"twitter:description\" content=\"These machines form a Fully Automatic High Speed Toilet Paper Roll Converting Machine Production Line. From raw material to packaged product.\" \/>\n\t\t<meta name=\"twitter:image\" content=\"https:\/\/nrcmachine.com\/wp-content\/uploads\/2025\/11\/high-speed-toilet-paper-roll-converting-machine-1.webp\" \/>\n\t\t<script type=\"application\/ld+json\" class=\"aioseo-schema\">\n\t\t\t{\"@context\":\"https:\\\/\\\/schema.org\",\"@graph\":[{\"@type\":\"BreadcrumbList\",\"@id\":\"https:\\\/\\\/nrcmachine.com\\\/tr\\\/product\\\/high-speed-toilet-paper-roll-converting-machine\\\/#breadcrumblist\",\"itemListElement\":[{\"@type\":\"ListItem\",\"@id\":\"https:\\\/\\\/nrcmachine.com\\\/tr#listItem\",\"position\":1,\"name\":\"Home\",\"item\":\"https:\\\/\\\/nrcmachine.com\\\/tr\",\"nextItem\":{\"@type\":\"ListItem\",\"@id\":\"https:\\\/\\\/nrcmachine.com\\\/tr\\\/product\\\/#listItem\",\"name\":\"Products\"}},{\"@type\":\"ListItem\",\"@id\":\"https:\\\/\\\/nrcmachine.com\\\/tr\\\/product\\\/#listItem\",\"position\":2,\"name\":\"Products\",\"item\":\"https:\\\/\\\/nrcmachine.com\\\/tr\\\/product\\\/\",\"nextItem\":{\"@type\":\"ListItem\",\"@id\":\"https:\\\/\\\/nrcmachine.com\\\/tr\\\/tag\\\/toilet-paper-machine\\\/#listItem\",\"name\":\"toilet paper machine\"},\"previousItem\":{\"@type\":\"ListItem\",\"@id\":\"https:\\\/\\\/nrcmachine.com\\\/tr#listItem\",\"name\":\"Home\"}},{\"@type\":\"ListItem\",\"@id\":\"https:\\\/\\\/nrcmachine.com\\\/tr\\\/tag\\\/toilet-paper-machine\\\/#listItem\",\"position\":3,\"name\":\"toilet paper machine\",\"item\":\"https:\\\/\\\/nrcmachine.com\\\/tr\\\/tag\\\/toilet-paper-machine\\\/\",\"nextItem\":{\"@type\":\"ListItem\",\"@id\":\"https:\\\/\\\/nrcmachine.com\\\/tr\\\/product\\\/high-speed-toilet-paper-roll-converting-machine\\\/#listItem\",\"name\":\"High Speed Toilet Paper Roll Converting Machine\"},\"previousItem\":{\"@type\":\"ListItem\",\"@id\":\"https:\\\/\\\/nrcmachine.com\\\/tr\\\/product\\\/#listItem\",\"name\":\"Products\"}},{\"@type\":\"ListItem\",\"@id\":\"https:\\\/\\\/nrcmachine.com\\\/tr\\\/product\\\/high-speed-toilet-paper-roll-converting-machine\\\/#listItem\",\"position\":4,\"name\":\"High Speed Toilet Paper Roll Converting Machine\",\"previousItem\":{\"@type\":\"ListItem\",\"@id\":\"https:\\\/\\\/nrcmachine.com\\\/tr\\\/tag\\\/toilet-paper-machine\\\/#listItem\",\"name\":\"toilet paper machine\"}}]},{\"@type\":\"Organization\",\"@id\":\"https:\\\/\\\/nrcmachine.com\\\/tr\\\/#organization\",\"name\":\"Toilet Paper Machine, Paper Tube Machine | NRC Machine wordpress\",\"description\":\"Reliable Paper Machinery Solutions\",\"url\":\"https:\\\/\\\/nrcmachine.com\\\/tr\\\/\",\"email\":\"james@nrcmachine.com\",\"telephone\":\"+8615254213289\",\"foundingDate\":\"2023-11-01\",\"numberOfEmployees\":{\"@type\":\"QuantitativeValue\",\"minValue\":1,\"maxValue\":50},\"logo\":{\"@type\":\"ImageObject\",\"url\":\"https:\\\/\\\/nrcmachine.com\\\/wp-content\\\/uploads\\\/2026\\\/01\\\/logo23.png\",\"@id\":\"https:\\\/\\\/nrcmachine.com\\\/tr\\\/product\\\/high-speed-toilet-paper-roll-converting-machine\\\/#organizationLogo\",\"width\":800,\"height\":800,\"caption\":\"logo for NRC MACHINE\"},\"image\":{\"@id\":\"https:\\\/\\\/nrcmachine.com\\\/tr\\\/product\\\/high-speed-toilet-paper-roll-converting-machine\\\/#organizationLogo\"},\"sameAs\":[\"https:\\\/\\\/www.facebook.com\\\/james.gao.349938\",\"https:\\\/\\\/x.com\\\/JamesGao65335\",\"https:\\\/\\\/www.instagram.com\\\/jamesgao407?igsh=d2YybzFhMjY0YTl3\",\"https:\\\/\\\/www.tiktok.com\\\/@gyl20210118\",\"https:\\\/\\\/www.linkedin.com\\\/in\\\/--9a63583a9\\\/\"],\"address\":{\"@id\":\"https:\\\/\\\/nrcmachine.com\\\/tr\\\/#postaladdress\",\"@type\":\"PostalAddress\",\"streetAddress\":\"No..519,Jiangshan South Road,Huangdao,\",\"postalCode\":\"266500\",\"addressLocality\":\"Qingdao\",\"addressRegion\":\"Shandong Province\",\"addressCountry\":\"CN\"},\"taxID\":\"91370211MAD54P6P85\",\"vatID\":\"91370211MAD54P6P85\"},{\"@type\":\"WebPage\",\"@id\":\"https:\\\/\\\/nrcmachine.com\\\/tr\\\/product\\\/high-speed-toilet-paper-roll-converting-machine\\\/#webpage\",\"url\":\"https:\\\/\\\/nrcmachine.com\\\/tr\\\/product\\\/high-speed-toilet-paper-roll-converting-machine\\\/\",\"name\":\"High Speed Toilet Paper Roll Converting Machine - NRC\",\"description\":\"These machines form a Fully Automatic High Speed Toilet Paper Roll Converting Machine Production Line. From raw material to packaged product.\",\"inLanguage\":\"tr-TR\",\"isPartOf\":{\"@id\":\"https:\\\/\\\/nrcmachine.com\\\/tr\\\/#website\"},\"breadcrumb\":{\"@id\":\"https:\\\/\\\/nrcmachine.com\\\/tr\\\/product\\\/high-speed-toilet-paper-roll-converting-machine\\\/#breadcrumblist\"},\"image\":{\"@type\":\"ImageObject\",\"url\":\"https:\\\/\\\/nrcmachine.com\\\/wp-content\\\/uploads\\\/2025\\\/11\\\/high-speed-toilet-paper-roll-converting-machine-1.webp\",\"@id\":\"https:\\\/\\\/nrcmachine.com\\\/tr\\\/product\\\/high-speed-toilet-paper-roll-converting-machine\\\/#mainImage\",\"width\":800,\"height\":800,\"caption\":\"high speed toilet paper roll converting machine\"},\"primaryImageOfPage\":{\"@id\":\"https:\\\/\\\/nrcmachine.com\\\/tr\\\/product\\\/high-speed-toilet-paper-roll-converting-machine\\\/#mainImage\"},\"datePublished\":\"2025-11-26T09:16:13+08:00\",\"dateModified\":\"2025-12-31T05:27:40+08:00\"},{\"@type\":\"WebSite\",\"@id\":\"https:\\\/\\\/nrcmachine.com\\\/tr\\\/#website\",\"url\":\"https:\\\/\\\/nrcmachine.com\\\/tr\\\/\",\"name\":\"Toilet Paper Machine, Paper Tube Machine | NRC Machine\",\"alternateName\":\"Qingdao New Richuan Precision Machine Co.,Ltd\",\"description\":\"Reliable Paper Machinery Solutions\",\"inLanguage\":\"tr-TR\",\"publisher\":{\"@id\":\"https:\\\/\\\/nrcmachine.com\\\/tr\\\/#organization\"}}]}\n\t\t<\/script>\n\t\t<!-- All in One SEO Pro -->\r\n\t\t<title>High Speed Toilet Paper Roll Converting Machine - NRC<\/title>\n\n","aioseo_head_json":{"title":"Y\u00fcksek H\u0131zl\u0131 Tuvalet Ka\u011f\u0131d\u0131 Rulo D\u00f6n\u00fc\u015ft\u00fcrme Makinesi - NRC","description":"Bu makineler Tam Otomatik Y\u00fcksek H\u0131zl\u0131 Tuvalet Ka\u011f\u0131d\u0131 Rulo D\u00f6n\u00fc\u015ft\u00fcrme Makinesi \u00dcretim Hatt\u0131 olu\u015fturur. Hammaddeden paketlenmi\u015f \u00fcr\u00fcne.","canonical_url":"https:\/\/nrcmachine.com\/tr\/product\/high-speed-toilet-paper-roll-converting-machine\/","robots":"noodp, max-snippet:-1, max-image-preview:large, max-video-preview:-1","keywords":"","webmasterTools":{"miscellaneous":""},"schema":{"@context":"https:\/\/schema.org","@graph":[{"@type":"BreadcrumbList","@id":"https:\/\/nrcmachine.com\/tr\/product\/high-speed-toilet-paper-roll-converting-machine\/#breadcrumblist","itemListElement":[{"@type":"ListItem","@id":"https:\/\/nrcmachine.com\/tr#listItem","position":1,"name":"Home","item":"https:\/\/nrcmachine.com\/tr","nextItem":{"@type":"ListItem","@id":"https:\/\/nrcmachine.com\/tr\/product\/#listItem","name":"Products"}},{"@type":"ListItem","@id":"https:\/\/nrcmachine.com\/tr\/product\/#listItem","position":2,"name":"Products","item":"https:\/\/nrcmachine.com\/tr\/product\/","nextItem":{"@type":"ListItem","@id":"https:\/\/nrcmachine.com\/tr\/tag\/toilet-paper-machine\/#listItem","name":"toilet paper machine"},"previousItem":{"@type":"ListItem","@id":"https:\/\/nrcmachine.com\/tr#listItem","name":"Home"}},{"@type":"ListItem","@id":"https:\/\/nrcmachine.com\/tr\/tag\/toilet-paper-machine\/#listItem","position":3,"name":"toilet paper machine","item":"https:\/\/nrcmachine.com\/tr\/tag\/toilet-paper-machine\/","nextItem":{"@type":"ListItem","@id":"https:\/\/nrcmachine.com\/tr\/product\/high-speed-toilet-paper-roll-converting-machine\/#listItem","name":"High Speed Toilet Paper Roll Converting Machine"},"previousItem":{"@type":"ListItem","@id":"https:\/\/nrcmachine.com\/tr\/product\/#listItem","name":"Products"}},{"@type":"ListItem","@id":"https:\/\/nrcmachine.com\/tr\/product\/high-speed-toilet-paper-roll-converting-machine\/#listItem","position":4,"name":"High Speed Toilet Paper Roll Converting Machine","previousItem":{"@type":"ListItem","@id":"https:\/\/nrcmachine.com\/tr\/tag\/toilet-paper-machine\/#listItem","name":"toilet paper machine"}}]},{"@type":"Organization","@id":"https:\/\/nrcmachine.com\/tr\/#organization","name":"Toilet Paper Machine, Paper Tube Machine | NRC Machine wordpress","description":"Reliable Paper Machinery Solutions","url":"https:\/\/nrcmachine.com\/tr\/","email":"james@nrcmachine.com","telephone":"+8615254213289","foundingDate":"2023-11-01","numberOfEmployees":{"@type":"QuantitativeValue","minValue":1,"maxValue":50},"logo":{"@type":"ImageObject","url":"https:\/\/nrcmachine.com\/wp-content\/uploads\/2026\/01\/logo23.png","@id":"https:\/\/nrcmachine.com\/tr\/product\/high-speed-toilet-paper-roll-converting-machine\/#organizationLogo","width":800,"height":800,"caption":"logo for NRC MACHINE"},"image":{"@id":"https:\/\/nrcmachine.com\/tr\/product\/high-speed-toilet-paper-roll-converting-machine\/#organizationLogo"},"sameAs":["https:\/\/www.facebook.com\/james.gao.349938","https:\/\/x.com\/JamesGao65335","https:\/\/www.instagram.com\/jamesgao407?igsh=d2YybzFhMjY0YTl3","https:\/\/www.tiktok.com\/@gyl20210118","https:\/\/www.linkedin.com\/in\/--9a63583a9\/"],"address":{"@id":"https:\/\/nrcmachine.com\/tr\/#postaladdress","@type":"PostalAddress","streetAddress":"No..519,Jiangshan South Road,Huangdao,","postalCode":"266500","addressLocality":"Qingdao","addressRegion":"Shandong Province","addressCountry":"CN"},"taxID":"91370211MAD54P6P85","vatID":"91370211MAD54P6P85"},{"@type":"WebPage","@id":"https:\/\/nrcmachine.com\/tr\/product\/high-speed-toilet-paper-roll-converting-machine\/#webpage","url":"https:\/\/nrcmachine.com\/tr\/product\/high-speed-toilet-paper-roll-converting-machine\/","name":"High Speed Toilet Paper Roll Converting Machine - NRC","description":"These machines form a Fully Automatic High Speed Toilet Paper Roll Converting Machine Production Line. From raw material to packaged product.","inLanguage":"tr-TR","isPartOf":{"@id":"https:\/\/nrcmachine.com\/tr\/#website"},"breadcrumb":{"@id":"https:\/\/nrcmachine.com\/tr\/product\/high-speed-toilet-paper-roll-converting-machine\/#breadcrumblist"},"image":{"@type":"ImageObject","url":"https:\/\/nrcmachine.com\/wp-content\/uploads\/2025\/11\/high-speed-toilet-paper-roll-converting-machine-1.webp","@id":"https:\/\/nrcmachine.com\/tr\/product\/high-speed-toilet-paper-roll-converting-machine\/#mainImage","width":800,"height":800,"caption":"high speed toilet paper roll converting machine"},"primaryImageOfPage":{"@id":"https:\/\/nrcmachine.com\/tr\/product\/high-speed-toilet-paper-roll-converting-machine\/#mainImage"},"datePublished":"2025-11-26T09:16:13+08:00","dateModified":"2025-12-31T05:27:40+08:00"},{"@type":"WebSite","@id":"https:\/\/nrcmachine.com\/tr\/#website","url":"https:\/\/nrcmachine.com\/tr\/","name":"Toilet Paper Machine, Paper Tube Machine | NRC Machine","alternateName":"Qingdao New Richuan Precision Machine Co.,Ltd","description":"Reliable Paper Machinery Solutions","inLanguage":"tr-TR","publisher":{"@id":"https:\/\/nrcmachine.com\/tr\/#organization"}}]},"og:locale":"tr_TR","og:site_name":"Toilet Paper Machine, Paper Tube Machine | NRC Machine - Reliable Paper Machinery Solutions","og:type":"article","og:title":"High Speed Toilet Paper Roll Converting Machine - NRC","og:description":"These machines form a Fully Automatic High Speed Toilet Paper Roll Converting Machine Production Line. From raw material to packaged product.","og:url":"https:\/\/nrcmachine.com\/tr\/product\/high-speed-toilet-paper-roll-converting-machine\/","og:image":"https:\/\/nrcmachine.com\/wp-content\/uploads\/2025\/11\/high-speed-toilet-paper-roll-converting-machine-1.webp","og:image:secure_url":"https:\/\/nrcmachine.com\/wp-content\/uploads\/2025\/11\/high-speed-toilet-paper-roll-converting-machine-1.webp","og:image:width":800,"og:image:height":800,"article:published_time":"2025-11-26T01:16:13+00:00","article:modified_time":"2025-12-30T21:27:40+00:00","article:publisher":"https:\/\/www.facebook.com\/james.gao.349938","twitter:card":"summary","twitter:site":"@JamesGao65335","twitter:title":"High Speed Toilet Paper Roll Converting Machine - NRC","twitter:description":"These machines form a Fully Automatic High Speed Toilet Paper Roll Converting Machine Production Line. From raw material to packaged product.","twitter:image":"https:\/\/nrcmachine.com\/wp-content\/uploads\/2025\/11\/high-speed-toilet-paper-roll-converting-machine-1.webp"},"aioseo_meta_data":{"post_id":"2235","title":"#post_title #separator_sa NRC","description":"Bu makineler Tam Otomatik Y\u00fcksek H\u0131zl\u0131 Tuvalet Ka\u011f\u0131d\u0131 Rulo D\u00f6n\u00fc\u015ft\u00fcrme Makinesi \u00dcretim Hatt\u0131 olu\u015fturur. Hammaddeden paketlenmi\u015f \u00fcr\u00fcne.","keywords":null,"keyphrases":{"focus":{"keyphrase":"paper roll converting machine","score":88,"analysis":{"keyphraseInTitle":{"score":9,"maxScore":9,"error":0},"keyphraseInDescription":{"score":9,"maxScore":9,"error":0},"keyphraseLength":{"score":9,"maxScore":9,"error":0,"length":4},"keyphraseInURL":{"score":5,"maxScore":5,"error":0},"keyphraseInIntroduction":{"score":3,"maxScore":9,"error":1},"keyphraseInSubHeadings":[],"keyphraseInImageAlt":[],"keywordDensity":{"type":"best","score":9,"maxScore":9,"error":0}}},"additional":[]},"primary_term":null,"canonical_url":null,"og_title":null,"og_description":null,"og_object_type":"default","og_image_type":"default","og_image_url":null,"og_image_width":null,"og_image_height":null,"og_image_custom_url":null,"og_image_custom_fields":null,"og_video":"","og_custom_url":null,"og_article_section":null,"og_article_tags":null,"twitter_use_og":false,"twitter_card":"default","twitter_image_type":"default","twitter_image_url":null,"twitter_image_custom_url":null,"twitter_image_custom_fields":null,"twitter_title":null,"twitter_description":null,"schema":{"blockGraphs":[],"customGraphs":[],"default":{"data":{"Article":[],"Course":[],"Dataset":[],"FAQPage":[],"Movie":[],"Person":[],"Product":[],"ProductReview":[],"Car":[],"Recipe":[],"Service":[],"SoftwareApplication":[],"WebPage":[]},"graphName":"ItemPage","isEnabled":true},"graphs":[]},"schema_type":"default","schema_type_options":null,"pillar_content":false,"robots_default":true,"robots_noindex":false,"robots_noarchive":false,"robots_nosnippet":false,"robots_nofollow":false,"robots_noimageindex":false,"robots_noodp":false,"robots_notranslate":false,"robots_max_snippet":"-1","robots_max_videopreview":"-1","robots_max_imagepreview":"large","priority":null,"frequency":"default","local_seo":null,"seo_analyzer_scan_date":"2026-02-13 03:13:29","breadcrumb_settings":null,"limit_modified_date":false,"reviewed_by":null,"open_ai":null,"ai":{"faqs":[],"keyPoints":[],"titles":[],"descriptions":[],"socialPosts":{"email":[],"linkedin":[],"twitter":[],"facebook":[],"instagram":[]}},"created":"2025-12-11 08:40:55","updated":"2026-02-13 06:53:56"},"aioseo_breadcrumb":"<div class=\"aioseo-breadcrumbs\"><span class=\"aioseo-breadcrumb\">\n\t<a href=\"https:\/\/nrcmachine.com\/tr\" title=\"Home\">Home<\/a>\n<\/span><span class=\"aioseo-breadcrumb-separator\">\u00bb<\/span><span class=\"aioseo-breadcrumb\">\n\t<a href=\"https:\/\/nrcmachine.com\/tr\/product\/\" title=\"Products\">Products<\/a>\n<\/span><span class=\"aioseo-breadcrumb-separator\">\u00bb<\/span><span class=\"aioseo-breadcrumb\">\n\t<a href=\"https:\/\/nrcmachine.com\/tr\/tag\/toilet-paper-machine\/\" title=\"toilet paper machine\">toilet paper machine<\/a>\n<\/span><span class=\"aioseo-breadcrumb-separator\">\u00bb<\/span><span class=\"aioseo-breadcrumb\">\n\tHigh Speed Toilet Paper Roll Converting Machine\n<\/span><\/div>","aioseo_breadcrumb_json":[{"label":"Home","link":"https:\/\/nrcmachine.com\/tr"},{"label":"Products","link":"https:\/\/nrcmachine.com\/tr\/product\/"},{"label":"toilet paper machine","link":"https:\/\/nrcmachine.com\/tr\/tag\/toilet-paper-machine\/"},{"label":"High Speed Toilet Paper Roll Converting Machine","link":"https:\/\/nrcmachine.com\/tr\/product\/high-speed-toilet-paper-roll-converting-machine\/"}],"_links":{"self":[{"href":"https:\/\/nrcmachine.com\/tr\/wp-json\/wp\/v2\/product\/2235","targetHints":{"allow":["GET"]}}],"collection":[{"href":"https:\/\/nrcmachine.com\/tr\/wp-json\/wp\/v2\/product"}],"about":[{"href":"https:\/\/nrcmachine.com\/tr\/wp-json\/wp\/v2\/types\/product"}],"version-history":[{"count":0,"href":"https:\/\/nrcmachine.com\/tr\/wp-json\/wp\/v2\/product\/2235\/revisions"}],"wp:featuredmedia":[{"embeddable":true,"href":"https:\/\/nrcmachine.com\/tr\/wp-json\/wp\/v2\/media\/3440"}],"wp:attachment":[{"href":"https:\/\/nrcmachine.com\/tr\/wp-json\/wp\/v2\/media?parent=2235"}],"wp:term":[{"taxonomy":"post_tag","embeddable":true,"href":"https:\/\/nrcmachine.com\/tr\/wp-json\/wp\/v2\/tags?post=2235"},{"taxonomy":"products","embeddable":true,"href":"https:\/\/nrcmachine.com\/tr\/wp-json\/wp\/v2\/products?post=2235"}],"curies":[{"name":"wp","href":"https:\/\/api.w.org\/{rel}","templated":true}]}}