 {"id":2242,"date":"2025-11-26T09:53:33","date_gmt":"2025-11-26T01:53:33","guid":{"rendered":"https:\/\/nrcmachine.com\/?post_type=product&#038;p=2242"},"modified":"2025-12-31T05:23:19","modified_gmt":"2025-12-30T21:23:19","slug":"jumbo-roll-slitter-rewinder","status":"publish","type":"product","link":"https:\/\/nrcmachine.com\/tr\/product\/jumbo-roll-slitter-rewinder\/","title":{"rendered":"Jumbo Rulo Dilme Sar\u0131c\u0131"},"content":{"rendered":"<h5 style=\"text-align: center;\"><strong><a href=\"https:\/\/nrcmachine.com\">Jumbo Rulo Dilme Sar\u0131c\u0131<\/a> Makine Teknik \u00d6zellikleri<\/strong><\/h5>\n<p><strong>Model<\/strong>: <a href=\"https:\/\/nrcmachinery.com\/products\/paper-slitting-rewinding-machine.html\">Jumbo Rulo Dilme Sar\u0131c\u0131<\/a> (Hidrolik ve CNC Kontroll\u00fc)<br \/>\n<strong>\u00c7al\u0131\u015fma H\u0131z Aral\u0131\u011f\u0131<\/strong>: 0-300 m\/dak (Kademesiz h\u0131z ayar\u0131, d\u00fc\u015f\u00fck h\u0131zlarda sorunsuz \u00e7al\u0131\u015fma ve en y\u00fcksek h\u0131zlarda y\u00fcksek verimlilik sa\u011flar)<br \/>\n<strong>Maksimum Sarma Geni\u015fli\u011fi<\/strong>: 1600 mm (\u0130nce filmlerden orta kal\u0131nl\u0131ktaki tabakalara kadar \u00e7ok \u00e7e\u015fitli jumbo rulo malzemelerini bar\u0131nd\u0131r\u0131r)<br \/>\n<strong>Dilme Y\u00f6ntemi<\/strong>: Jiletli b\u0131\u00e7ak veya d\u00f6ner makas (Tak\u0131m se\u00e7imi malzeme t\u00fcr\u00fcne ba\u011fl\u0131d\u0131r, temiz, \u00e7apaks\u0131z kesimler sa\u011flar)<\/p>\n<div class=\"ast-oembed-container\" style=\"height: 100%;\"><iframe title=\"NRC MAK\u0130NE-1600mm Y\u00fcksek H\u0131zl\u0131 Karton Kraft Ka\u011f\u0131t Bobinden Bobine E\u011fme Sarma Makinesi Sat\u0131l\u0131k\" width=\"500\" height=\"281\" src=\"https:\/\/www.youtube.com\/embed\/6utFPUotz8c?feature=oembed\" frameborder=\"0\" allow=\"accelerometer; autoplay; clipboard-write; encrypted-media; gyroscope; picture-in-picture; web-share\" referrerpolicy=\"strict-origin-when-cross-origin\" allowfullscreen><\/iframe><\/div>\n<h6><strong>\u00c7ekirdek \u00d6zellikler<\/strong>:<\/h6>\n<ul>\n<li><strong>Hidrolik Sistem<\/strong>: Y\u00fcksek hassasiyetli hidrolik gerginlik kontrol\u00fc (\u00b11% gerginlik hassasiyeti), dilme ve geri sarma boyunca tutarl\u0131 malzeme gerginli\u011fini koruyarak esneme veya k\u0131r\u0131\u015fmay\u0131 en aza indirir. Uzun s\u00fcreli \u00e7al\u0131\u015fma s\u0131ras\u0131nda a\u015f\u0131r\u0131 \u0131s\u0131nmay\u0131 \u00f6nlemek i\u00e7in bir ya\u011f so\u011futma sistemine sahiptir.<\/li>\n<li><strong>CNC Kontrol Cihaz\u0131<\/strong>: 10,1 in\u00e7 dokunmatik HMI ile geli\u015fmi\u015f CNC kontrol sistemi. Operat\u00f6rler, 99 adede kadar program re\u00e7etesi i\u00e7in parametreleri (h\u0131z, gerginlik, uzunluk vb.) \u00f6nceden ayarlayabilir ve \u00fcretim partileri aras\u0131nda h\u0131zl\u0131 ge\u00e7i\u015fler sa\u011flayabilir. H\u0131z, gerginlik ve ar\u0131za te\u015fhislerinin ger\u00e7ek zamanl\u0131 izlenmesi bak\u0131m\u0131 kolayla\u015ft\u0131r\u0131r.<\/li>\n<li><strong>\u00c7\u00f6zme \u00dcnitesi<\/strong>: \u00c7ift istasyonlu hidrolik \u015faft \u00e7\u00f6z\u00fcc\u00fc (3 in\u00e7 veya 6 in\u00e7 \u015faftlar mevcuttur) s\u00fcrekli \u00fcretime olanak tan\u0131r; bir rulo i\u015flenirken di\u011feri y\u00fcklenebilir. Otomatik t\u00fclbent k\u0131lavuzlama (\u00b15 mm d\u00fczeltme aral\u0131\u011f\u0131) hassas malzeme hizalamas\u0131 sa\u011flar.<\/li>\n<li><strong>Geri Sarma \u00dcnitesi<\/strong>: \u00c7ift istasyonlu hidrolik \u015faft sar\u0131c\u0131 (3 in\u00e7 veya 6 in\u00e7 ma\u00e7alarla uyumlu). Her istasyon ba\u011f\u0131ms\u0131z gerginlik ayar\u0131n\u0131 ve uzunluk say\u0131m\u0131n\u0131 destekler (0,01 m \u00e7\u00f6z\u00fcn\u00fcrl\u00fck). \u00d6nceden ayarlanm\u0131\u015f uzunlu\u011fa ula\u015ft\u0131ktan sonra otomatik rulo \u00e7\u0131karma verimlili\u011fi art\u0131r\u0131r.<\/li>\n<li><strong>Dilme B\u00f6l\u00fcm\u00fc<\/strong>: Paralel veya kademeli d\u00fczenleri destekleyen, ayarlanabilir b\u0131\u00e7ak aral\u0131\u011f\u0131na (minimum 5 mm) sahip mod\u00fcler dilme istasyonu. Tak\u0131m de\u011fi\u015fimi aletsizdir ve duru\u015f s\u00fcresini azalt\u0131r.<\/li>\n<\/ul>\n<h6><strong>Temel \u00d6zellikler<\/strong>:<\/h6>\n<ul>\n<li><strong>Hassasiyet<\/strong>: CNC tahrikli konumland\u0131rma ve hidrolik gerilim kontrol\u00fc, \u00b10,1 mm dilme hassasiyeti sa\u011flayarak e\u015fit \u015ferit geni\u015fli\u011fi sa\u011flar.<\/li>\n<li><strong>G\u00fcvenlik<\/strong>: Uluslararas\u0131 g\u00fcvenlik standartlar\u0131n\u0131 (CE\/ISO) kar\u015f\u0131lamak i\u00e7in g\u00fcvenlik \u0131\u015f\u0131k perdeleri, acil durdurma d\u00fc\u011fmeleri ve koruyucu muhafazalar ile donat\u0131lm\u0131\u015ft\u0131r.<\/li>\n<li><strong>Uyumluluk<\/strong>: BOPP, PE, PET filmler, ka\u011f\u0131t ve dokumas\u0131z kuma\u015flar gibi malzemeleri i\u015fler (kal\u0131nl\u0131k aral\u0131\u011f\u0131: 10-200 \u03bcm).<\/li>\n<li><strong>Verimlilik<\/strong>: 0-300 m\/dak h\u0131z aral\u0131\u011f\u0131, hem seri \u00fcretim hem de k\u00fc\u00e7\u00fck parti \u00f6zelle\u015ftirme i\u00e7in uygun olan d\u00fc\u015f\u00fck h\u0131zl\u0131 hassasiyet ile y\u00fcksek \u00e7\u0131kt\u0131 \u00fcretimini dengeler.<\/li>\n<\/ul>\n<p><strong>G\u00fc\u00e7 Gereksinimleri<\/strong>: 3 fazl\u0131 380V\/50Hz (\u0130stek \u00fczerine \u00f6zel voltaj mevcuttur).<br \/>\n<strong>Genel Boyutlar<\/strong>: Yakla\u015f\u0131k 4500 mm (U) \u00d7 2200 mm (G) \u00d7 1800 mm (Y) (Esnek at\u00f6lye entegrasyonu i\u00e7in yerden tasarruf sa\u011flayan tasar\u0131m).<\/p>\n<p>Bu <a href=\"https:\/\/nrcmachinery.com\/products\/paper-slitting-rewinding-machine.html\">Jumbo Rulo Dilme Sar\u0131c\u0131<\/a> Hidrolik stabiliteyi CNC zekas\u0131 ile birle\u015ftirerek geni\u015f jumbo rulolar\u0131 y\u00fcksek hassasiyet ve verimlilikle dar rulolara d\u00f6n\u00fc\u015ft\u00fcrmek i\u00e7in ideal hale getirir; ambalaj, bask\u0131 ve malzeme i\u015fleme end\u00fcstrileri i\u00e7in m\u00fckemmeldir.<\/p>","protected":false},"featured_media":2243,"template":"","meta":{"_acf_changed":false,"_monsterinsights_skip_tracking":false,"_monsterinsights_sitenote_active":false,"_monsterinsights_sitenote_note":"","_monsterinsights_sitenote_category":0,"site-sidebar-layout":"default","site-content-layout":"","ast-site-content-layout":"default","site-content-style":"default","site-sidebar-style":"default","ast-global-header-display":"","ast-banner-title-visibility":"","ast-main-header-display":"","ast-hfb-above-header-display":"","ast-hfb-below-header-display":"","ast-hfb-mobile-header-display":"","site-post-title":"","ast-breadcrumbs-content":"","ast-featured-img":"","footer-sml-layout":"","theme-transparent-header-meta":"default","adv-header-id-meta":"","stick-header-meta":"default","header-above-stick-meta":"","header-main-stick-meta":"","header-below-stick-meta":"","astra-migrate-meta-layouts":"set","ast-page-background-enabled":"default","ast-page-background-meta":{"desktop":{"background-color":"var(--ast-global-color-4)","background-image":"","background-repeat":"repeat","background-position":"center center","background-size":"auto","background-attachment":"scroll","background-type":"","background-media":"","overlay-type":"","overlay-color":"","overlay-opacity":"","overlay-gradient":""},"tablet":{"background-color":"","background-image":"","background-repeat":"repeat","background-position":"center center","background-size":"auto","background-attachment":"scroll","background-type":"","background-media":"","overlay-type":"","overlay-color":"","overlay-opacity":"","overlay-gradient":""},"mobile":{"background-color":"","background-image":"","background-repeat":"repeat","background-position":"center center","background-size":"auto","background-attachment":"scroll","background-type":"","background-media":"","overlay-type":"","overlay-color":"","overlay-opacity":"","overlay-gradient":""}},"ast-content-background-meta":{"desktop":{"background-color":"var(--ast-global-color-5)","background-image":"","background-repeat":"repeat","background-position":"center center","background-size":"auto","background-attachment":"scroll","background-type":"","background-media":"","overlay-type":"","overlay-color":"","overlay-opacity":"","overlay-gradient":""},"tablet":{"background-color":"var(--ast-global-color-5)","background-image":"","background-repeat":"repeat","background-position":"center center","background-size":"auto","background-attachment":"scroll","background-type":"","background-media":"","overlay-type":"","overlay-color":"","overlay-opacity":"","overlay-gradient":""},"mobile":{"background-color":"var(--ast-global-color-5)","background-image":"","background-repeat":"repeat","background-position":"center center","background-size":"auto","background-attachment":"scroll","background-type":"","background-media":"","overlay-type":"","overlay-color":"","overlay-opacity":"","overlay-gradient":""}}},"tags":[59],"products":[45],"class_list":["post-2242","product","type-product","status-publish","has-post-thumbnail","hentry","tag-paper-slitting-rewinder-machine","products-paper-slitting-rewinding-machine"],"acf":[],"aioseo_notices":[],"aioseo_head":"\n\t\t<!-- All in One SEO Pro 4.9.2 - aioseo.com -->\n\t<meta name=\"description\" content=\"This Jumbo Roll Slitter Rewinder combines hydraulic stability with CNC intelligence, making it ideal for converting wide jumbo rolls into narrow rolls.\" \/>\n\t<meta name=\"robots\" content=\"noodp, max-snippet:-1, max-image-preview:large, max-video-preview:-1\" \/>\n\t<link rel=\"canonical\" href=\"https:\/\/nrcmachine.com\/tr\/product\/jumbo-roll-slitter-rewinder\/\" \/>\n\t<meta name=\"generator\" content=\"All in One SEO Pro (AIOSEO) 4.9.2\" \/>\n\t\t<meta property=\"og:locale\" content=\"tr_TR\" \/>\n\t\t<meta property=\"og:site_name\" content=\"Toilet Paper Machine, Paper Tube Machine | NRC Machine - Reliable Paper Machinery Solutions\" \/>\n\t\t<meta property=\"og:type\" content=\"article\" \/>\n\t\t<meta property=\"og:title\" content=\"Jumbo Roll Slitter Rewinder - QINGDAO NEW RICHUAN PRECISION\" \/>\n\t\t<meta property=\"og:description\" content=\"This Jumbo Roll Slitter Rewinder combines hydraulic stability with CNC intelligence, making it ideal for converting wide jumbo rolls into narrow rolls.\" \/>\n\t\t<meta property=\"og:url\" content=\"https:\/\/nrcmachine.com\/tr\/product\/jumbo-roll-slitter-rewinder\/\" \/>\n\t\t<meta property=\"og:image\" content=\"https:\/\/nrcmachine.com\/wp-content\/uploads\/2025\/11\/jumbo-roll-slitter-rewinder.webp\" \/>\n\t\t<meta property=\"og:image:secure_url\" content=\"https:\/\/nrcmachine.com\/wp-content\/uploads\/2025\/11\/jumbo-roll-slitter-rewinder.webp\" \/>\n\t\t<meta property=\"og:image:width\" content=\"800\" \/>\n\t\t<meta property=\"og:image:height\" content=\"800\" \/>\n\t\t<meta property=\"article:published_time\" content=\"2025-11-26T01:53:33+00:00\" \/>\n\t\t<meta property=\"article:modified_time\" content=\"2025-12-30T21:23:19+00:00\" \/>\n\t\t<meta property=\"article:publisher\" content=\"https:\/\/www.facebook.com\/james.gao.349938\" \/>\n\t\t<meta name=\"twitter:card\" content=\"summary\" \/>\n\t\t<meta name=\"twitter:site\" content=\"@JamesGao65335\" \/>\n\t\t<meta name=\"twitter:title\" content=\"Jumbo Roll Slitter Rewinder - QINGDAO NEW RICHUAN PRECISION\" \/>\n\t\t<meta name=\"twitter:description\" content=\"This Jumbo Roll Slitter Rewinder combines hydraulic stability with CNC intelligence, making it ideal for converting wide jumbo rolls into narrow rolls.\" \/>\n\t\t<meta name=\"twitter:image\" content=\"https:\/\/nrcmachine.com\/wp-content\/uploads\/2025\/11\/jumbo-roll-slitter-rewinder.webp\" \/>\n\t\t<script type=\"application\/ld+json\" class=\"aioseo-schema\">\n\t\t\t{\"@context\":\"https:\\\/\\\/schema.org\",\"@graph\":[{\"@type\":\"BreadcrumbList\",\"@id\":\"https:\\\/\\\/nrcmachine.com\\\/tr\\\/product\\\/jumbo-roll-slitter-rewinder\\\/#breadcrumblist\",\"itemListElement\":[{\"@type\":\"ListItem\",\"@id\":\"https:\\\/\\\/nrcmachine.com\\\/tr#listItem\",\"position\":1,\"name\":\"Home\",\"item\":\"https:\\\/\\\/nrcmachine.com\\\/tr\",\"nextItem\":{\"@type\":\"ListItem\",\"@id\":\"https:\\\/\\\/nrcmachine.com\\\/tr\\\/product\\\/#listItem\",\"name\":\"Products\"}},{\"@type\":\"ListItem\",\"@id\":\"https:\\\/\\\/nrcmachine.com\\\/tr\\\/product\\\/#listItem\",\"position\":2,\"name\":\"Products\",\"item\":\"https:\\\/\\\/nrcmachine.com\\\/tr\\\/product\\\/\",\"nextItem\":{\"@type\":\"ListItem\",\"@id\":\"https:\\\/\\\/nrcmachine.com\\\/tr\\\/tag\\\/paper-slitting-rewinder-machine\\\/#listItem\",\"name\":\"paper slitting rewinder machine\"},\"previousItem\":{\"@type\":\"ListItem\",\"@id\":\"https:\\\/\\\/nrcmachine.com\\\/tr#listItem\",\"name\":\"Home\"}},{\"@type\":\"ListItem\",\"@id\":\"https:\\\/\\\/nrcmachine.com\\\/tr\\\/tag\\\/paper-slitting-rewinder-machine\\\/#listItem\",\"position\":3,\"name\":\"paper slitting rewinder machine\",\"item\":\"https:\\\/\\\/nrcmachine.com\\\/tr\\\/tag\\\/paper-slitting-rewinder-machine\\\/\",\"nextItem\":{\"@type\":\"ListItem\",\"@id\":\"https:\\\/\\\/nrcmachine.com\\\/tr\\\/product\\\/jumbo-roll-slitter-rewinder\\\/#listItem\",\"name\":\"Jumbo Roll Slitter Rewinder\"},\"previousItem\":{\"@type\":\"ListItem\",\"@id\":\"https:\\\/\\\/nrcmachine.com\\\/tr\\\/product\\\/#listItem\",\"name\":\"Products\"}},{\"@type\":\"ListItem\",\"@id\":\"https:\\\/\\\/nrcmachine.com\\\/tr\\\/product\\\/jumbo-roll-slitter-rewinder\\\/#listItem\",\"position\":4,\"name\":\"Jumbo Roll Slitter Rewinder\",\"previousItem\":{\"@type\":\"ListItem\",\"@id\":\"https:\\\/\\\/nrcmachine.com\\\/tr\\\/tag\\\/paper-slitting-rewinder-machine\\\/#listItem\",\"name\":\"paper slitting rewinder machine\"}}]},{\"@type\":\"Organization\",\"@id\":\"https:\\\/\\\/nrcmachine.com\\\/tr\\\/#organization\",\"name\":\"Toilet Paper Machine, Paper Tube Machine | NRC Machine wordpress\",\"description\":\"Reliable Paper Machinery Solutions\",\"url\":\"https:\\\/\\\/nrcmachine.com\\\/tr\\\/\",\"email\":\"james@nrcmachine.com\",\"telephone\":\"+8615254213289\",\"foundingDate\":\"2023-11-01\",\"numberOfEmployees\":{\"@type\":\"QuantitativeValue\",\"minValue\":1,\"maxValue\":50},\"logo\":{\"@type\":\"ImageObject\",\"url\":\"https:\\\/\\\/nrcmachine.com\\\/wp-content\\\/uploads\\\/2026\\\/01\\\/logo23.png\",\"@id\":\"https:\\\/\\\/nrcmachine.com\\\/tr\\\/product\\\/jumbo-roll-slitter-rewinder\\\/#organizationLogo\",\"width\":800,\"height\":800,\"caption\":\"logo for NRC MACHINE\"},\"image\":{\"@id\":\"https:\\\/\\\/nrcmachine.com\\\/tr\\\/product\\\/jumbo-roll-slitter-rewinder\\\/#organizationLogo\"},\"sameAs\":[\"https:\\\/\\\/www.facebook.com\\\/james.gao.349938\",\"https:\\\/\\\/x.com\\\/JamesGao65335\",\"https:\\\/\\\/www.instagram.com\\\/jamesgao407?igsh=d2YybzFhMjY0YTl3\",\"https:\\\/\\\/www.tiktok.com\\\/@gyl20210118\",\"https:\\\/\\\/www.linkedin.com\\\/in\\\/--9a63583a9\\\/\"],\"address\":{\"@id\":\"https:\\\/\\\/nrcmachine.com\\\/tr\\\/#postaladdress\",\"@type\":\"PostalAddress\",\"streetAddress\":\"No..519,Jiangshan South Road,Huangdao,\",\"postalCode\":\"266500\",\"addressLocality\":\"Qingdao\",\"addressRegion\":\"Shandong Province\",\"addressCountry\":\"CN\"},\"taxID\":\"91370211MAD54P6P85\",\"vatID\":\"91370211MAD54P6P85\"},{\"@type\":\"WebPage\",\"@id\":\"https:\\\/\\\/nrcmachine.com\\\/tr\\\/product\\\/jumbo-roll-slitter-rewinder\\\/#webpage\",\"url\":\"https:\\\/\\\/nrcmachine.com\\\/tr\\\/product\\\/jumbo-roll-slitter-rewinder\\\/\",\"name\":\"Jumbo Roll Slitter Rewinder - QINGDAO NEW RICHUAN PRECISION\",\"description\":\"This Jumbo Roll Slitter Rewinder combines hydraulic stability with CNC intelligence, making it ideal for converting wide jumbo rolls into narrow rolls.\",\"inLanguage\":\"tr-TR\",\"isPartOf\":{\"@id\":\"https:\\\/\\\/nrcmachine.com\\\/tr\\\/#website\"},\"breadcrumb\":{\"@id\":\"https:\\\/\\\/nrcmachine.com\\\/tr\\\/product\\\/jumbo-roll-slitter-rewinder\\\/#breadcrumblist\"},\"image\":{\"@type\":\"ImageObject\",\"url\":\"https:\\\/\\\/nrcmachine.com\\\/wp-content\\\/uploads\\\/2025\\\/11\\\/jumbo-roll-slitter-rewinder.webp\",\"@id\":\"https:\\\/\\\/nrcmachine.com\\\/tr\\\/product\\\/jumbo-roll-slitter-rewinder\\\/#mainImage\",\"width\":800,\"height\":800,\"caption\":\"jumbo roll slitter rewinder\"},\"primaryImageOfPage\":{\"@id\":\"https:\\\/\\\/nrcmachine.com\\\/tr\\\/product\\\/jumbo-roll-slitter-rewinder\\\/#mainImage\"},\"datePublished\":\"2025-11-26T09:53:33+08:00\",\"dateModified\":\"2025-12-31T05:23:19+08:00\"},{\"@type\":\"WebSite\",\"@id\":\"https:\\\/\\\/nrcmachine.com\\\/tr\\\/#website\",\"url\":\"https:\\\/\\\/nrcmachine.com\\\/tr\\\/\",\"name\":\"Toilet Paper Machine, Paper Tube Machine | NRC Machine\",\"alternateName\":\"Qingdao New Richuan Precision Machine Co.,Ltd\",\"description\":\"Reliable Paper Machinery Solutions\",\"inLanguage\":\"tr-TR\",\"publisher\":{\"@id\":\"https:\\\/\\\/nrcmachine.com\\\/tr\\\/#organization\"}}]}\n\t\t<\/script>\n\t\t<!-- All in One SEO Pro -->\r\n\t\t<title>Jumbo Roll Slitter Rewinder - QINGDAO NEW RICHUAN PRECISION<\/title>\n\n","aioseo_head_json":{"title":"Jumbo Rulo Dilme Sar\u0131c\u0131 - QINGDAO NEW RICHUAN PRECISION","description":"Bu Jumbo Rulo Dilme Sar\u0131c\u0131, hidrolik stabiliteyi CNC zekas\u0131 ile birle\u015ftirerek geni\u015f jumbo rulolar\u0131 dar rulolara d\u00f6n\u00fc\u015ft\u00fcrmek i\u00e7in idealdir.","canonical_url":"https:\/\/nrcmachine.com\/tr\/product\/jumbo-roll-slitter-rewinder\/","robots":"noodp, max-snippet:-1, max-image-preview:large, max-video-preview:-1","keywords":"","webmasterTools":{"miscellaneous":""},"schema":{"@context":"https:\/\/schema.org","@graph":[{"@type":"BreadcrumbList","@id":"https:\/\/nrcmachine.com\/tr\/product\/jumbo-roll-slitter-rewinder\/#breadcrumblist","itemListElement":[{"@type":"ListItem","@id":"https:\/\/nrcmachine.com\/tr#listItem","position":1,"name":"Home","item":"https:\/\/nrcmachine.com\/tr","nextItem":{"@type":"ListItem","@id":"https:\/\/nrcmachine.com\/tr\/product\/#listItem","name":"Products"}},{"@type":"ListItem","@id":"https:\/\/nrcmachine.com\/tr\/product\/#listItem","position":2,"name":"Products","item":"https:\/\/nrcmachine.com\/tr\/product\/","nextItem":{"@type":"ListItem","@id":"https:\/\/nrcmachine.com\/tr\/tag\/paper-slitting-rewinder-machine\/#listItem","name":"paper slitting rewinder machine"},"previousItem":{"@type":"ListItem","@id":"https:\/\/nrcmachine.com\/tr#listItem","name":"Home"}},{"@type":"ListItem","@id":"https:\/\/nrcmachine.com\/tr\/tag\/paper-slitting-rewinder-machine\/#listItem","position":3,"name":"paper slitting rewinder machine","item":"https:\/\/nrcmachine.com\/tr\/tag\/paper-slitting-rewinder-machine\/","nextItem":{"@type":"ListItem","@id":"https:\/\/nrcmachine.com\/tr\/product\/jumbo-roll-slitter-rewinder\/#listItem","name":"Jumbo Roll Slitter Rewinder"},"previousItem":{"@type":"ListItem","@id":"https:\/\/nrcmachine.com\/tr\/product\/#listItem","name":"Products"}},{"@type":"ListItem","@id":"https:\/\/nrcmachine.com\/tr\/product\/jumbo-roll-slitter-rewinder\/#listItem","position":4,"name":"Jumbo Roll Slitter Rewinder","previousItem":{"@type":"ListItem","@id":"https:\/\/nrcmachine.com\/tr\/tag\/paper-slitting-rewinder-machine\/#listItem","name":"paper slitting rewinder machine"}}]},{"@type":"Organization","@id":"https:\/\/nrcmachine.com\/tr\/#organization","name":"Toilet Paper Machine, Paper Tube Machine | NRC Machine wordpress","description":"Reliable Paper Machinery Solutions","url":"https:\/\/nrcmachine.com\/tr\/","email":"james@nrcmachine.com","telephone":"+8615254213289","foundingDate":"2023-11-01","numberOfEmployees":{"@type":"QuantitativeValue","minValue":1,"maxValue":50},"logo":{"@type":"ImageObject","url":"https:\/\/nrcmachine.com\/wp-content\/uploads\/2026\/01\/logo23.png","@id":"https:\/\/nrcmachine.com\/tr\/product\/jumbo-roll-slitter-rewinder\/#organizationLogo","width":800,"height":800,"caption":"logo for NRC MACHINE"},"image":{"@id":"https:\/\/nrcmachine.com\/tr\/product\/jumbo-roll-slitter-rewinder\/#organizationLogo"},"sameAs":["https:\/\/www.facebook.com\/james.gao.349938","https:\/\/x.com\/JamesGao65335","https:\/\/www.instagram.com\/jamesgao407?igsh=d2YybzFhMjY0YTl3","https:\/\/www.tiktok.com\/@gyl20210118","https:\/\/www.linkedin.com\/in\/--9a63583a9\/"],"address":{"@id":"https:\/\/nrcmachine.com\/tr\/#postaladdress","@type":"PostalAddress","streetAddress":"No..519,Jiangshan South Road,Huangdao,","postalCode":"266500","addressLocality":"Qingdao","addressRegion":"Shandong Province","addressCountry":"CN"},"taxID":"91370211MAD54P6P85","vatID":"91370211MAD54P6P85"},{"@type":"WebPage","@id":"https:\/\/nrcmachine.com\/tr\/product\/jumbo-roll-slitter-rewinder\/#webpage","url":"https:\/\/nrcmachine.com\/tr\/product\/jumbo-roll-slitter-rewinder\/","name":"Jumbo Roll Slitter Rewinder - QINGDAO NEW RICHUAN PRECISION","description":"This Jumbo Roll Slitter Rewinder combines hydraulic stability with CNC intelligence, making it ideal for converting wide jumbo rolls into narrow rolls.","inLanguage":"tr-TR","isPartOf":{"@id":"https:\/\/nrcmachine.com\/tr\/#website"},"breadcrumb":{"@id":"https:\/\/nrcmachine.com\/tr\/product\/jumbo-roll-slitter-rewinder\/#breadcrumblist"},"image":{"@type":"ImageObject","url":"https:\/\/nrcmachine.com\/wp-content\/uploads\/2025\/11\/jumbo-roll-slitter-rewinder.webp","@id":"https:\/\/nrcmachine.com\/tr\/product\/jumbo-roll-slitter-rewinder\/#mainImage","width":800,"height":800,"caption":"jumbo roll slitter rewinder"},"primaryImageOfPage":{"@id":"https:\/\/nrcmachine.com\/tr\/product\/jumbo-roll-slitter-rewinder\/#mainImage"},"datePublished":"2025-11-26T09:53:33+08:00","dateModified":"2025-12-31T05:23:19+08:00"},{"@type":"WebSite","@id":"https:\/\/nrcmachine.com\/tr\/#website","url":"https:\/\/nrcmachine.com\/tr\/","name":"Toilet Paper Machine, Paper Tube Machine | NRC Machine","alternateName":"Qingdao New Richuan Precision Machine Co.,Ltd","description":"Reliable Paper Machinery Solutions","inLanguage":"tr-TR","publisher":{"@id":"https:\/\/nrcmachine.com\/tr\/#organization"}}]},"og:locale":"tr_TR","og:site_name":"Toilet Paper Machine, Paper Tube Machine | NRC Machine - Reliable Paper Machinery Solutions","og:type":"article","og:title":"Jumbo Roll Slitter Rewinder - QINGDAO NEW RICHUAN PRECISION","og:description":"This Jumbo Roll Slitter Rewinder combines hydraulic stability with CNC intelligence, making it ideal for converting wide jumbo rolls into narrow rolls.","og:url":"https:\/\/nrcmachine.com\/tr\/product\/jumbo-roll-slitter-rewinder\/","og:image":"https:\/\/nrcmachine.com\/wp-content\/uploads\/2025\/11\/jumbo-roll-slitter-rewinder.webp","og:image:secure_url":"https:\/\/nrcmachine.com\/wp-content\/uploads\/2025\/11\/jumbo-roll-slitter-rewinder.webp","og:image:width":800,"og:image:height":800,"article:published_time":"2025-11-26T01:53:33+00:00","article:modified_time":"2025-12-30T21:23:19+00:00","article:publisher":"https:\/\/www.facebook.com\/james.gao.349938","twitter:card":"summary","twitter:site":"@JamesGao65335","twitter:title":"Jumbo Roll Slitter Rewinder - QINGDAO NEW RICHUAN PRECISION","twitter:description":"This Jumbo Roll Slitter Rewinder combines hydraulic stability with CNC intelligence, making it ideal for converting wide jumbo rolls into narrow rolls.","twitter:image":"https:\/\/nrcmachine.com\/wp-content\/uploads\/2025\/11\/jumbo-roll-slitter-rewinder.webp"},"aioseo_meta_data":{"post_id":"2242","title":"#post_title #separator_sa QINGDAO NEW RICHUAN PRECISION","description":"Bu Jumbo Rulo Dilme Sar\u0131c\u0131, hidrolik stabiliteyi CNC zekas\u0131 ile birle\u015ftirerek geni\u015f jumbo rulolar\u0131 dar rulolara d\u00f6n\u00fc\u015ft\u00fcrmek i\u00e7in idealdir.","keywords":null,"keyphrases":{"focus":{"keyphrase":"jumbo roll slitter rewinder","score":100,"analysis":{"keyphraseInTitle":{"score":9,"maxScore":9,"error":0},"keyphraseInDescription":{"score":9,"maxScore":9,"error":0},"keyphraseLength":{"score":9,"maxScore":9,"error":0,"length":4},"keyphraseInURL":{"score":5,"maxScore":5,"error":0},"keyphraseInIntroduction":{"score":9,"maxScore":9,"error":0},"keyphraseInSubHeadings":[],"keyphraseInImageAlt":[],"keywordDensity":{"type":"best","score":9,"maxScore":9,"error":0}}},"additional":[]},"primary_term":null,"canonical_url":null,"og_title":null,"og_description":null,"og_object_type":"default","og_image_type":"default","og_image_url":null,"og_image_width":null,"og_image_height":null,"og_image_custom_url":null,"og_image_custom_fields":null,"og_video":"","og_custom_url":null,"og_article_section":null,"og_article_tags":null,"twitter_use_og":false,"twitter_card":"default","twitter_image_type":"default","twitter_image_url":null,"twitter_image_custom_url":null,"twitter_image_custom_fields":null,"twitter_title":null,"twitter_description":null,"schema":{"blockGraphs":[],"customGraphs":[],"default":{"data":{"Article":[],"Course":[],"Dataset":[],"FAQPage":[],"Movie":[],"Person":[],"Product":[],"ProductReview":[],"Car":[],"Recipe":[],"Service":[],"SoftwareApplication":[],"WebPage":[]},"graphName":"ItemPage","isEnabled":true},"graphs":[]},"schema_type":"default","schema_type_options":null,"pillar_content":false,"robots_default":true,"robots_noindex":false,"robots_noarchive":false,"robots_nosnippet":false,"robots_nofollow":false,"robots_noimageindex":false,"robots_noodp":false,"robots_notranslate":false,"robots_max_snippet":"-1","robots_max_videopreview":"-1","robots_max_imagepreview":"large","priority":null,"frequency":"default","local_seo":null,"seo_analyzer_scan_date":"2026-02-13 03:13:30","breadcrumb_settings":null,"limit_modified_date":false,"reviewed_by":null,"open_ai":null,"ai":{"faqs":[],"keyPoints":[],"titles":[],"descriptions":[],"socialPosts":{"email":[],"linkedin":[],"twitter":[],"facebook":[],"instagram":[]}},"created":"2025-12-11 08:40:55","updated":"2026-02-13 06:53:58"},"aioseo_breadcrumb":"<div class=\"aioseo-breadcrumbs\"><span class=\"aioseo-breadcrumb\">\n\t<a href=\"https:\/\/nrcmachine.com\/tr\" title=\"Home\">Home<\/a>\n<\/span><span class=\"aioseo-breadcrumb-separator\">\u00bb<\/span><span class=\"aioseo-breadcrumb\">\n\t<a href=\"https:\/\/nrcmachine.com\/tr\/product\/\" title=\"Products\">Products<\/a>\n<\/span><span class=\"aioseo-breadcrumb-separator\">\u00bb<\/span><span class=\"aioseo-breadcrumb\">\n\t<a href=\"https:\/\/nrcmachine.com\/tr\/tag\/paper-slitting-rewinder-machine\/\" title=\"paper slitting rewinder machine\">paper slitting rewinder machine<\/a>\n<\/span><span class=\"aioseo-breadcrumb-separator\">\u00bb<\/span><span class=\"aioseo-breadcrumb\">\n\tJumbo Roll Slitter Rewinder\n<\/span><\/div>","aioseo_breadcrumb_json":[{"label":"Home","link":"https:\/\/nrcmachine.com\/tr"},{"label":"Products","link":"https:\/\/nrcmachine.com\/tr\/product\/"},{"label":"paper slitting rewinder machine","link":"https:\/\/nrcmachine.com\/tr\/tag\/paper-slitting-rewinder-machine\/"},{"label":"Jumbo Roll Slitter Rewinder","link":"https:\/\/nrcmachine.com\/tr\/product\/jumbo-roll-slitter-rewinder\/"}],"_links":{"self":[{"href":"https:\/\/nrcmachine.com\/tr\/wp-json\/wp\/v2\/product\/2242","targetHints":{"allow":["GET"]}}],"collection":[{"href":"https:\/\/nrcmachine.com\/tr\/wp-json\/wp\/v2\/product"}],"about":[{"href":"https:\/\/nrcmachine.com\/tr\/wp-json\/wp\/v2\/types\/product"}],"version-history":[{"count":0,"href":"https:\/\/nrcmachine.com\/tr\/wp-json\/wp\/v2\/product\/2242\/revisions"}],"wp:featuredmedia":[{"embeddable":true,"href":"https:\/\/nrcmachine.com\/tr\/wp-json\/wp\/v2\/media\/2243"}],"wp:attachment":[{"href":"https:\/\/nrcmachine.com\/tr\/wp-json\/wp\/v2\/media?parent=2242"}],"wp:term":[{"taxonomy":"post_tag","embeddable":true,"href":"https:\/\/nrcmachine.com\/tr\/wp-json\/wp\/v2\/tags?post=2242"},{"taxonomy":"products","embeddable":true,"href":"https:\/\/nrcmachine.com\/tr\/wp-json\/wp\/v2\/products?post=2242"}],"curies":[{"name":"wp","href":"https:\/\/api.w.org\/{rel}","templated":true}]}}