 {"id":2316,"date":"2025-11-27T14:02:27","date_gmt":"2025-11-27T06:02:27","guid":{"rendered":"https:\/\/nrcmachine.com\/?post_type=product&#038;p=2316"},"modified":"2025-12-31T04:51:18","modified_gmt":"2025-12-30T20:51:18","slug":"paper-production-machinery","status":"publish","type":"product","link":"https:\/\/nrcmachine.com\/tr\/product\/paper-production-machinery\/","title":{"rendered":"Tuvalet Ka\u011f\u0131d\u0131 \u0130\u00e7in Ka\u011f\u0131t \u00dcretim Makineleri"},"content":{"rendered":"<h5 style=\"text-align: center;\"><strong>Otomatik <a href=\"https:\/\/nrcmachine.com\">Ka\u011f\u0131t \u00dcretim Makineleri<\/a> Tuvalet Ka\u011f\u0131d\u0131 Rulosu \u00dcretimi i\u00e7in<\/strong><\/h5>\n<h6><strong>Giri\u015f<\/strong><\/h6>\n<p>Otomatik <a href=\"https:\/\/nrcmachine.com\">ka\u011fit \u00fcreti\u0307m maki\u0307neleri\u0307<\/a> tuvalet ka\u011f\u0131d\u0131 rulolar\u0131 i\u00e7in geri sarma, kesme ve paketleme i\u015flemlerini entegre ederek verimli ve tutarl\u0131 \u00e7\u0131kt\u0131lar elde eder. Manuel i\u015flemlerin yerini alarak hijyen ve y\u00fcksek hacimli \u00fcretim sa\u011flar.<\/p>\n<div class=\"ast-oembed-container\" style=\"height: 100%;\"><iframe title=\"mutfak havlusu sarma maki\u0307nesi\u0307\" width=\"500\" height=\"281\" src=\"https:\/\/www.youtube.com\/embed\/8d-cUwVZQRs?feature=oembed\" frameborder=\"0\" allow=\"accelerometer; autoplay; clipboard-write; encrypted-media; gyroscope; picture-in-picture; web-share\" referrerpolicy=\"strict-origin-when-cross-origin\" allowfullscreen><\/iframe><\/div>\n<h6><strong>Sar\u0131c\u0131 B\u00f6l\u00fcm\u00fc<\/strong><\/h6>\n<p>Sar\u0131c\u0131, jumbo tuvalet ka\u011f\u0131d\u0131 rulolar\u0131n\u0131 yukar\u0131 ak\u0131\u015f proseslerinden al\u0131r. Sens\u00f6rler taraf\u0131ndan y\u00f6nlendirilerek, y\u0131rt\u0131lmay\u0131 veya k\u0131r\u0131\u015fmay\u0131 \u00f6nlemek i\u00e7in gerginli\u011fi otomatik olarak ayarlayarak ka\u011f\u0131d\u0131 sorunsuz bir \u015fekilde \u00e7\u00f6zer. Geri sarma i\u015fleminden sonra ka\u011f\u0131t, karton g\u00f6beklere sar\u0131larak hassas \u00e7ap kontrol\u00fc ile ara rulolar olu\u015fturulur.<\/p>\n<h6><strong>Kesici B\u00f6l\u00fcm<\/strong><\/h6>\n<p>Bu b\u00f6l\u00fcm, geri sar\u0131lm\u0131\u015f rulolar\u0131 ayr\u0131 tuvalet ka\u011f\u0131d\u0131 \u00fcniteleri halinde keser. Y\u00fcksek h\u0131zl\u0131 bir d\u00f6ner kesici, rulolar\u0131 \u00f6nceden ayarlanm\u0131\u015f uzunluklara g\u00f6re keser. Hassas hizalama mekanizmalar\u0131 d\u00fczg\u00fcn kesim sa\u011flarken, bir konvey\u00f6r sistemi kesilen rulolar\u0131 deforme olmadan bir sonraki a\u015famaya aktar\u0131r.<\/p>\n<h6><strong>Paketleme B\u00f6l\u00fcm\u00fc<\/strong><\/h6>\n<p>Paketleme makineleri her bir ruloyu bask\u0131l\u0131 film veya ka\u011f\u0131t ile sarar. Ambalaj malzemelerini otomatik besleme, g\u00fcvenli kapatma i\u00e7in \u0131s\u0131yla yap\u0131\u015ft\u0131rma ve parti sayma \u00f6zelliklerine sahiptirler. Baz\u0131 modeller, parti numaralar\u0131n\u0131 ve son kullanma tarihlerini yazd\u0131rmak i\u00e7in etiketleme makinelerini entegre eder.<\/p>\n<h6><strong>\u00c7\u00f6z\u00fcm<\/strong><\/h6>\n<p>Bu otomatikle\u015ftirilmi\u015f <a href=\"https:\/\/nrcmachinery.com\">ka\u011fit \u00fcreti\u0307m maki\u0307neleri\u0307<\/a> hatt\u0131 \u00fcretim verimlili\u011fini art\u0131r\u0131r, i\u015f\u00e7ilik maliyetlerini azalt\u0131r ve \u00fcr\u00fcn tutarl\u0131l\u0131\u011f\u0131n\u0131 korur. Geli\u015fmi\u015f kontrol sistemleri, tuvalet ka\u011f\u0131d\u0131 spesifikasyonlar\u0131 i\u00e7in \u00e7e\u015fitli pazar taleplerini kar\u015f\u0131layarak kolay parametre ayar\u0131na izin verir.<\/p>\n<h6><strong>Teknik Parametre<\/strong><\/h6>\n<table>\n<tbody>\n<tr>\n<td width=\"223\">Model<\/td>\n<td width=\"417\">1880mm ~2100mm<\/td>\n<\/tr>\n<tr>\n<td width=\"223\">Kullan\u0131labilir Ham Ka\u011f\u0131t<\/td>\n<td width=\"417\">2-3 kat 14~23g\/\u33a1 Odun hamuru ka\u011f\u0131d\u0131<\/td>\n<\/tr>\n<tr>\n<td width=\"223\">Bitmi\u015f \u00fcr\u00fcn<\/td>\n<td width=\"417\">\u00c7ekirdekli \/ \u00e7ekirdeksiz tuvalet ka\u011f\u0131d\u0131 rulolar\u0131<\/td>\n<\/tr>\n<tr>\n<td width=\"223\">Ham Ka\u011f\u0131t Geni\u015fli\u011fi<\/td>\n<td width=\"417\">Maksimum 2100 mm<\/td>\n<\/tr>\n<tr>\n<td width=\"223\">Ham Ka\u011f\u0131t \u00c7ap\u0131<\/td>\n<td width=\"417\">Max2100mm<\/td>\n<\/tr>\n<tr>\n<td width=\"223\">Bitmi\u015f Boyut<\/td>\n<td width=\"417\">\u03a660~130 mm<\/td>\n<\/tr>\n<tr>\n<td width=\"223\">Bitmi\u015f \u00c7ekirdek \u00c7ap\u0131<\/td>\n<td width=\"417\">\u03a635mm-\u03a650mm<\/td>\n<\/tr>\n<tr>\n<td width=\"223\">Ham Ka\u011f\u0131t \u00c7ekirdek \u00c7ap\u0131<\/td>\n<td width=\"417\">3\u201d (76,2 mm)<\/td>\n<\/tr>\n<tr>\n<td width=\"223\">Deliklenme<\/td>\n<td width=\"417\">Spiral delme b\u0131\u00e7a\u011f\u0131, Zincir di\u015fli konumland\u0131rma<\/p>\n<p>&nbsp;<\/td>\n<\/tr>\n<tr>\n<td width=\"223\">\u00dcretim H\u0131z\u0131<\/td>\n<td width=\"417\">200 m\/dak<\/td>\n<\/tr>\n<tr>\n<td width=\"223\">G\u00fc\u00e7<\/td>\n<td width=\"417\">12kw<\/td>\n<\/tr>\n<tr>\n<td width=\"223\">\u00a0Parametre Tasar\u0131m\u0131<\/td>\n<td width=\"417\">LCD Dokunmatik Ekran<\/td>\n<\/tr>\n<tr>\n<td width=\"223\">Kontrol<\/td>\n<td width=\"417\">PLC<\/td>\n<\/tr>\n<tr>\n<td width=\"223\">\u00a0Ka\u011f\u0131t Besleme<\/td>\n<td width=\"417\">\u00a03 adet pn\u00f6matik kontroll\u00fc a\u00e7ma stand\u0131<\/td>\n<\/tr>\n<tr>\n<td width=\"223\">\u00a0Hava Bas\u0131nc\u0131<\/td>\n<td width=\"417\">0,5 Mps<\/td>\n<\/tr>\n<tr>\n<td width=\"223\">G\u00fc\u00e7<\/td>\n<td width=\"417\">380V, 50hz<\/td>\n<\/tr>\n<\/tbody>\n<\/table>","protected":false},"featured_media":3427,"template":"","meta":{"_acf_changed":false,"_monsterinsights_skip_tracking":false,"_monsterinsights_sitenote_active":false,"_monsterinsights_sitenote_note":"","_monsterinsights_sitenote_category":0,"site-sidebar-layout":"default","site-content-layout":"","ast-site-content-layout":"default","site-content-style":"default","site-sidebar-style":"default","ast-global-header-display":"","ast-banner-title-visibility":"","ast-main-header-display":"","ast-hfb-above-header-display":"","ast-hfb-below-header-display":"","ast-hfb-mobile-header-display":"","site-post-title":"","ast-breadcrumbs-content":"","ast-featured-img":"","footer-sml-layout":"","theme-transparent-header-meta":"default","adv-header-id-meta":"","stick-header-meta":"default","header-above-stick-meta":"","header-main-stick-meta":"","header-below-stick-meta":"","astra-migrate-meta-layouts":"set","ast-page-background-enabled":"default","ast-page-background-meta":{"desktop":{"background-color":"var(--ast-global-color-4)","background-image":"","background-repeat":"repeat","background-position":"center center","background-size":"auto","background-attachment":"scroll","background-type":"","background-media":"","overlay-type":"","overlay-color":"","overlay-opacity":"","overlay-gradient":""},"tablet":{"background-color":"","background-image":"","background-repeat":"repeat","background-position":"center center","background-size":"auto","background-attachment":"scroll","background-type":"","background-media":"","overlay-type":"","overlay-color":"","overlay-opacity":"","overlay-gradient":""},"mobile":{"background-color":"","background-image":"","background-repeat":"repeat","background-position":"center center","background-size":"auto","background-attachment":"scroll","background-type":"","background-media":"","overlay-type":"","overlay-color":"","overlay-opacity":"","overlay-gradient":""}},"ast-content-background-meta":{"desktop":{"background-color":"var(--ast-global-color-5)","background-image":"","background-repeat":"repeat","background-position":"center center","background-size":"auto","background-attachment":"scroll","background-type":"","background-media":"","overlay-type":"","overlay-color":"","overlay-opacity":"","overlay-gradient":""},"tablet":{"background-color":"var(--ast-global-color-5)","background-image":"","background-repeat":"repeat","background-position":"center center","background-size":"auto","background-attachment":"scroll","background-type":"","background-media":"","overlay-type":"","overlay-color":"","overlay-opacity":"","overlay-gradient":""},"mobile":{"background-color":"var(--ast-global-color-5)","background-image":"","background-repeat":"repeat","background-position":"center center","background-size":"auto","background-attachment":"scroll","background-type":"","background-media":"","overlay-type":"","overlay-color":"","overlay-opacity":"","overlay-gradient":""}}},"tags":[56],"products":[47],"class_list":["post-2316","product","type-product","status-publish","has-post-thumbnail","hentry","tag-toilet-paper-making-machine","products-toilet-paper-making-machine"],"acf":[],"aioseo_notices":[],"aioseo_head":"\n\t\t<!-- All in One SEO Pro 4.9.2 - aioseo.com -->\n\t<meta name=\"description\" content=\"The automatic paper production machinery for toilet paper rolls integrates rewinding, cutting, and packaging processes to achieve efficient, consistent output.\" \/>\n\t<meta name=\"robots\" content=\"noodp, max-snippet:-1, max-image-preview:large, max-video-preview:-1\" \/>\n\t<link rel=\"canonical\" href=\"https:\/\/nrcmachine.com\/tr\/product\/paper-production-machinery\/\" \/>\n\t<meta name=\"generator\" content=\"All in One SEO Pro (AIOSEO) 4.9.2\" \/>\n\t\t<meta property=\"og:locale\" content=\"tr_TR\" \/>\n\t\t<meta property=\"og:site_name\" content=\"Toilet Paper Machine, Paper Tube Machine | NRC Machine - Reliable Paper Machinery Solutions\" \/>\n\t\t<meta property=\"og:type\" content=\"article\" \/>\n\t\t<meta property=\"og:title\" content=\"Paper Production Machinery For Toilet Paper - NRC MACHINE\" \/>\n\t\t<meta property=\"og:description\" content=\"The automatic paper production machinery for toilet paper rolls integrates rewinding, cutting, and packaging processes to achieve efficient, consistent output.\" \/>\n\t\t<meta property=\"og:url\" content=\"https:\/\/nrcmachine.com\/tr\/product\/paper-production-machinery\/\" \/>\n\t\t<meta property=\"og:image\" content=\"https:\/\/nrcmachine.com\/wp-content\/uploads\/2025\/11\/paper-production-machinery.webp\" \/>\n\t\t<meta property=\"og:image:secure_url\" content=\"https:\/\/nrcmachine.com\/wp-content\/uploads\/2025\/11\/paper-production-machinery.webp\" \/>\n\t\t<meta property=\"og:image:width\" content=\"800\" \/>\n\t\t<meta property=\"og:image:height\" content=\"800\" \/>\n\t\t<meta property=\"article:published_time\" content=\"2025-11-27T06:02:27+00:00\" \/>\n\t\t<meta property=\"article:modified_time\" content=\"2025-12-30T20:51:18+00:00\" \/>\n\t\t<meta property=\"article:publisher\" content=\"https:\/\/www.facebook.com\/james.gao.349938\" \/>\n\t\t<meta name=\"twitter:card\" content=\"summary\" \/>\n\t\t<meta name=\"twitter:site\" content=\"@JamesGao65335\" \/>\n\t\t<meta name=\"twitter:title\" content=\"Paper Production Machinery For Toilet Paper - NRC MACHINE\" \/>\n\t\t<meta name=\"twitter:description\" content=\"The automatic paper production machinery for toilet paper rolls integrates rewinding, cutting, and packaging processes to achieve efficient, consistent output.\" \/>\n\t\t<meta name=\"twitter:image\" content=\"https:\/\/nrcmachine.com\/wp-content\/uploads\/2025\/11\/paper-production-machinery.webp\" \/>\n\t\t<script type=\"application\/ld+json\" class=\"aioseo-schema\">\n\t\t\t{\"@context\":\"https:\\\/\\\/schema.org\",\"@graph\":[{\"@type\":\"BreadcrumbList\",\"@id\":\"https:\\\/\\\/nrcmachine.com\\\/tr\\\/product\\\/paper-production-machinery\\\/#breadcrumblist\",\"itemListElement\":[{\"@type\":\"ListItem\",\"@id\":\"https:\\\/\\\/nrcmachine.com\\\/tr#listItem\",\"position\":1,\"name\":\"Home\",\"item\":\"https:\\\/\\\/nrcmachine.com\\\/tr\",\"nextItem\":{\"@type\":\"ListItem\",\"@id\":\"https:\\\/\\\/nrcmachine.com\\\/tr\\\/product\\\/#listItem\",\"name\":\"Products\"}},{\"@type\":\"ListItem\",\"@id\":\"https:\\\/\\\/nrcmachine.com\\\/tr\\\/product\\\/#listItem\",\"position\":2,\"name\":\"Products\",\"item\":\"https:\\\/\\\/nrcmachine.com\\\/tr\\\/product\\\/\",\"nextItem\":{\"@type\":\"ListItem\",\"@id\":\"https:\\\/\\\/nrcmachine.com\\\/tr\\\/tag\\\/toilet-paper-making-machine\\\/#listItem\",\"name\":\"toilet paper making machine\"},\"previousItem\":{\"@type\":\"ListItem\",\"@id\":\"https:\\\/\\\/nrcmachine.com\\\/tr#listItem\",\"name\":\"Home\"}},{\"@type\":\"ListItem\",\"@id\":\"https:\\\/\\\/nrcmachine.com\\\/tr\\\/tag\\\/toilet-paper-making-machine\\\/#listItem\",\"position\":3,\"name\":\"toilet paper making machine\",\"item\":\"https:\\\/\\\/nrcmachine.com\\\/tr\\\/tag\\\/toilet-paper-making-machine\\\/\",\"nextItem\":{\"@type\":\"ListItem\",\"@id\":\"https:\\\/\\\/nrcmachine.com\\\/tr\\\/product\\\/paper-production-machinery\\\/#listItem\",\"name\":\"Paper Production Machinery For Toilet Paper\"},\"previousItem\":{\"@type\":\"ListItem\",\"@id\":\"https:\\\/\\\/nrcmachine.com\\\/tr\\\/product\\\/#listItem\",\"name\":\"Products\"}},{\"@type\":\"ListItem\",\"@id\":\"https:\\\/\\\/nrcmachine.com\\\/tr\\\/product\\\/paper-production-machinery\\\/#listItem\",\"position\":4,\"name\":\"Paper Production Machinery For Toilet Paper\",\"previousItem\":{\"@type\":\"ListItem\",\"@id\":\"https:\\\/\\\/nrcmachine.com\\\/tr\\\/tag\\\/toilet-paper-making-machine\\\/#listItem\",\"name\":\"toilet paper making machine\"}}]},{\"@type\":\"Organization\",\"@id\":\"https:\\\/\\\/nrcmachine.com\\\/tr\\\/#organization\",\"name\":\"Toilet Paper Machine, Paper Tube Machine | NRC Machine wordpress\",\"description\":\"Reliable Paper Machinery Solutions\",\"url\":\"https:\\\/\\\/nrcmachine.com\\\/tr\\\/\",\"email\":\"james@nrcmachine.com\",\"telephone\":\"+8615254213289\",\"foundingDate\":\"2023-11-01\",\"numberOfEmployees\":{\"@type\":\"QuantitativeValue\",\"minValue\":1,\"maxValue\":50},\"logo\":{\"@type\":\"ImageObject\",\"url\":\"https:\\\/\\\/nrcmachine.com\\\/wp-content\\\/uploads\\\/2026\\\/01\\\/logo23.png\",\"@id\":\"https:\\\/\\\/nrcmachine.com\\\/tr\\\/product\\\/paper-production-machinery\\\/#organizationLogo\",\"width\":800,\"height\":800,\"caption\":\"logo for NRC MACHINE\"},\"image\":{\"@id\":\"https:\\\/\\\/nrcmachine.com\\\/tr\\\/product\\\/paper-production-machinery\\\/#organizationLogo\"},\"sameAs\":[\"https:\\\/\\\/www.facebook.com\\\/james.gao.349938\",\"https:\\\/\\\/x.com\\\/JamesGao65335\",\"https:\\\/\\\/www.instagram.com\\\/jamesgao407?igsh=d2YybzFhMjY0YTl3\",\"https:\\\/\\\/www.tiktok.com\\\/@gyl20210118\",\"https:\\\/\\\/www.linkedin.com\\\/in\\\/--9a63583a9\\\/\"],\"address\":{\"@id\":\"https:\\\/\\\/nrcmachine.com\\\/tr\\\/#postaladdress\",\"@type\":\"PostalAddress\",\"streetAddress\":\"No..519,Jiangshan South Road,Huangdao,\",\"postalCode\":\"266500\",\"addressLocality\":\"Qingdao\",\"addressRegion\":\"Shandong Province\",\"addressCountry\":\"CN\"},\"taxID\":\"91370211MAD54P6P85\",\"vatID\":\"91370211MAD54P6P85\"},{\"@type\":\"WebPage\",\"@id\":\"https:\\\/\\\/nrcmachine.com\\\/tr\\\/product\\\/paper-production-machinery\\\/#webpage\",\"url\":\"https:\\\/\\\/nrcmachine.com\\\/tr\\\/product\\\/paper-production-machinery\\\/\",\"name\":\"Paper Production Machinery For Toilet Paper - NRC MACHINE\",\"description\":\"The automatic paper production machinery for toilet paper rolls integrates rewinding, cutting, and packaging processes to achieve efficient, consistent output.\",\"inLanguage\":\"tr-TR\",\"isPartOf\":{\"@id\":\"https:\\\/\\\/nrcmachine.com\\\/tr\\\/#website\"},\"breadcrumb\":{\"@id\":\"https:\\\/\\\/nrcmachine.com\\\/tr\\\/product\\\/paper-production-machinery\\\/#breadcrumblist\"},\"image\":{\"@type\":\"ImageObject\",\"url\":\"https:\\\/\\\/nrcmachine.com\\\/wp-content\\\/uploads\\\/2025\\\/11\\\/paper-production-machinery.webp\",\"@id\":\"https:\\\/\\\/nrcmachine.com\\\/tr\\\/product\\\/paper-production-machinery\\\/#mainImage\",\"width\":800,\"height\":800,\"caption\":\"paper production machinery for toilet paper\"},\"primaryImageOfPage\":{\"@id\":\"https:\\\/\\\/nrcmachine.com\\\/tr\\\/product\\\/paper-production-machinery\\\/#mainImage\"},\"datePublished\":\"2025-11-27T14:02:27+08:00\",\"dateModified\":\"2025-12-31T04:51:18+08:00\"},{\"@type\":\"WebSite\",\"@id\":\"https:\\\/\\\/nrcmachine.com\\\/tr\\\/#website\",\"url\":\"https:\\\/\\\/nrcmachine.com\\\/tr\\\/\",\"name\":\"Toilet Paper Machine, Paper Tube Machine | NRC Machine\",\"alternateName\":\"Qingdao New Richuan Precision Machine Co.,Ltd\",\"description\":\"Reliable Paper Machinery Solutions\",\"inLanguage\":\"tr-TR\",\"publisher\":{\"@id\":\"https:\\\/\\\/nrcmachine.com\\\/tr\\\/#organization\"}}]}\n\t\t<\/script>\n\t\t<!-- All in One SEO Pro -->\r\n\t\t<title>Paper Production Machinery For Toilet Paper - NRC MACHINE<\/title>\n\n","aioseo_head_json":{"title":"Tuvalet Ka\u011f\u0131d\u0131 \u0130\u00e7in Ka\u011f\u0131t \u00dcretim Makineleri - NRC MACHINE","description":"Tuvalet ka\u011f\u0131d\u0131 rulolar\u0131 i\u00e7in otomatik ka\u011f\u0131t \u00fcretim makineleri, verimli ve tutarl\u0131 \u00e7\u0131kt\u0131 elde etmek i\u00e7in geri sarma, kesme ve paketleme i\u015flemlerini entegre eder.","canonical_url":"https:\/\/nrcmachine.com\/tr\/product\/paper-production-machinery\/","robots":"noodp, max-snippet:-1, max-image-preview:large, max-video-preview:-1","keywords":"","webmasterTools":{"miscellaneous":""},"schema":{"@context":"https:\/\/schema.org","@graph":[{"@type":"BreadcrumbList","@id":"https:\/\/nrcmachine.com\/tr\/product\/paper-production-machinery\/#breadcrumblist","itemListElement":[{"@type":"ListItem","@id":"https:\/\/nrcmachine.com\/tr#listItem","position":1,"name":"Home","item":"https:\/\/nrcmachine.com\/tr","nextItem":{"@type":"ListItem","@id":"https:\/\/nrcmachine.com\/tr\/product\/#listItem","name":"Products"}},{"@type":"ListItem","@id":"https:\/\/nrcmachine.com\/tr\/product\/#listItem","position":2,"name":"Products","item":"https:\/\/nrcmachine.com\/tr\/product\/","nextItem":{"@type":"ListItem","@id":"https:\/\/nrcmachine.com\/tr\/tag\/toilet-paper-making-machine\/#listItem","name":"toilet paper making machine"},"previousItem":{"@type":"ListItem","@id":"https:\/\/nrcmachine.com\/tr#listItem","name":"Home"}},{"@type":"ListItem","@id":"https:\/\/nrcmachine.com\/tr\/tag\/toilet-paper-making-machine\/#listItem","position":3,"name":"toilet paper making machine","item":"https:\/\/nrcmachine.com\/tr\/tag\/toilet-paper-making-machine\/","nextItem":{"@type":"ListItem","@id":"https:\/\/nrcmachine.com\/tr\/product\/paper-production-machinery\/#listItem","name":"Paper Production Machinery For Toilet Paper"},"previousItem":{"@type":"ListItem","@id":"https:\/\/nrcmachine.com\/tr\/product\/#listItem","name":"Products"}},{"@type":"ListItem","@id":"https:\/\/nrcmachine.com\/tr\/product\/paper-production-machinery\/#listItem","position":4,"name":"Paper Production Machinery For Toilet Paper","previousItem":{"@type":"ListItem","@id":"https:\/\/nrcmachine.com\/tr\/tag\/toilet-paper-making-machine\/#listItem","name":"toilet paper making machine"}}]},{"@type":"Organization","@id":"https:\/\/nrcmachine.com\/tr\/#organization","name":"Toilet Paper Machine, Paper Tube Machine | NRC Machine wordpress","description":"Reliable Paper Machinery Solutions","url":"https:\/\/nrcmachine.com\/tr\/","email":"james@nrcmachine.com","telephone":"+8615254213289","foundingDate":"2023-11-01","numberOfEmployees":{"@type":"QuantitativeValue","minValue":1,"maxValue":50},"logo":{"@type":"ImageObject","url":"https:\/\/nrcmachine.com\/wp-content\/uploads\/2026\/01\/logo23.png","@id":"https:\/\/nrcmachine.com\/tr\/product\/paper-production-machinery\/#organizationLogo","width":800,"height":800,"caption":"logo for NRC MACHINE"},"image":{"@id":"https:\/\/nrcmachine.com\/tr\/product\/paper-production-machinery\/#organizationLogo"},"sameAs":["https:\/\/www.facebook.com\/james.gao.349938","https:\/\/x.com\/JamesGao65335","https:\/\/www.instagram.com\/jamesgao407?igsh=d2YybzFhMjY0YTl3","https:\/\/www.tiktok.com\/@gyl20210118","https:\/\/www.linkedin.com\/in\/--9a63583a9\/"],"address":{"@id":"https:\/\/nrcmachine.com\/tr\/#postaladdress","@type":"PostalAddress","streetAddress":"No..519,Jiangshan South Road,Huangdao,","postalCode":"266500","addressLocality":"Qingdao","addressRegion":"Shandong Province","addressCountry":"CN"},"taxID":"91370211MAD54P6P85","vatID":"91370211MAD54P6P85"},{"@type":"WebPage","@id":"https:\/\/nrcmachine.com\/tr\/product\/paper-production-machinery\/#webpage","url":"https:\/\/nrcmachine.com\/tr\/product\/paper-production-machinery\/","name":"Paper Production Machinery For Toilet Paper - NRC MACHINE","description":"The automatic paper production machinery for toilet paper rolls integrates rewinding, cutting, and packaging processes to achieve efficient, consistent output.","inLanguage":"tr-TR","isPartOf":{"@id":"https:\/\/nrcmachine.com\/tr\/#website"},"breadcrumb":{"@id":"https:\/\/nrcmachine.com\/tr\/product\/paper-production-machinery\/#breadcrumblist"},"image":{"@type":"ImageObject","url":"https:\/\/nrcmachine.com\/wp-content\/uploads\/2025\/11\/paper-production-machinery.webp","@id":"https:\/\/nrcmachine.com\/tr\/product\/paper-production-machinery\/#mainImage","width":800,"height":800,"caption":"paper production machinery for toilet paper"},"primaryImageOfPage":{"@id":"https:\/\/nrcmachine.com\/tr\/product\/paper-production-machinery\/#mainImage"},"datePublished":"2025-11-27T14:02:27+08:00","dateModified":"2025-12-31T04:51:18+08:00"},{"@type":"WebSite","@id":"https:\/\/nrcmachine.com\/tr\/#website","url":"https:\/\/nrcmachine.com\/tr\/","name":"Toilet Paper Machine, Paper Tube Machine | NRC Machine","alternateName":"Qingdao New Richuan Precision Machine Co.,Ltd","description":"Reliable Paper Machinery Solutions","inLanguage":"tr-TR","publisher":{"@id":"https:\/\/nrcmachine.com\/tr\/#organization"}}]},"og:locale":"tr_TR","og:site_name":"Toilet Paper Machine, Paper Tube Machine | NRC Machine - Reliable Paper Machinery Solutions","og:type":"article","og:title":"Paper Production Machinery For Toilet Paper - NRC MACHINE","og:description":"The automatic paper production machinery for toilet paper rolls integrates rewinding, cutting, and packaging processes to achieve efficient, consistent output.","og:url":"https:\/\/nrcmachine.com\/tr\/product\/paper-production-machinery\/","og:image":"https:\/\/nrcmachine.com\/wp-content\/uploads\/2025\/11\/paper-production-machinery.webp","og:image:secure_url":"https:\/\/nrcmachine.com\/wp-content\/uploads\/2025\/11\/paper-production-machinery.webp","og:image:width":800,"og:image:height":800,"article:published_time":"2025-11-27T06:02:27+00:00","article:modified_time":"2025-12-30T20:51:18+00:00","article:publisher":"https:\/\/www.facebook.com\/james.gao.349938","twitter:card":"summary","twitter:site":"@JamesGao65335","twitter:title":"Paper Production Machinery For Toilet Paper - NRC MACHINE","twitter:description":"The automatic paper production machinery for toilet paper rolls integrates rewinding, cutting, and packaging processes to achieve efficient, consistent output.","twitter:image":"https:\/\/nrcmachine.com\/wp-content\/uploads\/2025\/11\/paper-production-machinery.webp"},"aioseo_meta_data":{"post_id":"2316","title":"#post_title #separator_sa NRC MACHINE","description":"Tuvalet ka\u011f\u0131d\u0131 rulolar\u0131 i\u00e7in otomatik ka\u011f\u0131t \u00fcretim makineleri, verimli ve tutarl\u0131 \u00e7\u0131kt\u0131 elde etmek i\u00e7in geri sarma, kesme ve paketleme i\u015flemlerini entegre eder.","keywords":null,"keyphrases":{"focus":{"keyphrase":"paper production machinery","score":100,"analysis":{"keyphraseInTitle":{"score":9,"maxScore":9,"error":0},"keyphraseInDescription":{"score":9,"maxScore":9,"error":0},"keyphraseLength":{"score":9,"maxScore":9,"error":0,"length":3},"keyphraseInURL":{"score":5,"maxScore":5,"error":0},"keyphraseInIntroduction":{"score":9,"maxScore":9,"error":0},"keyphraseInSubHeadings":[],"keyphraseInImageAlt":[],"keywordDensity":{"type":"best","score":9,"maxScore":9,"error":0}}},"additional":[]},"primary_term":null,"canonical_url":null,"og_title":null,"og_description":null,"og_object_type":"default","og_image_type":"default","og_image_url":null,"og_image_width":null,"og_image_height":null,"og_image_custom_url":null,"og_image_custom_fields":null,"og_video":"","og_custom_url":null,"og_article_section":null,"og_article_tags":null,"twitter_use_og":false,"twitter_card":"default","twitter_image_type":"default","twitter_image_url":null,"twitter_image_custom_url":null,"twitter_image_custom_fields":null,"twitter_title":null,"twitter_description":null,"schema":{"blockGraphs":[],"customGraphs":[],"default":{"data":{"Article":[],"Course":[],"Dataset":[],"FAQPage":[],"Movie":[],"Person":[],"Product":[],"ProductReview":[],"Car":[],"Recipe":[],"Service":[],"SoftwareApplication":[],"WebPage":[]},"graphName":"ItemPage","isEnabled":true},"graphs":[]},"schema_type":"default","schema_type_options":null,"pillar_content":false,"robots_default":true,"robots_noindex":false,"robots_noarchive":false,"robots_nosnippet":false,"robots_nofollow":false,"robots_noimageindex":false,"robots_noodp":false,"robots_notranslate":false,"robots_max_snippet":"-1","robots_max_videopreview":"-1","robots_max_imagepreview":"large","priority":null,"frequency":"default","local_seo":null,"seo_analyzer_scan_date":"2026-02-13 03:16:22","breadcrumb_settings":null,"limit_modified_date":false,"reviewed_by":null,"open_ai":null,"ai":{"faqs":[],"keyPoints":[],"titles":[],"descriptions":[],"socialPosts":{"email":[],"linkedin":[],"twitter":[],"facebook":[],"instagram":[]}},"created":"2025-12-11 08:41:59","updated":"2026-02-13 06:54:11"},"aioseo_breadcrumb":"<div class=\"aioseo-breadcrumbs\"><span class=\"aioseo-breadcrumb\">\n\t<a href=\"https:\/\/nrcmachine.com\/tr\" title=\"Home\">Home<\/a>\n<\/span><span class=\"aioseo-breadcrumb-separator\">\u00bb<\/span><span class=\"aioseo-breadcrumb\">\n\t<a href=\"https:\/\/nrcmachine.com\/tr\/product\/\" title=\"Products\">Products<\/a>\n<\/span><span class=\"aioseo-breadcrumb-separator\">\u00bb<\/span><span class=\"aioseo-breadcrumb\">\n\t<a href=\"https:\/\/nrcmachine.com\/tr\/tag\/toilet-paper-making-machine\/\" title=\"toilet paper making machine\">toilet paper making machine<\/a>\n<\/span><span class=\"aioseo-breadcrumb-separator\">\u00bb<\/span><span class=\"aioseo-breadcrumb\">\n\tPaper Production Machinery For Toilet Paper\n<\/span><\/div>","aioseo_breadcrumb_json":[{"label":"Home","link":"https:\/\/nrcmachine.com\/tr"},{"label":"Products","link":"https:\/\/nrcmachine.com\/tr\/product\/"},{"label":"toilet paper making machine","link":"https:\/\/nrcmachine.com\/tr\/tag\/toilet-paper-making-machine\/"},{"label":"Paper Production Machinery For Toilet Paper","link":"https:\/\/nrcmachine.com\/tr\/product\/paper-production-machinery\/"}],"_links":{"self":[{"href":"https:\/\/nrcmachine.com\/tr\/wp-json\/wp\/v2\/product\/2316","targetHints":{"allow":["GET"]}}],"collection":[{"href":"https:\/\/nrcmachine.com\/tr\/wp-json\/wp\/v2\/product"}],"about":[{"href":"https:\/\/nrcmachine.com\/tr\/wp-json\/wp\/v2\/types\/product"}],"version-history":[{"count":0,"href":"https:\/\/nrcmachine.com\/tr\/wp-json\/wp\/v2\/product\/2316\/revisions"}],"wp:featuredmedia":[{"embeddable":true,"href":"https:\/\/nrcmachine.com\/tr\/wp-json\/wp\/v2\/media\/3427"}],"wp:attachment":[{"href":"https:\/\/nrcmachine.com\/tr\/wp-json\/wp\/v2\/media?parent=2316"}],"wp:term":[{"taxonomy":"post_tag","embeddable":true,"href":"https:\/\/nrcmachine.com\/tr\/wp-json\/wp\/v2\/tags?post=2316"},{"taxonomy":"products","embeddable":true,"href":"https:\/\/nrcmachine.com\/tr\/wp-json\/wp\/v2\/products?post=2316"}],"curies":[{"name":"wp","href":"https:\/\/api.w.org\/{rel}","templated":true}]}}