 {"id":2403,"date":"2025-12-02T11:07:32","date_gmt":"2025-12-02T03:07:32","guid":{"rendered":"https:\/\/nrcmachine.com\/?post_type=product&#038;p=2403"},"modified":"2025-12-29T14:25:47","modified_gmt":"2025-12-29T06:25:47","slug":"paper-roll-slitting-machine","status":"publish","type":"product","link":"https:\/\/nrcmachine.com\/tr\/product\/paper-roll-slitting-machine\/","title":{"rendered":"Ka\u011f\u0131t Rulo Dilme Makinesi"},"content":{"rendered":"<h4 style=\"text-align: center;\"><strong><a href=\"https:\/\/nrcmachinery.com\/Kraft-paper-slitting-rewinding-machine.html\">Ka\u011f\u0131t Rulo Dilme Makinesi<\/a> - Hassasiyet. Verimlilik. Kontrol.<\/strong><\/h4>\n<ol>\n<li>\n<h6><strong> Giri\u015f: M\u00fckemmellik i\u00e7in Tasarland\u0131<\/strong><\/h6>\n<p>O <a href=\"https:\/\/nrcmachine.com\/product\/kraft-paper-slitting-rewinder-machine\/\">Ka\u011f\u0131t Rulo Dilme Makinesi<\/a> modern d\u00f6n\u00fc\u015ft\u00fcrme teknolojisinin zirvesini temsil eder. Y\u00fcksek performansl\u0131 end\u00fcstriyel ortamlar i\u00e7in tasarlanan bu makine, 1600 mm geni\u015fli\u011fe kadar ka\u011f\u0131t rulolar\u0131n\u0131n kesilmesinde e\u015fsiz bir hassasiyet sunar. \u0130ster ambalaj, ister bask\u0131 veya \u00f6zel ka\u011f\u0131t uygulamalar\u0131 i\u00e7in olsun, bu makine minimum at\u0131kla temiz, tutarl\u0131 kesimler sa\u011flar.<\/p>\n<div class=\"ast-oembed-container\" style=\"height: 100%;\"><iframe title=\"\u00c7in Ka\u011f\u0131t T\u00fcp Yapma Makinesi ve \u0130lgili Ka\u011f\u0131t \u0130\u015fleme Ekipmanlar\u0131 \u00dcreticisi\" width=\"500\" height=\"281\" src=\"https:\/\/www.youtube.com\/embed\/Lt7WhNOZQpQ?feature=oembed\" frameborder=\"0\" allow=\"accelerometer; autoplay; clipboard-write; encrypted-media; gyroscope; picture-in-picture; web-share\" referrerpolicy=\"strict-origin-when-cross-origin\" allowfullscreen><\/iframe><\/div>\n<\/li>\n<li>\n<h6><strong> Temel \u00d6zellikler: G\u00fc\u00e7 ve Hassasiyet<\/strong><\/h6>\n<p>Maksimum 1600 mm rulo geni\u015fli\u011fine sahip makine, \u00e7ok \u00e7e\u015fitli alt tabaka boyutlar\u0131n\u0131 bar\u0131nd\u0131r\u0131r. CNC kontrol\u00f6r\u00fc, yar\u0131k geni\u015fli\u011fi, gerginlik ve konumland\u0131rman\u0131n hassas bir \u015fekilde ayarlanmas\u0131n\u0131 sa\u011flayarak \u00e7e\u015fitli malzemelerde optimum sonu\u00e7lar elde edilmesini sa\u011flar. Dakikada 0 ila 300 metre aras\u0131nda h\u0131zlarda \u00e7al\u0131\u015fan makine, y\u00fcksek verimi ola\u011fan\u00fcst\u00fc kontrolle dengeleyerek \u00fcretim taleplerine sorunsuz bir \u015fekilde uyum sa\u011flar.<\/li>\n<li>\n<h6><strong> Geli\u015fmi\u015f CNC Kontrol Sistemi<\/strong><\/h6>\n<p>Makinenin kalbinde ak\u0131ll\u0131 CNC kontrol\u00f6r\u00fc yatmaktad\u0131r. Bu kullan\u0131c\u0131 dostu aray\u00fcz, operat\u00f6rlerin i\u015f parametrelerini kolayl\u0131kla saklamas\u0131na, geri \u00e7a\u011f\u0131rmas\u0131na ve ayarlamas\u0131na olanak tan\u0131r. Ger\u00e7ek zamanl\u0131 izleme, tutarl\u0131 gerginlik ve hizalama sa\u011flayarak duru\u015f s\u00fcresini ve malzeme israf\u0131n\u0131 en aza indirir. Sistem otomatik tan\u0131lamay\u0131 destekleyerek g\u00fcvenilirli\u011fi art\u0131r\u0131r ve bak\u0131m ihtiya\u00e7lar\u0131n\u0131 azalt\u0131r.<\/li>\n<li>\n<h6><strong> Stabilite ile Y\u00fcksek H\u0131zl\u0131 Performans<\/strong><\/h6>\n<p>Hassasiyetten \u00f6d\u00fcn vermeden h\u0131z i\u00e7in tasarlanan kesici, 0~300m\/dak aral\u0131\u011f\u0131n\u0131n tamam\u0131nda sorunsuz \u00e7al\u0131\u015f\u0131r. Sa\u011flam yap\u0131 ve hassas rulmanlar, maksimum h\u0131zda bile titre\u015fimi en aza indirir. Bu stabilite, en kat\u0131 end\u00fcstri standartlar\u0131n\u0131 kar\u015f\u0131layan temiz, \u00e7apaks\u0131z kenarlar ve d\u00fczg\u00fcn rulo kalitesi sa\u011flar.<\/li>\n<li>\n<h6><strong> \u00c7ok Y\u00f6nl\u00fcl\u00fck ve Uygulama Aral\u0131\u011f\u0131<\/strong><\/h6>\n<p>Kraft ka\u011f\u0131t, ku\u015fe ka\u011f\u0131t, ka\u011f\u0131t mendil ve karton i\u00e7in ideal olan makine, \u00e7e\u015fitli kal\u0131nl\u0131klara ve derecelere uyum sa\u011flar. Mod\u00fcler tasar\u0131m\u0131, i\u015fler aras\u0131nda h\u0131zl\u0131 ge\u00e7i\u015flere olanak tan\u0131yarak dinamik \u00fcretim ortamlar\u0131nda \u00fcretkenli\u011fi art\u0131r\u0131r. Dar etiketlerden geni\u015f ambalaj rulolar\u0131na kadar tutarl\u0131 performans sunar.<\/li>\n<li>\n<h6><strong> G\u00fcvenlik ve Dayan\u0131kl\u0131l\u0131k Yerle\u015fiktir<\/strong><\/h6>\n<p>G\u00fcvenlik \u00f6zellikleri aras\u0131nda acil durdurma, koruyucu muhafazalar ve sens\u00f6r tabanl\u0131 a\u015f\u0131r\u0131 y\u00fck korumas\u0131 yer al\u0131r. A\u011f\u0131r hizmet tipi \u00e7elik ve korozyona dayan\u0131kl\u0131 bile\u015fenlerle \u00fcretilen makine, zorlu ko\u015fullarda s\u00fcrekli \u00e7al\u0131\u015fmaya dayanacak \u015fekilde \u00fcretilmi\u015ftir.<\/li>\n<li>\n<h6><strong> Sonu\u00e7: Dilme Teknolojisinin Gelece\u011fi<\/strong><\/h6>\n<p>Geni\u015f format kabiliyeti, CNC zekas\u0131 ve y\u00fcksek h\u0131z verimlili\u011fini bir araya getiren bu <a href=\"https:\/\/nrcmachine.com\/product\/kraft-paper-slitting-rewinder-machine\/\">ka\u011f\u0131t rulo dilme makinesi<\/a> d\u00f6n\u00fc\u015ft\u00fcrmede yeni bir \u00f6l\u00e7\u00fct belirliyor. Bu sadece bir makine de\u011fil, \u00fcretkenlikte bir d\u00f6n\u00fc\u015f\u00fcmd\u00fcr.<\/li>\n<\/ol>\n<p>&nbsp;<\/p>","protected":false},"featured_media":2404,"template":"","meta":{"_acf_changed":false,"_monsterinsights_skip_tracking":false,"_monsterinsights_sitenote_active":false,"_monsterinsights_sitenote_note":"","_monsterinsights_sitenote_category":0,"site-sidebar-layout":"default","site-content-layout":"","ast-site-content-layout":"default","site-content-style":"default","site-sidebar-style":"default","ast-global-header-display":"","ast-banner-title-visibility":"","ast-main-header-display":"","ast-hfb-above-header-display":"","ast-hfb-below-header-display":"","ast-hfb-mobile-header-display":"","site-post-title":"","ast-breadcrumbs-content":"","ast-featured-img":"","footer-sml-layout":"","theme-transparent-header-meta":"default","adv-header-id-meta":"","stick-header-meta":"default","header-above-stick-meta":"","header-main-stick-meta":"","header-below-stick-meta":"","astra-migrate-meta-layouts":"set","ast-page-background-enabled":"default","ast-page-background-meta":{"desktop":{"background-color":"var(--ast-global-color-4)","background-image":"","background-repeat":"repeat","background-position":"center center","background-size":"auto","background-attachment":"scroll","background-type":"","background-media":"","overlay-type":"","overlay-color":"","overlay-opacity":"","overlay-gradient":""},"tablet":{"background-color":"","background-image":"","background-repeat":"repeat","background-position":"center center","background-size":"auto","background-attachment":"scroll","background-type":"","background-media":"","overlay-type":"","overlay-color":"","overlay-opacity":"","overlay-gradient":""},"mobile":{"background-color":"","background-image":"","background-repeat":"repeat","background-position":"center center","background-size":"auto","background-attachment":"scroll","background-type":"","background-media":"","overlay-type":"","overlay-color":"","overlay-opacity":"","overlay-gradient":""}},"ast-content-background-meta":{"desktop":{"background-color":"var(--ast-global-color-5)","background-image":"","background-repeat":"repeat","background-position":"center center","background-size":"auto","background-attachment":"scroll","background-type":"","background-media":"","overlay-type":"","overlay-color":"","overlay-opacity":"","overlay-gradient":""},"tablet":{"background-color":"var(--ast-global-color-5)","background-image":"","background-repeat":"repeat","background-position":"center center","background-size":"auto","background-attachment":"scroll","background-type":"","background-media":"","overlay-type":"","overlay-color":"","overlay-opacity":"","overlay-gradient":""},"mobile":{"background-color":"var(--ast-global-color-5)","background-image":"","background-repeat":"repeat","background-position":"center center","background-size":"auto","background-attachment":"scroll","background-type":"","background-media":"","overlay-type":"","overlay-color":"","overlay-opacity":"","overlay-gradient":""}}},"tags":[58],"products":[45],"class_list":["post-2403","product","type-product","status-publish","has-post-thumbnail","hentry","tag-paper-slitting-machine","products-paper-slitting-rewinding-machine"],"acf":[],"aioseo_notices":[],"aioseo_head":"\n\t\t<!-- All in One SEO Pro 4.9.2 - aioseo.com -->\n\t<meta name=\"description\" content=\"Combining wide-format capability, CNC intelligence, and high-speed efficiency, this paper roll slitting machine sets a new benchmark in converting.\" \/>\n\t<meta name=\"robots\" content=\"noodp, max-snippet:-1, max-image-preview:large, max-video-preview:-1\" \/>\n\t<link rel=\"canonical\" href=\"https:\/\/nrcmachine.com\/tr\/product\/paper-roll-slitting-machine\/\" \/>\n\t<meta name=\"generator\" content=\"All in One SEO Pro (AIOSEO) 4.9.2\" \/>\n\t\t<meta property=\"og:locale\" content=\"tr_TR\" \/>\n\t\t<meta property=\"og:site_name\" content=\"Toilet Paper Machine, Paper Tube Machine | NRC Machine - Reliable Paper Machinery Solutions\" \/>\n\t\t<meta property=\"og:type\" content=\"article\" \/>\n\t\t<meta property=\"og:title\" content=\"Paper Roll Slitting Machine - QINGDAO NEW RICHUAN\" \/>\n\t\t<meta property=\"og:description\" content=\"Combining wide-format capability, CNC intelligence, and high-speed efficiency, this paper roll slitting machine sets a new benchmark in converting.\" \/>\n\t\t<meta property=\"og:url\" content=\"https:\/\/nrcmachine.com\/tr\/product\/paper-roll-slitting-machine\/\" \/>\n\t\t<meta property=\"og:image\" content=\"https:\/\/nrcmachine.com\/wp-content\/uploads\/2025\/12\/\u5fae\u4fe1\u56fe\u7247_20251202105908_182_5_\u526f\u672c.webp\" \/>\n\t\t<meta property=\"og:image:secure_url\" content=\"https:\/\/nrcmachine.com\/wp-content\/uploads\/2025\/12\/\u5fae\u4fe1\u56fe\u7247_20251202105908_182_5_\u526f\u672c.webp\" \/>\n\t\t<meta property=\"og:image:width\" content=\"800\" \/>\n\t\t<meta property=\"og:image:height\" content=\"800\" \/>\n\t\t<meta property=\"article:published_time\" content=\"2025-12-02T03:07:32+00:00\" \/>\n\t\t<meta property=\"article:modified_time\" content=\"2025-12-29T06:25:47+00:00\" \/>\n\t\t<meta property=\"article:publisher\" content=\"https:\/\/www.facebook.com\/james.gao.349938\" \/>\n\t\t<meta name=\"twitter:card\" content=\"summary\" \/>\n\t\t<meta name=\"twitter:site\" content=\"@JamesGao65335\" \/>\n\t\t<meta name=\"twitter:title\" content=\"Paper Roll Slitting Machine - QINGDAO NEW RICHUAN\" \/>\n\t\t<meta name=\"twitter:description\" content=\"Combining wide-format capability, CNC intelligence, and high-speed efficiency, this paper roll slitting machine sets a new benchmark in converting.\" \/>\n\t\t<meta name=\"twitter:image\" content=\"https:\/\/nrcmachine.com\/wp-content\/uploads\/2025\/12\/\u5fae\u4fe1\u56fe\u7247_20251202105908_182_5_\u526f\u672c.webp\" \/>\n\t\t<script type=\"application\/ld+json\" class=\"aioseo-schema\">\n\t\t\t{\"@context\":\"https:\\\/\\\/schema.org\",\"@graph\":[{\"@type\":\"BreadcrumbList\",\"@id\":\"https:\\\/\\\/nrcmachine.com\\\/tr\\\/product\\\/paper-roll-slitting-machine\\\/#breadcrumblist\",\"itemListElement\":[{\"@type\":\"ListItem\",\"@id\":\"https:\\\/\\\/nrcmachine.com\\\/tr#listItem\",\"position\":1,\"name\":\"Home\",\"item\":\"https:\\\/\\\/nrcmachine.com\\\/tr\",\"nextItem\":{\"@type\":\"ListItem\",\"@id\":\"https:\\\/\\\/nrcmachine.com\\\/tr\\\/product\\\/#listItem\",\"name\":\"Products\"}},{\"@type\":\"ListItem\",\"@id\":\"https:\\\/\\\/nrcmachine.com\\\/tr\\\/product\\\/#listItem\",\"position\":2,\"name\":\"Products\",\"item\":\"https:\\\/\\\/nrcmachine.com\\\/tr\\\/product\\\/\",\"nextItem\":{\"@type\":\"ListItem\",\"@id\":\"https:\\\/\\\/nrcmachine.com\\\/tr\\\/tag\\\/paper-slitting-machine\\\/#listItem\",\"name\":\"paper slitting machine\"},\"previousItem\":{\"@type\":\"ListItem\",\"@id\":\"https:\\\/\\\/nrcmachine.com\\\/tr#listItem\",\"name\":\"Home\"}},{\"@type\":\"ListItem\",\"@id\":\"https:\\\/\\\/nrcmachine.com\\\/tr\\\/tag\\\/paper-slitting-machine\\\/#listItem\",\"position\":3,\"name\":\"paper slitting machine\",\"item\":\"https:\\\/\\\/nrcmachine.com\\\/tr\\\/tag\\\/paper-slitting-machine\\\/\",\"nextItem\":{\"@type\":\"ListItem\",\"@id\":\"https:\\\/\\\/nrcmachine.com\\\/tr\\\/product\\\/paper-roll-slitting-machine\\\/#listItem\",\"name\":\"Paper Roll Slitting Machine\"},\"previousItem\":{\"@type\":\"ListItem\",\"@id\":\"https:\\\/\\\/nrcmachine.com\\\/tr\\\/product\\\/#listItem\",\"name\":\"Products\"}},{\"@type\":\"ListItem\",\"@id\":\"https:\\\/\\\/nrcmachine.com\\\/tr\\\/product\\\/paper-roll-slitting-machine\\\/#listItem\",\"position\":4,\"name\":\"Paper Roll Slitting Machine\",\"previousItem\":{\"@type\":\"ListItem\",\"@id\":\"https:\\\/\\\/nrcmachine.com\\\/tr\\\/tag\\\/paper-slitting-machine\\\/#listItem\",\"name\":\"paper slitting machine\"}}]},{\"@type\":\"Organization\",\"@id\":\"https:\\\/\\\/nrcmachine.com\\\/tr\\\/#organization\",\"name\":\"Toilet Paper Machine, Paper Tube Machine | NRC Machine wordpress\",\"description\":\"Reliable Paper Machinery Solutions\",\"url\":\"https:\\\/\\\/nrcmachine.com\\\/tr\\\/\",\"email\":\"james@nrcmachine.com\",\"telephone\":\"+8615254213289\",\"foundingDate\":\"2023-11-01\",\"numberOfEmployees\":{\"@type\":\"QuantitativeValue\",\"minValue\":1,\"maxValue\":50},\"logo\":{\"@type\":\"ImageObject\",\"url\":\"https:\\\/\\\/nrcmachine.com\\\/wp-content\\\/uploads\\\/2026\\\/01\\\/logo23.png\",\"@id\":\"https:\\\/\\\/nrcmachine.com\\\/tr\\\/product\\\/paper-roll-slitting-machine\\\/#organizationLogo\",\"width\":800,\"height\":800,\"caption\":\"logo for NRC MACHINE\"},\"image\":{\"@id\":\"https:\\\/\\\/nrcmachine.com\\\/tr\\\/product\\\/paper-roll-slitting-machine\\\/#organizationLogo\"},\"sameAs\":[\"https:\\\/\\\/www.facebook.com\\\/james.gao.349938\",\"https:\\\/\\\/x.com\\\/JamesGao65335\",\"https:\\\/\\\/www.instagram.com\\\/jamesgao407?igsh=d2YybzFhMjY0YTl3\",\"https:\\\/\\\/www.tiktok.com\\\/@gyl20210118\",\"https:\\\/\\\/www.linkedin.com\\\/in\\\/--9a63583a9\\\/\"],\"address\":{\"@id\":\"https:\\\/\\\/nrcmachine.com\\\/tr\\\/#postaladdress\",\"@type\":\"PostalAddress\",\"streetAddress\":\"No..519,Jiangshan South Road,Huangdao,\",\"postalCode\":\"266500\",\"addressLocality\":\"Qingdao\",\"addressRegion\":\"Shandong Province\",\"addressCountry\":\"CN\"},\"taxID\":\"91370211MAD54P6P85\",\"vatID\":\"91370211MAD54P6P85\"},{\"@type\":\"WebPage\",\"@id\":\"https:\\\/\\\/nrcmachine.com\\\/tr\\\/product\\\/paper-roll-slitting-machine\\\/#webpage\",\"url\":\"https:\\\/\\\/nrcmachine.com\\\/tr\\\/product\\\/paper-roll-slitting-machine\\\/\",\"name\":\"Paper Roll Slitting Machine - QINGDAO NEW RICHUAN\",\"description\":\"Combining wide-format capability, CNC intelligence, and high-speed efficiency, this paper roll slitting machine sets a new benchmark in converting.\",\"inLanguage\":\"tr-TR\",\"isPartOf\":{\"@id\":\"https:\\\/\\\/nrcmachine.com\\\/tr\\\/#website\"},\"breadcrumb\":{\"@id\":\"https:\\\/\\\/nrcmachine.com\\\/tr\\\/product\\\/paper-roll-slitting-machine\\\/#breadcrumblist\"},\"image\":{\"@type\":\"ImageObject\",\"url\":\"https:\\\/\\\/nrcmachine.com\\\/wp-content\\\/uploads\\\/2025\\\/12\\\/\\u5fae\\u4fe1\\u56fe\\u7247_20251202105908_182_5_\\u526f\\u672c.webp\",\"@id\":\"https:\\\/\\\/nrcmachine.com\\\/tr\\\/product\\\/paper-roll-slitting-machine\\\/#mainImage\",\"width\":800,\"height\":800,\"caption\":\"paper roll slitting machine\"},\"primaryImageOfPage\":{\"@id\":\"https:\\\/\\\/nrcmachine.com\\\/tr\\\/product\\\/paper-roll-slitting-machine\\\/#mainImage\"},\"datePublished\":\"2025-12-02T11:07:32+08:00\",\"dateModified\":\"2025-12-29T14:25:47+08:00\"},{\"@type\":\"WebSite\",\"@id\":\"https:\\\/\\\/nrcmachine.com\\\/tr\\\/#website\",\"url\":\"https:\\\/\\\/nrcmachine.com\\\/tr\\\/\",\"name\":\"Toilet Paper Machine, Paper Tube Machine | NRC Machine\",\"alternateName\":\"Qingdao New Richuan Precision Machine Co.,Ltd\",\"description\":\"Reliable Paper Machinery Solutions\",\"inLanguage\":\"tr-TR\",\"publisher\":{\"@id\":\"https:\\\/\\\/nrcmachine.com\\\/tr\\\/#organization\"}}]}\n\t\t<\/script>\n\t\t<!-- All in One SEO Pro -->\r\n\t\t<title>Paper Roll Slitting Machine - QINGDAO NEW RICHUAN<\/title>\n\n","aioseo_head_json":{"title":"Ka\u011f\u0131t Rulo Dilme Makinesi - QINGDAO NEW RICHUAN","description":"Geni\u015f format kabiliyeti, CNC zekas\u0131 ve y\u00fcksek h\u0131z verimlili\u011fini bir araya getiren bu ka\u011f\u0131t rulo dilme makinesi, d\u00f6n\u00fc\u015ft\u00fcrmede yeni bir \u00f6l\u00e7\u00fct olu\u015fturuyor.","canonical_url":"https:\/\/nrcmachine.com\/tr\/product\/paper-roll-slitting-machine\/","robots":"noodp, max-snippet:-1, max-image-preview:large, max-video-preview:-1","keywords":"","webmasterTools":{"miscellaneous":""},"schema":{"@context":"https:\/\/schema.org","@graph":[{"@type":"BreadcrumbList","@id":"https:\/\/nrcmachine.com\/tr\/product\/paper-roll-slitting-machine\/#breadcrumblist","itemListElement":[{"@type":"ListItem","@id":"https:\/\/nrcmachine.com\/tr#listItem","position":1,"name":"Home","item":"https:\/\/nrcmachine.com\/tr","nextItem":{"@type":"ListItem","@id":"https:\/\/nrcmachine.com\/tr\/product\/#listItem","name":"Products"}},{"@type":"ListItem","@id":"https:\/\/nrcmachine.com\/tr\/product\/#listItem","position":2,"name":"Products","item":"https:\/\/nrcmachine.com\/tr\/product\/","nextItem":{"@type":"ListItem","@id":"https:\/\/nrcmachine.com\/tr\/tag\/paper-slitting-machine\/#listItem","name":"paper slitting machine"},"previousItem":{"@type":"ListItem","@id":"https:\/\/nrcmachine.com\/tr#listItem","name":"Home"}},{"@type":"ListItem","@id":"https:\/\/nrcmachine.com\/tr\/tag\/paper-slitting-machine\/#listItem","position":3,"name":"paper slitting machine","item":"https:\/\/nrcmachine.com\/tr\/tag\/paper-slitting-machine\/","nextItem":{"@type":"ListItem","@id":"https:\/\/nrcmachine.com\/tr\/product\/paper-roll-slitting-machine\/#listItem","name":"Paper Roll Slitting Machine"},"previousItem":{"@type":"ListItem","@id":"https:\/\/nrcmachine.com\/tr\/product\/#listItem","name":"Products"}},{"@type":"ListItem","@id":"https:\/\/nrcmachine.com\/tr\/product\/paper-roll-slitting-machine\/#listItem","position":4,"name":"Paper Roll Slitting Machine","previousItem":{"@type":"ListItem","@id":"https:\/\/nrcmachine.com\/tr\/tag\/paper-slitting-machine\/#listItem","name":"paper slitting machine"}}]},{"@type":"Organization","@id":"https:\/\/nrcmachine.com\/tr\/#organization","name":"Toilet Paper Machine, Paper Tube Machine | NRC Machine wordpress","description":"Reliable Paper Machinery Solutions","url":"https:\/\/nrcmachine.com\/tr\/","email":"james@nrcmachine.com","telephone":"+8615254213289","foundingDate":"2023-11-01","numberOfEmployees":{"@type":"QuantitativeValue","minValue":1,"maxValue":50},"logo":{"@type":"ImageObject","url":"https:\/\/nrcmachine.com\/wp-content\/uploads\/2026\/01\/logo23.png","@id":"https:\/\/nrcmachine.com\/tr\/product\/paper-roll-slitting-machine\/#organizationLogo","width":800,"height":800,"caption":"logo for NRC MACHINE"},"image":{"@id":"https:\/\/nrcmachine.com\/tr\/product\/paper-roll-slitting-machine\/#organizationLogo"},"sameAs":["https:\/\/www.facebook.com\/james.gao.349938","https:\/\/x.com\/JamesGao65335","https:\/\/www.instagram.com\/jamesgao407?igsh=d2YybzFhMjY0YTl3","https:\/\/www.tiktok.com\/@gyl20210118","https:\/\/www.linkedin.com\/in\/--9a63583a9\/"],"address":{"@id":"https:\/\/nrcmachine.com\/tr\/#postaladdress","@type":"PostalAddress","streetAddress":"No..519,Jiangshan South Road,Huangdao,","postalCode":"266500","addressLocality":"Qingdao","addressRegion":"Shandong Province","addressCountry":"CN"},"taxID":"91370211MAD54P6P85","vatID":"91370211MAD54P6P85"},{"@type":"WebPage","@id":"https:\/\/nrcmachine.com\/tr\/product\/paper-roll-slitting-machine\/#webpage","url":"https:\/\/nrcmachine.com\/tr\/product\/paper-roll-slitting-machine\/","name":"Paper Roll Slitting Machine - QINGDAO NEW RICHUAN","description":"Combining wide-format capability, CNC intelligence, and high-speed efficiency, this paper roll slitting machine sets a new benchmark in converting.","inLanguage":"tr-TR","isPartOf":{"@id":"https:\/\/nrcmachine.com\/tr\/#website"},"breadcrumb":{"@id":"https:\/\/nrcmachine.com\/tr\/product\/paper-roll-slitting-machine\/#breadcrumblist"},"image":{"@type":"ImageObject","url":"https:\/\/nrcmachine.com\/wp-content\/uploads\/2025\/12\/\u5fae\u4fe1\u56fe\u7247_20251202105908_182_5_\u526f\u672c.webp","@id":"https:\/\/nrcmachine.com\/tr\/product\/paper-roll-slitting-machine\/#mainImage","width":800,"height":800,"caption":"paper roll slitting machine"},"primaryImageOfPage":{"@id":"https:\/\/nrcmachine.com\/tr\/product\/paper-roll-slitting-machine\/#mainImage"},"datePublished":"2025-12-02T11:07:32+08:00","dateModified":"2025-12-29T14:25:47+08:00"},{"@type":"WebSite","@id":"https:\/\/nrcmachine.com\/tr\/#website","url":"https:\/\/nrcmachine.com\/tr\/","name":"Toilet Paper Machine, Paper Tube Machine | NRC Machine","alternateName":"Qingdao New Richuan Precision Machine Co.,Ltd","description":"Reliable Paper Machinery Solutions","inLanguage":"tr-TR","publisher":{"@id":"https:\/\/nrcmachine.com\/tr\/#organization"}}]},"og:locale":"tr_TR","og:site_name":"Toilet Paper Machine, Paper Tube Machine | NRC Machine - Reliable Paper Machinery Solutions","og:type":"article","og:title":"Paper Roll Slitting Machine - QINGDAO NEW RICHUAN","og:description":"Combining wide-format capability, CNC intelligence, and high-speed efficiency, this paper roll slitting machine sets a new benchmark in converting.","og:url":"https:\/\/nrcmachine.com\/tr\/product\/paper-roll-slitting-machine\/","og:image":"https:\/\/nrcmachine.com\/wp-content\/uploads\/2025\/12\/\u5fae\u4fe1\u56fe\u7247_20251202105908_182_5_\u526f\u672c.webp","og:image:secure_url":"https:\/\/nrcmachine.com\/wp-content\/uploads\/2025\/12\/\u5fae\u4fe1\u56fe\u7247_20251202105908_182_5_\u526f\u672c.webp","og:image:width":800,"og:image:height":800,"article:published_time":"2025-12-02T03:07:32+00:00","article:modified_time":"2025-12-29T06:25:47+00:00","article:publisher":"https:\/\/www.facebook.com\/james.gao.349938","twitter:card":"summary","twitter:site":"@JamesGao65335","twitter:title":"Paper Roll Slitting Machine - QINGDAO NEW RICHUAN","twitter:description":"Combining wide-format capability, CNC intelligence, and high-speed efficiency, this paper roll slitting machine sets a new benchmark in converting.","twitter:image":"https:\/\/nrcmachine.com\/wp-content\/uploads\/2025\/12\/\u5fae\u4fe1\u56fe\u7247_20251202105908_182_5_\u526f\u672c.webp"},"aioseo_meta_data":{"post_id":"2403","title":"#post_title #separator_sa QINGDAO NEW RICHUAN","description":"Geni\u015f format kabiliyeti, CNC zekas\u0131 ve y\u00fcksek h\u0131z verimlili\u011fini bir araya getiren bu ka\u011f\u0131t rulo dilme makinesi, d\u00f6n\u00fc\u015ft\u00fcrmede yeni bir \u00f6l\u00e7\u00fct olu\u015fturuyor.","keywords":null,"keyphrases":{"focus":{"keyphrase":"paper roll slitting machine","score":100,"analysis":{"keyphraseInTitle":{"score":9,"maxScore":9,"error":0},"keyphraseInDescription":{"score":9,"maxScore":9,"error":0},"keyphraseLength":{"score":9,"maxScore":9,"error":0,"length":4},"keyphraseInURL":{"score":5,"maxScore":5,"error":0},"keyphraseInIntroduction":{"score":9,"maxScore":9,"error":0},"keyphraseInSubHeadings":[],"keyphraseInImageAlt":[],"keywordDensity":{"type":"best","score":9,"maxScore":9,"error":0}}},"additional":[]},"primary_term":null,"canonical_url":null,"og_title":null,"og_description":null,"og_object_type":"default","og_image_type":"default","og_image_url":null,"og_image_width":null,"og_image_height":null,"og_image_custom_url":null,"og_image_custom_fields":null,"og_video":"","og_custom_url":null,"og_article_section":null,"og_article_tags":null,"twitter_use_og":false,"twitter_card":"default","twitter_image_type":"default","twitter_image_url":null,"twitter_image_custom_url":null,"twitter_image_custom_fields":null,"twitter_title":null,"twitter_description":null,"schema":{"blockGraphs":[],"customGraphs":[],"default":{"data":{"Article":[],"Course":[],"Dataset":[],"FAQPage":[],"Movie":[],"Person":[],"Product":[],"ProductReview":[],"Car":[],"Recipe":[],"Service":[],"SoftwareApplication":[],"WebPage":[]},"graphName":"ItemPage","isEnabled":true},"graphs":[]},"schema_type":"default","schema_type_options":null,"pillar_content":false,"robots_default":true,"robots_noindex":false,"robots_noarchive":false,"robots_nosnippet":false,"robots_nofollow":false,"robots_noimageindex":false,"robots_noodp":false,"robots_notranslate":false,"robots_max_snippet":"-1","robots_max_videopreview":"-1","robots_max_imagepreview":"large","priority":null,"frequency":"default","local_seo":null,"seo_analyzer_scan_date":"2026-02-13 03:28:56","breadcrumb_settings":null,"limit_modified_date":false,"reviewed_by":null,"open_ai":null,"ai":{"faqs":[],"keyPoints":[],"titles":[],"descriptions":[],"socialPosts":{"email":[],"linkedin":[],"twitter":[],"facebook":[],"instagram":[]}},"created":"2025-12-11 08:52:38","updated":"2026-02-13 06:55:10"},"aioseo_breadcrumb":"<div class=\"aioseo-breadcrumbs\"><span class=\"aioseo-breadcrumb\">\n\t<a href=\"https:\/\/nrcmachine.com\/tr\" title=\"Home\">Home<\/a>\n<\/span><span class=\"aioseo-breadcrumb-separator\">\u00bb<\/span><span class=\"aioseo-breadcrumb\">\n\t<a href=\"https:\/\/nrcmachine.com\/tr\/product\/\" title=\"Products\">Products<\/a>\n<\/span><span class=\"aioseo-breadcrumb-separator\">\u00bb<\/span><span class=\"aioseo-breadcrumb\">\n\t<a href=\"https:\/\/nrcmachine.com\/tr\/tag\/paper-slitting-machine\/\" title=\"paper slitting machine\">paper slitting machine<\/a>\n<\/span><span class=\"aioseo-breadcrumb-separator\">\u00bb<\/span><span class=\"aioseo-breadcrumb\">\n\tPaper Roll Slitting Machine\n<\/span><\/div>","aioseo_breadcrumb_json":[{"label":"Home","link":"https:\/\/nrcmachine.com\/tr"},{"label":"Products","link":"https:\/\/nrcmachine.com\/tr\/product\/"},{"label":"paper slitting machine","link":"https:\/\/nrcmachine.com\/tr\/tag\/paper-slitting-machine\/"},{"label":"Paper Roll Slitting Machine","link":"https:\/\/nrcmachine.com\/tr\/product\/paper-roll-slitting-machine\/"}],"_links":{"self":[{"href":"https:\/\/nrcmachine.com\/tr\/wp-json\/wp\/v2\/product\/2403","targetHints":{"allow":["GET"]}}],"collection":[{"href":"https:\/\/nrcmachine.com\/tr\/wp-json\/wp\/v2\/product"}],"about":[{"href":"https:\/\/nrcmachine.com\/tr\/wp-json\/wp\/v2\/types\/product"}],"version-history":[{"count":0,"href":"https:\/\/nrcmachine.com\/tr\/wp-json\/wp\/v2\/product\/2403\/revisions"}],"wp:featuredmedia":[{"embeddable":true,"href":"https:\/\/nrcmachine.com\/tr\/wp-json\/wp\/v2\/media\/2404"}],"wp:attachment":[{"href":"https:\/\/nrcmachine.com\/tr\/wp-json\/wp\/v2\/media?parent=2403"}],"wp:term":[{"taxonomy":"post_tag","embeddable":true,"href":"https:\/\/nrcmachine.com\/tr\/wp-json\/wp\/v2\/tags?post=2403"},{"taxonomy":"products","embeddable":true,"href":"https:\/\/nrcmachine.com\/tr\/wp-json\/wp\/v2\/products?post=2403"}],"curies":[{"name":"wp","href":"https:\/\/api.w.org\/{rel}","templated":true}]}}