 {"id":3687,"date":"2026-01-05T10:00:40","date_gmt":"2026-01-05T02:00:40","guid":{"rendered":"https:\/\/nrcmachine.com\/?post_type=product&#038;p=3687"},"modified":"2026-01-05T10:14:38","modified_gmt":"2026-01-05T02:14:38","slug":"parallel-paper-core-winding-machine","status":"publish","type":"product","link":"https:\/\/nrcmachine.com\/tr\/product\/parallel-paper-core-winding-machine\/","title":{"rendered":"Paralel Ka\u011f\u0131t \u00c7ekirdek Sarma Makinesi"},"content":{"rendered":"<h3 style=\"text-align: center;\"><strong>NRC MACHINE'in Paralel Ka\u011f\u0131t \u00c7ekirdek Sarma Makinesi ile tan\u0131\u015f\u0131n<\/strong><\/h3>\n<p>NRC MACHINE gururla sunar <strong>paralel ka\u011fit g\u00f6bek sarma maki\u0307nesi\u0307<\/strong>. Bu makine Qingdao New Richuan Precision Machine Co, Ltd. taraf\u0131ndan yap\u0131lm\u0131\u015ft\u0131r. Y\u00fcksek performans ve uzun \u00f6m\u00fcr i\u00e7in \u00fcretilmi\u015ftir. Makine \u00e7e\u015fitli ka\u011f\u0131t t\u00fcp \u00fcretim ihtiya\u00e7lar\u0131na uygundur.<\/p>\n<div class=\"ast-oembed-container\" style=\"height: 100%;\"><iframe title=\"Sat\u0131l\u0131k Fabrika Fiyat\u0131 #machine #factory \u0130\u00e7in Y\u00fcksek H\u0131zl\u0131 Paralel Ka\u011f\u0131t T\u00fcp Yapma Makinesi\" width=\"422\" height=\"750\" src=\"https:\/\/www.youtube.com\/embed\/7ezUriCaVjQ?feature=oembed\" frameborder=\"0\" allow=\"accelerometer; autoplay; clipboard-write; encrypted-media; gyroscope; picture-in-picture; web-share\" referrerpolicy=\"strict-origin-when-cross-origin\" allowfullscreen><\/iframe><\/div>\n<h4><strong>Temel \u00d6zellikleri <a href=\"https:\/\/nrcmachine.com\/product\/parallel-paper-tube-forming-machine\/\">Paralel Ka\u011f\u0131t \u00c7ekirdek Sarma Makinesi<\/a><\/strong><\/h4>\n<p>Makine 16~50mm i\u00e7 \u00e7apa sahip ka\u011f\u0131t damarlar\u0131n\u0131 i\u015fler.<\/p>\n<p>Duvar kal\u0131nl\u0131\u011f\u0131 1~5mm olabilir.<\/p>\n<p>Maksimum uzunluk 650 mm'ye ula\u015f\u0131r.<\/p>\n<p>Bu \u00f6zellikler \u00e7o\u011fu end\u00fcstriyel talebi kar\u015f\u0131lamaktad\u0131r.<\/p>\n<p>Sistemi bir servo motor \u00e7al\u0131\u015ft\u0131r\u0131r.<\/p>\n<p>Bu, p\u00fcr\u00fczs\u00fcz ve hassas kontrol sa\u011flar.<\/p>\n<p>Makine bir PLC kontrol\u00f6r\u00fc kullanmaktad\u0131r.<\/p>\n<p>Operasyonlar istikrarl\u0131 ve tekrarlanabilir kal\u0131r.<\/p>\n<h4><strong>Neden Bu Paralel Ka\u011f\u0131t \u00c7ekirdek Sarma Makinesini Se\u00e7melisiniz?<\/strong><\/h4>\n<p>Bu <a href=\"https:\/\/nrcmachine.com\/product\/parallel-paper-tube-forming-machine\/\"><strong>paralel ka\u011fit g\u00f6bek sarma maki\u0307nesi\u0307<\/strong><\/a>\u00a0pazarda \u00f6ne \u00e7\u0131k\u0131yor.<\/p>\n<p>Kaliteden \u00f6d\u00fcn vermeden y\u00fcksek h\u0131z sunar. Kurulumu h\u0131zl\u0131 ve basittir. \u00c7al\u0131\u015fanlar dakikalar i\u00e7inde ba\u015flayabilir. Bak\u0131m\u0131 kolayd\u0131r. Daha az duru\u015f s\u00fcresi daha fazla \u00e7\u0131kt\u0131 anlam\u0131na gelir. Tasar\u0131m\u0131 g\u00fc\u00e7l\u00fc ve g\u00fcvenlidir.<\/p>\n<h4><strong>Ak\u0131ll\u0131 Kontrol ve Y\u00fcksek Verimlilik<\/strong><\/h4>\n<p>PLC kontrol \u00fcnitesi t\u00fcm \u00f6nemli fonksiyonlar\u0131 y\u00f6netir.<\/p>\n<p>Ger\u00e7ek zamanl\u0131 izleme sa\u011flar.<\/p>\n<p>Servo motor h\u0131z\u0131 an\u0131nda ayarlar.<\/p>\n<p>Bu da verimlili\u011fi art\u0131r\u0131r.<\/p>\n<p>Sistem enerji tasarrufu sa\u011flar.<\/p>\n<p>At\u0131klar\u0131 azalt\u0131r.<\/p>\n<p>Operat\u00f6rler tam kontrol alt\u0131nda kal\u0131r.<\/p>\n<p>Alarmlar sorunlar\u0131 erken uyar\u0131r.<\/p>\n<h4><strong>Ger\u00e7ek D\u00fcnya Performans\u0131 i\u00e7in \u00dcretildi<\/strong><\/h4>\n<p>NRC MACHINE fabrikalar\u0131n neye ihtiyac\u0131 oldu\u011funu bilir.<\/p>\n<p>O <a href=\"https:\/\/nrcmachine.com\/product\/parallel-paper-tube-forming-machine\/\"><strong>paralel ka\u011fit g\u00f6bek sarma maki\u0307nesi\u0307<\/strong><\/a>\u00a0sa\u011flam ve g\u00fcvenilirdir.<\/p>\n<p>Her g\u00fcn uzun saatler boyunca \u00e7al\u0131\u015f\u0131r.<\/p>\n<p>Farkl\u0131 ka\u011f\u0131t t\u00fcrlerini i\u015fler.<\/p>\n<p>Tek veya \u00e7ok katmanl\u0131 ka\u011f\u0131tla \u00e7al\u0131\u015f\u0131r.<\/p>\n<p>De\u011fi\u015fimler \u00e7ok az zaman al\u0131r.<\/p>\n<p>Bu makine k\u00e2r\u0131n\u0131z\u0131 art\u0131r\u0131r.<\/p>\n<h4><strong>Son D\u00fc\u015f\u00fcnceler: Modern Fabrikalar i\u00e7in Ak\u0131ll\u0131 Bir Se\u00e7im<\/strong><\/h4>\n<p>O <a href=\"https:\/\/nrcmachine.com\/product\/parallel-paper-tube-forming-machine\/\"><strong>paralel ka\u011fit g\u00f6bek sarma maki\u0307nesi\u0307<\/strong><\/a>\u00a0gelen <a href=\"https:\/\/nrcmachine.com\">NRC MAK\u0130NE<\/a> \u00fcst d\u00fczey bir \u00e7\u00f6z\u00fcmd\u00fcr.<\/p>\n<p>Hassasiyet, g\u00fc\u00e7 ve kullan\u0131m kolayl\u0131\u011f\u0131n\u0131 bir araya getirir.<\/p>\n<p>\u0130\u00e7 \u00e7ap: 16 ~ 50 mm, ka\u011f\u0131t t\u00fcp duvar kal\u0131nl\u0131\u011f\u0131: 1 ~ 5 mm ve maksimum uzunluk: 650 mm ile temel ihtiya\u00e7lar\u0131 kar\u015f\u0131lar.<\/p>\n<p>Servo motor ve PLC kontrol\u00f6r ile g\u00fc\u00e7lendirilmi\u015f olup, ak\u0131ll\u0131 ve sorunsuz \u00e7al\u0131\u015f\u0131r.<\/p>\n<p>Bunu se\u00e7in <a href=\"https:\/\/youtube.com\/shorts\/7ezUriCaVjQ?feature=share\">makine<\/a> daha iyi \u00e7\u0131kt\u0131 ve daha d\u00fc\u015f\u00fck maliyetler i\u00e7in.<\/p>\n<p>Bug\u00fcn ak\u0131ll\u0131ca bir hamle yap\u0131n.<\/p>\n<p>&nbsp;<\/p>","protected":false},"featured_media":3688,"template":"","meta":{"_acf_changed":false,"_monsterinsights_skip_tracking":false,"_monsterinsights_sitenote_active":false,"_monsterinsights_sitenote_note":"","_monsterinsights_sitenote_category":0,"site-sidebar-layout":"default","site-content-layout":"","ast-site-content-layout":"default","site-content-style":"default","site-sidebar-style":"default","ast-global-header-display":"","ast-banner-title-visibility":"","ast-main-header-display":"","ast-hfb-above-header-display":"","ast-hfb-below-header-display":"","ast-hfb-mobile-header-display":"","site-post-title":"","ast-breadcrumbs-content":"","ast-featured-img":"","footer-sml-layout":"","theme-transparent-header-meta":"default","adv-header-id-meta":"","stick-header-meta":"default","header-above-stick-meta":"","header-main-stick-meta":"","header-below-stick-meta":"","astra-migrate-meta-layouts":"set","ast-page-background-enabled":"default","ast-page-background-meta":{"desktop":{"background-color":"var(--ast-global-color-4)","background-image":"","background-repeat":"repeat","background-position":"center center","background-size":"auto","background-attachment":"scroll","background-type":"","background-media":"","overlay-type":"","overlay-color":"","overlay-opacity":"","overlay-gradient":""},"tablet":{"background-color":"","background-image":"","background-repeat":"repeat","background-position":"center center","background-size":"auto","background-attachment":"scroll","background-type":"","background-media":"","overlay-type":"","overlay-color":"","overlay-opacity":"","overlay-gradient":""},"mobile":{"background-color":"","background-image":"","background-repeat":"repeat","background-position":"center center","background-size":"auto","background-attachment":"scroll","background-type":"","background-media":"","overlay-type":"","overlay-color":"","overlay-opacity":"","overlay-gradient":""}},"ast-content-background-meta":{"desktop":{"background-color":"var(--ast-global-color-5)","background-image":"","background-repeat":"repeat","background-position":"center center","background-size":"auto","background-attachment":"scroll","background-type":"","background-media":"","overlay-type":"","overlay-color":"","overlay-opacity":"","overlay-gradient":""},"tablet":{"background-color":"var(--ast-global-color-5)","background-image":"","background-repeat":"repeat","background-position":"center center","background-size":"auto","background-attachment":"scroll","background-type":"","background-media":"","overlay-type":"","overlay-color":"","overlay-opacity":"","overlay-gradient":""},"mobile":{"background-color":"var(--ast-global-color-5)","background-image":"","background-repeat":"repeat","background-position":"center center","background-size":"auto","background-attachment":"scroll","background-type":"","background-media":"","overlay-type":"","overlay-color":"","overlay-opacity":"","overlay-gradient":""}}},"tags":[51],"products":[73],"class_list":["post-3687","product","type-product","status-publish","has-post-thumbnail","hentry","tag-paper-core-machine","products-parallel-paper-tube-machine"],"acf":[],"aioseo_notices":[],"aioseo_head":"\n\t\t<!-- All in One SEO Pro 4.9.2 - aioseo.com -->\n\t<meta name=\"description\" content=\"NRC MACHINE proudly presents the parallel paper core winding machine. This machine is made by Qingdao New Richuan Precision Machine Co., Ltd.\" \/>\n\t<meta name=\"robots\" content=\"noodp, max-snippet:-1, max-image-preview:large, max-video-preview:-1\" \/>\n\t<link rel=\"canonical\" href=\"https:\/\/nrcmachine.com\/tr\/product\/parallel-paper-core-winding-machine\/\" \/>\n\t<meta name=\"generator\" content=\"All in One SEO Pro (AIOSEO) 4.9.2\" \/>\n\t\t<meta property=\"og:locale\" content=\"tr_TR\" \/>\n\t\t<meta property=\"og:site_name\" content=\"Toilet Paper Machine, Paper Tube Machine | NRC Machine - Reliable Paper Machinery Solutions\" \/>\n\t\t<meta property=\"og:type\" content=\"article\" \/>\n\t\t<meta property=\"og:title\" content=\"Parallel Paper Core Winding Machine - QINGDAO NEW RICHUAN\" \/>\n\t\t<meta property=\"og:description\" content=\"NRC MACHINE proudly presents the parallel paper core winding machine. This machine is made by Qingdao New Richuan Precision Machine Co., Ltd.\" \/>\n\t\t<meta property=\"og:url\" content=\"https:\/\/nrcmachine.com\/tr\/product\/parallel-paper-core-winding-machine\/\" \/>\n\t\t<meta property=\"og:image\" content=\"https:\/\/nrcmachine.com\/wp-content\/uploads\/2026\/01\/parallel-paper-core-winding-machine-2.webp\" \/>\n\t\t<meta property=\"og:image:secure_url\" content=\"https:\/\/nrcmachine.com\/wp-content\/uploads\/2026\/01\/parallel-paper-core-winding-machine-2.webp\" \/>\n\t\t<meta property=\"og:image:width\" content=\"1000\" \/>\n\t\t<meta property=\"og:image:height\" content=\"562\" \/>\n\t\t<meta property=\"article:published_time\" content=\"2026-01-05T02:00:40+00:00\" \/>\n\t\t<meta property=\"article:modified_time\" content=\"2026-01-05T02:14:38+00:00\" \/>\n\t\t<meta property=\"article:publisher\" content=\"https:\/\/www.facebook.com\/james.gao.349938\" \/>\n\t\t<meta name=\"twitter:card\" content=\"summary\" \/>\n\t\t<meta name=\"twitter:site\" content=\"@JamesGao65335\" \/>\n\t\t<meta name=\"twitter:title\" content=\"Parallel Paper Core Winding Machine - QINGDAO NEW RICHUAN\" \/>\n\t\t<meta name=\"twitter:description\" content=\"NRC MACHINE proudly presents the parallel paper core winding machine. This machine is made by Qingdao New Richuan Precision Machine Co., Ltd.\" \/>\n\t\t<meta name=\"twitter:image\" content=\"https:\/\/nrcmachine.com\/wp-content\/uploads\/2026\/01\/parallel-paper-core-winding-machine-1.webp\" \/>\n\t\t<script type=\"application\/ld+json\" class=\"aioseo-schema\">\n\t\t\t{\"@context\":\"https:\\\/\\\/schema.org\",\"@graph\":[{\"@type\":\"BreadcrumbList\",\"@id\":\"https:\\\/\\\/nrcmachine.com\\\/tr\\\/product\\\/parallel-paper-core-winding-machine\\\/#breadcrumblist\",\"itemListElement\":[{\"@type\":\"ListItem\",\"@id\":\"https:\\\/\\\/nrcmachine.com\\\/tr#listItem\",\"position\":1,\"name\":\"Home\",\"item\":\"https:\\\/\\\/nrcmachine.com\\\/tr\",\"nextItem\":{\"@type\":\"ListItem\",\"@id\":\"https:\\\/\\\/nrcmachine.com\\\/tr\\\/product\\\/#listItem\",\"name\":\"Products\"}},{\"@type\":\"ListItem\",\"@id\":\"https:\\\/\\\/nrcmachine.com\\\/tr\\\/product\\\/#listItem\",\"position\":2,\"name\":\"Products\",\"item\":\"https:\\\/\\\/nrcmachine.com\\\/tr\\\/product\\\/\",\"nextItem\":{\"@type\":\"ListItem\",\"@id\":\"https:\\\/\\\/nrcmachine.com\\\/tr\\\/tag\\\/paper-core-machine\\\/#listItem\",\"name\":\"paper core machine\"},\"previousItem\":{\"@type\":\"ListItem\",\"@id\":\"https:\\\/\\\/nrcmachine.com\\\/tr#listItem\",\"name\":\"Home\"}},{\"@type\":\"ListItem\",\"@id\":\"https:\\\/\\\/nrcmachine.com\\\/tr\\\/tag\\\/paper-core-machine\\\/#listItem\",\"position\":3,\"name\":\"paper core machine\",\"item\":\"https:\\\/\\\/nrcmachine.com\\\/tr\\\/tag\\\/paper-core-machine\\\/\",\"nextItem\":{\"@type\":\"ListItem\",\"@id\":\"https:\\\/\\\/nrcmachine.com\\\/tr\\\/product\\\/parallel-paper-core-winding-machine\\\/#listItem\",\"name\":\"Parallel Paper Core Winding Machine\"},\"previousItem\":{\"@type\":\"ListItem\",\"@id\":\"https:\\\/\\\/nrcmachine.com\\\/tr\\\/product\\\/#listItem\",\"name\":\"Products\"}},{\"@type\":\"ListItem\",\"@id\":\"https:\\\/\\\/nrcmachine.com\\\/tr\\\/product\\\/parallel-paper-core-winding-machine\\\/#listItem\",\"position\":4,\"name\":\"Parallel Paper Core Winding Machine\",\"previousItem\":{\"@type\":\"ListItem\",\"@id\":\"https:\\\/\\\/nrcmachine.com\\\/tr\\\/tag\\\/paper-core-machine\\\/#listItem\",\"name\":\"paper core machine\"}}]},{\"@type\":\"Organization\",\"@id\":\"https:\\\/\\\/nrcmachine.com\\\/tr\\\/#organization\",\"name\":\"Toilet Paper Machine, Paper Tube Machine | NRC Machine wordpress\",\"description\":\"Reliable Paper Machinery Solutions\",\"url\":\"https:\\\/\\\/nrcmachine.com\\\/tr\\\/\",\"email\":\"james@nrcmachine.com\",\"telephone\":\"+8615254213289\",\"foundingDate\":\"2023-11-01\",\"numberOfEmployees\":{\"@type\":\"QuantitativeValue\",\"minValue\":1,\"maxValue\":50},\"logo\":{\"@type\":\"ImageObject\",\"url\":\"https:\\\/\\\/nrcmachine.com\\\/wp-content\\\/uploads\\\/2026\\\/01\\\/logo23.png\",\"@id\":\"https:\\\/\\\/nrcmachine.com\\\/tr\\\/product\\\/parallel-paper-core-winding-machine\\\/#organizationLogo\",\"width\":800,\"height\":800,\"caption\":\"logo for NRC MACHINE\"},\"image\":{\"@id\":\"https:\\\/\\\/nrcmachine.com\\\/tr\\\/product\\\/parallel-paper-core-winding-machine\\\/#organizationLogo\"},\"sameAs\":[\"https:\\\/\\\/www.facebook.com\\\/james.gao.349938\",\"https:\\\/\\\/x.com\\\/JamesGao65335\",\"https:\\\/\\\/www.instagram.com\\\/jamesgao407?igsh=d2YybzFhMjY0YTl3\",\"https:\\\/\\\/www.tiktok.com\\\/@gyl20210118\",\"https:\\\/\\\/www.linkedin.com\\\/in\\\/--9a63583a9\\\/\"],\"address\":{\"@id\":\"https:\\\/\\\/nrcmachine.com\\\/tr\\\/#postaladdress\",\"@type\":\"PostalAddress\",\"streetAddress\":\"No..519,Jiangshan South Road,Huangdao,\",\"postalCode\":\"266500\",\"addressLocality\":\"Qingdao\",\"addressRegion\":\"Shandong Province\",\"addressCountry\":\"CN\"},\"taxID\":\"91370211MAD54P6P85\",\"vatID\":\"91370211MAD54P6P85\"},{\"@type\":\"WebPage\",\"@id\":\"https:\\\/\\\/nrcmachine.com\\\/tr\\\/product\\\/parallel-paper-core-winding-machine\\\/#webpage\",\"url\":\"https:\\\/\\\/nrcmachine.com\\\/tr\\\/product\\\/parallel-paper-core-winding-machine\\\/\",\"name\":\"Parallel Paper Core Winding Machine - QINGDAO NEW RICHUAN\",\"description\":\"NRC MACHINE proudly presents the parallel paper core winding machine. This machine is made by Qingdao New Richuan Precision Machine Co., Ltd.\",\"inLanguage\":\"tr-TR\",\"isPartOf\":{\"@id\":\"https:\\\/\\\/nrcmachine.com\\\/tr\\\/#website\"},\"breadcrumb\":{\"@id\":\"https:\\\/\\\/nrcmachine.com\\\/tr\\\/product\\\/parallel-paper-core-winding-machine\\\/#breadcrumblist\"},\"image\":{\"@type\":\"ImageObject\",\"url\":\"https:\\\/\\\/nrcmachine.com\\\/wp-content\\\/uploads\\\/2026\\\/01\\\/parallel-paper-core-winding-machine-1.webp\",\"@id\":\"https:\\\/\\\/nrcmachine.com\\\/tr\\\/product\\\/parallel-paper-core-winding-machine\\\/#mainImage\",\"width\":800,\"height\":800,\"caption\":\"parallel paper core winding machine\"},\"primaryImageOfPage\":{\"@id\":\"https:\\\/\\\/nrcmachine.com\\\/tr\\\/product\\\/parallel-paper-core-winding-machine\\\/#mainImage\"},\"datePublished\":\"2026-01-05T10:00:40+08:00\",\"dateModified\":\"2026-01-05T10:14:38+08:00\"},{\"@type\":\"WebSite\",\"@id\":\"https:\\\/\\\/nrcmachine.com\\\/tr\\\/#website\",\"url\":\"https:\\\/\\\/nrcmachine.com\\\/tr\\\/\",\"name\":\"Toilet Paper Machine, Paper Tube Machine | NRC Machine\",\"alternateName\":\"Qingdao New Richuan Precision Machine Co.,Ltd\",\"description\":\"Reliable Paper Machinery Solutions\",\"inLanguage\":\"tr-TR\",\"publisher\":{\"@id\":\"https:\\\/\\\/nrcmachine.com\\\/tr\\\/#organization\"}}]}\n\t\t<\/script>\n\t\t<!-- All in One SEO Pro -->\r\n\t\t<title>Parallel Paper Core Winding Machine - QINGDAO NEW RICHUAN<\/title>\n\n","aioseo_head_json":{"title":"Paralel Ka\u011f\u0131t \u00c7ekirdek Sarma Makinesi - QINGDAO NEW RICHUAN","description":"NRC MACHINE, paralel ka\u011f\u0131t g\u00f6bek sarma makinesini gururla sunar. Bu makine Qingdao New Richuan Precision Machine Co, Ltd. taraf\u0131ndan yap\u0131lm\u0131\u015ft\u0131r.","canonical_url":"https:\/\/nrcmachine.com\/tr\/product\/parallel-paper-core-winding-machine\/","robots":"noodp, max-snippet:-1, max-image-preview:large, max-video-preview:-1","keywords":"","webmasterTools":{"miscellaneous":""},"schema":{"@context":"https:\/\/schema.org","@graph":[{"@type":"BreadcrumbList","@id":"https:\/\/nrcmachine.com\/tr\/product\/parallel-paper-core-winding-machine\/#breadcrumblist","itemListElement":[{"@type":"ListItem","@id":"https:\/\/nrcmachine.com\/tr#listItem","position":1,"name":"Home","item":"https:\/\/nrcmachine.com\/tr","nextItem":{"@type":"ListItem","@id":"https:\/\/nrcmachine.com\/tr\/product\/#listItem","name":"Products"}},{"@type":"ListItem","@id":"https:\/\/nrcmachine.com\/tr\/product\/#listItem","position":2,"name":"Products","item":"https:\/\/nrcmachine.com\/tr\/product\/","nextItem":{"@type":"ListItem","@id":"https:\/\/nrcmachine.com\/tr\/tag\/paper-core-machine\/#listItem","name":"paper core machine"},"previousItem":{"@type":"ListItem","@id":"https:\/\/nrcmachine.com\/tr#listItem","name":"Home"}},{"@type":"ListItem","@id":"https:\/\/nrcmachine.com\/tr\/tag\/paper-core-machine\/#listItem","position":3,"name":"paper core machine","item":"https:\/\/nrcmachine.com\/tr\/tag\/paper-core-machine\/","nextItem":{"@type":"ListItem","@id":"https:\/\/nrcmachine.com\/tr\/product\/parallel-paper-core-winding-machine\/#listItem","name":"Parallel Paper Core Winding Machine"},"previousItem":{"@type":"ListItem","@id":"https:\/\/nrcmachine.com\/tr\/product\/#listItem","name":"Products"}},{"@type":"ListItem","@id":"https:\/\/nrcmachine.com\/tr\/product\/parallel-paper-core-winding-machine\/#listItem","position":4,"name":"Parallel Paper Core Winding Machine","previousItem":{"@type":"ListItem","@id":"https:\/\/nrcmachine.com\/tr\/tag\/paper-core-machine\/#listItem","name":"paper core machine"}}]},{"@type":"Organization","@id":"https:\/\/nrcmachine.com\/tr\/#organization","name":"Toilet Paper Machine, Paper Tube Machine | NRC Machine wordpress","description":"Reliable Paper Machinery Solutions","url":"https:\/\/nrcmachine.com\/tr\/","email":"james@nrcmachine.com","telephone":"+8615254213289","foundingDate":"2023-11-01","numberOfEmployees":{"@type":"QuantitativeValue","minValue":1,"maxValue":50},"logo":{"@type":"ImageObject","url":"https:\/\/nrcmachine.com\/wp-content\/uploads\/2026\/01\/logo23.png","@id":"https:\/\/nrcmachine.com\/tr\/product\/parallel-paper-core-winding-machine\/#organizationLogo","width":800,"height":800,"caption":"logo for NRC MACHINE"},"image":{"@id":"https:\/\/nrcmachine.com\/tr\/product\/parallel-paper-core-winding-machine\/#organizationLogo"},"sameAs":["https:\/\/www.facebook.com\/james.gao.349938","https:\/\/x.com\/JamesGao65335","https:\/\/www.instagram.com\/jamesgao407?igsh=d2YybzFhMjY0YTl3","https:\/\/www.tiktok.com\/@gyl20210118","https:\/\/www.linkedin.com\/in\/--9a63583a9\/"],"address":{"@id":"https:\/\/nrcmachine.com\/tr\/#postaladdress","@type":"PostalAddress","streetAddress":"No..519,Jiangshan South Road,Huangdao,","postalCode":"266500","addressLocality":"Qingdao","addressRegion":"Shandong Province","addressCountry":"CN"},"taxID":"91370211MAD54P6P85","vatID":"91370211MAD54P6P85"},{"@type":"WebPage","@id":"https:\/\/nrcmachine.com\/tr\/product\/parallel-paper-core-winding-machine\/#webpage","url":"https:\/\/nrcmachine.com\/tr\/product\/parallel-paper-core-winding-machine\/","name":"Parallel Paper Core Winding Machine - QINGDAO NEW RICHUAN","description":"NRC MACHINE proudly presents the parallel paper core winding machine. This machine is made by Qingdao New Richuan Precision Machine Co., Ltd.","inLanguage":"tr-TR","isPartOf":{"@id":"https:\/\/nrcmachine.com\/tr\/#website"},"breadcrumb":{"@id":"https:\/\/nrcmachine.com\/tr\/product\/parallel-paper-core-winding-machine\/#breadcrumblist"},"image":{"@type":"ImageObject","url":"https:\/\/nrcmachine.com\/wp-content\/uploads\/2026\/01\/parallel-paper-core-winding-machine-1.webp","@id":"https:\/\/nrcmachine.com\/tr\/product\/parallel-paper-core-winding-machine\/#mainImage","width":800,"height":800,"caption":"parallel paper core winding machine"},"primaryImageOfPage":{"@id":"https:\/\/nrcmachine.com\/tr\/product\/parallel-paper-core-winding-machine\/#mainImage"},"datePublished":"2026-01-05T10:00:40+08:00","dateModified":"2026-01-05T10:14:38+08:00"},{"@type":"WebSite","@id":"https:\/\/nrcmachine.com\/tr\/#website","url":"https:\/\/nrcmachine.com\/tr\/","name":"Toilet Paper Machine, Paper Tube Machine | NRC Machine","alternateName":"Qingdao New Richuan Precision Machine Co.,Ltd","description":"Reliable Paper Machinery Solutions","inLanguage":"tr-TR","publisher":{"@id":"https:\/\/nrcmachine.com\/tr\/#organization"}}]},"og:locale":"tr_TR","og:site_name":"Toilet Paper Machine, Paper Tube Machine | NRC Machine - Reliable Paper Machinery Solutions","og:type":"article","og:title":"Parallel Paper Core Winding Machine - QINGDAO NEW RICHUAN","og:description":"NRC MACHINE proudly presents the parallel paper core winding machine. This machine is made by Qingdao New Richuan Precision Machine Co., Ltd.","og:url":"https:\/\/nrcmachine.com\/tr\/product\/parallel-paper-core-winding-machine\/","og:image":"https:\/\/nrcmachine.com\/wp-content\/uploads\/2026\/01\/parallel-paper-core-winding-machine-2.webp","og:image:secure_url":"https:\/\/nrcmachine.com\/wp-content\/uploads\/2026\/01\/parallel-paper-core-winding-machine-2.webp","og:image:width":1000,"og:image:height":562,"article:published_time":"2026-01-05T02:00:40+00:00","article:modified_time":"2026-01-05T02:14:38+00:00","article:publisher":"https:\/\/www.facebook.com\/james.gao.349938","twitter:card":"summary","twitter:site":"@JamesGao65335","twitter:title":"Parallel Paper Core Winding Machine - QINGDAO NEW RICHUAN","twitter:description":"NRC MACHINE proudly presents the parallel paper core winding machine. This machine is made by Qingdao New Richuan Precision Machine Co., Ltd.","twitter:image":"https:\/\/nrcmachine.com\/wp-content\/uploads\/2026\/01\/parallel-paper-core-winding-machine-1.webp"},"aioseo_meta_data":{"post_id":"3687","title":"#post_title #separator_sa QINGDAO NEW RICHUAN","description":"NRC MACHINE, paralel ka\u011f\u0131t g\u00f6bek sarma makinesini gururla sunar. Bu makine Qingdao New Richuan Precision Machine Co, Ltd. taraf\u0131ndan yap\u0131lm\u0131\u015ft\u0131r.","keywords":null,"keyphrases":{"focus":{"keyphrase":"paper core winding machine","score":100,"analysis":{"keyphraseInTitle":{"score":9,"maxScore":9,"error":0},"keyphraseInDescription":{"score":9,"maxScore":9,"error":0},"keyphraseLength":{"score":9,"maxScore":9,"error":0,"length":4},"keyphraseInURL":{"score":5,"maxScore":5,"error":0},"keyphraseInIntroduction":{"score":9,"maxScore":9,"error":0},"keyphraseInSubHeadings":{"score":9,"maxScore":9,"error":0},"keyphraseInImageAlt":[],"keywordDensity":{"type":"best","score":9,"maxScore":9,"error":0}}},"additional":[]},"primary_term":null,"canonical_url":null,"og_title":null,"og_description":null,"og_object_type":"default","og_image_type":"custom_image","og_image_url":"https:\/\/nrcmachine.com\/wp-content\/uploads\/2026\/01\/parallel-paper-core-winding-machine-2.webp","og_image_width":"1000","og_image_height":"562","og_image_custom_url":"https:\/\/nrcmachine.com\/wp-content\/uploads\/2026\/01\/parallel-paper-core-winding-machine-2.webp","og_image_custom_fields":null,"og_video":"","og_custom_url":null,"og_article_section":null,"og_article_tags":null,"twitter_use_og":false,"twitter_card":"default","twitter_image_type":"default","twitter_image_url":null,"twitter_image_custom_url":null,"twitter_image_custom_fields":null,"twitter_title":null,"twitter_description":null,"schema":{"blockGraphs":[],"customGraphs":[],"default":{"data":{"Article":[],"Course":[],"Dataset":[],"FAQPage":[],"Movie":[],"Person":[],"Product":[],"ProductReview":[],"Car":[],"Recipe":[],"Service":[],"SoftwareApplication":[],"WebPage":[]},"graphName":"ItemPage","isEnabled":true},"graphs":[]},"schema_type":"default","schema_type_options":null,"pillar_content":false,"robots_default":true,"robots_noindex":false,"robots_noarchive":false,"robots_nosnippet":false,"robots_nofollow":false,"robots_noimageindex":false,"robots_noodp":false,"robots_notranslate":false,"robots_max_snippet":"-1","robots_max_videopreview":"-1","robots_max_imagepreview":"large","priority":null,"frequency":"default","local_seo":null,"seo_analyzer_scan_date":"2026-02-13 02:28:56","breadcrumb_settings":null,"limit_modified_date":false,"reviewed_by":null,"open_ai":null,"ai":{"faqs":[],"keyPoints":[],"titles":[],"descriptions":[],"socialPosts":{"email":[],"linkedin":[],"twitter":[],"facebook":[],"instagram":[]}},"created":"2026-01-05 02:00:40","updated":"2026-02-13 07:05:46"},"aioseo_breadcrumb":"<div class=\"aioseo-breadcrumbs\"><span class=\"aioseo-breadcrumb\">\n\t<a href=\"https:\/\/nrcmachine.com\/tr\" title=\"Home\">Home<\/a>\n<\/span><span class=\"aioseo-breadcrumb-separator\">\u00bb<\/span><span class=\"aioseo-breadcrumb\">\n\t<a href=\"https:\/\/nrcmachine.com\/tr\/product\/\" title=\"Products\">Products<\/a>\n<\/span><span class=\"aioseo-breadcrumb-separator\">\u00bb<\/span><span class=\"aioseo-breadcrumb\">\n\t<a href=\"https:\/\/nrcmachine.com\/tr\/tag\/paper-core-machine\/\" title=\"paper core machine\">paper core machine<\/a>\n<\/span><span class=\"aioseo-breadcrumb-separator\">\u00bb<\/span><span class=\"aioseo-breadcrumb\">\n\tParallel Paper Core Winding Machine\n<\/span><\/div>","aioseo_breadcrumb_json":[{"label":"Home","link":"https:\/\/nrcmachine.com\/tr"},{"label":"Products","link":"https:\/\/nrcmachine.com\/tr\/product\/"},{"label":"paper core machine","link":"https:\/\/nrcmachine.com\/tr\/tag\/paper-core-machine\/"},{"label":"Parallel Paper Core Winding Machine","link":"https:\/\/nrcmachine.com\/tr\/product\/parallel-paper-core-winding-machine\/"}],"_links":{"self":[{"href":"https:\/\/nrcmachine.com\/tr\/wp-json\/wp\/v2\/product\/3687","targetHints":{"allow":["GET"]}}],"collection":[{"href":"https:\/\/nrcmachine.com\/tr\/wp-json\/wp\/v2\/product"}],"about":[{"href":"https:\/\/nrcmachine.com\/tr\/wp-json\/wp\/v2\/types\/product"}],"version-history":[{"count":0,"href":"https:\/\/nrcmachine.com\/tr\/wp-json\/wp\/v2\/product\/3687\/revisions"}],"wp:featuredmedia":[{"embeddable":true,"href":"https:\/\/nrcmachine.com\/tr\/wp-json\/wp\/v2\/media\/3688"}],"wp:attachment":[{"href":"https:\/\/nrcmachine.com\/tr\/wp-json\/wp\/v2\/media?parent=3687"}],"wp:term":[{"taxonomy":"post_tag","embeddable":true,"href":"https:\/\/nrcmachine.com\/tr\/wp-json\/wp\/v2\/tags?post=3687"},{"taxonomy":"products","embeddable":true,"href":"https:\/\/nrcmachine.com\/tr\/wp-json\/wp\/v2\/products?post=3687"}],"curies":[{"name":"wp","href":"https:\/\/api.w.org\/{rel}","templated":true}]}}