 {"id":3809,"date":"2026-01-08T10:04:07","date_gmt":"2026-01-08T02:04:07","guid":{"rendered":"https:\/\/nrcmachine.com\/?post_type=product&#038;p=3809"},"modified":"2026-01-08T10:13:56","modified_gmt":"2026-01-08T02:13:56","slug":"paper-core-cutting-machine","status":"publish","type":"product","link":"https:\/\/nrcmachine.com\/tr\/product\/paper-core-cutting-machine\/","title":{"rendered":"Ka\u011f\u0131t \u00d6zl\u00fc Kesme Makinesi"},"content":{"rendered":"<h3 style=\"text-align: center;\"><strong>NRC MACHINE'in Ka\u011f\u0131t \u00d6zl\u00fc Kesme Makinesi ile tan\u0131\u015f\u0131n<\/strong><\/h3>\n<p>Bu <a href=\"https:\/\/nrcmachine.com\/product\/industrial-paper-tube-cutting-machine\/\">ka\u011f\u0131t g\u00f6bek kesme makinesi<\/a>, olarak da adland\u0131r\u0131lan <a href=\"https:\/\/nrcmachine.com\/product\/industrial-paper-tube-cutting-machine\/\">ka\u011f\u0131t t\u00fcp kesme makinas\u0131<\/a>. Qingdao New Richuan Precision Machine Co, Ltd'den gelmektedir. Bu makine y\u00fcksek h\u0131z ve y\u00fcksek hassasiyet i\u00e7in \u00fcretilmi\u015ftir. Ka\u011f\u0131t \u00e7ekirdeklerini h\u0131zl\u0131 ve temiz keser. Bir\u00e7ok end\u00fcstri bunu kullan\u0131r. \u00d6rne\u011fin, paketleme, bask\u0131 ve ka\u011f\u0131t \u00fcr\u00fcn \u00fcreticileri.<\/p>\n<div class=\"ast-oembed-container\" style=\"height: 100%;\"><iframe title=\"Tek B\u0131\u00e7akl\u0131 Otomatik Ka\u011f\u0131t \u00d6zl\u00fc Kesici #Makine\" width=\"500\" height=\"281\" src=\"https:\/\/www.youtube.com\/embed\/L98IvO09-Qw?feature=oembed\" frameborder=\"0\" allow=\"accelerometer; autoplay; clipboard-write; encrypted-media; gyroscope; picture-in-picture; web-share\" referrerpolicy=\"strict-origin-when-cross-origin\" allowfullscreen><\/iframe><\/div>\n<h4><strong>Neden Bu Ka\u011f\u0131t \u00d6zl\u00fc Kesme Makinesini Se\u00e7melisiniz?<\/strong><\/h4>\n<p>\u0130lk olarak, CNC ve PLC kontrol\u00f6r\u00fc kullan\u0131r. Bu tam otomasyon anlam\u0131na gelir. Boyutu siz belirlersiniz. Bu da <a href=\"https:\/\/youtu.be\/L98IvO09-Qw\">makine<\/a> gerisini halleder. Ayr\u0131ca, insan hatas\u0131n\u0131 azalt\u0131r. Sonu\u00e7 olarak, israf d\u00fc\u015f\u00fckt\u00fcr. \u00c7\u0131kt\u0131 y\u00fcksektir.<\/p>\n<p>\u0130\u00e7 \u00e7ap 30 ila 200 mm aras\u0131nda de\u011fi\u015fir. Kal\u0131nl\u0131k 1 ila 20 mm olabilir. Maksimum uzunluk 1500 mm'dir. Veya \u00f6zelle\u015ftirebilirsiniz. B\u00f6ylece, bir\u00e7ok ihtiyaca uyar.<\/p>\n<p>\u00dcstelik b\u0131\u00e7ak keskin ve g\u00fc\u00e7l\u00fcd\u00fcr. Uzun \u00f6m\u00fcrl\u00fcd\u00fcr. S\u0131k s\u0131k de\u011fi\u015ftirmenize gerek yoktur. Ayr\u0131ca makine g\u00fcvenlidir. Tam korumalar\u0131 ve acil durum durdurucular\u0131 vard\u0131r.<\/p>\n<h4><strong>Nas\u0131l \u00c7al\u0131\u015f\u0131r? Basit ve H\u0131zl\u0131<\/strong><\/h4>\n<p>B\u00fcy\u00fck ka\u011f\u0131t rulosunu y\u00fcklersiniz. Sonra makine onu yerine yerle\u015ftirir. Daha sonra, b\u0131\u00e7ak onu boyutuna g\u00f6re kesiyor. Bundan sonra, par\u00e7alar bir kutuya d\u00fc\u015fer. Sonra, bir sonraki rulo i\u00e7eri girer. Bu d\u00f6ng\u00fc hi\u00e7 durmadan tekrarlan\u0131r.<\/p>\n<p>Bu arada, CNC sistemi her kesimi kontrol eder. T\u00fcm par\u00e7alar\u0131n ayn\u0131 oldu\u011fundan emin olur. E\u011fer bir sorun varsa, durur. B\u00f6ylece k\u00f6t\u00fc partilerden ka\u00e7\u0131nm\u0131\u015f olursunuz.<\/p>\n<h4><strong>Uzun \u00d6m\u00fcrl\u00fc, Hizmet \u0130\u00e7in \u00dcretildi<\/strong><\/h4>\n<p>NRC MACHINE kaliteye odaklan\u0131r. Her <a href=\"https:\/\/nrcmachine.com\/product\/industrial-paper-tube-cutting-machine\/\">ka\u011f\u0131t g\u00f6bek kesme makinesi<\/a> g\u00f6nderilmeden \u00f6nce test edilir. Ayr\u0131ca, \u00e7er\u00e7eve a\u011f\u0131r hizmet tipi \u00e7eliktir. Sars\u0131lmaz veya titre\u015fmez. Bu nedenle kesimler hassas kal\u0131r.<\/p>\n<p>Bunun da \u00f6tesinde, servis h\u0131zl\u0131d\u0131r. Bir par\u00e7a k\u0131r\u0131l\u0131rsa, birka\u00e7 g\u00fcn i\u00e7inde yenisini g\u00f6nderiyoruz. B\u00f6ylece hatt\u0131n\u0131z uzun s\u00fcre durmaz.<\/p>\n<h4><strong>Son D\u00fc\u015f\u00fcnceler<\/strong><\/h4>\n<p>Bu <a href=\"https:\/\/nrcmachine.com\/product\/industrial-paper-tube-cutting-machine\/\">ka\u011f\u0131t g\u00f6bek kesme makinesi<\/a> zaman kazand\u0131r\u0131r. \u0130\u015f\u00e7ilikten tasarruf sa\u011flar. \u00dcretimi art\u0131r\u0131r. \u0130ster k\u00fc\u00e7\u00fck ister b\u00fcy\u00fck t\u00fcpler yap\u0131n, i\u015fe yarar. Ayr\u0131ca, kullan\u0131m\u0131 kolayd\u0131r. Yeni \u00e7al\u0131\u015fanlar bile h\u0131zl\u0131ca \u00e7al\u0131\u015ft\u0131rabilir.<\/p>\n<p>\u00d6zetle, g\u00fcvenilir, ak\u0131ll\u0131 ve g\u00fc\u00e7l\u00fc bir kesiciye ihtiyac\u0131n\u0131z varsa - i\u015fte bu. Ka\u011f\u0131t g\u00f6bek kesme makinesi <a href=\"https:\/\/nrcmachine.com\">NRC MAK\u0130NE<\/a> haz\u0131r. Ba\u015far\u0131n\u0131z i\u00e7in \u00fcretildi. Bug\u00fcn sizinkini al\u0131n.<\/p>\n<p>&nbsp;<\/p>","protected":false},"featured_media":3810,"template":"","meta":{"_acf_changed":false,"_monsterinsights_skip_tracking":false,"_monsterinsights_sitenote_active":false,"_monsterinsights_sitenote_note":"","_monsterinsights_sitenote_category":0,"site-sidebar-layout":"default","site-content-layout":"","ast-site-content-layout":"default","site-content-style":"default","site-sidebar-style":"default","ast-global-header-display":"","ast-banner-title-visibility":"","ast-main-header-display":"","ast-hfb-above-header-display":"","ast-hfb-below-header-display":"","ast-hfb-mobile-header-display":"","site-post-title":"","ast-breadcrumbs-content":"","ast-featured-img":"","footer-sml-layout":"","theme-transparent-header-meta":"default","adv-header-id-meta":"","stick-header-meta":"default","header-above-stick-meta":"","header-main-stick-meta":"","header-below-stick-meta":"","astra-migrate-meta-layouts":"set","ast-page-background-enabled":"default","ast-page-background-meta":{"desktop":{"background-color":"var(--ast-global-color-4)","background-image":"","background-repeat":"repeat","background-position":"center center","background-size":"auto","background-attachment":"scroll","background-type":"","background-media":"","overlay-type":"","overlay-color":"","overlay-opacity":"","overlay-gradient":""},"tablet":{"background-color":"","background-image":"","background-repeat":"repeat","background-position":"center center","background-size":"auto","background-attachment":"scroll","background-type":"","background-media":"","overlay-type":"","overlay-color":"","overlay-opacity":"","overlay-gradient":""},"mobile":{"background-color":"","background-image":"","background-repeat":"repeat","background-position":"center center","background-size":"auto","background-attachment":"scroll","background-type":"","background-media":"","overlay-type":"","overlay-color":"","overlay-opacity":"","overlay-gradient":""}},"ast-content-background-meta":{"desktop":{"background-color":"var(--ast-global-color-5)","background-image":"","background-repeat":"repeat","background-position":"center center","background-size":"auto","background-attachment":"scroll","background-type":"","background-media":"","overlay-type":"","overlay-color":"","overlay-opacity":"","overlay-gradient":""},"tablet":{"background-color":"var(--ast-global-color-5)","background-image":"","background-repeat":"repeat","background-position":"center center","background-size":"auto","background-attachment":"scroll","background-type":"","background-media":"","overlay-type":"","overlay-color":"","overlay-opacity":"","overlay-gradient":""},"mobile":{"background-color":"var(--ast-global-color-5)","background-image":"","background-repeat":"repeat","background-position":"center center","background-size":"auto","background-attachment":"scroll","background-type":"","background-media":"","overlay-type":"","overlay-color":"","overlay-opacity":"","overlay-gradient":""}}},"tags":[96,72],"products":[70],"class_list":["post-3809","product","type-product","status-publish","has-post-thumbnail","hentry","tag-paper-core-cutting-machine","tag-paper-tube-cutting-machine","products-paper-tube-cutting-machine"],"acf":[],"aioseo_notices":[],"aioseo_head":"\n\t\t<!-- All in One SEO Pro 4.9.2 - aioseo.com -->\n\t<meta name=\"description\" content=\"This is paper core cutting machine, also named paper tube cutting machine. It comes from Qingdao New Richuan Precision Machine Co., Ltd.\" \/>\n\t<meta name=\"robots\" content=\"noodp, max-snippet:-1, max-image-preview:large, max-video-preview:-1\" \/>\n\t<link rel=\"canonical\" href=\"https:\/\/nrcmachine.com\/tr\/product\/paper-core-cutting-machine\/\" \/>\n\t<meta name=\"generator\" content=\"All in One SEO Pro (AIOSEO) 4.9.2\" \/>\n\t\t<meta property=\"og:locale\" content=\"tr_TR\" \/>\n\t\t<meta property=\"og:site_name\" content=\"Toilet Paper Machine, Paper Tube Machine | NRC Machine - Reliable Paper Machinery Solutions\" \/>\n\t\t<meta property=\"og:type\" content=\"article\" \/>\n\t\t<meta property=\"og:title\" content=\"Paper Core Cutting Machine - QINGDAO NEW RICHUAN PRECISION\" \/>\n\t\t<meta property=\"og:description\" content=\"This is paper core cutting machine, also named paper tube cutting machine. It comes from Qingdao New Richuan Precision Machine Co., Ltd.\" \/>\n\t\t<meta property=\"og:url\" content=\"https:\/\/nrcmachine.com\/tr\/product\/paper-core-cutting-machine\/\" \/>\n\t\t<meta property=\"og:image\" content=\"https:\/\/nrcmachine.com\/wp-content\/uploads\/2026\/01\/Paper-core-cutting-machine-3.webp\" \/>\n\t\t<meta property=\"og:image:secure_url\" content=\"https:\/\/nrcmachine.com\/wp-content\/uploads\/2026\/01\/Paper-core-cutting-machine-3.webp\" \/>\n\t\t<meta property=\"og:image:width\" content=\"1118\" \/>\n\t\t<meta property=\"og:image:height\" content=\"629\" \/>\n\t\t<meta property=\"article:published_time\" content=\"2026-01-08T02:04:07+00:00\" \/>\n\t\t<meta property=\"article:modified_time\" content=\"2026-01-08T02:13:56+00:00\" \/>\n\t\t<meta property=\"article:publisher\" content=\"https:\/\/www.facebook.com\/james.gao.349938\" \/>\n\t\t<meta name=\"twitter:card\" content=\"summary\" \/>\n\t\t<meta name=\"twitter:site\" content=\"@JamesGao65335\" \/>\n\t\t<meta name=\"twitter:title\" content=\"Paper Core Cutting Machine - QINGDAO NEW RICHUAN PRECISION\" \/>\n\t\t<meta name=\"twitter:description\" content=\"This is paper core cutting machine, also named paper tube cutting machine. It comes from Qingdao New Richuan Precision Machine Co., Ltd.\" \/>\n\t\t<meta name=\"twitter:image\" content=\"https:\/\/nrcmachine.com\/wp-content\/uploads\/2026\/01\/Paper-core-cutting-machine-1.webp\" \/>\n\t\t<script type=\"application\/ld+json\" class=\"aioseo-schema\">\n\t\t\t{\"@context\":\"https:\\\/\\\/schema.org\",\"@graph\":[{\"@type\":\"BreadcrumbList\",\"@id\":\"https:\\\/\\\/nrcmachine.com\\\/tr\\\/product\\\/paper-core-cutting-machine\\\/#breadcrumblist\",\"itemListElement\":[{\"@type\":\"ListItem\",\"@id\":\"https:\\\/\\\/nrcmachine.com\\\/tr#listItem\",\"position\":1,\"name\":\"Home\",\"item\":\"https:\\\/\\\/nrcmachine.com\\\/tr\",\"nextItem\":{\"@type\":\"ListItem\",\"@id\":\"https:\\\/\\\/nrcmachine.com\\\/tr\\\/product\\\/#listItem\",\"name\":\"Products\"}},{\"@type\":\"ListItem\",\"@id\":\"https:\\\/\\\/nrcmachine.com\\\/tr\\\/product\\\/#listItem\",\"position\":2,\"name\":\"Products\",\"item\":\"https:\\\/\\\/nrcmachine.com\\\/tr\\\/product\\\/\",\"nextItem\":{\"@type\":\"ListItem\",\"@id\":\"https:\\\/\\\/nrcmachine.com\\\/tr\\\/tag\\\/paper-tube-cutting-machine\\\/#listItem\",\"name\":\"paper tube cutting machine\"},\"previousItem\":{\"@type\":\"ListItem\",\"@id\":\"https:\\\/\\\/nrcmachine.com\\\/tr#listItem\",\"name\":\"Home\"}},{\"@type\":\"ListItem\",\"@id\":\"https:\\\/\\\/nrcmachine.com\\\/tr\\\/tag\\\/paper-tube-cutting-machine\\\/#listItem\",\"position\":3,\"name\":\"paper tube cutting machine\",\"item\":\"https:\\\/\\\/nrcmachine.com\\\/tr\\\/tag\\\/paper-tube-cutting-machine\\\/\",\"nextItem\":{\"@type\":\"ListItem\",\"@id\":\"https:\\\/\\\/nrcmachine.com\\\/tr\\\/product\\\/paper-core-cutting-machine\\\/#listItem\",\"name\":\"Paper Core Cutting Machine\"},\"previousItem\":{\"@type\":\"ListItem\",\"@id\":\"https:\\\/\\\/nrcmachine.com\\\/tr\\\/product\\\/#listItem\",\"name\":\"Products\"}},{\"@type\":\"ListItem\",\"@id\":\"https:\\\/\\\/nrcmachine.com\\\/tr\\\/product\\\/paper-core-cutting-machine\\\/#listItem\",\"position\":4,\"name\":\"Paper Core Cutting Machine\",\"previousItem\":{\"@type\":\"ListItem\",\"@id\":\"https:\\\/\\\/nrcmachine.com\\\/tr\\\/tag\\\/paper-tube-cutting-machine\\\/#listItem\",\"name\":\"paper tube cutting machine\"}}]},{\"@type\":\"Organization\",\"@id\":\"https:\\\/\\\/nrcmachine.com\\\/tr\\\/#organization\",\"name\":\"Toilet Paper Machine, Paper Tube Machine | NRC Machine wordpress\",\"description\":\"Reliable Paper Machinery Solutions\",\"url\":\"https:\\\/\\\/nrcmachine.com\\\/tr\\\/\",\"email\":\"james@nrcmachine.com\",\"telephone\":\"+8615254213289\",\"foundingDate\":\"2023-11-01\",\"numberOfEmployees\":{\"@type\":\"QuantitativeValue\",\"minValue\":1,\"maxValue\":50},\"logo\":{\"@type\":\"ImageObject\",\"url\":\"https:\\\/\\\/nrcmachine.com\\\/wp-content\\\/uploads\\\/2026\\\/01\\\/logo23.png\",\"@id\":\"https:\\\/\\\/nrcmachine.com\\\/tr\\\/product\\\/paper-core-cutting-machine\\\/#organizationLogo\",\"width\":800,\"height\":800,\"caption\":\"logo for NRC MACHINE\"},\"image\":{\"@id\":\"https:\\\/\\\/nrcmachine.com\\\/tr\\\/product\\\/paper-core-cutting-machine\\\/#organizationLogo\"},\"sameAs\":[\"https:\\\/\\\/www.facebook.com\\\/james.gao.349938\",\"https:\\\/\\\/x.com\\\/JamesGao65335\",\"https:\\\/\\\/www.instagram.com\\\/jamesgao407?igsh=d2YybzFhMjY0YTl3\",\"https:\\\/\\\/www.tiktok.com\\\/@gyl20210118\",\"https:\\\/\\\/www.linkedin.com\\\/in\\\/--9a63583a9\\\/\"],\"address\":{\"@id\":\"https:\\\/\\\/nrcmachine.com\\\/tr\\\/#postaladdress\",\"@type\":\"PostalAddress\",\"streetAddress\":\"No..519,Jiangshan South Road,Huangdao,\",\"postalCode\":\"266500\",\"addressLocality\":\"Qingdao\",\"addressRegion\":\"Shandong Province\",\"addressCountry\":\"CN\"},\"taxID\":\"91370211MAD54P6P85\",\"vatID\":\"91370211MAD54P6P85\"},{\"@type\":\"WebPage\",\"@id\":\"https:\\\/\\\/nrcmachine.com\\\/tr\\\/product\\\/paper-core-cutting-machine\\\/#webpage\",\"url\":\"https:\\\/\\\/nrcmachine.com\\\/tr\\\/product\\\/paper-core-cutting-machine\\\/\",\"name\":\"Paper Core Cutting Machine - QINGDAO NEW RICHUAN PRECISION\",\"description\":\"This is paper core cutting machine, also named paper tube cutting machine. It comes from Qingdao New Richuan Precision Machine Co., Ltd.\",\"inLanguage\":\"tr-TR\",\"isPartOf\":{\"@id\":\"https:\\\/\\\/nrcmachine.com\\\/tr\\\/#website\"},\"breadcrumb\":{\"@id\":\"https:\\\/\\\/nrcmachine.com\\\/tr\\\/product\\\/paper-core-cutting-machine\\\/#breadcrumblist\"},\"image\":{\"@type\":\"ImageObject\",\"url\":\"https:\\\/\\\/nrcmachine.com\\\/wp-content\\\/uploads\\\/2026\\\/01\\\/Paper-core-cutting-machine-1.webp\",\"@id\":\"https:\\\/\\\/nrcmachine.com\\\/tr\\\/product\\\/paper-core-cutting-machine\\\/#mainImage\",\"width\":800,\"height\":800,\"caption\":\"Paper core cutting machine made by NRC MACHINE\"},\"primaryImageOfPage\":{\"@id\":\"https:\\\/\\\/nrcmachine.com\\\/tr\\\/product\\\/paper-core-cutting-machine\\\/#mainImage\"},\"datePublished\":\"2026-01-08T10:04:07+08:00\",\"dateModified\":\"2026-01-08T10:13:56+08:00\"},{\"@type\":\"WebSite\",\"@id\":\"https:\\\/\\\/nrcmachine.com\\\/tr\\\/#website\",\"url\":\"https:\\\/\\\/nrcmachine.com\\\/tr\\\/\",\"name\":\"Toilet Paper Machine, Paper Tube Machine | NRC Machine\",\"alternateName\":\"Qingdao New Richuan Precision Machine Co.,Ltd\",\"description\":\"Reliable Paper Machinery Solutions\",\"inLanguage\":\"tr-TR\",\"publisher\":{\"@id\":\"https:\\\/\\\/nrcmachine.com\\\/tr\\\/#organization\"}}]}\n\t\t<\/script>\n\t\t<!-- All in One SEO Pro -->\r\n\t\t<title>Paper Core Cutting Machine - QINGDAO NEW RICHUAN PRECISION<\/title>\n\n","aioseo_head_json":{"title":"Ka\u011f\u0131t \u00d6zl\u00fc Kesme Makinesi - QINGDAO NEW RICHUAN PRECISION","description":"Bu, ka\u011f\u0131t t\u00fcp kesme makinesi olarak da adland\u0131r\u0131lan ka\u011f\u0131t \u00e7ekirdek kesme makinesidir. Qingdao New Richuan Precision Machine Co, Ltd'den gelmektedir.","canonical_url":"https:\/\/nrcmachine.com\/tr\/product\/paper-core-cutting-machine\/","robots":"noodp, max-snippet:-1, max-image-preview:large, max-video-preview:-1","keywords":"","webmasterTools":{"miscellaneous":""},"schema":{"@context":"https:\/\/schema.org","@graph":[{"@type":"BreadcrumbList","@id":"https:\/\/nrcmachine.com\/tr\/product\/paper-core-cutting-machine\/#breadcrumblist","itemListElement":[{"@type":"ListItem","@id":"https:\/\/nrcmachine.com\/tr#listItem","position":1,"name":"Home","item":"https:\/\/nrcmachine.com\/tr","nextItem":{"@type":"ListItem","@id":"https:\/\/nrcmachine.com\/tr\/product\/#listItem","name":"Products"}},{"@type":"ListItem","@id":"https:\/\/nrcmachine.com\/tr\/product\/#listItem","position":2,"name":"Products","item":"https:\/\/nrcmachine.com\/tr\/product\/","nextItem":{"@type":"ListItem","@id":"https:\/\/nrcmachine.com\/tr\/tag\/paper-tube-cutting-machine\/#listItem","name":"paper tube cutting machine"},"previousItem":{"@type":"ListItem","@id":"https:\/\/nrcmachine.com\/tr#listItem","name":"Home"}},{"@type":"ListItem","@id":"https:\/\/nrcmachine.com\/tr\/tag\/paper-tube-cutting-machine\/#listItem","position":3,"name":"paper tube cutting machine","item":"https:\/\/nrcmachine.com\/tr\/tag\/paper-tube-cutting-machine\/","nextItem":{"@type":"ListItem","@id":"https:\/\/nrcmachine.com\/tr\/product\/paper-core-cutting-machine\/#listItem","name":"Paper Core Cutting Machine"},"previousItem":{"@type":"ListItem","@id":"https:\/\/nrcmachine.com\/tr\/product\/#listItem","name":"Products"}},{"@type":"ListItem","@id":"https:\/\/nrcmachine.com\/tr\/product\/paper-core-cutting-machine\/#listItem","position":4,"name":"Paper Core Cutting Machine","previousItem":{"@type":"ListItem","@id":"https:\/\/nrcmachine.com\/tr\/tag\/paper-tube-cutting-machine\/#listItem","name":"paper tube cutting machine"}}]},{"@type":"Organization","@id":"https:\/\/nrcmachine.com\/tr\/#organization","name":"Toilet Paper Machine, Paper Tube Machine | NRC Machine wordpress","description":"Reliable Paper Machinery Solutions","url":"https:\/\/nrcmachine.com\/tr\/","email":"james@nrcmachine.com","telephone":"+8615254213289","foundingDate":"2023-11-01","numberOfEmployees":{"@type":"QuantitativeValue","minValue":1,"maxValue":50},"logo":{"@type":"ImageObject","url":"https:\/\/nrcmachine.com\/wp-content\/uploads\/2026\/01\/logo23.png","@id":"https:\/\/nrcmachine.com\/tr\/product\/paper-core-cutting-machine\/#organizationLogo","width":800,"height":800,"caption":"logo for NRC MACHINE"},"image":{"@id":"https:\/\/nrcmachine.com\/tr\/product\/paper-core-cutting-machine\/#organizationLogo"},"sameAs":["https:\/\/www.facebook.com\/james.gao.349938","https:\/\/x.com\/JamesGao65335","https:\/\/www.instagram.com\/jamesgao407?igsh=d2YybzFhMjY0YTl3","https:\/\/www.tiktok.com\/@gyl20210118","https:\/\/www.linkedin.com\/in\/--9a63583a9\/"],"address":{"@id":"https:\/\/nrcmachine.com\/tr\/#postaladdress","@type":"PostalAddress","streetAddress":"No..519,Jiangshan South Road,Huangdao,","postalCode":"266500","addressLocality":"Qingdao","addressRegion":"Shandong Province","addressCountry":"CN"},"taxID":"91370211MAD54P6P85","vatID":"91370211MAD54P6P85"},{"@type":"WebPage","@id":"https:\/\/nrcmachine.com\/tr\/product\/paper-core-cutting-machine\/#webpage","url":"https:\/\/nrcmachine.com\/tr\/product\/paper-core-cutting-machine\/","name":"Paper Core Cutting Machine - QINGDAO NEW RICHUAN PRECISION","description":"This is paper core cutting machine, also named paper tube cutting machine. It comes from Qingdao New Richuan Precision Machine Co., Ltd.","inLanguage":"tr-TR","isPartOf":{"@id":"https:\/\/nrcmachine.com\/tr\/#website"},"breadcrumb":{"@id":"https:\/\/nrcmachine.com\/tr\/product\/paper-core-cutting-machine\/#breadcrumblist"},"image":{"@type":"ImageObject","url":"https:\/\/nrcmachine.com\/wp-content\/uploads\/2026\/01\/Paper-core-cutting-machine-1.webp","@id":"https:\/\/nrcmachine.com\/tr\/product\/paper-core-cutting-machine\/#mainImage","width":800,"height":800,"caption":"Paper core cutting machine made by NRC MACHINE"},"primaryImageOfPage":{"@id":"https:\/\/nrcmachine.com\/tr\/product\/paper-core-cutting-machine\/#mainImage"},"datePublished":"2026-01-08T10:04:07+08:00","dateModified":"2026-01-08T10:13:56+08:00"},{"@type":"WebSite","@id":"https:\/\/nrcmachine.com\/tr\/#website","url":"https:\/\/nrcmachine.com\/tr\/","name":"Toilet Paper Machine, Paper Tube Machine | NRC Machine","alternateName":"Qingdao New Richuan Precision Machine Co.,Ltd","description":"Reliable Paper Machinery Solutions","inLanguage":"tr-TR","publisher":{"@id":"https:\/\/nrcmachine.com\/tr\/#organization"}}]},"og:locale":"tr_TR","og:site_name":"Toilet Paper Machine, Paper Tube Machine | NRC Machine - Reliable Paper Machinery Solutions","og:type":"article","og:title":"Paper Core Cutting Machine - QINGDAO NEW RICHUAN PRECISION","og:description":"This is paper core cutting machine, also named paper tube cutting machine. It comes from Qingdao New Richuan Precision Machine Co., Ltd.","og:url":"https:\/\/nrcmachine.com\/tr\/product\/paper-core-cutting-machine\/","og:image":"https:\/\/nrcmachine.com\/wp-content\/uploads\/2026\/01\/Paper-core-cutting-machine-3.webp","og:image:secure_url":"https:\/\/nrcmachine.com\/wp-content\/uploads\/2026\/01\/Paper-core-cutting-machine-3.webp","og:image:width":1118,"og:image:height":629,"article:published_time":"2026-01-08T02:04:07+00:00","article:modified_time":"2026-01-08T02:13:56+00:00","article:publisher":"https:\/\/www.facebook.com\/james.gao.349938","twitter:card":"summary","twitter:site":"@JamesGao65335","twitter:title":"Paper Core Cutting Machine - QINGDAO NEW RICHUAN PRECISION","twitter:description":"This is paper core cutting machine, also named paper tube cutting machine. It comes from Qingdao New Richuan Precision Machine Co., Ltd.","twitter:image":"https:\/\/nrcmachine.com\/wp-content\/uploads\/2026\/01\/Paper-core-cutting-machine-1.webp"},"aioseo_meta_data":{"post_id":"3809","title":"#post_title #separator_sa QINGDAO NEW RICHUAN PRECISION","description":"Bu, ka\u011f\u0131t t\u00fcp kesme makinesi olarak da adland\u0131r\u0131lan ka\u011f\u0131t \u00e7ekirdek kesme makinesidir. Qingdao New Richuan Precision Machine Co, Ltd'den gelmektedir.","keywords":null,"keyphrases":{"focus":{"keyphrase":"paper core cutting machine","score":100,"analysis":{"keyphraseInTitle":{"score":9,"maxScore":9,"error":0},"keyphraseInDescription":{"score":9,"maxScore":9,"error":0},"keyphraseLength":{"score":9,"maxScore":9,"error":0,"length":4},"keyphraseInURL":{"score":5,"maxScore":5,"error":0},"keyphraseInIntroduction":{"score":9,"maxScore":9,"error":0},"keyphraseInSubHeadings":{"score":9,"maxScore":9,"error":0},"keyphraseInImageAlt":[],"keywordDensity":{"type":"best","score":9,"maxScore":9,"error":0}}},"additional":[]},"primary_term":null,"canonical_url":null,"og_title":null,"og_description":null,"og_object_type":"default","og_image_type":"custom_image","og_image_url":"https:\/\/nrcmachine.com\/wp-content\/uploads\/2026\/01\/Paper-core-cutting-machine-3.webp","og_image_width":"1118","og_image_height":"629","og_image_custom_url":"https:\/\/nrcmachine.com\/wp-content\/uploads\/2026\/01\/Paper-core-cutting-machine-3.webp","og_image_custom_fields":null,"og_video":"","og_custom_url":null,"og_article_section":null,"og_article_tags":null,"twitter_use_og":false,"twitter_card":"default","twitter_image_type":"default","twitter_image_url":null,"twitter_image_custom_url":null,"twitter_image_custom_fields":null,"twitter_title":null,"twitter_description":null,"schema":{"blockGraphs":[],"customGraphs":[],"default":{"data":{"Article":[],"Course":[],"Dataset":[],"FAQPage":[],"Movie":[],"Person":[],"Product":[],"ProductReview":[],"Car":[],"Recipe":[],"Service":[],"SoftwareApplication":[],"WebPage":[]},"graphName":"ItemPage","isEnabled":true},"graphs":[]},"schema_type":"default","schema_type_options":null,"pillar_content":false,"robots_default":true,"robots_noindex":false,"robots_noarchive":false,"robots_nosnippet":false,"robots_nofollow":false,"robots_noimageindex":false,"robots_noodp":false,"robots_notranslate":false,"robots_max_snippet":"-1","robots_max_videopreview":"-1","robots_max_imagepreview":"large","priority":null,"frequency":"default","local_seo":null,"seo_analyzer_scan_date":"2026-02-13 02:05:34","breadcrumb_settings":null,"limit_modified_date":false,"reviewed_by":null,"open_ai":null,"ai":{"faqs":[],"keyPoints":[],"titles":[],"descriptions":[],"socialPosts":{"email":[],"linkedin":[],"twitter":[],"facebook":[],"instagram":[]}},"created":"2026-01-08 02:04:09","updated":"2026-02-13 07:06:57"},"aioseo_breadcrumb":"<div class=\"aioseo-breadcrumbs\"><span class=\"aioseo-breadcrumb\">\n\t<a href=\"https:\/\/nrcmachine.com\/tr\" title=\"Home\">Home<\/a>\n<\/span><span class=\"aioseo-breadcrumb-separator\">\u00bb<\/span><span class=\"aioseo-breadcrumb\">\n\t<a href=\"https:\/\/nrcmachine.com\/tr\/product\/\" title=\"Products\">Products<\/a>\n<\/span><span class=\"aioseo-breadcrumb-separator\">\u00bb<\/span><span class=\"aioseo-breadcrumb\">\n\t<a href=\"https:\/\/nrcmachine.com\/tr\/tag\/paper-tube-cutting-machine\/\" title=\"paper tube cutting machine\">paper tube cutting machine<\/a>\n<\/span><span class=\"aioseo-breadcrumb-separator\">\u00bb<\/span><span class=\"aioseo-breadcrumb\">\n\tPaper Core Cutting Machine\n<\/span><\/div>","aioseo_breadcrumb_json":[{"label":"Home","link":"https:\/\/nrcmachine.com\/tr"},{"label":"Products","link":"https:\/\/nrcmachine.com\/tr\/product\/"},{"label":"paper tube cutting machine","link":"https:\/\/nrcmachine.com\/tr\/tag\/paper-tube-cutting-machine\/"},{"label":"Paper Core Cutting Machine","link":"https:\/\/nrcmachine.com\/tr\/product\/paper-core-cutting-machine\/"}],"_links":{"self":[{"href":"https:\/\/nrcmachine.com\/tr\/wp-json\/wp\/v2\/product\/3809","targetHints":{"allow":["GET"]}}],"collection":[{"href":"https:\/\/nrcmachine.com\/tr\/wp-json\/wp\/v2\/product"}],"about":[{"href":"https:\/\/nrcmachine.com\/tr\/wp-json\/wp\/v2\/types\/product"}],"version-history":[{"count":0,"href":"https:\/\/nrcmachine.com\/tr\/wp-json\/wp\/v2\/product\/3809\/revisions"}],"wp:featuredmedia":[{"embeddable":true,"href":"https:\/\/nrcmachine.com\/tr\/wp-json\/wp\/v2\/media\/3810"}],"wp:attachment":[{"href":"https:\/\/nrcmachine.com\/tr\/wp-json\/wp\/v2\/media?parent=3809"}],"wp:term":[{"taxonomy":"post_tag","embeddable":true,"href":"https:\/\/nrcmachine.com\/tr\/wp-json\/wp\/v2\/tags?post=3809"},{"taxonomy":"products","embeddable":true,"href":"https:\/\/nrcmachine.com\/tr\/wp-json\/wp\/v2\/products?post=3809"}],"curies":[{"name":"wp","href":"https:\/\/api.w.org\/{rel}","templated":true}]}}