 {"id":3817,"date":"2026-01-08T10:34:09","date_gmt":"2026-01-08T02:34:09","guid":{"rendered":"https:\/\/nrcmachine.com\/?post_type=product&#038;p=3817"},"modified":"2026-01-09T17:14:55","modified_gmt":"2026-01-09T09:14:55","slug":"precision-paper-tube-cutting-machine","status":"publish","type":"product","link":"https:\/\/nrcmachine.com\/tr\/product\/precision-paper-tube-cutting-machine\/","title":{"rendered":"Hassas Ka\u011f\u0131t Boru Kesme Makinesi"},"content":{"rendered":"<h3 style=\"text-align: center;\"><strong>Hassas Ka\u011f\u0131t Boru Kesme Makinesi - NRC MACHINE taraf\u0131ndan \u00fcretilmi\u015ftir<\/strong><\/h3>\n<h4><strong>Giri\u015f<\/strong><\/h4>\n<p>Bu bir ka\u011f\u0131t g\u00f6bek kesicidir. Ayr\u0131ca adland\u0131r\u0131l\u0131r <a href=\"https:\/\/youtu.be\/L98IvO09-Qw\"><strong>hassas ka\u011f\u0131t t\u00fcp kesme makinesi<\/strong><\/a>. NRC MACHINE bunu yapar. Qingdao New Richuan Precision Machine Co, Ltd. \u015firketin tam ad\u0131d\u0131r. Makine ka\u011f\u0131t t\u00fcpleri h\u0131zl\u0131 ve do\u011fru bir \u015fekilde keser. Bir\u00e7ok end\u00fcstri i\u00e7in \u00e7al\u0131\u015f\u0131r. Bunlar aras\u0131nda paketleme, bask\u0131 ve ka\u011f\u0131t \u00fcr\u00fcn yap\u0131m\u0131 yer al\u0131r.<\/p>\n<div class=\"ast-oembed-container\" style=\"height: 100%;\"><iframe title=\"Tek B\u0131\u00e7akl\u0131 Otomatik Ka\u011f\u0131t \u00d6zl\u00fc Kesici #Makine\" width=\"500\" height=\"281\" src=\"https:\/\/www.youtube.com\/embed\/L98IvO09-Qw?feature=oembed\" frameborder=\"0\" allow=\"accelerometer; autoplay; clipboard-write; encrypted-media; gyroscope; picture-in-picture; web-share\" referrerpolicy=\"strict-origin-when-cross-origin\" allowfullscreen><\/iframe><\/div>\n<h4><strong>Geli\u015fmi\u015f Kontrol Sistemi<\/strong><\/h4>\n<p>Makine CNC ve PLC kontrol\u00f6rleri kullan\u0131r. Bu, otomatik olarak \u00e7al\u0131\u015ft\u0131\u011f\u0131 anlam\u0131na gelir. Ayr\u0131ca uzun \u00e7al\u0131\u015fma saatleri boyunca sabit kal\u0131r. \u0130lk olarak, kullan\u0131c\u0131lar ekranda boyutu ayarlar. Ard\u0131ndan makine kesime ba\u015fl\u0131yor. Sonu\u00e7 olarak, hatalar \u00e7ok d\u00fc\u015f\u00fckt\u00fcr. Dahas\u0131, sistemin \u00f6\u011frenilmesi kolayd\u0131r. Yeni \u00e7al\u0131\u015fanlar bile h\u0131zl\u0131 bir \u015fekilde kullanabilir.<\/p>\n<h4><strong>Temel \u00d6zellikler ve Spesifikasyonlar<\/strong><\/h4>\n<p>O<a href=\"https:\/\/nrcmachine.com\/product\/paper-core-cutter\/\"> <strong>hassas ka\u011f\u0131t t\u00fcp kesme makinesi<\/strong>\u00a0<\/a>g\u00fc\u00e7l\u00fc \u00f6zelliklere sahiptir. \u0130\u00e7 \u00e7ap\u0131 30 ila 200 mm aras\u0131nda de\u011fi\u015fmektedir. \u0130\u015fleyebilece\u011fi kal\u0131nl\u0131k 1 ila 20 mm'dir. Maksimum uzunluk 1500 mm'dir. Ancak, \u00f6zel boyutlar da isteyebilirsiniz.<\/p>\n<p>Ayr\u0131ca b\u0131\u00e7ak keskin ve dayan\u0131kl\u0131d\u0131r. Her seferinde temiz bir \u015fekilde keser. Ayr\u0131ca, makinenin g\u00fcvenlik korumalar\u0131 vard\u0131r. Bu, \u00e7al\u0131\u015fanlar\u0131 korur. Ayr\u0131ca enerji tasarrufu sa\u011flar. Bu nedenle uzun s\u00fcreli kullan\u0131m i\u00e7in iyidir.<\/p>\n<h4><strong>Neden Se\u00e7melisiniz <a href=\"https:\/\/nrcmachine.com\/product\/paper-core-cutter\/\">NRC MAK\u0130NE<\/a>?<\/strong><\/h4>\n<p>NRC MACHINE kaliteli makineler \u00fcretir. Onlar\u0131n <a href=\"https:\/\/nrcmachine.com\/product\/paper-core-cutter\/\"><strong>hassas ka\u011f\u0131t t\u00fcp kesme makinesi<\/strong><\/a>\u00a0d\u00fcnya \u00e7ap\u0131nda g\u00fcvenilirdir. \u0130lk olarak, g\u00fc\u00e7l\u00fc malzemelerden yap\u0131lm\u0131\u015ft\u0131r. \u0130kincisi, az bak\u0131m gerektirir. Sonra, h\u0131zl\u0131 \u00e7al\u0131\u015f\u0131r. Sonu\u00e7 olarak, fabrikalar zamandan ve paradan tasarruf eder.<\/p>\n<p>Ayr\u0131ca \u015firket iyi bir hizmet sunuyor. E\u011fitim ve destek veriyor. Bir sorun oldu\u011funda, yard\u0131m sadece bir telefon uza\u011f\u0131n\u0131zda. Bu nedenlerden dolay\u0131, bir\u00e7ok al\u0131c\u0131 NRC'yi se\u00e7iyor.<\/p>\n<h4><strong>Son D\u00fc\u015f\u00fcnceler<\/strong><\/h4>\n<p>\u00d6zetlemek gerekirse, bu makine ak\u0131ll\u0131 bir se\u00e7imdir. Ka\u011f\u0131t t\u00fcpleri y\u00fcksek hassasiyetle keser. CNC ve PLC teknolojisini kullan\u0131r. Bir\u00e7ok boyuta uyar. Ayr\u0131ca, g\u00fcvenli ve enerji tasarrufludur.<\/p>\n<p>G\u00fcvenilir bir ka\u011f\u0131t g\u00f6be\u011fi kesiciye ihtiyac\u0131n\u0131z varsa <a href=\"https:\/\/nrcmachine.com\/product\/paper-core-cutter\/\"><strong>hassas ka\u011f\u0131t t\u00fcp kesme makinesi<\/strong><\/a>\u00a0gelen <a href=\"https:\/\/nrcmachine.com\/product\/paper-core-cutter\/\">NRC MAK\u0130NA<\/a>E. Fabrikan\u0131z\u0131n daha iyi \u00e7al\u0131\u015fmas\u0131na yard\u0131mc\u0131 olacakt\u0131r. Ayr\u0131ca i\u015finizle birlikte b\u00fcy\u00fcyecektir. Bug\u00fcn deneyin.<\/p>","protected":false},"featured_media":3818,"template":"","meta":{"_acf_changed":false,"_monsterinsights_skip_tracking":false,"_monsterinsights_sitenote_active":false,"_monsterinsights_sitenote_note":"","_monsterinsights_sitenote_category":0,"site-sidebar-layout":"default","site-content-layout":"","ast-site-content-layout":"default","site-content-style":"default","site-sidebar-style":"default","ast-global-header-display":"","ast-banner-title-visibility":"","ast-main-header-display":"","ast-hfb-above-header-display":"","ast-hfb-below-header-display":"","ast-hfb-mobile-header-display":"","site-post-title":"","ast-breadcrumbs-content":"","ast-featured-img":"","footer-sml-layout":"","theme-transparent-header-meta":"default","adv-header-id-meta":"","stick-header-meta":"default","header-above-stick-meta":"","header-main-stick-meta":"","header-below-stick-meta":"","astra-migrate-meta-layouts":"set","ast-page-background-enabled":"default","ast-page-background-meta":{"desktop":{"background-color":"var(--ast-global-color-4)","background-image":"","background-repeat":"repeat","background-position":"center center","background-size":"auto","background-attachment":"scroll","background-type":"","background-media":"","overlay-type":"","overlay-color":"","overlay-opacity":"","overlay-gradient":""},"tablet":{"background-color":"","background-image":"","background-repeat":"repeat","background-position":"center center","background-size":"auto","background-attachment":"scroll","background-type":"","background-media":"","overlay-type":"","overlay-color":"","overlay-opacity":"","overlay-gradient":""},"mobile":{"background-color":"","background-image":"","background-repeat":"repeat","background-position":"center center","background-size":"auto","background-attachment":"scroll","background-type":"","background-media":"","overlay-type":"","overlay-color":"","overlay-opacity":"","overlay-gradient":""}},"ast-content-background-meta":{"desktop":{"background-color":"var(--ast-global-color-5)","background-image":"","background-repeat":"repeat","background-position":"center center","background-size":"auto","background-attachment":"scroll","background-type":"","background-media":"","overlay-type":"","overlay-color":"","overlay-opacity":"","overlay-gradient":""},"tablet":{"background-color":"var(--ast-global-color-5)","background-image":"","background-repeat":"repeat","background-position":"center center","background-size":"auto","background-attachment":"scroll","background-type":"","background-media":"","overlay-type":"","overlay-color":"","overlay-opacity":"","overlay-gradient":""},"mobile":{"background-color":"var(--ast-global-color-5)","background-image":"","background-repeat":"repeat","background-position":"center center","background-size":"auto","background-attachment":"scroll","background-type":"","background-media":"","overlay-type":"","overlay-color":"","overlay-opacity":"","overlay-gradient":""}}},"tags":[72],"products":[70],"class_list":["post-3817","product","type-product","status-publish","has-post-thumbnail","hentry","tag-paper-tube-cutting-machine","products-paper-tube-cutting-machine"],"acf":[],"aioseo_notices":[],"aioseo_head":"\n\t\t<!-- All in One SEO Pro 4.9.2 - aioseo.com -->\n\t<meta name=\"description\" content=\"This is a paper core cutter. It is also named precision paper tube cutting machine. NRC MACHINE makes it. Qingdao New Richuan Precision Machine Co., Ltd.\" \/>\n\t<meta name=\"robots\" content=\"noodp, max-snippet:-1, max-image-preview:large, max-video-preview:-1\" \/>\n\t<link rel=\"canonical\" href=\"https:\/\/nrcmachine.com\/tr\/product\/precision-paper-tube-cutting-machine\/\" \/>\n\t<meta name=\"generator\" content=\"All in One SEO Pro (AIOSEO) 4.9.2\" \/>\n\t\t<meta property=\"og:locale\" content=\"tr_TR\" \/>\n\t\t<meta property=\"og:site_name\" content=\"Toilet Paper Machine, Paper Tube Machine | NRC Machine - Reliable Paper Machinery Solutions\" \/>\n\t\t<meta property=\"og:type\" content=\"article\" \/>\n\t\t<meta property=\"og:title\" content=\"Precision Paper Tube Cutting Machine - QINGDAO NEW RICHUAN\" \/>\n\t\t<meta property=\"og:description\" content=\"This is a paper core cutter. It is also named precision paper tube cutting machine. NRC MACHINE makes it. Qingdao New Richuan Precision Machine Co., Ltd.\" \/>\n\t\t<meta property=\"og:url\" content=\"https:\/\/nrcmachine.com\/tr\/product\/precision-paper-tube-cutting-machine\/\" \/>\n\t\t<meta property=\"og:image\" content=\"https:\/\/nrcmachine.com\/wp-content\/uploads\/2026\/01\/precision-paper-tube-cutting-machine-2.webp\" \/>\n\t\t<meta property=\"og:image:secure_url\" content=\"https:\/\/nrcmachine.com\/wp-content\/uploads\/2026\/01\/precision-paper-tube-cutting-machine-2.webp\" \/>\n\t\t<meta property=\"og:image:width\" content=\"800\" \/>\n\t\t<meta property=\"og:image:height\" content=\"800\" \/>\n\t\t<meta property=\"article:published_time\" content=\"2026-01-08T02:34:09+00:00\" \/>\n\t\t<meta property=\"article:modified_time\" content=\"2026-01-09T09:14:55+00:00\" \/>\n\t\t<meta property=\"article:publisher\" content=\"https:\/\/www.facebook.com\/james.gao.349938\" \/>\n\t\t<meta name=\"twitter:card\" content=\"summary\" \/>\n\t\t<meta name=\"twitter:site\" content=\"@JamesGao65335\" \/>\n\t\t<meta name=\"twitter:title\" content=\"Precision Paper Tube Cutting Machine - QINGDAO NEW RICHUAN\" \/>\n\t\t<meta name=\"twitter:description\" content=\"This is a paper core cutter. It is also named precision paper tube cutting machine. NRC MACHINE makes it. Qingdao New Richuan Precision Machine Co., Ltd.\" \/>\n\t\t<meta name=\"twitter:image\" content=\"https:\/\/nrcmachine.com\/wp-content\/uploads\/2026\/01\/precision-paper-tube-cutting-machine-2.webp\" \/>\n\t\t<script type=\"application\/ld+json\" class=\"aioseo-schema\">\n\t\t\t{\"@context\":\"https:\\\/\\\/schema.org\",\"@graph\":[{\"@type\":\"BreadcrumbList\",\"@id\":\"https:\\\/\\\/nrcmachine.com\\\/tr\\\/product\\\/precision-paper-tube-cutting-machine\\\/#breadcrumblist\",\"itemListElement\":[{\"@type\":\"ListItem\",\"@id\":\"https:\\\/\\\/nrcmachine.com\\\/tr#listItem\",\"position\":1,\"name\":\"Home\",\"item\":\"https:\\\/\\\/nrcmachine.com\\\/tr\",\"nextItem\":{\"@type\":\"ListItem\",\"@id\":\"https:\\\/\\\/nrcmachine.com\\\/tr\\\/product\\\/#listItem\",\"name\":\"Products\"}},{\"@type\":\"ListItem\",\"@id\":\"https:\\\/\\\/nrcmachine.com\\\/tr\\\/product\\\/#listItem\",\"position\":2,\"name\":\"Products\",\"item\":\"https:\\\/\\\/nrcmachine.com\\\/tr\\\/product\\\/\",\"nextItem\":{\"@type\":\"ListItem\",\"@id\":\"https:\\\/\\\/nrcmachine.com\\\/tr\\\/tag\\\/paper-tube-cutting-machine\\\/#listItem\",\"name\":\"paper tube cutting machine\"},\"previousItem\":{\"@type\":\"ListItem\",\"@id\":\"https:\\\/\\\/nrcmachine.com\\\/tr#listItem\",\"name\":\"Home\"}},{\"@type\":\"ListItem\",\"@id\":\"https:\\\/\\\/nrcmachine.com\\\/tr\\\/tag\\\/paper-tube-cutting-machine\\\/#listItem\",\"position\":3,\"name\":\"paper tube cutting machine\",\"item\":\"https:\\\/\\\/nrcmachine.com\\\/tr\\\/tag\\\/paper-tube-cutting-machine\\\/\",\"nextItem\":{\"@type\":\"ListItem\",\"@id\":\"https:\\\/\\\/nrcmachine.com\\\/tr\\\/product\\\/precision-paper-tube-cutting-machine\\\/#listItem\",\"name\":\"Precision Paper Tube Cutting Machine\"},\"previousItem\":{\"@type\":\"ListItem\",\"@id\":\"https:\\\/\\\/nrcmachine.com\\\/tr\\\/product\\\/#listItem\",\"name\":\"Products\"}},{\"@type\":\"ListItem\",\"@id\":\"https:\\\/\\\/nrcmachine.com\\\/tr\\\/product\\\/precision-paper-tube-cutting-machine\\\/#listItem\",\"position\":4,\"name\":\"Precision Paper Tube Cutting Machine\",\"previousItem\":{\"@type\":\"ListItem\",\"@id\":\"https:\\\/\\\/nrcmachine.com\\\/tr\\\/tag\\\/paper-tube-cutting-machine\\\/#listItem\",\"name\":\"paper tube cutting machine\"}}]},{\"@type\":\"Organization\",\"@id\":\"https:\\\/\\\/nrcmachine.com\\\/tr\\\/#organization\",\"name\":\"Toilet Paper Machine, Paper Tube Machine | NRC Machine wordpress\",\"description\":\"Reliable Paper Machinery Solutions\",\"url\":\"https:\\\/\\\/nrcmachine.com\\\/tr\\\/\",\"email\":\"james@nrcmachine.com\",\"telephone\":\"+8615254213289\",\"foundingDate\":\"2023-11-01\",\"numberOfEmployees\":{\"@type\":\"QuantitativeValue\",\"minValue\":1,\"maxValue\":50},\"logo\":{\"@type\":\"ImageObject\",\"url\":\"https:\\\/\\\/nrcmachine.com\\\/wp-content\\\/uploads\\\/2026\\\/01\\\/logo23.png\",\"@id\":\"https:\\\/\\\/nrcmachine.com\\\/tr\\\/product\\\/precision-paper-tube-cutting-machine\\\/#organizationLogo\",\"width\":800,\"height\":800,\"caption\":\"logo for NRC MACHINE\"},\"image\":{\"@id\":\"https:\\\/\\\/nrcmachine.com\\\/tr\\\/product\\\/precision-paper-tube-cutting-machine\\\/#organizationLogo\"},\"sameAs\":[\"https:\\\/\\\/www.facebook.com\\\/james.gao.349938\",\"https:\\\/\\\/x.com\\\/JamesGao65335\",\"https:\\\/\\\/www.instagram.com\\\/jamesgao407?igsh=d2YybzFhMjY0YTl3\",\"https:\\\/\\\/www.tiktok.com\\\/@gyl20210118\",\"https:\\\/\\\/www.linkedin.com\\\/in\\\/--9a63583a9\\\/\"],\"address\":{\"@id\":\"https:\\\/\\\/nrcmachine.com\\\/tr\\\/#postaladdress\",\"@type\":\"PostalAddress\",\"streetAddress\":\"No..519,Jiangshan South Road,Huangdao,\",\"postalCode\":\"266500\",\"addressLocality\":\"Qingdao\",\"addressRegion\":\"Shandong Province\",\"addressCountry\":\"CN\"},\"taxID\":\"91370211MAD54P6P85\",\"vatID\":\"91370211MAD54P6P85\"},{\"@type\":\"WebPage\",\"@id\":\"https:\\\/\\\/nrcmachine.com\\\/tr\\\/product\\\/precision-paper-tube-cutting-machine\\\/#webpage\",\"url\":\"https:\\\/\\\/nrcmachine.com\\\/tr\\\/product\\\/precision-paper-tube-cutting-machine\\\/\",\"name\":\"Precision Paper Tube Cutting Machine - QINGDAO NEW RICHUAN\",\"description\":\"This is a paper core cutter. It is also named precision paper tube cutting machine. NRC MACHINE makes it. Qingdao New Richuan Precision Machine Co., Ltd.\",\"inLanguage\":\"tr-TR\",\"isPartOf\":{\"@id\":\"https:\\\/\\\/nrcmachine.com\\\/tr\\\/#website\"},\"breadcrumb\":{\"@id\":\"https:\\\/\\\/nrcmachine.com\\\/tr\\\/product\\\/precision-paper-tube-cutting-machine\\\/#breadcrumblist\"},\"image\":{\"@type\":\"ImageObject\",\"url\":\"https:\\\/\\\/nrcmachine.com\\\/wp-content\\\/uploads\\\/2026\\\/01\\\/precision-paper-tube-cutting-machine-2.webp\",\"@id\":\"https:\\\/\\\/nrcmachine.com\\\/tr\\\/product\\\/precision-paper-tube-cutting-machine\\\/#mainImage\",\"width\":800,\"height\":800,\"caption\":\"precision paper tube cutting machine made by NRC MACHINE\"},\"primaryImageOfPage\":{\"@id\":\"https:\\\/\\\/nrcmachine.com\\\/tr\\\/product\\\/precision-paper-tube-cutting-machine\\\/#mainImage\"},\"datePublished\":\"2026-01-08T10:34:09+08:00\",\"dateModified\":\"2026-01-09T17:14:55+08:00\"},{\"@type\":\"WebSite\",\"@id\":\"https:\\\/\\\/nrcmachine.com\\\/tr\\\/#website\",\"url\":\"https:\\\/\\\/nrcmachine.com\\\/tr\\\/\",\"name\":\"Toilet Paper Machine, Paper Tube Machine | NRC Machine\",\"alternateName\":\"Qingdao New Richuan Precision Machine Co.,Ltd\",\"description\":\"Reliable Paper Machinery Solutions\",\"inLanguage\":\"tr-TR\",\"publisher\":{\"@id\":\"https:\\\/\\\/nrcmachine.com\\\/tr\\\/#organization\"}}]}\n\t\t<\/script>\n\t\t<!-- All in One SEO Pro -->\r\n\t\t<title>Precision Paper Tube Cutting Machine - QINGDAO NEW RICHUAN<\/title>\n\n","aioseo_head_json":{"title":"Hassas Ka\u011f\u0131t Boru Kesme Makinesi - QINGDAO NEW RICHUAN","description":"Bu bir ka\u011f\u0131t g\u00f6bek kesicidir. Hassas ka\u011f\u0131t t\u00fcp kesme makinesi olarak da adland\u0131r\u0131l\u0131r. NRC MACHINE bunu yapar. Qingdao Yeni Richuan Hassas Makine Co, Ltd.","canonical_url":"https:\/\/nrcmachine.com\/tr\/product\/precision-paper-tube-cutting-machine\/","robots":"noodp, max-snippet:-1, max-image-preview:large, max-video-preview:-1","keywords":"","webmasterTools":{"miscellaneous":""},"schema":{"@context":"https:\/\/schema.org","@graph":[{"@type":"BreadcrumbList","@id":"https:\/\/nrcmachine.com\/tr\/product\/precision-paper-tube-cutting-machine\/#breadcrumblist","itemListElement":[{"@type":"ListItem","@id":"https:\/\/nrcmachine.com\/tr#listItem","position":1,"name":"Home","item":"https:\/\/nrcmachine.com\/tr","nextItem":{"@type":"ListItem","@id":"https:\/\/nrcmachine.com\/tr\/product\/#listItem","name":"Products"}},{"@type":"ListItem","@id":"https:\/\/nrcmachine.com\/tr\/product\/#listItem","position":2,"name":"Products","item":"https:\/\/nrcmachine.com\/tr\/product\/","nextItem":{"@type":"ListItem","@id":"https:\/\/nrcmachine.com\/tr\/tag\/paper-tube-cutting-machine\/#listItem","name":"paper tube cutting machine"},"previousItem":{"@type":"ListItem","@id":"https:\/\/nrcmachine.com\/tr#listItem","name":"Home"}},{"@type":"ListItem","@id":"https:\/\/nrcmachine.com\/tr\/tag\/paper-tube-cutting-machine\/#listItem","position":3,"name":"paper tube cutting machine","item":"https:\/\/nrcmachine.com\/tr\/tag\/paper-tube-cutting-machine\/","nextItem":{"@type":"ListItem","@id":"https:\/\/nrcmachine.com\/tr\/product\/precision-paper-tube-cutting-machine\/#listItem","name":"Precision Paper Tube Cutting Machine"},"previousItem":{"@type":"ListItem","@id":"https:\/\/nrcmachine.com\/tr\/product\/#listItem","name":"Products"}},{"@type":"ListItem","@id":"https:\/\/nrcmachine.com\/tr\/product\/precision-paper-tube-cutting-machine\/#listItem","position":4,"name":"Precision Paper Tube Cutting Machine","previousItem":{"@type":"ListItem","@id":"https:\/\/nrcmachine.com\/tr\/tag\/paper-tube-cutting-machine\/#listItem","name":"paper tube cutting machine"}}]},{"@type":"Organization","@id":"https:\/\/nrcmachine.com\/tr\/#organization","name":"Toilet Paper Machine, Paper Tube Machine | NRC Machine wordpress","description":"Reliable Paper Machinery Solutions","url":"https:\/\/nrcmachine.com\/tr\/","email":"james@nrcmachine.com","telephone":"+8615254213289","foundingDate":"2023-11-01","numberOfEmployees":{"@type":"QuantitativeValue","minValue":1,"maxValue":50},"logo":{"@type":"ImageObject","url":"https:\/\/nrcmachine.com\/wp-content\/uploads\/2026\/01\/logo23.png","@id":"https:\/\/nrcmachine.com\/tr\/product\/precision-paper-tube-cutting-machine\/#organizationLogo","width":800,"height":800,"caption":"logo for NRC MACHINE"},"image":{"@id":"https:\/\/nrcmachine.com\/tr\/product\/precision-paper-tube-cutting-machine\/#organizationLogo"},"sameAs":["https:\/\/www.facebook.com\/james.gao.349938","https:\/\/x.com\/JamesGao65335","https:\/\/www.instagram.com\/jamesgao407?igsh=d2YybzFhMjY0YTl3","https:\/\/www.tiktok.com\/@gyl20210118","https:\/\/www.linkedin.com\/in\/--9a63583a9\/"],"address":{"@id":"https:\/\/nrcmachine.com\/tr\/#postaladdress","@type":"PostalAddress","streetAddress":"No..519,Jiangshan South Road,Huangdao,","postalCode":"266500","addressLocality":"Qingdao","addressRegion":"Shandong Province","addressCountry":"CN"},"taxID":"91370211MAD54P6P85","vatID":"91370211MAD54P6P85"},{"@type":"WebPage","@id":"https:\/\/nrcmachine.com\/tr\/product\/precision-paper-tube-cutting-machine\/#webpage","url":"https:\/\/nrcmachine.com\/tr\/product\/precision-paper-tube-cutting-machine\/","name":"Precision Paper Tube Cutting Machine - QINGDAO NEW RICHUAN","description":"This is a paper core cutter. It is also named precision paper tube cutting machine. NRC MACHINE makes it. Qingdao New Richuan Precision Machine Co., Ltd.","inLanguage":"tr-TR","isPartOf":{"@id":"https:\/\/nrcmachine.com\/tr\/#website"},"breadcrumb":{"@id":"https:\/\/nrcmachine.com\/tr\/product\/precision-paper-tube-cutting-machine\/#breadcrumblist"},"image":{"@type":"ImageObject","url":"https:\/\/nrcmachine.com\/wp-content\/uploads\/2026\/01\/precision-paper-tube-cutting-machine-2.webp","@id":"https:\/\/nrcmachine.com\/tr\/product\/precision-paper-tube-cutting-machine\/#mainImage","width":800,"height":800,"caption":"precision paper tube cutting machine made by NRC MACHINE"},"primaryImageOfPage":{"@id":"https:\/\/nrcmachine.com\/tr\/product\/precision-paper-tube-cutting-machine\/#mainImage"},"datePublished":"2026-01-08T10:34:09+08:00","dateModified":"2026-01-09T17:14:55+08:00"},{"@type":"WebSite","@id":"https:\/\/nrcmachine.com\/tr\/#website","url":"https:\/\/nrcmachine.com\/tr\/","name":"Toilet Paper Machine, Paper Tube Machine | NRC Machine","alternateName":"Qingdao New Richuan Precision Machine Co.,Ltd","description":"Reliable Paper Machinery Solutions","inLanguage":"tr-TR","publisher":{"@id":"https:\/\/nrcmachine.com\/tr\/#organization"}}]},"og:locale":"tr_TR","og:site_name":"Toilet Paper Machine, Paper Tube Machine | NRC Machine - Reliable Paper Machinery Solutions","og:type":"article","og:title":"Precision Paper Tube Cutting Machine - QINGDAO NEW RICHUAN","og:description":"This is a paper core cutter. It is also named precision paper tube cutting machine. NRC MACHINE makes it. Qingdao New Richuan Precision Machine Co., Ltd.","og:url":"https:\/\/nrcmachine.com\/tr\/product\/precision-paper-tube-cutting-machine\/","og:image":"https:\/\/nrcmachine.com\/wp-content\/uploads\/2026\/01\/precision-paper-tube-cutting-machine-2.webp","og:image:secure_url":"https:\/\/nrcmachine.com\/wp-content\/uploads\/2026\/01\/precision-paper-tube-cutting-machine-2.webp","og:image:width":800,"og:image:height":800,"article:published_time":"2026-01-08T02:34:09+00:00","article:modified_time":"2026-01-09T09:14:55+00:00","article:publisher":"https:\/\/www.facebook.com\/james.gao.349938","twitter:card":"summary","twitter:site":"@JamesGao65335","twitter:title":"Precision Paper Tube Cutting Machine - QINGDAO NEW RICHUAN","twitter:description":"This is a paper core cutter. It is also named precision paper tube cutting machine. NRC MACHINE makes it. Qingdao New Richuan Precision Machine Co., Ltd.","twitter:image":"https:\/\/nrcmachine.com\/wp-content\/uploads\/2026\/01\/precision-paper-tube-cutting-machine-2.webp"},"aioseo_meta_data":{"post_id":"3817","title":"#post_title #separator_sa QINGDAO NEW RICHUAN","description":"Bu bir ka\u011f\u0131t g\u00f6bek kesicidir. Hassas ka\u011f\u0131t t\u00fcp kesme makinesi olarak da adland\u0131r\u0131l\u0131r. NRC MACHINE bunu yapar. Qingdao Yeni Richuan Hassas Makine Co, Ltd.","keywords":null,"keyphrases":{"focus":{"keyphrase":"paper tube cutting machine","score":100,"analysis":{"keyphraseInTitle":{"score":9,"maxScore":9,"error":0},"keyphraseInDescription":{"score":9,"maxScore":9,"error":0},"keyphraseLength":{"score":9,"maxScore":9,"error":0,"length":4},"keyphraseInURL":{"score":5,"maxScore":5,"error":0},"keyphraseInIntroduction":{"score":9,"maxScore":9,"error":0},"keyphraseInSubHeadings":{"score":9,"maxScore":9,"error":0},"keyphraseInImageAlt":[],"keywordDensity":{"type":"best","score":9,"maxScore":9,"error":0}}},"additional":[]},"primary_term":null,"canonical_url":null,"og_title":null,"og_description":null,"og_object_type":"default","og_image_type":"auto","og_image_url":null,"og_image_width":null,"og_image_height":null,"og_image_custom_url":null,"og_image_custom_fields":null,"og_video":"","og_custom_url":null,"og_article_section":null,"og_article_tags":null,"twitter_use_og":false,"twitter_card":"default","twitter_image_type":"default","twitter_image_url":null,"twitter_image_custom_url":null,"twitter_image_custom_fields":null,"twitter_title":null,"twitter_description":null,"schema":{"blockGraphs":[],"customGraphs":[],"default":{"data":{"Article":[],"Course":[],"Dataset":[],"FAQPage":[],"Movie":[],"Person":[],"Product":[],"ProductReview":[],"Car":[],"Recipe":[],"Service":[],"SoftwareApplication":[],"WebPage":[]},"graphName":"ItemPage","isEnabled":true},"graphs":[]},"schema_type":"default","schema_type_options":null,"pillar_content":false,"robots_default":true,"robots_noindex":false,"robots_noarchive":false,"robots_nosnippet":false,"robots_nofollow":false,"robots_noimageindex":false,"robots_noodp":false,"robots_notranslate":false,"robots_max_snippet":"-1","robots_max_videopreview":"-1","robots_max_imagepreview":"large","priority":null,"frequency":"default","local_seo":null,"seo_analyzer_scan_date":"2026-02-13 02:05:36","breadcrumb_settings":null,"limit_modified_date":false,"reviewed_by":null,"open_ai":null,"ai":{"faqs":[],"keyPoints":[],"titles":[],"descriptions":[],"socialPosts":{"email":[],"linkedin":[],"twitter":[],"facebook":[],"instagram":[]}},"created":"2026-01-08 02:34:10","updated":"2026-02-13 07:06:57"},"aioseo_breadcrumb":"<div class=\"aioseo-breadcrumbs\"><span class=\"aioseo-breadcrumb\">\n\t<a href=\"https:\/\/nrcmachine.com\/tr\" title=\"Home\">Home<\/a>\n<\/span><span class=\"aioseo-breadcrumb-separator\">\u00bb<\/span><span class=\"aioseo-breadcrumb\">\n\t<a href=\"https:\/\/nrcmachine.com\/tr\/product\/\" title=\"Products\">Products<\/a>\n<\/span><span class=\"aioseo-breadcrumb-separator\">\u00bb<\/span><span class=\"aioseo-breadcrumb\">\n\t<a href=\"https:\/\/nrcmachine.com\/tr\/tag\/paper-tube-cutting-machine\/\" title=\"paper tube cutting machine\">paper tube cutting machine<\/a>\n<\/span><span class=\"aioseo-breadcrumb-separator\">\u00bb<\/span><span class=\"aioseo-breadcrumb\">\n\tPrecision Paper Tube Cutting Machine\n<\/span><\/div>","aioseo_breadcrumb_json":[{"label":"Home","link":"https:\/\/nrcmachine.com\/tr"},{"label":"Products","link":"https:\/\/nrcmachine.com\/tr\/product\/"},{"label":"paper tube cutting machine","link":"https:\/\/nrcmachine.com\/tr\/tag\/paper-tube-cutting-machine\/"},{"label":"Precision Paper Tube Cutting Machine","link":"https:\/\/nrcmachine.com\/tr\/product\/precision-paper-tube-cutting-machine\/"}],"_links":{"self":[{"href":"https:\/\/nrcmachine.com\/tr\/wp-json\/wp\/v2\/product\/3817","targetHints":{"allow":["GET"]}}],"collection":[{"href":"https:\/\/nrcmachine.com\/tr\/wp-json\/wp\/v2\/product"}],"about":[{"href":"https:\/\/nrcmachine.com\/tr\/wp-json\/wp\/v2\/types\/product"}],"version-history":[{"count":0,"href":"https:\/\/nrcmachine.com\/tr\/wp-json\/wp\/v2\/product\/3817\/revisions"}],"wp:featuredmedia":[{"embeddable":true,"href":"https:\/\/nrcmachine.com\/tr\/wp-json\/wp\/v2\/media\/3818"}],"wp:attachment":[{"href":"https:\/\/nrcmachine.com\/tr\/wp-json\/wp\/v2\/media?parent=3817"}],"wp:term":[{"taxonomy":"post_tag","embeddable":true,"href":"https:\/\/nrcmachine.com\/tr\/wp-json\/wp\/v2\/tags?post=3817"},{"taxonomy":"products","embeddable":true,"href":"https:\/\/nrcmachine.com\/tr\/wp-json\/wp\/v2\/products?post=3817"}],"curies":[{"name":"wp","href":"https:\/\/api.w.org\/{rel}","templated":true}]}}