 {"id":2382,"date":"2025-12-01T19:39:42","date_gmt":"2025-12-01T11:39:42","guid":{"rendered":"https:\/\/nrcmachine.com\/?post_type=product&#038;p=2382"},"modified":"2026-03-02T20:19:45","modified_gmt":"2026-03-02T12:19:45","slug":"nrc-machine-toilet-paper","status":"publish","type":"product","link":"https:\/\/nrcmachine.com\/vi\/product\/nrc-machine-toilet-paper\/","title":{"rendered":"Gi\u1ea5y v\u1ec7 sinh NRC Machine"},"content":{"rendered":"<h4 style=\"text-align: center;\">NRC <a href=\"https:\/\/nrcmachine.com\/vi\/product\/fully-automatic-toilet-paper-making-machine\/\">M\u00e1y ph\u00e2n ph\u1ed1i gi\u1ea5y v\u1ec7 sinh<\/a><\/h4>\n<p>NRC <a href=\"https:\/\/nrcmachine.com\/vi\/product\/toilet-paper-production-machine\/\">MACHINE Toilet Paper<\/a> could produce toilet paper rolls from jumbo tissue paper rolls.It is full automatic machine.<a href=\"https:\/\/nrcmachinery.com\">M\u00c1Y NRC<\/a> (Qingdao New Richuan Precision Machine Co.,Ltd) manufactures a <a href=\"https:\/\/nrcmachine.com\/vi\/product\/toilet-tissue-paper-making-machine\/\"><strong><b>fully automatic toilet paper production line<\/b><\/strong><\/a>\u00a0that includes a high-speed rewinder, a log cutter, and a packaging machine, designed for efficient and stable production.<\/p>\n<div class=\"ast-oembed-container\" style=\"height: 100%;\"><iframe title=\"Kitchen Towel Rewinding Machine|Toilet Paper Machine Wholesale Roll Rewinding Line Manufacturer\" width=\"500\" height=\"281\" src=\"https:\/\/www.youtube.com\/embed\/8d-cUwVZQRs?feature=oembed\" frameborder=\"0\" allow=\"accelerometer; autoplay; clipboard-write; encrypted-media; gyroscope; picture-in-picture; web-share\" referrerpolicy=\"strict-origin-when-cross-origin\" allowfullscreen><\/iframe><\/div>\n<h5><strong><b>M\u00e1y cu\u1ed9n gi\u1ea5y v\u1ec7 sinh<\/b><\/strong><\/h5>\n<p>The core of the system is the high-speed <a href='https:\/\/nrcmachine.com\/en\/product\/toilet-paper-rewinder-machine\/'>toilet tissue paper rewinding machine,<\/a> which features advanced automation to ensure a seamless process.<\/p>\n<ul>\n<li><b><\/b><strong><b>Ho\u1ea1t \u0111\u1ed9ng<\/b><\/strong>: The machine uses international advanced PLC programmable controlling technique and a man-machine interface for easy operation and data setting.<\/li>\n<\/ul>\n<h6><strong style=\"font-size: 1.2em;\"><b>T\u00ednh n\u0103ng ch\u00ednh<\/b><\/strong><span style=\"font-size: 1.2em; font-weight: bold;\">:<\/span><\/h6>\n<ul>\n<li><b><\/b><strong><b>Automatic Core Feeding<\/b><\/strong>: It automatically feeds paper cores and pushes out the finished logs, then rewinds the new log immediately.<\/li>\n<li><b><\/b><strong><b>Edge Trimming &amp; Sealing<\/b><\/strong>: It performs automatic edge-trimming, glue spraying, and sealing synchronously in one step, leaving a 10-18mm tail for easy opening, which reduces waste.<\/li>\n<li><b><\/b><strong><b>Stability<\/b><\/strong>: The wall-type whole structure is designed for stable running at high speed and low noise levels.<\/li>\n<li><b><\/b><strong><b>L\u1ed7 th\u1ee7ng<\/b><\/strong>: High-precision spiral knives are used for clear, low-noise perforation, with adjustable distance.<\/li>\n<li><b><\/b><strong><b>Jumbo Roll Handling<\/b><\/strong>: It includes a pneumatic lifting system with three paper stands and wide driving flat belts to handle jumbo rolls independently.<\/li>\n<\/ul>\n<h5><strong><b>Toilet Paper Cutter<\/b><\/strong><\/h5>\n<p>While specific details on the NRC brand cutter are limited in the provided results, the overall production line includes a band saw log cutter as a necessary supporting equipment. These are designed to precisely cut the long logs produced by the rewinder into individual, ready-for-packaging rolls.<\/p>\n<h5><strong><b>M\u00e1y \u0111\u00f3ng g\u00f3i \u0111a cu\u1ed9n<\/b><\/strong><\/h5>\n<p>The final component in the line is the packaging machine for multi-rolls. This machine is part of the integrated, automatic process to complete the production line. It is designed to efficiently package multiple toilet paper rolls together for commercial sale.<\/p>\n<h5>Th\u00f4ng s\u1ed1 k\u1ef9 thu\u1eadt<\/h5>\n<table>\n<tbody>\n<tr>\n<td width=\"469\">Parent roll width<\/td>\n<td width=\"836\">\u00a02000mm<\/td>\n<\/tr>\n<tr>\n<td width=\"469\">Parent roll diameter<\/td>\n<td width=\"836\">\u2264\u03a6 1300 mm (other sizes pls specify )<\/td>\n<\/tr>\n<tr>\n<td width=\"469\">Parent roll core diameter<\/td>\n<td width=\"836\">76.2mm<\/td>\n<\/tr>\n<tr>\n<td width=\"469\">Finished roll size<\/td>\n<td width=\"836\">Ddiameter\uff1a\u03a6100~130 mm \uff1bL\uff1a100-260mm \u00a0Inner diameter\uff1a\u03a6 20\uff5e50 mm<\/td>\n<\/tr>\n<tr>\n<td width=\"469\">Back Stand<\/td>\n<td width=\"836\">2 ply,gluing laminating,double belts\uff0cpneumatic parent roll loading<\/td>\n<\/tr>\n<tr>\n<td width=\"469\">\u0110\u1ee5c l\u1ed7<\/td>\n<td width=\"836\">\u00a0\u00a0\u00a0\u00a0\u00a0\u00a0\u00a0\u00a0\u00a0\u00a0\u00a0\u00a0\u00a0\u00a0\u00a0\u00a0\u00a0\u00a0\u00a0\u00a0\u00a0\u00a0\u00a0\u00a0\u00a0\u00a0\u00a0\u00a0\u00a0\u00a0\u00a0\u00a0\u00a0\u00a0\u00a0\u00a0\u00a0\u00a0\u00a0\u00a0\u00a0\u00a0\u00a0\u00a0\u00a0\u00a0\u00a0\u00a0\u00a0\u00a0\u00a0\u00a0\u00a0\u00a0\u00a0\u00a0\u00a0\u00a0\u00a0\u00a0Perforating pitch\uff1a200-220mm adjustable\uff1bBottom perforating knife:Teflon aloy,Ratio\uff1a5\uff1a1<\/td>\n<\/tr>\n<tr>\n<td width=\"469\">Transmission system<\/td>\n<td width=\"836\">\u00a0Individual driving<\/td>\n<\/tr>\n<tr>\n<td width=\"469\">T\u1ed1c \u0111\u1ed9<\/td>\n<td width=\"836\">120-180m\/min<\/td>\n<\/tr>\n<tr>\n<td width=\"469\">C\u00f4ng su\u1ea5t<\/td>\n<td width=\"836\">50kw<\/td>\n<\/tr>\n<tr>\n<td width=\"469\">Pneumatic system<\/td>\n<td width=\"836\">0.45Mpa-0.6Mpa \uff08standard pressure \uff09e<\/td>\n<\/tr>\n<tr>\n<td width=\"469\">\u00c9p n\u1ed5i<\/td>\n<td width=\"836\">\u00a0embossing,steel to rubber rollers,auto gluing,1 pattern as order<\/td>\n<\/tr>\n<tr>\n<td width=\"469\">L\u01b0\u1ee3ng kh\u00ed ti\u00eau th\u1ee5<\/td>\n<td width=\"836\">Normally 50m\u00b3\/shift<\/td>\n<\/tr>\n<tr>\n<td width=\"469\">Core releasing<\/td>\n<td width=\"836\">Auto<\/td>\n<\/tr>\n<tr>\n<td width=\"469\">Shield<\/td>\n<td width=\"836\">Main driving parts protected by shields<\/td>\n<\/tr>\n<tr>\n<td width=\"469\">Electrics<\/td>\n<td width=\"836\">PLC computer control colored touch screen,Inverter frequency conversion,Airtec pneumatics.<\/td>\n<\/tr>\n<tr>\n<td width=\"469\">Machine dimension<\/td>\n<td width=\"836\">7000\u00d73500\u00d71800mm<\/td>\n<\/tr>\n<tr>\n<td width=\"469\">\u00a0C\u00e2n n\u1eb7ng<\/td>\n<td width=\"836\">5000kg<\/td>\n<\/tr>\n<\/tbody>\n<\/table>","protected":false},"featured_media":4474,"template":"","meta":{"_acf_changed":false,"_monsterinsights_skip_tracking":false,"_monsterinsights_sitenote_active":false,"_monsterinsights_sitenote_note":"","_monsterinsights_sitenote_category":0,"site-sidebar-layout":"default","site-content-layout":"","ast-site-content-layout":"default","site-content-style":"default","site-sidebar-style":"default","ast-global-header-display":"","ast-banner-title-visibility":"","ast-main-header-display":"","ast-hfb-above-header-display":"","ast-hfb-below-header-display":"","ast-hfb-mobile-header-display":"","site-post-title":"","ast-breadcrumbs-content":"","ast-featured-img":"","footer-sml-layout":"","theme-transparent-header-meta":"default","adv-header-id-meta":"","stick-header-meta":"default","header-above-stick-meta":"","header-main-stick-meta":"","header-below-stick-meta":"","astra-migrate-meta-layouts":"set","ast-page-background-enabled":"default","ast-page-background-meta":{"desktop":{"background-color":"var(--ast-global-color-4)","background-image":"","background-repeat":"repeat","background-position":"center center","background-size":"auto","background-attachment":"scroll","background-type":"","background-media":"","overlay-type":"","overlay-color":"","overlay-opacity":"","overlay-gradient":""},"tablet":{"background-color":"","background-image":"","background-repeat":"repeat","background-position":"center center","background-size":"auto","background-attachment":"scroll","background-type":"","background-media":"","overlay-type":"","overlay-color":"","overlay-opacity":"","overlay-gradient":""},"mobile":{"background-color":"","background-image":"","background-repeat":"repeat","background-position":"center center","background-size":"auto","background-attachment":"scroll","background-type":"","background-media":"","overlay-type":"","overlay-color":"","overlay-opacity":"","overlay-gradient":""}},"ast-content-background-meta":{"desktop":{"background-color":"var(--ast-global-color-5)","background-image":"","background-repeat":"repeat","background-position":"center center","background-size":"auto","background-attachment":"scroll","background-type":"","background-media":"","overlay-type":"","overlay-color":"","overlay-opacity":"","overlay-gradient":""},"tablet":{"background-color":"var(--ast-global-color-5)","background-image":"","background-repeat":"repeat","background-position":"center center","background-size":"auto","background-attachment":"scroll","background-type":"","background-media":"","overlay-type":"","overlay-color":"","overlay-opacity":"","overlay-gradient":""},"mobile":{"background-color":"var(--ast-global-color-5)","background-image":"","background-repeat":"repeat","background-position":"center center","background-size":"auto","background-attachment":"scroll","background-type":"","background-media":"","overlay-type":"","overlay-color":"","overlay-opacity":"","overlay-gradient":""}}},"tags":[56],"products":[47],"class_list":["post-2382","product","type-product","status-publish","has-post-thumbnail","hentry","tag-toilet-paper-making-machine","products-toilet-paper-making-machine"],"acf":[],"aioseo_notices":[],"aioseo_head":"\n\t\t<!-- All in One SEO Pro 4.9.2 - aioseo.com -->\n\t<meta name=\"description\" content=\"NRC MACHINE Toilet Paper could produce toilet paper rolls from jumbo tissue paper rolls.It is Fully automatic toilet paper production line.\" \/>\n\t<meta name=\"robots\" content=\"max-snippet:-1, max-image-preview:large, max-video-preview:-1\" \/>\n\t<link rel=\"canonical\" href=\"https:\/\/nrcmachine.com\/vi\/product\/nrc-machine-toilet-paper\/\" \/>\n\t<meta name=\"generator\" content=\"All in One SEO Pro (AIOSEO) 4.9.2\" \/>\n\t\t<meta property=\"og:locale\" content=\"vi_VN\" \/>\n\t\t<meta property=\"og:site_name\" content=\"Toilet Paper Machine, Paper Tube Machine | NRC Machine - Reliable Paper Machinery Solutions\" \/>\n\t\t<meta property=\"og:type\" content=\"article\" \/>\n\t\t<meta property=\"og:title\" content=\"NRC Machine Toilet Paper - QINGDAO NEW RICHUAN PRECISION\" \/>\n\t\t<meta property=\"og:description\" content=\"NRC MACHINE Toilet Paper could produce toilet paper rolls from jumbo tissue paper rolls.It is Fully automatic toilet paper production line.\" \/>\n\t\t<meta property=\"og:url\" content=\"https:\/\/nrcmachine.com\/vi\/product\/nrc-machine-toilet-paper\/\" \/>\n\t\t<meta property=\"og:image\" content=\"https:\/\/nrcmachine.com\/wp-content\/uploads\/2025\/12\/nrc-machine-toilet-paper.webp\" \/>\n\t\t<meta property=\"og:image:secure_url\" content=\"https:\/\/nrcmachine.com\/wp-content\/uploads\/2025\/12\/nrc-machine-toilet-paper.webp\" \/>\n\t\t<meta property=\"og:image:width\" content=\"800\" \/>\n\t\t<meta property=\"og:image:height\" content=\"800\" \/>\n\t\t<meta property=\"article:published_time\" content=\"2025-12-01T11:39:42+00:00\" \/>\n\t\t<meta property=\"article:modified_time\" content=\"2026-03-02T12:19:45+00:00\" \/>\n\t\t<meta property=\"article:publisher\" content=\"https:\/\/www.facebook.com\/james.gao.349938\" \/>\n\t\t<meta name=\"twitter:card\" content=\"summary\" \/>\n\t\t<meta name=\"twitter:site\" content=\"@JamesGao65335\" \/>\n\t\t<meta name=\"twitter:title\" content=\"NRC Machine Toilet Paper - QINGDAO NEW RICHUAN PRECISION\" \/>\n\t\t<meta name=\"twitter:description\" content=\"NRC MACHINE Toilet Paper could produce toilet paper rolls from jumbo tissue paper rolls.It is Fully automatic toilet paper production line.\" \/>\n\t\t<meta name=\"twitter:image\" content=\"https:\/\/nrcmachine.com\/wp-content\/uploads\/2025\/12\/nrc-machine-toilet-paper.webp\" \/>\n\t\t<script type=\"application\/ld+json\" class=\"aioseo-schema\">\n\t\t\t{\"@context\":\"https:\\\/\\\/schema.org\",\"@graph\":[{\"@type\":\"BreadcrumbList\",\"@id\":\"https:\\\/\\\/nrcmachine.com\\\/vi\\\/product\\\/nrc-machine-toilet-paper\\\/#breadcrumblist\",\"itemListElement\":[{\"@type\":\"ListItem\",\"@id\":\"https:\\\/\\\/nrcmachine.com\\\/vi#listItem\",\"position\":1,\"name\":\"Home\",\"item\":\"https:\\\/\\\/nrcmachine.com\\\/vi\",\"nextItem\":{\"@type\":\"ListItem\",\"@id\":\"https:\\\/\\\/nrcmachine.com\\\/vi\\\/product\\\/#listItem\",\"name\":\"Products\"}},{\"@type\":\"ListItem\",\"@id\":\"https:\\\/\\\/nrcmachine.com\\\/vi\\\/product\\\/#listItem\",\"position\":2,\"name\":\"Products\",\"item\":\"https:\\\/\\\/nrcmachine.com\\\/vi\\\/product\\\/\",\"nextItem\":{\"@type\":\"ListItem\",\"@id\":\"https:\\\/\\\/nrcmachine.com\\\/vi\\\/tag\\\/toilet-paper-making-machine\\\/#listItem\",\"name\":\"toilet paper making machine\"},\"previousItem\":{\"@type\":\"ListItem\",\"@id\":\"https:\\\/\\\/nrcmachine.com\\\/vi#listItem\",\"name\":\"Home\"}},{\"@type\":\"ListItem\",\"@id\":\"https:\\\/\\\/nrcmachine.com\\\/vi\\\/tag\\\/toilet-paper-making-machine\\\/#listItem\",\"position\":3,\"name\":\"toilet paper making machine\",\"item\":\"https:\\\/\\\/nrcmachine.com\\\/vi\\\/tag\\\/toilet-paper-making-machine\\\/\",\"nextItem\":{\"@type\":\"ListItem\",\"@id\":\"https:\\\/\\\/nrcmachine.com\\\/vi\\\/product\\\/nrc-machine-toilet-paper\\\/#listItem\",\"name\":\"NRC Machine Toilet Paper\"},\"previousItem\":{\"@type\":\"ListItem\",\"@id\":\"https:\\\/\\\/nrcmachine.com\\\/vi\\\/product\\\/#listItem\",\"name\":\"Products\"}},{\"@type\":\"ListItem\",\"@id\":\"https:\\\/\\\/nrcmachine.com\\\/vi\\\/product\\\/nrc-machine-toilet-paper\\\/#listItem\",\"position\":4,\"name\":\"NRC Machine Toilet Paper\",\"previousItem\":{\"@type\":\"ListItem\",\"@id\":\"https:\\\/\\\/nrcmachine.com\\\/vi\\\/tag\\\/toilet-paper-making-machine\\\/#listItem\",\"name\":\"toilet paper making machine\"}}]},{\"@type\":\"Organization\",\"@id\":\"https:\\\/\\\/nrcmachine.com\\\/vi\\\/#organization\",\"name\":\"Toilet Paper Machine, Paper Tube Machine | NRC Machine wordpress\",\"description\":\"Reliable Paper Machinery Solutions\",\"url\":\"https:\\\/\\\/nrcmachine.com\\\/vi\\\/\",\"email\":\"james@nrcmachine.com\",\"telephone\":\"+8615254213289\",\"foundingDate\":\"2023-11-01\",\"numberOfEmployees\":{\"@type\":\"QuantitativeValue\",\"minValue\":1,\"maxValue\":50},\"logo\":{\"@type\":\"ImageObject\",\"url\":\"https:\\\/\\\/nrcmachine.com\\\/wp-content\\\/uploads\\\/2026\\\/01\\\/logo23.png\",\"@id\":\"https:\\\/\\\/nrcmachine.com\\\/vi\\\/product\\\/nrc-machine-toilet-paper\\\/#organizationLogo\",\"width\":800,\"height\":800,\"caption\":\"logo for NRC MACHINE\"},\"image\":{\"@id\":\"https:\\\/\\\/nrcmachine.com\\\/vi\\\/product\\\/nrc-machine-toilet-paper\\\/#organizationLogo\"},\"sameAs\":[\"https:\\\/\\\/www.facebook.com\\\/james.gao.349938\",\"https:\\\/\\\/x.com\\\/JamesGao65335\",\"https:\\\/\\\/www.instagram.com\\\/jamesgao407?igsh=d2YybzFhMjY0YTl3\",\"https:\\\/\\\/www.tiktok.com\\\/@gyl20210118\",\"https:\\\/\\\/www.linkedin.com\\\/in\\\/--9a63583a9\\\/\"]},{\"@type\":\"WebPage\",\"@id\":\"https:\\\/\\\/nrcmachine.com\\\/vi\\\/product\\\/nrc-machine-toilet-paper\\\/#webpage\",\"url\":\"https:\\\/\\\/nrcmachine.com\\\/vi\\\/product\\\/nrc-machine-toilet-paper\\\/\",\"name\":\"NRC Machine Toilet Paper - QINGDAO NEW RICHUAN PRECISION\",\"description\":\"NRC MACHINE Toilet Paper could produce toilet paper rolls from jumbo tissue paper rolls.It is Fully automatic toilet paper production line.\",\"inLanguage\":\"vi\",\"isPartOf\":{\"@id\":\"https:\\\/\\\/nrcmachine.com\\\/vi\\\/#website\"},\"breadcrumb\":{\"@id\":\"https:\\\/\\\/nrcmachine.com\\\/vi\\\/product\\\/nrc-machine-toilet-paper\\\/#breadcrumblist\"},\"image\":{\"@type\":\"ImageObject\",\"url\":\"https:\\\/\\\/nrcmachine.com\\\/wp-content\\\/uploads\\\/2025\\\/12\\\/nrc-machine-toilet-paper.webp\",\"@id\":\"https:\\\/\\\/nrcmachine.com\\\/vi\\\/product\\\/nrc-machine-toilet-paper\\\/#mainImage\",\"width\":800,\"height\":800,\"caption\":\"NRC MACHINE For Making Toilet Paper\"},\"primaryImageOfPage\":{\"@id\":\"https:\\\/\\\/nrcmachine.com\\\/vi\\\/product\\\/nrc-machine-toilet-paper\\\/#mainImage\"},\"datePublished\":\"2025-12-01T19:39:42+08:00\",\"dateModified\":\"2026-03-02T20:19:45+08:00\"},{\"@type\":\"WebSite\",\"@id\":\"https:\\\/\\\/nrcmachine.com\\\/vi\\\/#website\",\"url\":\"https:\\\/\\\/nrcmachine.com\\\/vi\\\/\",\"name\":\"Toilet Paper Machine, Paper Tube Machine | NRC Machine\",\"alternateName\":\"Qingdao New Richuan Precision Machine Co.,Ltd\",\"description\":\"Reliable Paper Machinery Solutions\",\"inLanguage\":\"vi\",\"publisher\":{\"@id\":\"https:\\\/\\\/nrcmachine.com\\\/vi\\\/#organization\"}}]}\n\t\t<\/script>\n\t\t<!-- All in One SEO Pro -->\r\n\t\t<title>NRC Machine Toilet Paper - QINGDAO NEW RICHUAN PRECISION<\/title>\n\n","aioseo_head_json":{"title":"NRC Machine Toilet Paper - QINGDAO NEW RICHUAN PRECISION","description":"NRC MACHINE Toilet Paper could produce toilet paper rolls from jumbo tissue paper rolls.It is Fully automatic toilet paper production line.","canonical_url":"https:\/\/nrcmachine.com\/vi\/product\/nrc-machine-toilet-paper\/","robots":"max-snippet:-1, max-image-preview:large, max-video-preview:-1","keywords":"","webmasterTools":{"miscellaneous":""},"schema":{"@context":"https:\/\/schema.org","@graph":[{"@type":"BreadcrumbList","@id":"https:\/\/nrcmachine.com\/vi\/product\/nrc-machine-toilet-paper\/#breadcrumblist","itemListElement":[{"@type":"ListItem","@id":"https:\/\/nrcmachine.com\/vi#listItem","position":1,"name":"Home","item":"https:\/\/nrcmachine.com\/vi","nextItem":{"@type":"ListItem","@id":"https:\/\/nrcmachine.com\/vi\/product\/#listItem","name":"Products"}},{"@type":"ListItem","@id":"https:\/\/nrcmachine.com\/vi\/product\/#listItem","position":2,"name":"Products","item":"https:\/\/nrcmachine.com\/vi\/product\/","nextItem":{"@type":"ListItem","@id":"https:\/\/nrcmachine.com\/vi\/tag\/toilet-paper-making-machine\/#listItem","name":"toilet paper making machine"},"previousItem":{"@type":"ListItem","@id":"https:\/\/nrcmachine.com\/vi#listItem","name":"Home"}},{"@type":"ListItem","@id":"https:\/\/nrcmachine.com\/vi\/tag\/toilet-paper-making-machine\/#listItem","position":3,"name":"toilet paper making machine","item":"https:\/\/nrcmachine.com\/vi\/tag\/toilet-paper-making-machine\/","nextItem":{"@type":"ListItem","@id":"https:\/\/nrcmachine.com\/vi\/product\/nrc-machine-toilet-paper\/#listItem","name":"NRC Machine Toilet Paper"},"previousItem":{"@type":"ListItem","@id":"https:\/\/nrcmachine.com\/vi\/product\/#listItem","name":"Products"}},{"@type":"ListItem","@id":"https:\/\/nrcmachine.com\/vi\/product\/nrc-machine-toilet-paper\/#listItem","position":4,"name":"NRC Machine Toilet Paper","previousItem":{"@type":"ListItem","@id":"https:\/\/nrcmachine.com\/vi\/tag\/toilet-paper-making-machine\/#listItem","name":"toilet paper making machine"}}]},{"@type":"Organization","@id":"https:\/\/nrcmachine.com\/vi\/#organization","name":"Toilet Paper Machine, Paper Tube Machine | NRC Machine wordpress","description":"Reliable Paper Machinery Solutions","url":"https:\/\/nrcmachine.com\/vi\/","email":"james@nrcmachine.com","telephone":"+8615254213289","foundingDate":"2023-11-01","numberOfEmployees":{"@type":"QuantitativeValue","minValue":1,"maxValue":50},"logo":{"@type":"ImageObject","url":"https:\/\/nrcmachine.com\/wp-content\/uploads\/2026\/01\/logo23.png","@id":"https:\/\/nrcmachine.com\/vi\/product\/nrc-machine-toilet-paper\/#organizationLogo","width":800,"height":800,"caption":"logo for NRC MACHINE"},"image":{"@id":"https:\/\/nrcmachine.com\/vi\/product\/nrc-machine-toilet-paper\/#organizationLogo"},"sameAs":["https:\/\/www.facebook.com\/james.gao.349938","https:\/\/x.com\/JamesGao65335","https:\/\/www.instagram.com\/jamesgao407?igsh=d2YybzFhMjY0YTl3","https:\/\/www.tiktok.com\/@gyl20210118","https:\/\/www.linkedin.com\/in\/--9a63583a9\/"]},{"@type":"WebPage","@id":"https:\/\/nrcmachine.com\/vi\/product\/nrc-machine-toilet-paper\/#webpage","url":"https:\/\/nrcmachine.com\/vi\/product\/nrc-machine-toilet-paper\/","name":"NRC Machine Toilet Paper - QINGDAO NEW RICHUAN PRECISION","description":"NRC MACHINE Toilet Paper could produce toilet paper rolls from jumbo tissue paper rolls.It is Fully automatic toilet paper production line.","inLanguage":"vi","isPartOf":{"@id":"https:\/\/nrcmachine.com\/vi\/#website"},"breadcrumb":{"@id":"https:\/\/nrcmachine.com\/vi\/product\/nrc-machine-toilet-paper\/#breadcrumblist"},"image":{"@type":"ImageObject","url":"https:\/\/nrcmachine.com\/wp-content\/uploads\/2025\/12\/nrc-machine-toilet-paper.webp","@id":"https:\/\/nrcmachine.com\/vi\/product\/nrc-machine-toilet-paper\/#mainImage","width":800,"height":800,"caption":"NRC MACHINE For Making Toilet Paper"},"primaryImageOfPage":{"@id":"https:\/\/nrcmachine.com\/vi\/product\/nrc-machine-toilet-paper\/#mainImage"},"datePublished":"2025-12-01T19:39:42+08:00","dateModified":"2026-03-02T20:19:45+08:00"},{"@type":"WebSite","@id":"https:\/\/nrcmachine.com\/vi\/#website","url":"https:\/\/nrcmachine.com\/vi\/","name":"Toilet Paper Machine, Paper Tube Machine | NRC Machine","alternateName":"Qingdao New Richuan Precision Machine Co.,Ltd","description":"Reliable Paper Machinery Solutions","inLanguage":"vi","publisher":{"@id":"https:\/\/nrcmachine.com\/vi\/#organization"}}]},"og:locale":"vi_VN","og:site_name":"Toilet Paper Machine, Paper Tube Machine | NRC Machine - Reliable Paper Machinery Solutions","og:type":"article","og:title":"NRC Machine Toilet Paper - QINGDAO NEW RICHUAN PRECISION","og:description":"NRC MACHINE Toilet Paper could produce toilet paper rolls from jumbo tissue paper rolls.It is Fully automatic toilet paper production line.","og:url":"https:\/\/nrcmachine.com\/vi\/product\/nrc-machine-toilet-paper\/","og:image":"https:\/\/nrcmachine.com\/wp-content\/uploads\/2025\/12\/nrc-machine-toilet-paper.webp","og:image:secure_url":"https:\/\/nrcmachine.com\/wp-content\/uploads\/2025\/12\/nrc-machine-toilet-paper.webp","og:image:width":800,"og:image:height":800,"article:published_time":"2025-12-01T11:39:42+00:00","article:modified_time":"2026-03-02T12:19:45+00:00","article:publisher":"https:\/\/www.facebook.com\/james.gao.349938","twitter:card":"summary","twitter:site":"@JamesGao65335","twitter:title":"NRC Machine Toilet Paper - QINGDAO NEW RICHUAN PRECISION","twitter:description":"NRC MACHINE Toilet Paper could produce toilet paper rolls from jumbo tissue paper rolls.It is Fully automatic toilet paper production line.","twitter:image":"https:\/\/nrcmachine.com\/wp-content\/uploads\/2025\/12\/nrc-machine-toilet-paper.webp"},"aioseo_meta_data":{"post_id":"2382","title":"#post_title #separator_sa QINGDAO NEW RICHUAN PRECISION","description":"NRC MACHINE Toilet Paper could produce toilet paper rolls from jumbo tissue paper rolls.It is Fully automatic toilet paper production line.","keywords":null,"keyphrases":{"focus":{"keyphrase":"machine toilet paper","score":100,"analysis":{"keyphraseInTitle":{"score":9,"maxScore":9,"error":0},"keyphraseInDescription":{"score":9,"maxScore":9,"error":0},"keyphraseLength":{"score":9,"maxScore":9,"error":0,"length":3},"keyphraseInURL":{"score":5,"maxScore":5,"error":0},"keyphraseInIntroduction":{"score":9,"maxScore":9,"error":0},"keyphraseInSubHeadings":[],"keyphraseInImageAlt":[],"keywordDensity":{"type":"best","score":9,"maxScore":9,"error":0}}},"additional":[]},"primary_term":null,"canonical_url":null,"og_title":null,"og_description":null,"og_object_type":"default","og_image_type":"default","og_image_url":null,"og_image_width":null,"og_image_height":null,"og_image_custom_url":null,"og_image_custom_fields":null,"og_video":"","og_custom_url":null,"og_article_section":null,"og_article_tags":null,"twitter_use_og":false,"twitter_card":"default","twitter_image_type":"default","twitter_image_url":null,"twitter_image_custom_url":null,"twitter_image_custom_fields":null,"twitter_title":null,"twitter_description":null,"schema":{"blockGraphs":[],"customGraphs":[],"default":{"data":{"Article":[],"Course":[],"Dataset":[],"FAQPage":[],"Movie":[],"Person":[],"Product":[],"ProductReview":[],"Car":[],"Recipe":[],"Service":[],"SoftwareApplication":[],"WebPage":[]},"graphName":"ItemPage","isEnabled":true},"graphs":[]},"schema_type":"default","schema_type_options":null,"pillar_content":false,"robots_default":true,"robots_noindex":false,"robots_noarchive":false,"robots_nosnippet":false,"robots_nofollow":false,"robots_noimageindex":false,"robots_noodp":false,"robots_notranslate":false,"robots_max_snippet":"-1","robots_max_videopreview":"-1","robots_max_imagepreview":"large","priority":null,"frequency":"default","local_seo":null,"seo_analyzer_scan_date":"2026-03-02 12:20:49","breadcrumb_settings":null,"limit_modified_date":false,"reviewed_by":null,"open_ai":null,"ai":{"faqs":[],"keyPoints":[],"titles":[],"descriptions":[],"socialPosts":{"email":[],"linkedin":[],"twitter":[],"facebook":[],"instagram":[]}},"created":"2025-12-11 08:41:59","updated":"2026-04-04 04:25:11"},"aioseo_breadcrumb":"<div class=\"aioseo-breadcrumbs\"><span class=\"aioseo-breadcrumb\">\n\t<a href=\"https:\/\/nrcmachine.com\/vi\" title=\"Home\">Home<\/a>\n<\/span><span class=\"aioseo-breadcrumb-separator\">\u00bb<\/span><span class=\"aioseo-breadcrumb\">\n\t<a href=\"https:\/\/nrcmachine.com\/vi\/product\/\" title=\"Products\">Products<\/a>\n<\/span><span class=\"aioseo-breadcrumb-separator\">\u00bb<\/span><span class=\"aioseo-breadcrumb\">\n\t<a href=\"https:\/\/nrcmachine.com\/vi\/tag\/toilet-paper-making-machine\/\" title=\"toilet paper making machine\">toilet paper making machine<\/a>\n<\/span><span class=\"aioseo-breadcrumb-separator\">\u00bb<\/span><span class=\"aioseo-breadcrumb\">\n\tNRC Machine Toilet Paper\n<\/span><\/div>","aioseo_breadcrumb_json":[{"label":"Home","link":"https:\/\/nrcmachine.com\/vi"},{"label":"Products","link":"https:\/\/nrcmachine.com\/vi\/product\/"},{"label":"toilet paper making machine","link":"https:\/\/nrcmachine.com\/vi\/tag\/toilet-paper-making-machine\/"},{"label":"NRC Machine Toilet Paper","link":"https:\/\/nrcmachine.com\/vi\/product\/nrc-machine-toilet-paper\/"}],"_links":{"self":[{"href":"https:\/\/nrcmachine.com\/vi\/wp-json\/wp\/v2\/product\/2382","targetHints":{"allow":["GET"]}}],"collection":[{"href":"https:\/\/nrcmachine.com\/vi\/wp-json\/wp\/v2\/product"}],"about":[{"href":"https:\/\/nrcmachine.com\/vi\/wp-json\/wp\/v2\/types\/product"}],"version-history":[{"count":1,"href":"https:\/\/nrcmachine.com\/vi\/wp-json\/wp\/v2\/product\/2382\/revisions"}],"predecessor-version":[{"id":5650,"href":"https:\/\/nrcmachine.com\/vi\/wp-json\/wp\/v2\/product\/2382\/revisions\/5650"}],"wp:featuredmedia":[{"embeddable":true,"href":"https:\/\/nrcmachine.com\/vi\/wp-json\/wp\/v2\/media\/4474"}],"wp:attachment":[{"href":"https:\/\/nrcmachine.com\/vi\/wp-json\/wp\/v2\/media?parent=2382"}],"wp:term":[{"taxonomy":"post_tag","embeddable":true,"href":"https:\/\/nrcmachine.com\/vi\/wp-json\/wp\/v2\/tags?post=2382"},{"taxonomy":"products","embeddable":true,"href":"https:\/\/nrcmachine.com\/vi\/wp-json\/wp\/v2\/products?post=2382"}],"curies":[{"name":"wp","href":"https:\/\/api.w.org\/{rel}","templated":true}]}}