 {"id":3033,"date":"2025-12-17T12:39:02","date_gmt":"2025-12-17T04:39:02","guid":{"rendered":"https:\/\/nrcmachine.com\/?post_type=product&#038;p=3033"},"modified":"2026-02-13T09:56:14","modified_gmt":"2026-02-13T01:56:14","slug":"kitchen-paper-towel-machine","status":"publish","type":"product","link":"https:\/\/nrcmachine.com\/vi\/product\/kitchen-paper-towel-machine\/","title":{"rendered":"M\u00e1y s\u1ea3n xu\u1ea5t kh\u0103n gi\u1ea5y nh\u00e0 b\u1ebfp"},"content":{"rendered":"<h4 style=\"text-align: center;\"><strong>Revolutionizing the Kitchen Paper Towel Industry with <a href=\"https:\/\/nrcmachine.com\/vi\">M\u00c1Y NRC<\/a><\/strong><\/h4>\n<p>In today\u2019s fast-paced consumer goods market, efficiency, precision, and automation are key to staying competitive. The <strong>kitchen paper towel machine<\/strong>\u00a0is the cornerstone of any modern tissue production line.The demand for high-quality kitchen paper towels continues to rise, driving the need for advanced production solutions. At the heart of this transformation stands <strong>kitchen paper towel machine<\/strong>\u00a0technology, and one company leading the charge is <a href=\"https:\/\/nrcmachinery.com\"><strong>NRC MACHINE (C\u00f4ng ty TNHH M\u00e1y ch\u00ednh x\u00e1c New Richuan Qingdao)<\/strong><\/a>. With a strong reputation for innovation and reliability, <a href=\"https:\/\/nrcmachine.com\/vi\">M\u00c1Y NRC<\/a> delivers state-of-the-art equipment designed to meet the evolving needs of tissue and paper product manufacturers worldwide.<\/p>\n<div class=\"ast-oembed-container\" style=\"height: 100%;\"><iframe title=\"M\u00e1y cu\u1ed9n l\u1ea1i kh\u0103n lau b\u1ebfp\" width=\"500\" height=\"281\" src=\"https:\/\/www.youtube.com\/embed\/8d-cUwVZQRs?feature=oembed\" frameborder=\"0\" allow=\"accelerometer; autoplay; clipboard-write; encrypted-media; gyroscope; picture-in-picture; web-share\" referrerpolicy=\"strict-origin-when-cross-origin\" allowfullscreen><\/iframe><\/div>\n<h5><strong>The Core of Production: Kitchen Paper Towel Machine<\/strong><\/h5>\n<p>It transforms large jumbo rolls of paper into consumer-ready kitchen towels through precise cutting, folding, and rewinding processes. NRC MACHINE has perfected this technology, offering machines that ensure consistent quality, high speed, and minimal waste. Whether you&#8217;re producing embossed, multi-ply, or eco-friendly kitchen towels, the <strong>kitchen paper towel machine<\/strong>\u00a0from NRC MACHINE provides the flexibility and performance needed to excel in a crowded market.<\/p>\n<p>\u0110i\u1ec1u n\u00e0y <a href='https:\/\/nrcmachine.com\/vi\/facial-tissue-paper-machine\/'>machine is not just about functionality\u2014it&#8217;s about smart<\/a> engineering. Equipped with advanced PLC control systems, touchscreens, and automatic fault diagnostics, it reduces downtime and simplifies operation. The result? Higher productivity, lower labor costs, and superior product consistency.<\/p>\n<h5><strong>Complete Production Line Integration by NRC MACHINE<\/strong><\/h5>\n<p>NRC MACHINE doesn\u2019t stop at just the <strong>kitchen paper towel machine<\/strong>\u2014they offer a comprehensive suite of equipment to create a fully automated production line. Here\u2019s how their systems work together seamlessly:<\/p>\n<ol>\n<li>\n<h6><strong> Kitchen Paper Towel Rewinder<\/strong><\/h6>\n<\/li>\n<\/ol>\n<p>After the initial slitting and cutting, the <strong>kitchen paper towel rewinder<\/strong>\u00a0plays a critical role in forming tightly wound, uniformly shaped rolls. NRC\u2019s rewinder ensures precise tension control and roll density, preventing issues like loose ends or uneven winding. This step is essential for both aesthetic appeal and functional performance in end-user applications.<\/p>\n<ol start=\"2\">\n<li>\n<h6><strong> M\u00e1y c\u1eaft c\u01b0a b\u0103ng t\u1ef1 \u0111\u1ed9ng<\/strong><\/h6>\n<\/li>\n<\/ol>\n<p>Precision cutting is vital in tissue manufacturing. The <strong>M\u00e1y c\u1eaft b\u0103ng t\u1ef1 \u0111\u1ed9ng<\/strong>\u00a0from NRC MACHINE delivers clean, accurate cuts without fraying or deformation. Fully automated and integrated into the production line, it adjusts dynamically to different roll sizes and materials, making it ideal for multi-product facilities.<\/p>\n<ol start=\"3\">\n<li>\n<h6><strong> M\u00e1y \u0111\u00f3ng g\u00f3i nhi\u1ec1u cu\u1ed9n<\/strong><\/h6>\n<\/li>\n<\/ol>\n<p>Once the towels are formed and cut, efficient packaging is key. The <strong>m\u00e1y \u0111\u00f3ng g\u00f3i nhi\u1ec1u cu\u1ed9n<\/strong>\u00a0bundles multiple kitchen paper towel rolls into shrink-wrapped or bagged units, ready for retail. With high-speed packaging capabilities and minimal film waste, this machine enhances throughput while maintaining a clean, professional look.<\/p>\n<ol start=\"4\">\n<li>\n<h6><strong> M\u00e1y \u0111\u00f3ng g\u00f3i cu\u1ed9n \u0111\u01a1n<\/strong><\/h6>\n<\/li>\n<\/ol>\n<p>For individual consumer packs, the <strong>m\u00e1y \u0111\u00f3ng g\u00f3i cu\u1ed9n \u0111\u01a1n<\/strong>\u00a0offers flexibility and hygiene. Ideal for premium or on-the-go products, it seals each roll in plastic or paper wrap, protecting it from moisture and contamination. Its compact design fits seamlessly into existing lines and supports various packaging styles.<\/p>\n<h5><strong>T\u1ea1i sao n\u00ean ch\u1ecdn NRC MACHINE?<\/strong><\/h5>\n<p>NRC MACHINE (Qingdao New Richuan Precision Machine Co., Ltd) stands out not only for its advanced machinery but also for its commitment to customer success. With years of experience in precision engineering, they provide:<\/p>\n<ul>\n<li>Turnkey solutions tailored to your production scale<\/li>\n<li>Comprehensive after-sales service and technical support<\/li>\n<li>Machines built with durable, food-grade materials<\/li>\n<li>Energy-efficient designs that reduce operational costs<\/li>\n<\/ul>\n<p>From the core <strong>kitchen paper towel machine<\/strong>\u00a0to the final packaging stage, NRC MACHINE ensures every component works in harmony to maximize output and quality.<\/p>\n<h5><strong>K\u1ebft lu\u1eadn: N\u00e2ng cao hi\u1ec7u su\u1ea5t s\u1ea3n xu\u1ea5t v\u1edbi NRC MACHINE<\/strong><\/h5>\n<p>In an industry where consistency, speed, and sustainability matter, investing in the right equipment is non-negotiable. The <strong>kitchen paper towel machine<\/strong>\u00a0and its complementary systems from NRC MACHINE represent the future of tissue manufacturing. By choosing NRC, you&#8217;re not just buying machines\u2014you&#8217;re partnering with a leader dedicated to innovation, efficiency, and long-term success.<\/p>\n<p>Make the smart move today. Transform your production line with NRC MACHINE and deliver kitchen paper towels that stand out on every shelf.<\/p>","protected":false},"featured_media":3034,"template":"","meta":{"_acf_changed":false,"_monsterinsights_skip_tracking":false,"_monsterinsights_sitenote_active":false,"_monsterinsights_sitenote_note":"","_monsterinsights_sitenote_category":0,"site-sidebar-layout":"default","site-content-layout":"","ast-site-content-layout":"default","site-content-style":"default","site-sidebar-style":"default","ast-global-header-display":"","ast-banner-title-visibility":"","ast-main-header-display":"","ast-hfb-above-header-display":"","ast-hfb-below-header-display":"","ast-hfb-mobile-header-display":"","site-post-title":"","ast-breadcrumbs-content":"","ast-featured-img":"","footer-sml-layout":"","theme-transparent-header-meta":"default","adv-header-id-meta":"","stick-header-meta":"default","header-above-stick-meta":"","header-main-stick-meta":"","header-below-stick-meta":"","astra-migrate-meta-layouts":"set","ast-page-background-enabled":"default","ast-page-background-meta":{"desktop":{"background-color":"var(--ast-global-color-4)","background-image":"","background-repeat":"repeat","background-position":"center center","background-size":"auto","background-attachment":"scroll","background-type":"","background-media":"","overlay-type":"","overlay-color":"","overlay-opacity":"","overlay-gradient":""},"tablet":{"background-color":"","background-image":"","background-repeat":"repeat","background-position":"center center","background-size":"auto","background-attachment":"scroll","background-type":"","background-media":"","overlay-type":"","overlay-color":"","overlay-opacity":"","overlay-gradient":""},"mobile":{"background-color":"","background-image":"","background-repeat":"repeat","background-position":"center center","background-size":"auto","background-attachment":"scroll","background-type":"","background-media":"","overlay-type":"","overlay-color":"","overlay-opacity":"","overlay-gradient":""}},"ast-content-background-meta":{"desktop":{"background-color":"var(--ast-global-color-5)","background-image":"","background-repeat":"repeat","background-position":"center center","background-size":"auto","background-attachment":"scroll","background-type":"","background-media":"","overlay-type":"","overlay-color":"","overlay-opacity":"","overlay-gradient":""},"tablet":{"background-color":"var(--ast-global-color-5)","background-image":"","background-repeat":"repeat","background-position":"center center","background-size":"auto","background-attachment":"scroll","background-type":"","background-media":"","overlay-type":"","overlay-color":"","overlay-opacity":"","overlay-gradient":""},"mobile":{"background-color":"var(--ast-global-color-5)","background-image":"","background-repeat":"repeat","background-position":"center center","background-size":"auto","background-attachment":"scroll","background-type":"","background-media":"","overlay-type":"","overlay-color":"","overlay-opacity":"","overlay-gradient":""}}},"tags":[56],"products":[47],"class_list":["post-3033","product","type-product","status-publish","has-post-thumbnail","hentry","tag-toilet-paper-making-machine","products-toilet-paper-making-machine"],"acf":[],"aioseo_notices":[],"aioseo_head":"\n\t\t<!-- All in One SEO Pro 4.9.2 - aioseo.com -->\n\t<meta name=\"description\" content=\"The kitchen paper towel machine and its complementary systems from NRC MACHINE represent the future of tissue manufacturing. By choosing NRC.\" \/>\n\t<meta name=\"robots\" content=\"max-snippet:-1, max-image-preview:large, max-video-preview:-1\" \/>\n\t<link rel=\"canonical\" href=\"https:\/\/nrcmachine.com\/vi\/product\/kitchen-paper-towel-machine\/\" \/>\n\t<meta name=\"generator\" content=\"All in One SEO Pro (AIOSEO) 4.9.2\" \/>\n\t\t<meta property=\"og:locale\" content=\"vi_VN\" \/>\n\t\t<meta property=\"og:site_name\" content=\"Toilet Paper Machine, Paper Tube Machine | NRC Machine - Reliable Paper Machinery Solutions\" \/>\n\t\t<meta property=\"og:type\" content=\"article\" \/>\n\t\t<meta property=\"og:title\" content=\"Revolutionizing Kitchen Paper Towel Machine with NRC MACHINE\" \/>\n\t\t<meta property=\"og:description\" content=\"The kitchen paper towel machine and its complementary systems from NRC MACHINE represent the future of tissue manufacturing. By choosing NRC.\" \/>\n\t\t<meta property=\"og:url\" content=\"https:\/\/nrcmachine.com\/vi\/product\/kitchen-paper-towel-machine\/\" \/>\n\t\t<meta property=\"og:image\" content=\"https:\/\/nrcmachine.com\/wp-content\/uploads\/2025\/12\/kitchen-paper-towel-machine-3.webp\" \/>\n\t\t<meta property=\"og:image:secure_url\" content=\"https:\/\/nrcmachine.com\/wp-content\/uploads\/2025\/12\/kitchen-paper-towel-machine-3.webp\" \/>\n\t\t<meta property=\"og:image:width\" content=\"800\" \/>\n\t\t<meta property=\"og:image:height\" content=\"800\" \/>\n\t\t<meta property=\"article:published_time\" content=\"2025-12-17T04:39:02+00:00\" \/>\n\t\t<meta property=\"article:modified_time\" content=\"2026-02-13T01:56:14+00:00\" \/>\n\t\t<meta property=\"article:publisher\" content=\"https:\/\/www.facebook.com\/james.gao.349938\" \/>\n\t\t<meta name=\"twitter:card\" content=\"summary\" \/>\n\t\t<meta name=\"twitter:site\" content=\"@JamesGao65335\" \/>\n\t\t<meta name=\"twitter:title\" content=\"Revolutionizing Kitchen Paper Towel Machine with NRC MACHINE\" \/>\n\t\t<meta name=\"twitter:description\" content=\"The kitchen paper towel machine and its complementary systems from NRC MACHINE represent the future of tissue manufacturing. By choosing NRC.\" \/>\n\t\t<meta name=\"twitter:image\" content=\"https:\/\/nrcmachine.com\/wp-content\/uploads\/2025\/12\/kitchen-paper-towel-machine-3.webp\" \/>\n\t\t<script type=\"application\/ld+json\" class=\"aioseo-schema\">\n\t\t\t{\"@context\":\"https:\\\/\\\/schema.org\",\"@graph\":[{\"@type\":\"BreadcrumbList\",\"@id\":\"https:\\\/\\\/nrcmachine.com\\\/vi\\\/product\\\/kitchen-paper-towel-machine\\\/#breadcrumblist\",\"itemListElement\":[{\"@type\":\"ListItem\",\"@id\":\"https:\\\/\\\/nrcmachine.com\\\/vi#listItem\",\"position\":1,\"name\":\"Home\",\"item\":\"https:\\\/\\\/nrcmachine.com\\\/vi\",\"nextItem\":{\"@type\":\"ListItem\",\"@id\":\"https:\\\/\\\/nrcmachine.com\\\/vi\\\/product\\\/#listItem\",\"name\":\"Products\"}},{\"@type\":\"ListItem\",\"@id\":\"https:\\\/\\\/nrcmachine.com\\\/vi\\\/product\\\/#listItem\",\"position\":2,\"name\":\"Products\",\"item\":\"https:\\\/\\\/nrcmachine.com\\\/vi\\\/product\\\/\",\"nextItem\":{\"@type\":\"ListItem\",\"@id\":\"https:\\\/\\\/nrcmachine.com\\\/vi\\\/tag\\\/toilet-paper-making-machine\\\/#listItem\",\"name\":\"toilet paper making machine\"},\"previousItem\":{\"@type\":\"ListItem\",\"@id\":\"https:\\\/\\\/nrcmachine.com\\\/vi#listItem\",\"name\":\"Home\"}},{\"@type\":\"ListItem\",\"@id\":\"https:\\\/\\\/nrcmachine.com\\\/vi\\\/tag\\\/toilet-paper-making-machine\\\/#listItem\",\"position\":3,\"name\":\"toilet paper making machine\",\"item\":\"https:\\\/\\\/nrcmachine.com\\\/vi\\\/tag\\\/toilet-paper-making-machine\\\/\",\"nextItem\":{\"@type\":\"ListItem\",\"@id\":\"https:\\\/\\\/nrcmachine.com\\\/vi\\\/product\\\/kitchen-paper-towel-machine\\\/#listItem\",\"name\":\"Kitchen Paper Towel Machine\"},\"previousItem\":{\"@type\":\"ListItem\",\"@id\":\"https:\\\/\\\/nrcmachine.com\\\/vi\\\/product\\\/#listItem\",\"name\":\"Products\"}},{\"@type\":\"ListItem\",\"@id\":\"https:\\\/\\\/nrcmachine.com\\\/vi\\\/product\\\/kitchen-paper-towel-machine\\\/#listItem\",\"position\":4,\"name\":\"Kitchen Paper Towel Machine\",\"previousItem\":{\"@type\":\"ListItem\",\"@id\":\"https:\\\/\\\/nrcmachine.com\\\/vi\\\/tag\\\/toilet-paper-making-machine\\\/#listItem\",\"name\":\"toilet paper making machine\"}}]},{\"@type\":\"Organization\",\"@id\":\"https:\\\/\\\/nrcmachine.com\\\/vi\\\/#organization\",\"name\":\"Toilet Paper Machine, Paper Tube Machine | NRC Machine wordpress\",\"description\":\"Reliable Paper Machinery Solutions\",\"url\":\"https:\\\/\\\/nrcmachine.com\\\/vi\\\/\",\"email\":\"james@nrcmachine.com\",\"telephone\":\"+8615254213289\",\"foundingDate\":\"2023-11-01\",\"numberOfEmployees\":{\"@type\":\"QuantitativeValue\",\"minValue\":1,\"maxValue\":50},\"logo\":{\"@type\":\"ImageObject\",\"url\":\"https:\\\/\\\/nrcmachine.com\\\/wp-content\\\/uploads\\\/2026\\\/01\\\/logo23.png\",\"@id\":\"https:\\\/\\\/nrcmachine.com\\\/vi\\\/product\\\/kitchen-paper-towel-machine\\\/#organizationLogo\",\"width\":800,\"height\":800,\"caption\":\"logo for NRC MACHINE\"},\"image\":{\"@id\":\"https:\\\/\\\/nrcmachine.com\\\/vi\\\/product\\\/kitchen-paper-towel-machine\\\/#organizationLogo\"},\"sameAs\":[\"https:\\\/\\\/www.facebook.com\\\/james.gao.349938\",\"https:\\\/\\\/x.com\\\/JamesGao65335\",\"https:\\\/\\\/www.instagram.com\\\/jamesgao407?igsh=d2YybzFhMjY0YTl3\",\"https:\\\/\\\/www.tiktok.com\\\/@gyl20210118\",\"https:\\\/\\\/www.linkedin.com\\\/in\\\/--9a63583a9\\\/\"]},{\"@type\":\"WebPage\",\"@id\":\"https:\\\/\\\/nrcmachine.com\\\/vi\\\/product\\\/kitchen-paper-towel-machine\\\/#webpage\",\"url\":\"https:\\\/\\\/nrcmachine.com\\\/vi\\\/product\\\/kitchen-paper-towel-machine\\\/\",\"name\":\"Revolutionizing Kitchen Paper Towel Machine with NRC MACHINE\",\"description\":\"The kitchen paper towel machine and its complementary systems from NRC MACHINE represent the future of tissue manufacturing. By choosing NRC.\",\"inLanguage\":\"vi\",\"isPartOf\":{\"@id\":\"https:\\\/\\\/nrcmachine.com\\\/vi\\\/#website\"},\"breadcrumb\":{\"@id\":\"https:\\\/\\\/nrcmachine.com\\\/vi\\\/product\\\/kitchen-paper-towel-machine\\\/#breadcrumblist\"},\"image\":{\"@type\":\"ImageObject\",\"url\":\"https:\\\/\\\/nrcmachine.com\\\/wp-content\\\/uploads\\\/2025\\\/12\\\/kitchen-paper-towel-machine-3.webp\",\"@id\":\"https:\\\/\\\/nrcmachine.com\\\/vi\\\/product\\\/kitchen-paper-towel-machine\\\/#mainImage\",\"width\":800,\"height\":800,\"caption\":\"kitchen paper towel machine (3)\"},\"primaryImageOfPage\":{\"@id\":\"https:\\\/\\\/nrcmachine.com\\\/vi\\\/product\\\/kitchen-paper-towel-machine\\\/#mainImage\"},\"datePublished\":\"2025-12-17T12:39:02+08:00\",\"dateModified\":\"2026-02-13T09:56:14+08:00\"},{\"@type\":\"WebSite\",\"@id\":\"https:\\\/\\\/nrcmachine.com\\\/vi\\\/#website\",\"url\":\"https:\\\/\\\/nrcmachine.com\\\/vi\\\/\",\"name\":\"Toilet Paper Machine, Paper Tube Machine | NRC Machine\",\"alternateName\":\"Qingdao New Richuan Precision Machine Co.,Ltd\",\"description\":\"Reliable Paper Machinery Solutions\",\"inLanguage\":\"vi\",\"publisher\":{\"@id\":\"https:\\\/\\\/nrcmachine.com\\\/vi\\\/#organization\"}}]}\n\t\t<\/script>\n\t\t<!-- All in One SEO Pro -->\r\n\t\t<title>Revolutionizing Kitchen Paper Towel Machine with NRC MACHINE<\/title>\n\n","aioseo_head_json":{"title":"Revolutionizing Kitchen Paper Towel Machine with NRC MACHINE","description":"The kitchen paper towel machine and its complementary systems from NRC MACHINE represent the future of tissue manufacturing. By choosing NRC.","canonical_url":"https:\/\/nrcmachine.com\/vi\/product\/kitchen-paper-towel-machine\/","robots":"max-snippet:-1, max-image-preview:large, max-video-preview:-1","keywords":"","webmasterTools":{"miscellaneous":""},"schema":{"@context":"https:\/\/schema.org","@graph":[{"@type":"BreadcrumbList","@id":"https:\/\/nrcmachine.com\/vi\/product\/kitchen-paper-towel-machine\/#breadcrumblist","itemListElement":[{"@type":"ListItem","@id":"https:\/\/nrcmachine.com\/vi#listItem","position":1,"name":"Home","item":"https:\/\/nrcmachine.com\/vi","nextItem":{"@type":"ListItem","@id":"https:\/\/nrcmachine.com\/vi\/product\/#listItem","name":"Products"}},{"@type":"ListItem","@id":"https:\/\/nrcmachine.com\/vi\/product\/#listItem","position":2,"name":"Products","item":"https:\/\/nrcmachine.com\/vi\/product\/","nextItem":{"@type":"ListItem","@id":"https:\/\/nrcmachine.com\/vi\/tag\/toilet-paper-making-machine\/#listItem","name":"toilet paper making machine"},"previousItem":{"@type":"ListItem","@id":"https:\/\/nrcmachine.com\/vi#listItem","name":"Home"}},{"@type":"ListItem","@id":"https:\/\/nrcmachine.com\/vi\/tag\/toilet-paper-making-machine\/#listItem","position":3,"name":"toilet paper making machine","item":"https:\/\/nrcmachine.com\/vi\/tag\/toilet-paper-making-machine\/","nextItem":{"@type":"ListItem","@id":"https:\/\/nrcmachine.com\/vi\/product\/kitchen-paper-towel-machine\/#listItem","name":"Kitchen Paper Towel Machine"},"previousItem":{"@type":"ListItem","@id":"https:\/\/nrcmachine.com\/vi\/product\/#listItem","name":"Products"}},{"@type":"ListItem","@id":"https:\/\/nrcmachine.com\/vi\/product\/kitchen-paper-towel-machine\/#listItem","position":4,"name":"Kitchen Paper Towel Machine","previousItem":{"@type":"ListItem","@id":"https:\/\/nrcmachine.com\/vi\/tag\/toilet-paper-making-machine\/#listItem","name":"toilet paper making machine"}}]},{"@type":"Organization","@id":"https:\/\/nrcmachine.com\/vi\/#organization","name":"Toilet Paper Machine, Paper Tube Machine | NRC Machine wordpress","description":"Reliable Paper Machinery Solutions","url":"https:\/\/nrcmachine.com\/vi\/","email":"james@nrcmachine.com","telephone":"+8615254213289","foundingDate":"2023-11-01","numberOfEmployees":{"@type":"QuantitativeValue","minValue":1,"maxValue":50},"logo":{"@type":"ImageObject","url":"https:\/\/nrcmachine.com\/wp-content\/uploads\/2026\/01\/logo23.png","@id":"https:\/\/nrcmachine.com\/vi\/product\/kitchen-paper-towel-machine\/#organizationLogo","width":800,"height":800,"caption":"logo for NRC MACHINE"},"image":{"@id":"https:\/\/nrcmachine.com\/vi\/product\/kitchen-paper-towel-machine\/#organizationLogo"},"sameAs":["https:\/\/www.facebook.com\/james.gao.349938","https:\/\/x.com\/JamesGao65335","https:\/\/www.instagram.com\/jamesgao407?igsh=d2YybzFhMjY0YTl3","https:\/\/www.tiktok.com\/@gyl20210118","https:\/\/www.linkedin.com\/in\/--9a63583a9\/"]},{"@type":"WebPage","@id":"https:\/\/nrcmachine.com\/vi\/product\/kitchen-paper-towel-machine\/#webpage","url":"https:\/\/nrcmachine.com\/vi\/product\/kitchen-paper-towel-machine\/","name":"Revolutionizing Kitchen Paper Towel Machine with NRC MACHINE","description":"The kitchen paper towel machine and its complementary systems from NRC MACHINE represent the future of tissue manufacturing. By choosing NRC.","inLanguage":"vi","isPartOf":{"@id":"https:\/\/nrcmachine.com\/vi\/#website"},"breadcrumb":{"@id":"https:\/\/nrcmachine.com\/vi\/product\/kitchen-paper-towel-machine\/#breadcrumblist"},"image":{"@type":"ImageObject","url":"https:\/\/nrcmachine.com\/wp-content\/uploads\/2025\/12\/kitchen-paper-towel-machine-3.webp","@id":"https:\/\/nrcmachine.com\/vi\/product\/kitchen-paper-towel-machine\/#mainImage","width":800,"height":800,"caption":"kitchen paper towel machine (3)"},"primaryImageOfPage":{"@id":"https:\/\/nrcmachine.com\/vi\/product\/kitchen-paper-towel-machine\/#mainImage"},"datePublished":"2025-12-17T12:39:02+08:00","dateModified":"2026-02-13T09:56:14+08:00"},{"@type":"WebSite","@id":"https:\/\/nrcmachine.com\/vi\/#website","url":"https:\/\/nrcmachine.com\/vi\/","name":"Toilet Paper Machine, Paper Tube Machine | NRC Machine","alternateName":"Qingdao New Richuan Precision Machine Co.,Ltd","description":"Reliable Paper Machinery Solutions","inLanguage":"vi","publisher":{"@id":"https:\/\/nrcmachine.com\/vi\/#organization"}}]},"og:locale":"vi_VN","og:site_name":"Toilet Paper Machine, Paper Tube Machine | NRC Machine - Reliable Paper Machinery Solutions","og:type":"article","og:title":"Revolutionizing Kitchen Paper Towel Machine with NRC MACHINE","og:description":"The kitchen paper towel machine and its complementary systems from NRC MACHINE represent the future of tissue manufacturing. By choosing NRC.","og:url":"https:\/\/nrcmachine.com\/vi\/product\/kitchen-paper-towel-machine\/","og:image":"https:\/\/nrcmachine.com\/wp-content\/uploads\/2025\/12\/kitchen-paper-towel-machine-3.webp","og:image:secure_url":"https:\/\/nrcmachine.com\/wp-content\/uploads\/2025\/12\/kitchen-paper-towel-machine-3.webp","og:image:width":800,"og:image:height":800,"article:published_time":"2025-12-17T04:39:02+00:00","article:modified_time":"2026-02-13T01:56:14+00:00","article:publisher":"https:\/\/www.facebook.com\/james.gao.349938","twitter:card":"summary","twitter:site":"@JamesGao65335","twitter:title":"Revolutionizing Kitchen Paper Towel Machine with NRC MACHINE","twitter:description":"The kitchen paper towel machine and its complementary systems from NRC MACHINE represent the future of tissue manufacturing. By choosing NRC.","twitter:image":"https:\/\/nrcmachine.com\/wp-content\/uploads\/2025\/12\/kitchen-paper-towel-machine-3.webp"},"aioseo_meta_data":{"post_id":"3033","title":"Revolutionizing Kitchen Paper Towel Machine with NRC MACHINE","description":"The kitchen paper towel machine and its complementary systems from NRC MACHINE represent the future of tissue manufacturing. By choosing NRC.","keywords":null,"keyphrases":{"focus":{"keyphrase":"kitchen paper towel machine","score":100,"analysis":{"keyphraseInTitle":{"score":9,"maxScore":9,"error":0},"keyphraseInDescription":{"score":9,"maxScore":9,"error":0},"keyphraseLength":{"score":9,"maxScore":9,"error":0,"length":4},"keyphraseInURL":{"score":5,"maxScore":5,"error":0},"keyphraseInIntroduction":{"score":9,"maxScore":9,"error":0},"keyphraseInSubHeadings":[],"keyphraseInImageAlt":[],"keywordDensity":{"type":"best","score":9,"maxScore":9,"error":0}}},"additional":[]},"primary_term":null,"canonical_url":null,"og_title":null,"og_description":null,"og_object_type":"default","og_image_type":"default","og_image_url":null,"og_image_width":null,"og_image_height":null,"og_image_custom_url":null,"og_image_custom_fields":null,"og_video":"","og_custom_url":null,"og_article_section":null,"og_article_tags":null,"twitter_use_og":false,"twitter_card":"default","twitter_image_type":"default","twitter_image_url":null,"twitter_image_custom_url":null,"twitter_image_custom_fields":null,"twitter_title":null,"twitter_description":null,"schema":{"blockGraphs":[],"customGraphs":[],"default":{"data":{"Article":[],"Course":[],"Dataset":[],"FAQPage":[],"Movie":[],"Person":[],"Product":[],"ProductReview":[],"Car":[],"Recipe":[],"Service":[],"SoftwareApplication":[],"WebPage":[]},"graphName":"ItemPage","isEnabled":true},"graphs":[]},"schema_type":"default","schema_type_options":null,"pillar_content":false,"robots_default":true,"robots_noindex":false,"robots_noarchive":false,"robots_nosnippet":false,"robots_nofollow":false,"robots_noimageindex":false,"robots_noodp":false,"robots_notranslate":false,"robots_max_snippet":"-1","robots_max_videopreview":"-1","robots_max_imagepreview":"large","priority":null,"frequency":"default","local_seo":null,"seo_analyzer_scan_date":"2026-02-13 04:19:03","breadcrumb_settings":null,"limit_modified_date":false,"reviewed_by":null,"open_ai":null,"ai":{"faqs":[],"keyPoints":[],"titles":[],"descriptions":[],"socialPosts":{"email":[],"linkedin":[],"twitter":[],"facebook":[],"instagram":[]}},"created":"2025-12-17 04:39:02","updated":"2026-02-13 07:01:05"},"aioseo_breadcrumb":"<div class=\"aioseo-breadcrumbs\"><span class=\"aioseo-breadcrumb\">\n\t<a href=\"https:\/\/nrcmachine.com\/vi\" title=\"Home\">Home<\/a>\n<\/span><span class=\"aioseo-breadcrumb-separator\">\u00bb<\/span><span class=\"aioseo-breadcrumb\">\n\t<a href=\"https:\/\/nrcmachine.com\/vi\/product\/\" title=\"Products\">Products<\/a>\n<\/span><span class=\"aioseo-breadcrumb-separator\">\u00bb<\/span><span class=\"aioseo-breadcrumb\">\n\t<a href=\"https:\/\/nrcmachine.com\/vi\/tag\/toilet-paper-making-machine\/\" title=\"toilet paper making machine\">toilet paper making machine<\/a>\n<\/span><span class=\"aioseo-breadcrumb-separator\">\u00bb<\/span><span class=\"aioseo-breadcrumb\">\n\tKitchen Paper Towel Machine\n<\/span><\/div>","aioseo_breadcrumb_json":[{"label":"Home","link":"https:\/\/nrcmachine.com\/vi"},{"label":"Products","link":"https:\/\/nrcmachine.com\/vi\/product\/"},{"label":"toilet paper making machine","link":"https:\/\/nrcmachine.com\/vi\/tag\/toilet-paper-making-machine\/"},{"label":"Kitchen Paper Towel Machine","link":"https:\/\/nrcmachine.com\/vi\/product\/kitchen-paper-towel-machine\/"}],"_links":{"self":[{"href":"https:\/\/nrcmachine.com\/vi\/wp-json\/wp\/v2\/product\/3033","targetHints":{"allow":["GET"]}}],"collection":[{"href":"https:\/\/nrcmachine.com\/vi\/wp-json\/wp\/v2\/product"}],"about":[{"href":"https:\/\/nrcmachine.com\/vi\/wp-json\/wp\/v2\/types\/product"}],"version-history":[{"count":0,"href":"https:\/\/nrcmachine.com\/vi\/wp-json\/wp\/v2\/product\/3033\/revisions"}],"wp:featuredmedia":[{"embeddable":true,"href":"https:\/\/nrcmachine.com\/vi\/wp-json\/wp\/v2\/media\/3034"}],"wp:attachment":[{"href":"https:\/\/nrcmachine.com\/vi\/wp-json\/wp\/v2\/media?parent=3033"}],"wp:term":[{"taxonomy":"post_tag","embeddable":true,"href":"https:\/\/nrcmachine.com\/vi\/wp-json\/wp\/v2\/tags?post=3033"},{"taxonomy":"products","embeddable":true,"href":"https:\/\/nrcmachine.com\/vi\/wp-json\/wp\/v2\/products?post=3033"}],"curies":[{"name":"wp","href":"https:\/\/api.w.org\/{rel}","templated":true}]}}