 {"id":3042,"date":"2025-12-18T09:06:02","date_gmt":"2025-12-18T01:06:02","guid":{"rendered":"https:\/\/nrcmachine.com\/?post_type=product&#038;p=3042"},"modified":"2026-03-08T09:14:02","modified_gmt":"2026-03-08T01:14:02","slug":"paper-towel-making-machine","status":"publish","type":"product","link":"https:\/\/nrcmachine.com\/vi\/product\/paper-towel-making-machine\/","title":{"rendered":"Paper Towel Making Machine For Kitchen Tissue"},"content":{"rendered":"<h4 style=\"text-align: center;\"><strong><a href=\"https:\/\/nrcmachine.com\/vi\/product\/kitchen-paper-towel-machine\/\">Paper Towel Making Machine for Kitchen Tissue<\/a> \u2013 High-Efficiency Solution by <a href=\"https:\/\/nrcmachine.com\/vi\">M\u00c1Y NRC<\/a><\/strong><\/h4>\n<h5><strong>Gi\u1edbi thi\u1ec7u<\/strong><\/h5>\n<p>The demand for high-quality kitchen tissue is rising globally, driven by increasing hygiene awareness and household consumption. To meet this growing market need, <a href=\"https:\/\/nrcmachine.com\/vi\/product\/kitchen-paper-towel-machine\/\"><strong>paper towel making machine for kitchen tissue<\/strong><\/a>\u00a0has become a critical investment for manufacturers. Qingdao New Richuan Precision Machine Co., Ltd, known as <a href=\"https:\/\/nrcmachinery.com\">M\u00c1Y NRC<\/a>, specializes in designing and manufacturing advanced tissue processing equipment. Their comprehensive solution ensures high productivity, consistent quality, and full automation \u2014 centered around the core system: the <a href=\"https:\/\/nrcmachine.com\/vi\/product\/kitchen-paper-towel-machine\/\"><strong>paper towel making machine for kitchen tissue<\/strong>.<\/a><\/p>\n<div class=\"ast-oembed-container\" style=\"height: 100%;\"><iframe title=\"M\u00e1y cu\u1ed9n l\u1ea1i kh\u0103n lau b\u1ebfp\" width=\"500\" height=\"281\" src=\"https:\/\/www.youtube.com\/embed\/8d-cUwVZQRs?feature=oembed\" frameborder=\"0\" allow=\"accelerometer; autoplay; clipboard-write; encrypted-media; gyroscope; picture-in-picture; web-share\" referrerpolicy=\"strict-origin-when-cross-origin\" allowfullscreen><\/iframe><\/div>\n<h5><strong>Core Equipment: Paper Towel Making Machine for Kitchen Tissue<\/strong><\/h5>\n<p>At the heart of NRC MACHINE\u2019s production line lies the <a href=\"https:\/\/nrcmachine.com\/vi\/product\/kitchen-paper-towel-machine\/\"><strong>paper towel making machine for kitchen tissue<\/strong><\/a>. This advanced machine integrates unwinding, embossing, laminating, rewinding, cutting, and packaging functions into a seamless workflow. Engineered with precision sensors and intelligent control systems, it ensures uniform tension control, accurate alignment, and minimal material waste.<\/p>\n<p>The machine supports various raw materials, including virgin pulp, recycled paper, and mixed fibers, allowing manufacturers to customize products based on market demands. With variable speed control and quick format changeover, it adapts easily to different sheet sizes, ply counts, and roll diameters \u2014 making it ideal for both small and large-scale operations.<\/p>\n<h5><strong>Key Components of the Production Line<\/strong><\/h5>\n<ol>\n<li><strong>Kitchen Paper Towel Rewinder<\/strong><br \/>\nThe kitchen paper towel rewinder is responsible for converting large jumbo rolls into smaller, consumer-friendly rolls. It features automatic splicing, core insertion, and tension adjustment. Equipped with servo-driven systems, it ensures smooth rewinding without wrinkles or air pockets, delivering a neat and compact final product.<\/li>\n<li><strong>Automatic Cutter<\/strong><br \/>\nPrecision is crucial in tissue production. The automatic cutter in NRC\u2019s <strong>paper towel making machine for kitchen tissue<\/strong>ensures clean, consistent cuts with high-speed accuracy. Whether producing perforated sheets or continuous rolls, the cutter adjusts dynamically based on preset lengths, reducing downtime and improving output efficiency.<\/li>\n<li><strong>M\u00e1y \u0111\u00f3ng g\u00f3i cu\u1ed9n \u0111\u01a1n<\/strong><br \/>\nAfter cutting and rewinding, the single roll packaging <a href='https:\/\/nrcmachine.com\/vi\/a4-paper-machine-in-bolivia\/'>machine seals each roll with plastic film or paper<\/a> wrap, depending on customer requirements. Fully automated, it includes functions such as film feeding, heat sealing, date printing, and product ejection. This unit ensures hygienic, retail-ready packaging that enhances shelf appeal and product protection.<\/li>\n<\/ol>\n<h5><strong>Advantages of Choosing NRC MACHINE<\/strong><\/h5>\n<ul>\n<li><strong>High Automation Level:<\/strong>Reduces labor costs and human error.<\/li>\n<li><strong>Energy-Efficient Design:<\/strong>Low power consumption and eco-friendly operation.<\/li>\n<li><strong>C\u1ea5u h\u00ecnh c\u00f3 th\u1ec3 t\u00f9y ch\u1ec9nh:<\/strong>Adaptable to different production scales and product types.<\/li>\n<li><strong>Stable Performance:<\/strong>Built with high-quality components from renowned international brands.<\/li>\n<li><strong>Comprehensive After-Sales Service:<\/strong>Includes installation guidance, operator training, and technical support.<\/li>\n<\/ul>\n<p>M\u00e1y NRC <strong>paper towel making machine for kitchen tissue<\/strong>\u00a0stands out in the market for its reliability, scalability, and innovation. Whether you&#8217;re launching a new tissue brand or upgrading existing production lines, this system delivers long-term value and competitive advantage.<\/p>\n<h5><strong>K\u1ebft lu\u1eadn<\/strong><\/h5>\n<p>For manufacturers aiming to produce premium kitchen tissue efficiently and cost-effectively, the <strong>paper towel making machine for kitchen tissue<\/strong>\u00a0from NRC MACHINE offers a complete, future-ready solution. Combined with the kitchen paper towel rewinder, automatic cutter, and single roll packaging machine, it forms a fully integrated production line that maximizes output and product quality. Invest in NRC MACHINE today and take your tissue manufacturing to the next level.<\/p>","protected":false},"featured_media":3043,"template":"","meta":{"_acf_changed":false,"_monsterinsights_skip_tracking":false,"_monsterinsights_sitenote_active":false,"_monsterinsights_sitenote_note":"","_monsterinsights_sitenote_category":0,"site-sidebar-layout":"default","site-content-layout":"","ast-site-content-layout":"default","site-content-style":"default","site-sidebar-style":"default","ast-global-header-display":"","ast-banner-title-visibility":"","ast-main-header-display":"","ast-hfb-above-header-display":"","ast-hfb-below-header-display":"","ast-hfb-mobile-header-display":"","site-post-title":"","ast-breadcrumbs-content":"","ast-featured-img":"","footer-sml-layout":"","theme-transparent-header-meta":"default","adv-header-id-meta":"","stick-header-meta":"default","header-above-stick-meta":"","header-main-stick-meta":"","header-below-stick-meta":"","astra-migrate-meta-layouts":"set","ast-page-background-enabled":"default","ast-page-background-meta":{"desktop":{"background-color":"var(--ast-global-color-4)","background-image":"","background-repeat":"repeat","background-position":"center center","background-size":"auto","background-attachment":"scroll","background-type":"","background-media":"","overlay-type":"","overlay-color":"","overlay-opacity":"","overlay-gradient":""},"tablet":{"background-color":"","background-image":"","background-repeat":"repeat","background-position":"center center","background-size":"auto","background-attachment":"scroll","background-type":"","background-media":"","overlay-type":"","overlay-color":"","overlay-opacity":"","overlay-gradient":""},"mobile":{"background-color":"","background-image":"","background-repeat":"repeat","background-position":"center center","background-size":"auto","background-attachment":"scroll","background-type":"","background-media":"","overlay-type":"","overlay-color":"","overlay-opacity":"","overlay-gradient":""}},"ast-content-background-meta":{"desktop":{"background-color":"var(--ast-global-color-5)","background-image":"","background-repeat":"repeat","background-position":"center center","background-size":"auto","background-attachment":"scroll","background-type":"","background-media":"","overlay-type":"","overlay-color":"","overlay-opacity":"","overlay-gradient":""},"tablet":{"background-color":"var(--ast-global-color-5)","background-image":"","background-repeat":"repeat","background-position":"center center","background-size":"auto","background-attachment":"scroll","background-type":"","background-media":"","overlay-type":"","overlay-color":"","overlay-opacity":"","overlay-gradient":""},"mobile":{"background-color":"var(--ast-global-color-5)","background-image":"","background-repeat":"repeat","background-position":"center center","background-size":"auto","background-attachment":"scroll","background-type":"","background-media":"","overlay-type":"","overlay-color":"","overlay-opacity":"","overlay-gradient":""}}},"tags":[56],"products":[47],"class_list":["post-3042","product","type-product","status-publish","has-post-thumbnail","hentry","tag-toilet-paper-making-machine","products-toilet-paper-making-machine"],"acf":[],"aioseo_notices":[],"aioseo_head":"\n\t\t<!-- All in One SEO Pro 4.9.2 - aioseo.com -->\n\t<meta name=\"description\" content=\"For manufacturers aiming to produce premium kitchen tissue, the paper towel making machine for kitchen tissue from NRC MACHINE offers a complete solution.\" \/>\n\t<meta name=\"robots\" content=\"max-snippet:-1, max-image-preview:large, max-video-preview:-1\" \/>\n\t<link rel=\"canonical\" href=\"https:\/\/nrcmachine.com\/vi\/product\/paper-towel-making-machine\/\" \/>\n\t<meta name=\"generator\" content=\"All in One SEO Pro (AIOSEO) 4.9.2\" \/>\n\t\t<meta property=\"og:locale\" content=\"vi_VN\" \/>\n\t\t<meta property=\"og:site_name\" content=\"Toilet Paper Machine, Paper Tube Machine | NRC Machine - Reliable Paper Machinery Solutions\" \/>\n\t\t<meta property=\"og:type\" content=\"article\" \/>\n\t\t<meta property=\"og:title\" content=\"Paper Towel Making Machine for Kitchen Tissue _NRC MACHINE\" \/>\n\t\t<meta property=\"og:description\" content=\"For manufacturers aiming to produce premium kitchen tissue, the paper towel making machine for kitchen tissue from NRC MACHINE offers a complete solution.\" \/>\n\t\t<meta property=\"og:url\" content=\"https:\/\/nrcmachine.com\/vi\/product\/paper-towel-making-machine\/\" \/>\n\t\t<meta property=\"og:image\" content=\"https:\/\/nrcmachine.com\/wp-content\/uploads\/2025\/12\/paper-towel-making-machine-3.webp\" \/>\n\t\t<meta property=\"og:image:secure_url\" content=\"https:\/\/nrcmachine.com\/wp-content\/uploads\/2025\/12\/paper-towel-making-machine-3.webp\" \/>\n\t\t<meta property=\"og:image:width\" content=\"800\" \/>\n\t\t<meta property=\"og:image:height\" content=\"800\" \/>\n\t\t<meta property=\"article:published_time\" content=\"2025-12-18T01:06:02+00:00\" \/>\n\t\t<meta property=\"article:modified_time\" content=\"2026-03-08T01:14:02+00:00\" \/>\n\t\t<meta property=\"article:publisher\" content=\"https:\/\/www.facebook.com\/james.gao.349938\" \/>\n\t\t<meta name=\"twitter:card\" content=\"summary\" \/>\n\t\t<meta name=\"twitter:site\" content=\"@JamesGao65335\" \/>\n\t\t<meta name=\"twitter:title\" content=\"Paper Towel Making Machine for Kitchen Tissue _NRC MACHINE\" \/>\n\t\t<meta name=\"twitter:description\" content=\"For manufacturers aiming to produce premium kitchen tissue, the paper towel making machine for kitchen tissue from NRC MACHINE offers a complete solution.\" \/>\n\t\t<meta name=\"twitter:image\" content=\"https:\/\/nrcmachine.com\/wp-content\/uploads\/2025\/12\/paper-towel-making-machine-3.webp\" \/>\n\t\t<script type=\"application\/ld+json\" class=\"aioseo-schema\">\n\t\t\t{\"@context\":\"https:\\\/\\\/schema.org\",\"@graph\":[{\"@type\":\"BreadcrumbList\",\"@id\":\"https:\\\/\\\/nrcmachine.com\\\/vi\\\/product\\\/paper-towel-making-machine\\\/#breadcrumblist\",\"itemListElement\":[{\"@type\":\"ListItem\",\"@id\":\"https:\\\/\\\/nrcmachine.com\\\/vi#listItem\",\"position\":1,\"name\":\"Home\",\"item\":\"https:\\\/\\\/nrcmachine.com\\\/vi\",\"nextItem\":{\"@type\":\"ListItem\",\"@id\":\"https:\\\/\\\/nrcmachine.com\\\/vi\\\/product\\\/#listItem\",\"name\":\"Products\"}},{\"@type\":\"ListItem\",\"@id\":\"https:\\\/\\\/nrcmachine.com\\\/vi\\\/product\\\/#listItem\",\"position\":2,\"name\":\"Products\",\"item\":\"https:\\\/\\\/nrcmachine.com\\\/vi\\\/product\\\/\",\"nextItem\":{\"@type\":\"ListItem\",\"@id\":\"https:\\\/\\\/nrcmachine.com\\\/vi\\\/tag\\\/toilet-paper-making-machine\\\/#listItem\",\"name\":\"toilet paper making machine\"},\"previousItem\":{\"@type\":\"ListItem\",\"@id\":\"https:\\\/\\\/nrcmachine.com\\\/vi#listItem\",\"name\":\"Home\"}},{\"@type\":\"ListItem\",\"@id\":\"https:\\\/\\\/nrcmachine.com\\\/vi\\\/tag\\\/toilet-paper-making-machine\\\/#listItem\",\"position\":3,\"name\":\"toilet paper making machine\",\"item\":\"https:\\\/\\\/nrcmachine.com\\\/vi\\\/tag\\\/toilet-paper-making-machine\\\/\",\"nextItem\":{\"@type\":\"ListItem\",\"@id\":\"https:\\\/\\\/nrcmachine.com\\\/vi\\\/product\\\/paper-towel-making-machine\\\/#listItem\",\"name\":\"Paper Towel Making Machine For Kitchen Tissue\"},\"previousItem\":{\"@type\":\"ListItem\",\"@id\":\"https:\\\/\\\/nrcmachine.com\\\/vi\\\/product\\\/#listItem\",\"name\":\"Products\"}},{\"@type\":\"ListItem\",\"@id\":\"https:\\\/\\\/nrcmachine.com\\\/vi\\\/product\\\/paper-towel-making-machine\\\/#listItem\",\"position\":4,\"name\":\"Paper Towel Making Machine For Kitchen Tissue\",\"previousItem\":{\"@type\":\"ListItem\",\"@id\":\"https:\\\/\\\/nrcmachine.com\\\/vi\\\/tag\\\/toilet-paper-making-machine\\\/#listItem\",\"name\":\"toilet paper making machine\"}}]},{\"@type\":\"Organization\",\"@id\":\"https:\\\/\\\/nrcmachine.com\\\/vi\\\/#organization\",\"name\":\"Toilet Paper Machine, Paper Tube Machine | NRC Machine wordpress\",\"description\":\"Reliable Paper Machinery Solutions\",\"url\":\"https:\\\/\\\/nrcmachine.com\\\/vi\\\/\",\"email\":\"james@nrcmachine.com\",\"telephone\":\"+8615254213289\",\"foundingDate\":\"2023-11-01\",\"numberOfEmployees\":{\"@type\":\"QuantitativeValue\",\"minValue\":1,\"maxValue\":50},\"logo\":{\"@type\":\"ImageObject\",\"url\":\"https:\\\/\\\/nrcmachine.com\\\/wp-content\\\/uploads\\\/2026\\\/01\\\/logo23.png\",\"@id\":\"https:\\\/\\\/nrcmachine.com\\\/vi\\\/product\\\/paper-towel-making-machine\\\/#organizationLogo\",\"width\":800,\"height\":800,\"caption\":\"logo for NRC MACHINE\"},\"image\":{\"@id\":\"https:\\\/\\\/nrcmachine.com\\\/vi\\\/product\\\/paper-towel-making-machine\\\/#organizationLogo\"},\"sameAs\":[\"https:\\\/\\\/www.facebook.com\\\/james.gao.349938\",\"https:\\\/\\\/x.com\\\/JamesGao65335\",\"https:\\\/\\\/www.instagram.com\\\/jamesgao407?igsh=d2YybzFhMjY0YTl3\",\"https:\\\/\\\/www.tiktok.com\\\/@gyl20210118\",\"https:\\\/\\\/www.linkedin.com\\\/in\\\/--9a63583a9\\\/\"]},{\"@type\":\"WebPage\",\"@id\":\"https:\\\/\\\/nrcmachine.com\\\/vi\\\/product\\\/paper-towel-making-machine\\\/#webpage\",\"url\":\"https:\\\/\\\/nrcmachine.com\\\/vi\\\/product\\\/paper-towel-making-machine\\\/\",\"name\":\"Paper Towel Making Machine for Kitchen Tissue _NRC MACHINE\",\"description\":\"For manufacturers aiming to produce premium kitchen tissue, the paper towel making machine for kitchen tissue from NRC MACHINE offers a complete solution.\",\"inLanguage\":\"vi\",\"isPartOf\":{\"@id\":\"https:\\\/\\\/nrcmachine.com\\\/vi\\\/#website\"},\"breadcrumb\":{\"@id\":\"https:\\\/\\\/nrcmachine.com\\\/vi\\\/product\\\/paper-towel-making-machine\\\/#breadcrumblist\"},\"image\":{\"@type\":\"ImageObject\",\"url\":\"https:\\\/\\\/nrcmachine.com\\\/wp-content\\\/uploads\\\/2025\\\/12\\\/paper-towel-making-machine-3.webp\",\"@id\":\"https:\\\/\\\/nrcmachine.com\\\/vi\\\/product\\\/paper-towel-making-machine\\\/#mainImage\",\"width\":800,\"height\":800,\"caption\":\"paper towel making machine (3)\"},\"primaryImageOfPage\":{\"@id\":\"https:\\\/\\\/nrcmachine.com\\\/vi\\\/product\\\/paper-towel-making-machine\\\/#mainImage\"},\"datePublished\":\"2025-12-18T09:06:02+08:00\",\"dateModified\":\"2026-03-08T09:14:02+08:00\"},{\"@type\":\"WebSite\",\"@id\":\"https:\\\/\\\/nrcmachine.com\\\/vi\\\/#website\",\"url\":\"https:\\\/\\\/nrcmachine.com\\\/vi\\\/\",\"name\":\"Toilet Paper Machine, Paper Tube Machine | NRC Machine\",\"alternateName\":\"Qingdao New Richuan Precision Machine Co.,Ltd\",\"description\":\"Reliable Paper Machinery Solutions\",\"inLanguage\":\"vi\",\"publisher\":{\"@id\":\"https:\\\/\\\/nrcmachine.com\\\/vi\\\/#organization\"}}]}\n\t\t<\/script>\n\t\t<!-- All in One SEO Pro -->\r\n\t\t<title>Paper Towel Making Machine for Kitchen Tissue _NRC MACHINE<\/title>\n\n","aioseo_head_json":{"title":"Paper Towel Making Machine for Kitchen Tissue _NRC MACHINE","description":"For manufacturers aiming to produce premium kitchen tissue, the paper towel making machine for kitchen tissue from NRC MACHINE offers a complete solution.","canonical_url":"https:\/\/nrcmachine.com\/vi\/product\/paper-towel-making-machine\/","robots":"max-snippet:-1, max-image-preview:large, max-video-preview:-1","keywords":"","webmasterTools":{"miscellaneous":""},"schema":{"@context":"https:\/\/schema.org","@graph":[{"@type":"BreadcrumbList","@id":"https:\/\/nrcmachine.com\/vi\/product\/paper-towel-making-machine\/#breadcrumblist","itemListElement":[{"@type":"ListItem","@id":"https:\/\/nrcmachine.com\/vi#listItem","position":1,"name":"Home","item":"https:\/\/nrcmachine.com\/vi","nextItem":{"@type":"ListItem","@id":"https:\/\/nrcmachine.com\/vi\/product\/#listItem","name":"Products"}},{"@type":"ListItem","@id":"https:\/\/nrcmachine.com\/vi\/product\/#listItem","position":2,"name":"Products","item":"https:\/\/nrcmachine.com\/vi\/product\/","nextItem":{"@type":"ListItem","@id":"https:\/\/nrcmachine.com\/vi\/tag\/toilet-paper-making-machine\/#listItem","name":"toilet paper making machine"},"previousItem":{"@type":"ListItem","@id":"https:\/\/nrcmachine.com\/vi#listItem","name":"Home"}},{"@type":"ListItem","@id":"https:\/\/nrcmachine.com\/vi\/tag\/toilet-paper-making-machine\/#listItem","position":3,"name":"toilet paper making machine","item":"https:\/\/nrcmachine.com\/vi\/tag\/toilet-paper-making-machine\/","nextItem":{"@type":"ListItem","@id":"https:\/\/nrcmachine.com\/vi\/product\/paper-towel-making-machine\/#listItem","name":"Paper Towel Making Machine For Kitchen Tissue"},"previousItem":{"@type":"ListItem","@id":"https:\/\/nrcmachine.com\/vi\/product\/#listItem","name":"Products"}},{"@type":"ListItem","@id":"https:\/\/nrcmachine.com\/vi\/product\/paper-towel-making-machine\/#listItem","position":4,"name":"Paper Towel Making Machine For Kitchen Tissue","previousItem":{"@type":"ListItem","@id":"https:\/\/nrcmachine.com\/vi\/tag\/toilet-paper-making-machine\/#listItem","name":"toilet paper making machine"}}]},{"@type":"Organization","@id":"https:\/\/nrcmachine.com\/vi\/#organization","name":"Toilet Paper Machine, Paper Tube Machine | NRC Machine wordpress","description":"Reliable Paper Machinery Solutions","url":"https:\/\/nrcmachine.com\/vi\/","email":"james@nrcmachine.com","telephone":"+8615254213289","foundingDate":"2023-11-01","numberOfEmployees":{"@type":"QuantitativeValue","minValue":1,"maxValue":50},"logo":{"@type":"ImageObject","url":"https:\/\/nrcmachine.com\/wp-content\/uploads\/2026\/01\/logo23.png","@id":"https:\/\/nrcmachine.com\/vi\/product\/paper-towel-making-machine\/#organizationLogo","width":800,"height":800,"caption":"logo for NRC MACHINE"},"image":{"@id":"https:\/\/nrcmachine.com\/vi\/product\/paper-towel-making-machine\/#organizationLogo"},"sameAs":["https:\/\/www.facebook.com\/james.gao.349938","https:\/\/x.com\/JamesGao65335","https:\/\/www.instagram.com\/jamesgao407?igsh=d2YybzFhMjY0YTl3","https:\/\/www.tiktok.com\/@gyl20210118","https:\/\/www.linkedin.com\/in\/--9a63583a9\/"]},{"@type":"WebPage","@id":"https:\/\/nrcmachine.com\/vi\/product\/paper-towel-making-machine\/#webpage","url":"https:\/\/nrcmachine.com\/vi\/product\/paper-towel-making-machine\/","name":"Paper Towel Making Machine for Kitchen Tissue _NRC MACHINE","description":"For manufacturers aiming to produce premium kitchen tissue, the paper towel making machine for kitchen tissue from NRC MACHINE offers a complete solution.","inLanguage":"vi","isPartOf":{"@id":"https:\/\/nrcmachine.com\/vi\/#website"},"breadcrumb":{"@id":"https:\/\/nrcmachine.com\/vi\/product\/paper-towel-making-machine\/#breadcrumblist"},"image":{"@type":"ImageObject","url":"https:\/\/nrcmachine.com\/wp-content\/uploads\/2025\/12\/paper-towel-making-machine-3.webp","@id":"https:\/\/nrcmachine.com\/vi\/product\/paper-towel-making-machine\/#mainImage","width":800,"height":800,"caption":"paper towel making machine (3)"},"primaryImageOfPage":{"@id":"https:\/\/nrcmachine.com\/vi\/product\/paper-towel-making-machine\/#mainImage"},"datePublished":"2025-12-18T09:06:02+08:00","dateModified":"2026-03-08T09:14:02+08:00"},{"@type":"WebSite","@id":"https:\/\/nrcmachine.com\/vi\/#website","url":"https:\/\/nrcmachine.com\/vi\/","name":"Toilet Paper Machine, Paper Tube Machine | NRC Machine","alternateName":"Qingdao New Richuan Precision Machine Co.,Ltd","description":"Reliable Paper Machinery Solutions","inLanguage":"vi","publisher":{"@id":"https:\/\/nrcmachine.com\/vi\/#organization"}}]},"og:locale":"vi_VN","og:site_name":"Toilet Paper Machine, Paper Tube Machine | NRC Machine - Reliable Paper Machinery Solutions","og:type":"article","og:title":"Paper Towel Making Machine for Kitchen Tissue _NRC MACHINE","og:description":"For manufacturers aiming to produce premium kitchen tissue, the paper towel making machine for kitchen tissue from NRC MACHINE offers a complete solution.","og:url":"https:\/\/nrcmachine.com\/vi\/product\/paper-towel-making-machine\/","og:image":"https:\/\/nrcmachine.com\/wp-content\/uploads\/2025\/12\/paper-towel-making-machine-3.webp","og:image:secure_url":"https:\/\/nrcmachine.com\/wp-content\/uploads\/2025\/12\/paper-towel-making-machine-3.webp","og:image:width":800,"og:image:height":800,"article:published_time":"2025-12-18T01:06:02+00:00","article:modified_time":"2026-03-08T01:14:02+00:00","article:publisher":"https:\/\/www.facebook.com\/james.gao.349938","twitter:card":"summary","twitter:site":"@JamesGao65335","twitter:title":"Paper Towel Making Machine for Kitchen Tissue _NRC MACHINE","twitter:description":"For manufacturers aiming to produce premium kitchen tissue, the paper towel making machine for kitchen tissue from NRC MACHINE offers a complete solution.","twitter:image":"https:\/\/nrcmachine.com\/wp-content\/uploads\/2025\/12\/paper-towel-making-machine-3.webp"},"aioseo_meta_data":{"post_id":"3042","title":"Paper Towel Making Machine for Kitchen Tissue _NRC MACHINE","description":"For manufacturers aiming to produce premium kitchen tissue, the paper towel making machine for kitchen tissue from NRC MACHINE offers a complete solution.","keywords":null,"keyphrases":{"focus":{"keyphrase":"paper towel making machine","score":100,"analysis":{"keyphraseInTitle":{"score":9,"maxScore":9,"error":0},"keyphraseInDescription":{"score":9,"maxScore":9,"error":0},"keyphraseLength":{"score":9,"maxScore":9,"error":0,"length":4},"keyphraseInURL":{"score":5,"maxScore":5,"error":0},"keyphraseInIntroduction":{"score":9,"maxScore":9,"error":0},"keyphraseInSubHeadings":[],"keyphraseInImageAlt":[],"keywordDensity":{"type":"best","score":9,"maxScore":9,"error":0}}},"additional":[]},"primary_term":null,"canonical_url":null,"og_title":null,"og_description":null,"og_object_type":"default","og_image_type":"default","og_image_url":null,"og_image_width":null,"og_image_height":null,"og_image_custom_url":null,"og_image_custom_fields":null,"og_video":"","og_custom_url":null,"og_article_section":null,"og_article_tags":null,"twitter_use_og":false,"twitter_card":"default","twitter_image_type":"default","twitter_image_url":null,"twitter_image_custom_url":null,"twitter_image_custom_fields":null,"twitter_title":null,"twitter_description":null,"schema":{"blockGraphs":[],"customGraphs":[],"default":{"data":{"Article":[],"Course":[],"Dataset":[],"FAQPage":[],"Movie":[],"Person":[],"Product":[],"ProductReview":[],"Car":[],"Recipe":[],"Service":[],"SoftwareApplication":[],"WebPage":[]},"graphName":"ItemPage","isEnabled":true},"graphs":[]},"schema_type":"default","schema_type_options":null,"pillar_content":false,"robots_default":true,"robots_noindex":false,"robots_noarchive":false,"robots_nosnippet":false,"robots_nofollow":false,"robots_noimageindex":false,"robots_noodp":false,"robots_notranslate":false,"robots_max_snippet":"-1","robots_max_videopreview":"-1","robots_max_imagepreview":"large","priority":null,"frequency":"default","local_seo":null,"seo_analyzer_scan_date":"2026-03-08 01:17:09","breadcrumb_settings":null,"limit_modified_date":false,"reviewed_by":null,"open_ai":null,"ai":{"faqs":[],"keyPoints":[],"titles":[],"descriptions":[],"socialPosts":{"email":[],"linkedin":[],"twitter":[],"facebook":[],"instagram":[]}},"created":"2025-12-18 01:06:03","updated":"2026-04-04 04:32:32"},"aioseo_breadcrumb":"<div class=\"aioseo-breadcrumbs\"><span class=\"aioseo-breadcrumb\">\n\t<a href=\"https:\/\/nrcmachine.com\/vi\" title=\"Home\">Home<\/a>\n<\/span><span class=\"aioseo-breadcrumb-separator\">\u00bb<\/span><span class=\"aioseo-breadcrumb\">\n\t<a href=\"https:\/\/nrcmachine.com\/vi\/product\/\" title=\"Products\">Products<\/a>\n<\/span><span class=\"aioseo-breadcrumb-separator\">\u00bb<\/span><span class=\"aioseo-breadcrumb\">\n\t<a href=\"https:\/\/nrcmachine.com\/vi\/tag\/toilet-paper-making-machine\/\" title=\"toilet paper making machine\">toilet paper making machine<\/a>\n<\/span><span class=\"aioseo-breadcrumb-separator\">\u00bb<\/span><span class=\"aioseo-breadcrumb\">\n\tPaper Towel Making Machine For Kitchen Tissue\n<\/span><\/div>","aioseo_breadcrumb_json":[{"label":"Home","link":"https:\/\/nrcmachine.com\/vi"},{"label":"Products","link":"https:\/\/nrcmachine.com\/vi\/product\/"},{"label":"toilet paper making machine","link":"https:\/\/nrcmachine.com\/vi\/tag\/toilet-paper-making-machine\/"},{"label":"Paper Towel Making Machine For Kitchen Tissue","link":"https:\/\/nrcmachine.com\/vi\/product\/paper-towel-making-machine\/"}],"_links":{"self":[{"href":"https:\/\/nrcmachine.com\/vi\/wp-json\/wp\/v2\/product\/3042","targetHints":{"allow":["GET"]}}],"collection":[{"href":"https:\/\/nrcmachine.com\/vi\/wp-json\/wp\/v2\/product"}],"about":[{"href":"https:\/\/nrcmachine.com\/vi\/wp-json\/wp\/v2\/types\/product"}],"version-history":[{"count":1,"href":"https:\/\/nrcmachine.com\/vi\/wp-json\/wp\/v2\/product\/3042\/revisions"}],"predecessor-version":[{"id":5853,"href":"https:\/\/nrcmachine.com\/vi\/wp-json\/wp\/v2\/product\/3042\/revisions\/5853"}],"wp:featuredmedia":[{"embeddable":true,"href":"https:\/\/nrcmachine.com\/vi\/wp-json\/wp\/v2\/media\/3043"}],"wp:attachment":[{"href":"https:\/\/nrcmachine.com\/vi\/wp-json\/wp\/v2\/media?parent=3042"}],"wp:term":[{"taxonomy":"post_tag","embeddable":true,"href":"https:\/\/nrcmachine.com\/vi\/wp-json\/wp\/v2\/tags?post=3042"},{"taxonomy":"products","embeddable":true,"href":"https:\/\/nrcmachine.com\/vi\/wp-json\/wp\/v2\/products?post=3042"}],"curies":[{"name":"wp","href":"https:\/\/api.w.org\/{rel}","templated":true}]}}